{"id":6713,"date":"2025-01-25T11:01:52","date_gmt":"2025-01-25T10:01:52","guid":{"rendered":"https:\/\/xn--arbetsdagarperr-ulb.se\/?page_id=6713"},"modified":"2025-01-25T11:41:28","modified_gmt":"2025-01-25T10:41:28","slug":"december-2025","status":"publish","type":"page","link":"https:\/\/xn--arbetsdagarperr-ulb.se\/nb\/desember-2025\/","title":{"rendered":"desember 2025"},"content":{"rendered":"<h1><strong>Arbeidstid og strategi for desember 2025<\/strong><\/h1>\n<p>I desember 2025 har du totalt <strong>22 virkedager<\/strong> (176 arbeidstimer) hele m\u00e5neden, basert p\u00e5 en arbeidsdag p\u00e5 8 timer og tatt i betraktning helger. I desember er det 2 r\u00f8de dager som gir mulighet for ekstra lang permisjon.<\/p>\n<p><strong>Fordeling av arbeidsdager per uke:<\/strong><\/p>\n<ul>\n<li><strong>Uke 48:<\/strong> 5 virkedager (40 timer)<\/li>\n<li><strong>Uke 49:<\/strong> 5 virkedager (40 timer)<\/li>\n<li><strong>Uke 50:<\/strong> 5 virkedager (40 timer)<\/li>\n<li><strong>Uke 51:<\/strong> 5 virkedager (40 timer)<\/li>\n<li><strong>Uke 52:<\/strong> 3 virkedager (24 timer) (juledag, 2. juledag)<\/li>\n<li><strong>Uke 1:<\/strong>\u00a0 \u00a03 virkedager (24 timer)<\/li>\n<\/ul>\n<h6><strong>R\u00f8de dager og helger i desember 2025:<\/strong><\/h6>\n<ol>\n<li><strong>juledag:<\/strong> 25. desember (torsdag)<\/li>\n<li><strong>2. juledag:<\/strong> 26. desember (fredag)<\/li>\n<\/ol>\n<p><strong>Strategi for \u00e5 maksimere avspasering:<\/strong><\/p>\n<p><strong>Forslag 1: Ta deg fri rundt juleferien for en lang ferie<\/strong><\/p>\n<ul>\n<li><strong>Uke 1:<\/strong> Ta deg fri 29.\u201331. desember, 2. januar (2026) (mandag til onsdag og fredag)\n<ul>\n<li><strong>Effekt:<\/strong> Du f\u00e5r lang ferie fra torsdag 25. desember til s\u00f8ndag 3. januar, som gir deg 10 dager sammenhengende fri i kun 4 feriedager.<\/li>\n<\/ul>\n<\/li>\n<\/ul>\n<p><strong>Sammendrag:<br \/>\n<\/strong>For \u00e5 skape en lang ferie rundt juleferien 2025 anbefales det at du tar fri fra 29.-31. desember (mandag til onsdag) i l\u00f8pet av uke 1 (2026). Ved \u00e5 bruke kun 4 feriedager f\u00e5r du lang ferie fra torsdag 25. desember til s\u00f8ndag 3. januar, og gir deg 10 dager sammenhengende fri. Dette gir deg god tid til \u00e5 restituere og nyte ferien med ekstra fri.<strong><br \/>\n<\/strong><\/p>\n<p>&nbsp;<\/p>","protected":false},"excerpt":{"rendered":"<p>Arbetstimmar och strategi f\u00f6r december 2025 I december 2025 har man totalt 22 arbetsdagar (176 arbetstimmar) under hela m\u00e5naden, baserat p\u00e5 en arbetsdag p\u00e5 8 timmar och med h\u00e4nsyn till helger. I december finns det 2 r\u00f6da dagar som ger m\u00f6jligheten till extra l\u00e5ngledighet. F\u00f6rdelning av arbetsdagar per vecka: Vecka 48: 5 arbetsdagar (40 timmar) &hellip;<\/p>\n<p class=\"read-more\"> <a class=\"\" href=\"https:\/\/xn--arbetsdagarperr-ulb.se\/nb\/desember-2025\/\"> <span class=\"screen-reader-text\">desember 2025<\/span> Les mer &quot;<\/a><\/p>","protected":false},"author":1,"featured_media":0,"parent":0,"menu_order":0,"comment_status":"closed","ping_status":"closed","template":"","meta":{"site-sidebar-layout":"default","site-content-layout":"default","ast-main-header-display":"","ast-hfb-above-header-display":"","ast-hfb-below-header-display":"","ast-hfb-mobile-header-display":"","site-post-title":"","ast-breadcrumbs-content":"","ast-featured-img":"","footer-sml-layout":"","theme-transparent-header-meta":"default","adv-header-id-meta":"","stick-header-meta":"","header-above-stick-meta":"","header-main-stick-meta":"","header-below-stick-meta":"","footnotes":""},"class_list":["post-6713","page","type-page","status-publish","hentry"],"_links":{"self":[{"href":"https:\/\/xn--arbetsdagarperr-ulb.se\/nb\/wp-json\/wp\/v2\/pages\/6713","targetHints":{"allow":["GET"]}}],"collection":[{"href":"https:\/\/xn--arbetsdagarperr-ulb.se\/nb\/wp-json\/wp\/v2\/pages"}],"about":[{"href":"https:\/\/xn--arbetsdagarperr-ulb.se\/nb\/wp-json\/wp\/v2\/types\/page"}],"author":[{"embeddable":true,"href":"https:\/\/xn--arbetsdagarperr-ulb.se\/nb\/wp-json\/wp\/v2\/users\/1"}],"replies":[{"embeddable":true,"href":"https:\/\/xn--arbetsdagarperr-ulb.se\/nb\/wp-json\/wp\/v2\/comments?post=6713"}],"version-history":[{"count":5,"href":"https:\/\/xn--arbetsdagarperr-ulb.se\/nb\/wp-json\/wp\/v2\/pages\/6713\/revisions"}],"predecessor-version":[{"id":6761,"href":"https:\/\/xn--arbetsdagarperr-ulb.se\/nb\/wp-json\/wp\/v2\/pages\/6713\/revisions\/6761"}],"wp:attachment":[{"href":"https:\/\/xn--arbetsdagarperr-ulb.se\/nb\/wp-json\/wp\/v2\/media?parent=6713"}],"curies":[{"name":"wp","href":"https:\/\/api.w.org\/{rel}","templated":true}]}}