{"id":6705,"date":"2025-01-25T09:50:41","date_gmt":"2025-01-25T08:50:41","guid":{"rendered":"https:\/\/xn--arbetsdagarperr-ulb.se\/?page_id=6705"},"modified":"2025-01-25T11:40:30","modified_gmt":"2025-01-25T10:40:30","slug":"november-2025","status":"publish","type":"page","link":"https:\/\/xn--arbetsdagarperr-ulb.se\/nb\/november-2025\/","title":{"rendered":"november 2025"},"content":{"rendered":"<h1><strong>Arbeidstid og strategi for november 2025<\/strong><\/h1>\n<p>I november 2025 har du totalt <strong>21 virkedager<\/strong> (<strong>168 arbeidstimer<\/strong>) hele m\u00e5neden, basert p\u00e5 en arbeidsdag p\u00e5 8 timer og tatt i betraktning helger. I november er det 1 r\u00f8d dag..<\/p>\n<p>Fordeling av arbeidsdager per uke:<\/p>\n<ul>\n<li><strong>Uke 45:<\/strong> 5 virkedager (40 timer)<\/li>\n<li><strong>Uke 46:<\/strong> 5 virkedager (40 timer)<\/li>\n<li><strong>Uke 47:<\/strong> 5 virkedager (40 timer)<\/li>\n<li><strong>Uke 48:<\/strong> 5 virkedager (40 timer)<\/li>\n<\/ul>\n<h6><strong>R\u00f8de dager og helger i november 2025:<\/strong><\/h6>\n<ol>\n<li><strong>Allehelgens dag:<\/strong> 1. november (l\u00f8rdag)<\/li>\n<\/ol>\n<p>Strategi for \u00e5 maksimere avspasering:<\/p>\n<p>Forslag 1: Ta deg fri f\u00f8r allehelgensdag for en lang ferie.<\/p>\n<ul>\n<li><strong>Uke 44:<\/strong> Ta fri fra 3.\u20137. november (mandag til fredag).\n<ul>\n<li><strong>Effekt:<\/strong> Du f\u00e5r lang permisjon fra l\u00f8rdag 1. november til s\u00f8ndag 9. november, og gir deg 9 dager sammenhengende fri i kun 5 feriedager.<\/li>\n<\/ul>\n<\/li>\n<\/ul>\n<p><strong>Sammendrag:<\/strong><br \/>\nVed \u00e5 bruke feriedagene strategisk kan du nyte langhelger og en lengre periode med restitusjon.<\/p>","protected":false},"excerpt":{"rendered":"<p>Arbetstimmar och strategi f\u00f6r november 2025 I november 2025 har man totalt 21 arbetsdagar (168 arbetstimmar) under hela m\u00e5naden, baserat p\u00e5 en arbetsdag p\u00e5 8 timmar och med h\u00e4nsyn till helger. I november finns det 1 r\u00f6d dag.. F\u00f6rdelning av arbetsdagar per vecka: Vecka 45: 5 arbetsdagar (40 timmar) Vecka 46: 5 arbetsdagar (40 timmar) &hellip;<\/p>\n<p class=\"read-more\"> <a class=\"\" href=\"https:\/\/xn--arbetsdagarperr-ulb.se\/nb\/november-2025\/\"> <span class=\"screen-reader-text\">november 2025<\/span> Les mer &quot;<\/a><\/p>","protected":false},"author":1,"featured_media":0,"parent":0,"menu_order":0,"comment_status":"closed","ping_status":"closed","template":"","meta":{"site-sidebar-layout":"default","site-content-layout":"default","ast-main-header-display":"","ast-hfb-above-header-display":"","ast-hfb-below-header-display":"","ast-hfb-mobile-header-display":"","site-post-title":"","ast-breadcrumbs-content":"","ast-featured-img":"","footer-sml-layout":"","theme-transparent-header-meta":"default","adv-header-id-meta":"","stick-header-meta":"","header-above-stick-meta":"","header-main-stick-meta":"","header-below-stick-meta":"","footnotes":""},"class_list":["post-6705","page","type-page","status-publish","hentry"],"_links":{"self":[{"href":"https:\/\/xn--arbetsdagarperr-ulb.se\/nb\/wp-json\/wp\/v2\/pages\/6705","targetHints":{"allow":["GET"]}}],"collection":[{"href":"https:\/\/xn--arbetsdagarperr-ulb.se\/nb\/wp-json\/wp\/v2\/pages"}],"about":[{"href":"https:\/\/xn--arbetsdagarperr-ulb.se\/nb\/wp-json\/wp\/v2\/types\/page"}],"author":[{"embeddable":true,"href":"https:\/\/xn--arbetsdagarperr-ulb.se\/nb\/wp-json\/wp\/v2\/users\/1"}],"replies":[{"embeddable":true,"href":"https:\/\/xn--arbetsdagarperr-ulb.se\/nb\/wp-json\/wp\/v2\/comments?post=6705"}],"version-history":[{"count":10,"href":"https:\/\/xn--arbetsdagarperr-ulb.se\/nb\/wp-json\/wp\/v2\/pages\/6705\/revisions"}],"predecessor-version":[{"id":6760,"href":"https:\/\/xn--arbetsdagarperr-ulb.se\/nb\/wp-json\/wp\/v2\/pages\/6705\/revisions\/6760"}],"wp:attachment":[{"href":"https:\/\/xn--arbetsdagarperr-ulb.se\/nb\/wp-json\/wp\/v2\/media?parent=6705"}],"curies":[{"name":"wp","href":"https:\/\/api.w.org\/{rel}","templated":true}]}}