{"id":6696,"date":"2025-01-23T15:25:46","date_gmt":"2025-01-23T14:25:46","guid":{"rendered":"https:\/\/xn--arbetsdagarperr-ulb.se\/?page_id=6696"},"modified":"2025-01-25T11:29:55","modified_gmt":"2025-01-25T10:29:55","slug":"augusti-2025","status":"publish","type":"page","link":"https:\/\/xn--arbetsdagarperr-ulb.se\/nb\/august-2025\/","title":{"rendered":"august 2025"},"content":{"rendered":"<h1><strong>Arbeidstid og strategi for august 2025<\/strong><\/h1>\n<p>I august 2025 har du totalt <strong>22 virkedager<\/strong> (176 arbeidstimer) hele m\u00e5neden, basert p\u00e5 en arbeidsdag p\u00e5 8 timer og tatt i betraktning helger. Siden det ikke er r\u00f8de dager i august, er det mulig \u00e5 planlegge lengre ferier ved \u00e5 bruke feriedager.<\/p>\n<h3>Fordeling av arbeidsdager per uke:<\/h3>\n<ul>\n<li><strong>Uke 31:<\/strong> 1 virkedag (8 timer)<\/li>\n<li><strong>Uke 32:<\/strong> 5 virkedager (40 timer)<\/li>\n<li><strong>Uke 33:<\/strong> 5 virkedager (40 timer)<\/li>\n<li><strong>Uke 34:<\/strong> 5 virkedager (40 timer)<\/li>\n<li><strong>Uke 35:<\/strong> 5 virkedager (40 timer)<\/li>\n<\/ul>\n<p><strong>R\u00f8de dager og helger i august 2025:<\/strong><\/p>\n<p>Forslag 1: Ta deg fri for \u00e5 f\u00e5 lang permisjon i slutten av m\u00e5neden<\/p>\n<ul>\n<li><strong>Uke 35:<\/strong> Ta fri fra 25.\u201329. august (mandag til fredag).\n<ul>\n<li>Effekt: Du f\u00e5r lang permisjon fra l\u00f8rdag 23. august til s\u00f8ndag 31. august, og gir deg 9 dager sammenhengende fri i kun 4 feriedager.<\/li>\n<\/ul>\n<\/li>\n<\/ul>\n<p><strong>Sammendrag:<\/strong><\/p>\n<p>For maksimal permisjon i august 2025 anbefales det \u00e5 bruke 4 feriedager. Ved \u00e5 planlegge feriedagene strategisk, kan du skape en lengre periode med restitusjon, slik at du kan nyte mer konsekvent fri og restituere skikkelig til h\u00f8sten.<\/p>","protected":false},"excerpt":{"rendered":"<p>Arbetstimmar och strategi f\u00f6r augusti 2025 I augusti 2025 har man totalt 22 arbetsdagar (176 arbetstimmar) under hela m\u00e5naden, baserat p\u00e5 en arbetsdag p\u00e5 8 timmar och med h\u00e4nsyn till helger. Eftersom det inte finns n\u00e5gra r\u00f6da dagar i augusti, \u00e4r det m\u00f6jligt att planera l\u00e4ngre ledigheter genom att anv\u00e4nda semesterdagar. F\u00f6rdelning av arbetsdagar per &hellip;<\/p>\n<p class=\"read-more\"> <a class=\"\" href=\"https:\/\/xn--arbetsdagarperr-ulb.se\/nb\/august-2025\/\"> <span class=\"screen-reader-text\">august 2025<\/span> Les mer &quot;<\/a><\/p>","protected":false},"author":1,"featured_media":0,"parent":0,"menu_order":0,"comment_status":"closed","ping_status":"closed","template":"","meta":{"site-sidebar-layout":"default","site-content-layout":"default","ast-main-header-display":"","ast-hfb-above-header-display":"","ast-hfb-below-header-display":"","ast-hfb-mobile-header-display":"","site-post-title":"","ast-breadcrumbs-content":"","ast-featured-img":"","footer-sml-layout":"","theme-transparent-header-meta":"default","adv-header-id-meta":"","stick-header-meta":"","header-above-stick-meta":"","header-main-stick-meta":"","header-below-stick-meta":"","footnotes":""},"class_list":["post-6696","page","type-page","status-publish","hentry"],"_links":{"self":[{"href":"https:\/\/xn--arbetsdagarperr-ulb.se\/nb\/wp-json\/wp\/v2\/pages\/6696","targetHints":{"allow":["GET"]}}],"collection":[{"href":"https:\/\/xn--arbetsdagarperr-ulb.se\/nb\/wp-json\/wp\/v2\/pages"}],"about":[{"href":"https:\/\/xn--arbetsdagarperr-ulb.se\/nb\/wp-json\/wp\/v2\/types\/page"}],"author":[{"embeddable":true,"href":"https:\/\/xn--arbetsdagarperr-ulb.se\/nb\/wp-json\/wp\/v2\/users\/1"}],"replies":[{"embeddable":true,"href":"https:\/\/xn--arbetsdagarperr-ulb.se\/nb\/wp-json\/wp\/v2\/comments?post=6696"}],"version-history":[{"count":4,"href":"https:\/\/xn--arbetsdagarperr-ulb.se\/nb\/wp-json\/wp\/v2\/pages\/6696\/revisions"}],"predecessor-version":[{"id":6751,"href":"https:\/\/xn--arbetsdagarperr-ulb.se\/nb\/wp-json\/wp\/v2\/pages\/6696\/revisions\/6751"}],"wp:attachment":[{"href":"https:\/\/xn--arbetsdagarperr-ulb.se\/nb\/wp-json\/wp\/v2\/media?parent=6696"}],"curies":[{"name":"wp","href":"https:\/\/api.w.org\/{rel}","templated":true}]}}