{"id":6691,"date":"2025-01-23T14:38:41","date_gmt":"2025-01-23T13:38:41","guid":{"rendered":"https:\/\/xn--arbetsdagarperr-ulb.se\/?page_id=6691"},"modified":"2025-01-25T11:29:01","modified_gmt":"2025-01-25T10:29:01","slug":"juli-2025","status":"publish","type":"page","link":"https:\/\/xn--arbetsdagarperr-ulb.se\/nb\/juli-2025\/","title":{"rendered":"juli 2025"},"content":{"rendered":"<h1><strong>Arbeidstid og strategi for juli 2025<\/strong><\/h1>\n<p>I juli 2025 har du totalt <strong>23 virkedager<\/strong> (<strong>184 arbeidstimer<\/strong>) hele m\u00e5neden, basert p\u00e5 en arbeidsdag p\u00e5 8 timer og tatt i betraktning helger. Siden det ikke er r\u00f8de dager i juli, er det mulig \u00e5 planlegge lengre ferier ved \u00e5 bruke feriedager.<\/p>\n<p><strong>Fordeling av arbeidsdager per uke:<\/strong><\/p>\n<ul>\n<li><strong>Uke 27:<\/strong> 4 virkedager (32 timer)<\/li>\n<li><strong>Uke 28:<\/strong> 5 virkedager (40 timer)<\/li>\n<li><strong>Uke 29:<\/strong> 5 virkedager (40 timer)<\/li>\n<li><strong>Uke 30:<\/strong> 5 virkedager (40 timer)<\/li>\n<li><strong>Uke 31:<\/strong> 4 virkedager (32 timer)<\/li>\n<\/ul>\n<p><strong>R\u00f8de dager og helger i juli 2025:<\/strong><\/p>\n<p>Forslag 1: Ta deg fri i slutten av m\u00e5neden<\/p>\n<ul>\n<li>Uke 31: Ta fri 28.-31. juli (tirsdag til fredag).\n<ul>\n<li>Effekt: Du f\u00e5r lang permisjon fra l\u00f8rdag 26. juli til s\u00f8ndag 3. august, og gir deg 9 dager sammenhengende fri i kun 4 feriedager.<\/li>\n<\/ul>\n<\/li>\n<\/ul>\n<p><strong>Sammendrag:<\/strong><br \/>\nFor \u00e5 f\u00e5 en lengre periode med sammenhengende permisjon i juli 2025, anbefales det at du tar fri 28.-31. juli (tirsdag til fredag) i uke 31. Ved \u00e5 gj\u00f8re dette f\u00e5r du en lang permisjon fra l\u00f8rdag 26. juli til s\u00f8ndag 3. august , og gir deg totalt 9 fridager i kun 4 feriedager. Dette er en fin m\u00e5te \u00e5 nyte en lengre restitusjonsperiode uten \u00e5 bruke for mange feriedager.<strong><br \/>\n<\/strong><\/p>\n<p>&nbsp;<\/p>","protected":false},"excerpt":{"rendered":"<p>Arbetstimmar och strategi f\u00f6r juli 2025 I juli 2025 har man totalt 23 arbetsdagar (184 arbetstimmar) under hela m\u00e5naden, baserat p\u00e5 en arbetsdag p\u00e5 8 timmar och med h\u00e4nsyn till helger. Eftersom det inte finns n\u00e5gra r\u00f6da dagar i juli, \u00e4r det m\u00f6jligt att planera l\u00e4ngre ledigheter genom att anv\u00e4nda semesterdagar. F\u00f6rdelning av arbetsdagar per &hellip;<\/p>\n<p class=\"read-more\"> <a class=\"\" href=\"https:\/\/xn--arbetsdagarperr-ulb.se\/nb\/juli-2025\/\"> <span class=\"screen-reader-text\">juli 2025<\/span> Les mer &quot;<\/a><\/p>","protected":false},"author":1,"featured_media":0,"parent":0,"menu_order":0,"comment_status":"closed","ping_status":"closed","template":"","meta":{"site-sidebar-layout":"default","site-content-layout":"default","ast-main-header-display":"","ast-hfb-above-header-display":"","ast-hfb-below-header-display":"","ast-hfb-mobile-header-display":"","site-post-title":"","ast-breadcrumbs-content":"","ast-featured-img":"","footer-sml-layout":"","theme-transparent-header-meta":"default","adv-header-id-meta":"","stick-header-meta":"","header-above-stick-meta":"","header-main-stick-meta":"","header-below-stick-meta":"","footnotes":""},"class_list":["post-6691","page","type-page","status-publish","hentry"],"_links":{"self":[{"href":"https:\/\/xn--arbetsdagarperr-ulb.se\/nb\/wp-json\/wp\/v2\/pages\/6691","targetHints":{"allow":["GET"]}}],"collection":[{"href":"https:\/\/xn--arbetsdagarperr-ulb.se\/nb\/wp-json\/wp\/v2\/pages"}],"about":[{"href":"https:\/\/xn--arbetsdagarperr-ulb.se\/nb\/wp-json\/wp\/v2\/types\/page"}],"author":[{"embeddable":true,"href":"https:\/\/xn--arbetsdagarperr-ulb.se\/nb\/wp-json\/wp\/v2\/users\/1"}],"replies":[{"embeddable":true,"href":"https:\/\/xn--arbetsdagarperr-ulb.se\/nb\/wp-json\/wp\/v2\/comments?post=6691"}],"version-history":[{"count":6,"href":"https:\/\/xn--arbetsdagarperr-ulb.se\/nb\/wp-json\/wp\/v2\/pages\/6691\/revisions"}],"predecessor-version":[{"id":6750,"href":"https:\/\/xn--arbetsdagarperr-ulb.se\/nb\/wp-json\/wp\/v2\/pages\/6691\/revisions\/6750"}],"wp:attachment":[{"href":"https:\/\/xn--arbetsdagarperr-ulb.se\/nb\/wp-json\/wp\/v2\/media?parent=6691"}],"curies":[{"name":"wp","href":"https:\/\/api.w.org\/{rel}","templated":true}]}}