{"id":6685,"date":"2025-01-23T14:28:42","date_gmt":"2025-01-23T13:28:42","guid":{"rendered":"https:\/\/xn--arbetsdagarperr-ulb.se\/?page_id=6685"},"modified":"2025-01-25T11:27:27","modified_gmt":"2025-01-25T10:27:27","slug":"juni-2025","status":"publish","type":"page","link":"https:\/\/xn--arbetsdagarperr-ulb.se\/nb\/juni-2025\/","title":{"rendered":"juni 2025"},"content":{"rendered":"<h1><strong>Arbeidstid og strategi for juni 2025<\/strong><\/h1>\n<p>I juni 2025 har du totalt <strong>22 virkedager<\/strong> (176 arbeidstimer) hele m\u00e5neden, basert p\u00e5 en arbeidsdag p\u00e5 8 timer og tatt i betraktning helger og helligdager. I juni er det 2 r\u00f8de dager, Sveriges nasjonaldag fredag 6. juni og midtsommerdag l\u00f8rdag 21. juni.<\/p>\n<p><span style=\"font-size: 1.5em; font-weight: bold;\">Fordeling av arbeidsdager per uke:<\/span><\/p>\n<ul>\n<li><strong>Uke 22:<\/strong> 5 virkedager (40 timer)<\/li>\n<li><strong>Uke 23:<\/strong> 4 virkedager (32 timer) (nasjonaldagen er en r\u00f8d dag)<\/li>\n<li><strong>Uke 24:<\/strong> 4 virkedager (32 timer)<\/li>\n<li><strong>Uke 25:<\/strong> 5 virkedager (40 timer) (middag er en r\u00f8d dag)<\/li>\n<li><strong>Uke 26:<\/strong> 4 virkedager (32 timer)<\/li>\n<\/ul>\n<p><strong>R\u00f8de dager og helger juni 2025:<\/strong><\/p>\n<p>Forslag 1: Ta en ekstra fridag f\u00f8r Sveriges nasjonaldag<\/p>\n<ul>\n<li><strong>Uke 23:<\/strong> Ta fri 5. juni (torsdag).\n<ul>\n<li><strong>Effekt:<\/strong> Du f\u00e5r langhelg fra torsdag 5. juni til s\u00f8ndag 8. juni<\/li>\n<\/ul>\n<\/li>\n<\/ul>\n<ul>\n<li style=\"list-style-type: none;\"><\/li>\n<\/ul>\n<p><strong>Sammendrag:<br \/>\n<\/strong>For \u00e5 lage en langhelg til Sveriges nasjonaldag, anbefales det at du tar fri 5. juni (torsdag) i uke 23. Ved \u00e5 gj\u00f8re dette f\u00e5r du en langhelg fra torsdag 5. juni til s\u00f8ndag 8. juni, noe som gir deg ekstra tid til restitusjon uten \u00e5 m\u00e5tte ta mange feriedager<strong><br \/>\n<\/strong><\/p>\n<p>&nbsp;<\/p>","protected":false},"excerpt":{"rendered":"<p>Arbetstimmar och strategi f\u00f6r juni 2025 I juni 2025 har man totalt 22 arbetsdagar (176 arbetstimmar) under hela m\u00e5naden, baserat p\u00e5 en arbetsdag p\u00e5 8 timmar och med h\u00e4nsyn till helger och r\u00f6da dagar. I juni finns det 2 r\u00f6da dagar, Sverige nationaldag fredagen den 6 juni och midsommardagen l\u00f6rdagen den 21 juni. F\u00f6rdelning av &hellip;<\/p>\n<p class=\"read-more\"> <a class=\"\" href=\"https:\/\/xn--arbetsdagarperr-ulb.se\/nb\/juni-2025\/\"> <span class=\"screen-reader-text\">juni 2025<\/span> Les mer &quot;<\/a><\/p>","protected":false},"author":1,"featured_media":0,"parent":0,"menu_order":0,"comment_status":"closed","ping_status":"closed","template":"","meta":{"site-sidebar-layout":"default","site-content-layout":"default","ast-main-header-display":"","ast-hfb-above-header-display":"","ast-hfb-below-header-display":"","ast-hfb-mobile-header-display":"","site-post-title":"","ast-breadcrumbs-content":"","ast-featured-img":"","footer-sml-layout":"","theme-transparent-header-meta":"default","adv-header-id-meta":"","stick-header-meta":"","header-above-stick-meta":"","header-main-stick-meta":"","header-below-stick-meta":"","footnotes":""},"class_list":["post-6685","page","type-page","status-publish","hentry"],"_links":{"self":[{"href":"https:\/\/xn--arbetsdagarperr-ulb.se\/nb\/wp-json\/wp\/v2\/pages\/6685","targetHints":{"allow":["GET"]}}],"collection":[{"href":"https:\/\/xn--arbetsdagarperr-ulb.se\/nb\/wp-json\/wp\/v2\/pages"}],"about":[{"href":"https:\/\/xn--arbetsdagarperr-ulb.se\/nb\/wp-json\/wp\/v2\/types\/page"}],"author":[{"embeddable":true,"href":"https:\/\/xn--arbetsdagarperr-ulb.se\/nb\/wp-json\/wp\/v2\/users\/1"}],"replies":[{"embeddable":true,"href":"https:\/\/xn--arbetsdagarperr-ulb.se\/nb\/wp-json\/wp\/v2\/comments?post=6685"}],"version-history":[{"count":6,"href":"https:\/\/xn--arbetsdagarperr-ulb.se\/nb\/wp-json\/wp\/v2\/pages\/6685\/revisions"}],"predecessor-version":[{"id":6749,"href":"https:\/\/xn--arbetsdagarperr-ulb.se\/nb\/wp-json\/wp\/v2\/pages\/6685\/revisions\/6749"}],"wp:attachment":[{"href":"https:\/\/xn--arbetsdagarperr-ulb.se\/nb\/wp-json\/wp\/v2\/media?parent=6685"}],"curies":[{"name":"wp","href":"https:\/\/api.w.org\/{rel}","templated":true}]}}