{"id":6668,"date":"2025-01-23T11:42:09","date_gmt":"2025-01-23T10:42:09","guid":{"rendered":"https:\/\/xn--arbetsdagarperr-ulb.se\/?page_id=6668"},"modified":"2025-01-25T11:34:05","modified_gmt":"2025-01-25T10:34:05","slug":"mars-2025","status":"publish","type":"page","link":"https:\/\/xn--arbetsdagarperr-ulb.se\/nb\/mars-2025\/","title":{"rendered":"mars 2025"},"content":{"rendered":"<h1><strong>Arbeidstid og strategi for mars 2025<\/strong><\/h1>\n<p>I mars 2025 har du totalt <strong>21 virkedager<\/strong> (168 arbeidstimer) hele m\u00e5neden, basert p\u00e5 en arbeidsdag p\u00e5 8 timer og tatt i betraktning helger. Mars har ingen r\u00f8de dager, noe som betyr at alle helligdager i uken er arbeidsdager.<\/p>\n<h3>Arbeidstid per uke:<\/h3>\n<ul>\n<li><strong>Uke 10:<\/strong> 5 dager (40 timer)<\/li>\n<li><strong>Uke 11:<\/strong> 5 dager (40 timer)<\/li>\n<li><strong>Uke 12:<\/strong> 5 dager (40 timer)<\/li>\n<li><strong>Uke 13:<\/strong> 5 dager (40 timer)<\/li>\n<li><strong>Uke 14:<\/strong> 1 dag (8 timer)<\/li>\n<\/ul>\n<p>Siden mars 2025 ikke har noen r\u00f8de dager, er det en full arbeidsmengdem\u00e5ned. Hvis du \u00f8nsker \u00e5 maksimere avspaseringen din i denne perioden, kan du planlegge langhelger med feriedager.<\/p>\n<h4><strong>R\u00f8de dager og helger i mars 2025:<\/strong><\/h4>\n<ul>\n<li><strong>Uke 11:<\/strong><br \/>\nTa fri fredag 7. mars for \u00e5 lage en langhelg fra fredag til s\u00f8ndag. Dette gir deg 3 p\u00e5f\u00f8lgende fridager i kun 1 feriedag.<\/li>\n<li><strong>Uke 13:<\/strong><br \/>\nTa fri mandag 24. mars (dagen etter v\u00e5rjevnd\u00f8gn, hvis du \u00f8nsker en symbolsk pause). Dette gir deg 3 p\u00e5f\u00f8lgende fridager i 1 feriedag.<\/li>\n<\/ul>\n<h4>Sammendrag:<\/h4>\n<p>Ved \u00e5 bruke total <strong>2 feriedager<\/strong> i mars 2025 (7. og 24. mars) kan du nyte to langhelger i l\u00f8pet av m\u00e5neden og samtidig holde feriebruken nede, slik at du f\u00e5r flere dager de neste m\u00e5nedene.<\/p>","protected":false},"excerpt":{"rendered":"<p>Arbetstimmar och strategi f\u00f6r mars 2025 I mars 2025 har man totalt 21 arbetsdagar (168 arbetstimmar) under hela m\u00e5naden, baserat p\u00e5 en arbetsdag p\u00e5 8 timmar och med h\u00e4nsyn till helger. Mars har inga r\u00f6da dagar, vilket inneb\u00e4r att alla helgfria veckodagar \u00e4r arbetsdagar. Arbetstimmar per vecka: Vecka 10: 5 dagar (40 timmar) Vecka 11: &hellip;<\/p>\n<p class=\"read-more\"> <a class=\"\" href=\"https:\/\/xn--arbetsdagarperr-ulb.se\/nb\/mars-2025\/\"> <span class=\"screen-reader-text\">mars 2025<\/span> Les mer &quot;<\/a><\/p>","protected":false},"author":1,"featured_media":0,"parent":0,"menu_order":0,"comment_status":"closed","ping_status":"closed","template":"","meta":{"site-sidebar-layout":"default","site-content-layout":"default","ast-main-header-display":"","ast-hfb-above-header-display":"","ast-hfb-below-header-display":"","ast-hfb-mobile-header-display":"","site-post-title":"","ast-breadcrumbs-content":"","ast-featured-img":"","footer-sml-layout":"","theme-transparent-header-meta":"default","adv-header-id-meta":"","stick-header-meta":"","header-above-stick-meta":"","header-main-stick-meta":"","header-below-stick-meta":"","footnotes":""},"class_list":["post-6668","page","type-page","status-publish","hentry"],"_links":{"self":[{"href":"https:\/\/xn--arbetsdagarperr-ulb.se\/nb\/wp-json\/wp\/v2\/pages\/6668","targetHints":{"allow":["GET"]}}],"collection":[{"href":"https:\/\/xn--arbetsdagarperr-ulb.se\/nb\/wp-json\/wp\/v2\/pages"}],"about":[{"href":"https:\/\/xn--arbetsdagarperr-ulb.se\/nb\/wp-json\/wp\/v2\/types\/page"}],"author":[{"embeddable":true,"href":"https:\/\/xn--arbetsdagarperr-ulb.se\/nb\/wp-json\/wp\/v2\/users\/1"}],"replies":[{"embeddable":true,"href":"https:\/\/xn--arbetsdagarperr-ulb.se\/nb\/wp-json\/wp\/v2\/comments?post=6668"}],"version-history":[{"count":6,"href":"https:\/\/xn--arbetsdagarperr-ulb.se\/nb\/wp-json\/wp\/v2\/pages\/6668\/revisions"}],"predecessor-version":[{"id":6754,"href":"https:\/\/xn--arbetsdagarperr-ulb.se\/nb\/wp-json\/wp\/v2\/pages\/6668\/revisions\/6754"}],"wp:attachment":[{"href":"https:\/\/xn--arbetsdagarperr-ulb.se\/nb\/wp-json\/wp\/v2\/media?parent=6668"}],"curies":[{"name":"wp","href":"https:\/\/api.w.org\/{rel}","templated":true}]}}