{"id":6661,"date":"2025-01-23T11:23:59","date_gmt":"2025-01-23T10:23:59","guid":{"rendered":"https:\/\/xn--arbetsdagarperr-ulb.se\/?page_id=6661"},"modified":"2025-01-25T11:33:24","modified_gmt":"2025-01-25T10:33:24","slug":"februari-2025","status":"publish","type":"page","link":"https:\/\/xn--arbetsdagarperr-ulb.se\/nb\/februar-2025\/","title":{"rendered":"februar 2025"},"content":{"rendered":"<h1><strong>Arbeidstid og strategi for februar 2025<\/strong><\/h1>\n<p>I februar 2025 har du totalt <strong>20 virkedager<\/strong> <strong>(160 arbeidstimer)<\/strong>\u00a0hele m\u00e5neden, basert p\u00e5 en arbeidsdag p\u00e5 8 timer og tatt i betraktning helger. Februar har ingen r\u00f8de dager.<\/p>\n<h3>Arbeidstid per uke:<\/h3>\n<ul>\n<li><strong>Uke 6:<\/strong> 5 dager (40 timer)<\/li>\n<li><strong>Uke 7:<\/strong> 5 dager (40 timer)<\/li>\n<li><strong>Uke 8:<\/strong> 5 dager (40 timer)<\/li>\n<li><strong>Uke 9:<\/strong> 5 dager (40 timer)<\/li>\n<\/ul>\n<p>Februar 2025 har ingen r\u00f8de dager \u00e5 bruke for \u00e5 maksimere permisjonen. Men ikke la det hindre deg i \u00e5 ta 3 dager fri med feriedager:<\/p>\n<h4><strong>R\u00f8de dager og helger i februar 2025:<\/strong><\/h4>\n<ul>\n<li><strong>Uke 7:<\/strong><br \/>\nTa fri fredag 14. februar (valentinsdagen) for \u00e5 lage en langhelg fra fredag til s\u00f8ndag. Dette gir deg 3 p\u00e5f\u00f8lgende fridager i kun 1 feriedag.<\/li>\n<li><strong>Uke 9:<\/strong><br \/>\nKombiner fredag 28. februar med ferie. Tar du fri denne dagen f\u00e5r du langhelg fra fredag til s\u00f8ndag. Effekt: 3 flere p\u00e5f\u00f8lgende fridager i 1 feriedag.<\/li>\n<\/ul>\n<h4>Sammendrag:<\/h4>\n<p>Ved \u00e5 bruke totalt 2 feriedager i februar 2025 (14. og 28. februar) kan du nyte to langhelger i l\u00f8pet av m\u00e5neden og samtidig beholde en stor del av feriedagene til fremtidig permisjon.<\/p>","protected":false},"excerpt":{"rendered":"<p>Arbetstimmar och strategi f\u00f6r februari 2025 I februari 2025 har man totalt 20 arbetsdagar (160 arbetstimmar)\u00a0under hela m\u00e5naden, baserat p\u00e5 en arbetsdag p\u00e5 8 timmar och med h\u00e4nsyn till helger. Februari har inga r\u00f6da dagar. Arbetstimmar per vecka: Vecka 6: 5 dagar (40 timmar) Vecka 7: 5 dagar (40 timmar) Vecka 8: 5 dagar (40 &hellip;<\/p>\n<p class=\"read-more\"> <a class=\"\" href=\"https:\/\/xn--arbetsdagarperr-ulb.se\/nb\/februar-2025\/\"> <span class=\"screen-reader-text\">februar 2025<\/span> Les mer &quot;<\/a><\/p>","protected":false},"author":1,"featured_media":0,"parent":0,"menu_order":0,"comment_status":"closed","ping_status":"closed","template":"","meta":{"site-sidebar-layout":"default","site-content-layout":"default","ast-main-header-display":"","ast-hfb-above-header-display":"","ast-hfb-below-header-display":"","ast-hfb-mobile-header-display":"","site-post-title":"","ast-breadcrumbs-content":"","ast-featured-img":"","footer-sml-layout":"","theme-transparent-header-meta":"default","adv-header-id-meta":"","stick-header-meta":"","header-above-stick-meta":"","header-main-stick-meta":"","header-below-stick-meta":"","footnotes":""},"class_list":["post-6661","page","type-page","status-publish","hentry"],"_links":{"self":[{"href":"https:\/\/xn--arbetsdagarperr-ulb.se\/nb\/wp-json\/wp\/v2\/pages\/6661","targetHints":{"allow":["GET"]}}],"collection":[{"href":"https:\/\/xn--arbetsdagarperr-ulb.se\/nb\/wp-json\/wp\/v2\/pages"}],"about":[{"href":"https:\/\/xn--arbetsdagarperr-ulb.se\/nb\/wp-json\/wp\/v2\/types\/page"}],"author":[{"embeddable":true,"href":"https:\/\/xn--arbetsdagarperr-ulb.se\/nb\/wp-json\/wp\/v2\/users\/1"}],"replies":[{"embeddable":true,"href":"https:\/\/xn--arbetsdagarperr-ulb.se\/nb\/wp-json\/wp\/v2\/comments?post=6661"}],"version-history":[{"count":9,"href":"https:\/\/xn--arbetsdagarperr-ulb.se\/nb\/wp-json\/wp\/v2\/pages\/6661\/revisions"}],"predecessor-version":[{"id":6753,"href":"https:\/\/xn--arbetsdagarperr-ulb.se\/nb\/wp-json\/wp\/v2\/pages\/6661\/revisions\/6753"}],"wp:attachment":[{"href":"https:\/\/xn--arbetsdagarperr-ulb.se\/nb\/wp-json\/wp\/v2\/media?parent=6661"}],"curies":[{"name":"wp","href":"https:\/\/api.w.org\/{rel}","templated":true}]}}