{"id":6644,"date":"2025-01-23T10:35:35","date_gmt":"2025-01-23T09:35:35","guid":{"rendered":"https:\/\/xn--arbetsdagarperr-ulb.se\/?page_id=6644"},"modified":"2025-01-25T11:22:34","modified_gmt":"2025-01-25T10:22:34","slug":"januari-2025","status":"publish","type":"page","link":"https:\/\/xn--arbetsdagarperr-ulb.se\/nb\/januar-2025\/","title":{"rendered":"januar \u2013 2025"},"content":{"rendered":"<h1><strong>Arbeidstid og strategi for januar 2025<\/strong><\/h1>\n<p>I januar 2025 har du totalt <strong>168 arbeidstimer<\/strong> hele m\u00e5neden, basert p\u00e5 en arbeidsdag p\u00e5 8 timer og med hensyn til helligdager og helger.<\/p>\n<p><strong>Arbeidstid per uke:<\/strong><\/p>\n<ul>\n<li>Uke 1: 2 dager (16 timer) (ettersom nytt\u00e5rsdag er en r\u00f8d dag)<\/li>\n<li>Uke 2: 3 dager (32 timer) (trettende juledag er en r\u00f8d dag)<\/li>\n<li>Uke 3: 5 dager (40 timer)<\/li>\n<li>Uke 4: 5 dager (40 timer)<\/li>\n<li>Uke 5: 5 dager (40 timer)<\/li>\n<\/ul>\n<p>For \u00e5 maksimere permisjonen i januar 2025 med s\u00e5 f\u00e5 feriedager som mulig samtidig som du f\u00e5r lange helger, kan du bruke f\u00f8lgende strategi:<\/p>\n<p>&nbsp;<\/p>\n<ul>\n<li><strong>Uke 1<\/strong>:0 timer (1. januar, onsdag) \u2013 R\u00f8d dag.<br \/>\nTa fri 2. og 3. januar (torsdag og fredag) Effekt: Du f\u00e5r lang permisjon fra onsdag 1. januar til s\u00f8ndag 5. januar, d.v.s. 5 dager sammenhengende fri i 2 feriedager.<\/li>\n<li><strong>Uke 2<\/strong>: 0 timer (6. januar, mandag) \u2013 R\u00f8d dag.<br \/>\nTa deg fri 7.\u201310. januar (tirsdag til fredag). Effekt: Tar du med julaften (6. januar, mandag), f\u00e5r du fri fra l\u00f8rdag 4. januar til s\u00f8ndag 12. januar, d.v.s. 9 dager sammenhengende fri i 4 feriedager.<\/li>\n<li><strong>Uke 3<\/strong>: 40 timer<\/li>\n<li><strong>Uke 4<\/strong>: 40 timer<\/li>\n<li><strong>Uke 5<\/strong>: 40 timer<\/li>\n<\/ul>\n<p>&nbsp;<\/p>\n<h6><strong>R\u00f8de dager og helger i januar 2025:<\/strong><\/h6>\n<ul>\n<li><strong>Nytt\u00e5rsdag <\/strong>(1. januar, onsdag) \u2013 R\u00f8d dag.<\/li>\n<li><strong>\u00c5penbaring <\/strong>(6. januar, mandag) \u2013 R\u00f8d dag.<\/li>\n<\/ul>\n<ol>\n<li style=\"list-style-type: none;\"><\/li>\n<\/ol>\n<p><strong>Sammendrag:<\/strong><\/p>\n<p>For \u00e5 f\u00e5 s\u00e5 mange p\u00e5f\u00f8lgende fridager som mulig i januar 2025 og samtidig bruke s\u00e5 f\u00e5 feriedager som mulig, kan du bruke f\u00f8lgende strategi. Tidlig i uke 1, 2. og 3. januar (torsdag og fredag). Ved \u00e5 inkludere nytt\u00e5rsdag (1. januar, onsdag) f\u00e5r du en lang ferie fra onsdag 1. januar til s\u00f8ndag 5. januar, og gir deg 5 p\u00e5f\u00f8lgende fridager i kun 2 feriedager. Ta uke 2 fri 7.\u201310. januar (tirsdag til fredag). Tar du med juledag (6. januar, mandag), f\u00e5r du lang ferie fra l\u00f8rdag 4. januar til s\u00f8ndag 12. januar, og gir deg 9 dager sammenhengende fri i 4 feriedager.<\/p>\n<p>&nbsp;<\/p>","protected":false},"excerpt":{"rendered":"<p>Arbetstimmar och strategi f\u00f6r januari 2025 I januari 2025 har man totalt 168 arbetstimmar under hela m\u00e5naden, baserat p\u00e5 en arbetsdag p\u00e5 8 timmar och med h\u00e4nsyn till r\u00f6da dagar och helger. Arbetstimmar per vecka: Vecka 1: 2 dagar (16 timmar) (eftersom ny\u00e5rsdagen \u00e4r en r\u00f6d dag) Vecka 2: 3 dagar (32 timmar) (Trettondedag jul &hellip;<\/p>\n<p class=\"read-more\"> <a class=\"\" href=\"https:\/\/xn--arbetsdagarperr-ulb.se\/nb\/januar-2025\/\"> <span class=\"screen-reader-text\">januar \u2013 2025<\/span> Les mer &quot;<\/a><\/p>","protected":false},"author":1,"featured_media":0,"parent":0,"menu_order":0,"comment_status":"closed","ping_status":"closed","template":"","meta":{"site-sidebar-layout":"default","site-content-layout":"default","ast-main-header-display":"","ast-hfb-above-header-display":"","ast-hfb-below-header-display":"","ast-hfb-mobile-header-display":"","site-post-title":"","ast-breadcrumbs-content":"","ast-featured-img":"","footer-sml-layout":"","theme-transparent-header-meta":"default","adv-header-id-meta":"","stick-header-meta":"","header-above-stick-meta":"","header-main-stick-meta":"","header-below-stick-meta":"","footnotes":""},"class_list":["post-6644","page","type-page","status-publish","hentry"],"_links":{"self":[{"href":"https:\/\/xn--arbetsdagarperr-ulb.se\/nb\/wp-json\/wp\/v2\/pages\/6644","targetHints":{"allow":["GET"]}}],"collection":[{"href":"https:\/\/xn--arbetsdagarperr-ulb.se\/nb\/wp-json\/wp\/v2\/pages"}],"about":[{"href":"https:\/\/xn--arbetsdagarperr-ulb.se\/nb\/wp-json\/wp\/v2\/types\/page"}],"author":[{"embeddable":true,"href":"https:\/\/xn--arbetsdagarperr-ulb.se\/nb\/wp-json\/wp\/v2\/users\/1"}],"replies":[{"embeddable":true,"href":"https:\/\/xn--arbetsdagarperr-ulb.se\/nb\/wp-json\/wp\/v2\/comments?post=6644"}],"version-history":[{"count":15,"href":"https:\/\/xn--arbetsdagarperr-ulb.se\/nb\/wp-json\/wp\/v2\/pages\/6644\/revisions"}],"predecessor-version":[{"id":6746,"href":"https:\/\/xn--arbetsdagarperr-ulb.se\/nb\/wp-json\/wp\/v2\/pages\/6644\/revisions\/6746"}],"wp:attachment":[{"href":"https:\/\/xn--arbetsdagarperr-ulb.se\/nb\/wp-json\/wp\/v2\/media?parent=6644"}],"curies":[{"name":"wp","href":"https:\/\/api.w.org\/{rel}","templated":true}]}}