{"id":6633,"date":"2023-11-06T19:11:47","date_gmt":"2023-11-06T18:11:47","guid":{"rendered":"https:\/\/xn--arbetsdagarperr-ulb.se\/?page_id=6633"},"modified":"2023-11-06T19:11:47","modified_gmt":"2023-11-06T18:11:47","slug":"hitta-oppettider-nara-mig","status":"publish","type":"page","link":"https:\/\/xn--arbetsdagarperr-ulb.se\/nb\/finn-apningstider-naer-meg\/","title":{"rendered":"Finn \u00e5pningstider i n\u00e6rheten av meg"},"content":{"rendered":"<p><img loading=\"lazy\" decoding=\"async\" class=\"aligncenter size-large wp-image-6634\" src=\"https:\/\/xn--arbetsdagarperr-ulb.se\/wp-content\/uploads\/2023\/11\/1a1d6e54-2d3e-4920-9f62-87a8ebdc285d-e1699294235412-1024x752.webp\" alt=\"Steder i n\u00e6rheten av meg \u00c5pningstider\" width=\"1024\" height=\"752\" srcset=\"https:\/\/xn--arbetsdagarperr-ulb.se\/wp-content\/uploads\/2023\/11\/1a1d6e54-2d3e-4920-9f62-87a8ebdc285d-e1699294235412-1024x752.webp 1024w, https:\/\/xn--arbetsdagarperr-ulb.se\/wp-content\/uploads\/2023\/11\/1a1d6e54-2d3e-4920-9f62-87a8ebdc285d-e1699294235412-300x220.webp 300w, https:\/\/xn--arbetsdagarperr-ulb.se\/wp-content\/uploads\/2023\/11\/1a1d6e54-2d3e-4920-9f62-87a8ebdc285d-e1699294235412-768x564.webp 768w, https:\/\/xn--arbetsdagarperr-ulb.se\/wp-content\/uploads\/2023\/11\/1a1d6e54-2d3e-4920-9f62-87a8ebdc285d-e1699294235412-16x12.webp 16w, https:\/\/xn--arbetsdagarperr-ulb.se\/wp-content\/uploads\/2023\/11\/1a1d6e54-2d3e-4920-9f62-87a8ebdc285d-e1699294235412.webp 1394w\" sizes=\"auto, (max-width: 1024px) 100vw, 1024px\" \/><\/p>\n<p>I den akselererende digitale tidsalderen, hvor smarttelefoner og internettforbindelse er konstante f\u00f8lgesvenner, har ettersp\u00f8rselen etter umiddelbar tilgang til informasjon vokst med en enest\u00e5ende hastighet. Tempoet i livet har blitt raskere, og t\u00e5lmodigheten kortere. N\u00e5r du kjenner sulten gnage i magen eller merker at bilens drivstoffm\u00e5ler n\u00e6rmer seg den r\u00f8de linjen, vil du ikke kaste bort tid p\u00e5 \u00e5 gjette eller s\u00f8ke manuelt. I stedet vil du raskt kunne finne n\u00e6rmeste bensinstasjon eller restaurant, kjenn deres <a href=\"https:\/\/s\u00f6k.info\/\" rel=\"noopener\">\u00e5pningstider<\/a>, og kanskje til og med se brukeranmeldelser.<\/p>\n<p>S\u00f6k.Info har lagt merke til dette \u00f8kende behovet og ble opprettet som svar p\u00e5 det. Dette banebrytende nettstedet har tatt p\u00e5 seg utfordringen med \u00e5 katalogisere Sverige, sted for sted, og tilby den mest oppdaterte og relevante informasjonen direkte til fingertuppene. Det er ikke bare en database; det er en digital l\u00f8sning for den moderne borgeren.<\/p>\n<p>Med et s\u00f8k kan du umiddelbart finne bensinstasjonen n\u00e6rmest din n\u00e5v\u00e6rende posisjon, komplett med veibeskrivelse og gjeldende drivstoffpriser. Leter du etter en hyggelig restaurant for en kveld ute? S\u00f6k.Info gir deg ikke bare en liste over restauranter i n\u00e6rheten, men gir deg ogs\u00e5 beskjed om deres menyer, \u00e5pningstider og kundeanmeldelser. Aldri igjen vil du m\u00e5tte st\u00e5 frustrert p\u00e5 et gatehj\u00f8rne og lure p\u00e5 hvor du skal g\u00e5 videre. Med S\u00f6k.Info har du alltid svarene direkte i h\u00e5nden..<\/p>\n<p>S\u00f6k.Infos design er utviklet med fokus p\u00e5 \u00e5 tilby en jevn og problemfri brukeropplevelse. Ved \u00e5 kombinere moderne designprinsipper med avanserte tekniske l\u00f8sninger har plattformen skapt et grensesnitt som f\u00f8les b\u00e5de kjent og innovativt. Den intuitive s\u00f8kefunksjonen, hjertet av nettstedet, gir umiddelbare resultater tilpasset brukerens behov. Det er nok \u00e5 skrive inn noen f\u00e5 bokstaver eller en hel setning, som &quot;<a href=\"https:\/\/s\u00f6k.info\/\" rel=\"noopener\">bensinstasjon i n\u00e6rheten av meg<\/a>\u201d, for \u00e5 f\u00e5 en detaljert oversikt over alle relevante steder i n\u00e6rheten.<\/p>\n<p>I tillegg til de raske s\u00f8keresultatene presenteres informasjonen p\u00e5 en oversiktlig og forst\u00e5elig m\u00e5te. Hver bensinstasjon kommer for eksempel med en kort beskrivelse, kontaktdetaljer, \u00e5pningstider og gjerne en lenke til stasjonens egen nettside eller sosiale medier. S\u00f6k.Info g\u00e5r et skritt videre ved ogs\u00e5 \u00e5 integrere brukeranmeldelser og vurderinger, noe som gir et mer helhetlig bilde av det aktuelle stedet.<\/p>\n<p>Og for de brukerne som kanskje ikke er helt sikre p\u00e5 hva de leter etter, eller bare har lyst til \u00e5 utforske, tilbyr S\u00f6k.Info en nettlesingsfunksjon som er delt inn i klare kategorier. Alt fra restauranter, kafeer, butikker til kulturelle attraksjoner og rekreasjon kan utforskes med noen f\u00e5 enkle klikk. Denne funksjonen oppmuntrer til oppdagelse og kan ofte f\u00f8re til at brukere finner nye favorittsteder i sitt eget nabolag.<\/p>\n<p>S\u00f6k.Info streber etter \u00e5 v\u00e6re mer enn bare en tradisjonell informasjonskilde. Mens mange plattformer er forn\u00f8yd med \u00e5 levere grunnleggende oppgaver, har S\u00f6k.Info som m\u00e5l \u00e5 formidle en rikere, mer engasjerende brukeropplevelse. Ved \u00e5 kombinere ulike elementer som interaktive kart, f\u00e5r brukere ikke bare veibeskrivelser, men kan ogs\u00e5 zoome inn, utforske omgivelsene og til og med se sanntidsinformasjon som trafikkforhold.<\/p>\n<p>Men kanskje det viktigste er de ekte brukeranmeldelser. De gir en stemme til fellesskapet og lar folk dele sine erfaringer, anbefalinger og noen ganger til og med advarsler. Ved \u00e5 lese disse anmeldelsene kan brukerne f\u00e5 et balansert syn p\u00e5 et sted, noe som kan v\u00e6re avgj\u00f8rende n\u00e5r de skal ta en beslutning om et bes\u00f8k. Enten det handler om en restaurants matkvalitet, en butikks kundeservice eller atmosf\u00e6ren p\u00e5 en lokal bensinstasjon, tilbyr S\u00f6k.Info et helhetsbilde som g\u00e5r utover enkel statistikk og data. Den menneskelige dimensjonen, rikdommen av detaljer og dyp innsikt gj\u00f8r S\u00f6k.Info til en usl\u00e5elig ressurs for den moderne brukeren.<\/p>\n<p>S\u00f6k.Info omfavner et samarbeidskonsept der hver bes\u00f8kende ikke bare er en forbruker av informasjon, men ogs\u00e5 en potensiell bidragsyter. Denne modellen forvandler nettstedet fra en statisk database til en levende og dynamisk plattform som gjenspeiler stemmene og innsikten til samfunnet.<\/p>\n<p>Brukernes mulighet til \u00e5 legge til og oppdatere informasjon gj\u00f8r at nettstedets innhold hele tiden fornyes og forbedres. Hvis en bruker for eksempel merker at en restaurants \u00e5pningstider er endret, kan de raskt oppdatere dette p\u00e5 nettsiden. Eller, hvis noen snubler over en ny kaf\u00e9 eller park som enn\u00e5 ikke er representert, kan de enkelt legge den til, komplett med beskrivelse, bilder og annen relevant informasjon.<\/p>\n<p>Denne demokratiske tiln\u00e6rmingen har flere fordeler. For det f\u00f8rste sikrer det at S\u00f6k.Info alltid tilbyr den mest oppdaterte og presise informasjonen. For det andre skaper det en f\u00f8lelse av fellesskap og eierskap blant brukerne. I stedet for bare \u00e5 v\u00e6re passive forbrukere, blir de aktive medskapere av plattformens innhold.<\/p>\n<p>I tillegg kan denne kollektive innsatsen f\u00f8re til at mindre kjente steder, som kanskje ikke f\u00e5r mye oppmerksomhet p\u00e5 andre plattformer, blir fremhevet. Brukere kan dele sine egne oppdagelser og personlige favoritter, noe som kan f\u00f8re til at andre finner nye steder \u00e5 utforske. Dermed blir S\u00f6k.Info ikke bare en ressurs for \u00e5 finne informasjon, men ogs\u00e5 et sted hvor brukere kan dele sine egne erfaringer og oppdagelser, og berike hele samfunnet.<\/p>","protected":false},"excerpt":{"rendered":"<p>I den akselererende digitale tidsalderen, hvor smarttelefoner og internettforbindelse er konstante f\u00f8lgesvenner, har ettersp\u00f8rselen etter umiddelbar tilgang til informasjon vokst med en enest\u00e5ende hastighet. Tempoet i livet har blitt raskere, og t\u00e5lmodigheten kortere. N\u00e5r du kjenner sulten gnage i magen eller merker at bilens drivstoffm\u00e5ler n\u00e6rmer seg den r\u00f8de linjen, vil du ikke kaste bort...<\/p>\n<p class=\"read-more\"> <a class=\"\" href=\"https:\/\/xn--arbetsdagarperr-ulb.se\/nb\/finn-apningstider-naer-meg\/\"> <span class=\"screen-reader-text\">Finn \u00e5pningstider i n\u00e6rheten av meg<\/span> Les mer &quot;<\/a><\/p>","protected":false},"author":1,"featured_media":6634,"parent":0,"menu_order":0,"comment_status":"closed","ping_status":"closed","template":"","meta":{"site-sidebar-layout":"default","site-content-layout":"default","ast-main-header-display":"","ast-hfb-above-header-display":"","ast-hfb-below-header-display":"","ast-hfb-mobile-header-display":"","site-post-title":"","ast-breadcrumbs-content":"","ast-featured-img":"","footer-sml-layout":"","theme-transparent-header-meta":"default","adv-header-id-meta":"","stick-header-meta":"","header-above-stick-meta":"","header-main-stick-meta":"","header-below-stick-meta":"","footnotes":""},"class_list":["post-6633","page","type-page","status-publish","has-post-thumbnail","hentry"],"_links":{"self":[{"href":"https:\/\/xn--arbetsdagarperr-ulb.se\/nb\/wp-json\/wp\/v2\/pages\/6633","targetHints":{"allow":["GET"]}}],"collection":[{"href":"https:\/\/xn--arbetsdagarperr-ulb.se\/nb\/wp-json\/wp\/v2\/pages"}],"about":[{"href":"https:\/\/xn--arbetsdagarperr-ulb.se\/nb\/wp-json\/wp\/v2\/types\/page"}],"author":[{"embeddable":true,"href":"https:\/\/xn--arbetsdagarperr-ulb.se\/nb\/wp-json\/wp\/v2\/users\/1"}],"replies":[{"embeddable":true,"href":"https:\/\/xn--arbetsdagarperr-ulb.se\/nb\/wp-json\/wp\/v2\/comments?post=6633"}],"version-history":[{"count":2,"href":"https:\/\/xn--arbetsdagarperr-ulb.se\/nb\/wp-json\/wp\/v2\/pages\/6633\/revisions"}],"predecessor-version":[{"id":6636,"href":"https:\/\/xn--arbetsdagarperr-ulb.se\/nb\/wp-json\/wp\/v2\/pages\/6633\/revisions\/6636"}],"wp:featuredmedia":[{"embeddable":true,"href":"https:\/\/xn--arbetsdagarperr-ulb.se\/nb\/wp-json\/wp\/v2\/media\/6634"}],"wp:attachment":[{"href":"https:\/\/xn--arbetsdagarperr-ulb.se\/nb\/wp-json\/wp\/v2\/media?parent=6633"}],"curies":[{"name":"wp","href":"https:\/\/api.w.org\/{rel}","templated":true}]}}