{"id":6713,"date":"2025-01-25T11:01:52","date_gmt":"2025-01-25T10:01:52","guid":{"rendered":"https:\/\/xn--arbetsdagarperr-ulb.se\/?page_id=6713"},"modified":"2025-01-25T11:41:28","modified_gmt":"2025-01-25T10:41:28","slug":"december-2025","status":"publish","type":"page","link":"https:\/\/xn--arbetsdagarperr-ulb.se\/is\/desember-2025\/","title":{"rendered":"desember 2025"},"content":{"rendered":"<h1><strong>Vinnut\u00edmi og stefna fyrir desember 2025<\/strong><\/h1>\n<p>\u00cd desember 2025 ertu me\u00f0 samtals <strong>22 virkir dagar<\/strong> (176 vinnustundir) allan m\u00e1nu\u00f0inn mi\u00f0a\u00f0 vi\u00f0 8 t\u00edma vinnudag a\u00f0 teknu tilliti til helgar. \u00cd desember eru 2 rau\u00f0ir dagar sem gefa m\u00f6guleika \u00e1 extra langt leyfi.<\/p>\n<p><strong>Dreifing vinnudaga \u00e1 viku:<\/strong><\/p>\n<ul>\n<li><strong>Vika 48:<\/strong> 5 virkir dagar (40 klst.)<\/li>\n<li><strong>Vika 49:<\/strong> 5 virkir dagar (40 klst.)<\/li>\n<li><strong>Vika 50:<\/strong> 5 virkir dagar (40 klst.)<\/li>\n<li><strong>Vika 51:<\/strong> 5 virkir dagar (40 klst.)<\/li>\n<li><strong>Vika 52:<\/strong> 3 virkir dagar (24 klst.) (j\u00f3ladagur, j\u00f3ladagur)<\/li>\n<li><strong>Vika 1:<\/strong>\u00a0 \u00a03 virkir dagar (24 klst.)<\/li>\n<\/ul>\n<h6><strong>Rau\u00f0ir dagar og helgar \u00ed desember 2025:<\/strong><\/h6>\n<ol>\n<li><strong>J\u00f3ladagur:<\/strong> 25. desember (fimmtudagur)<\/li>\n<li><strong>Annar j\u00f3ladagur:<\/strong> 26. desember (f\u00f6studagur)<\/li>\n<\/ol>\n<p><strong>Stefna til a\u00f0 h\u00e1marka fr\u00ed:<\/strong><\/p>\n<p><strong>Tillaga 1: Taktu \u00fe\u00e9r fr\u00ed \u00ed kringum j\u00f3lafr\u00edi\u00f0 \u00ed langt fr\u00ed<\/strong><\/p>\n<ul>\n<li><strong>Vika 1:<\/strong> Taktu \u00fe\u00e9r fr\u00ed 29.-31. desember, 2. jan\u00faar (2026) (m\u00e1nudag til mi\u00f0vikudag og f\u00f6studag)\n<ul>\n<li><strong>\u00c1hrif:<\/strong> \u00de\u00fa f\u00e6r\u00f0 langt fr\u00ed fr\u00e1 fimmtudeginum 25. desember til sunnudagsins 3. jan\u00faar sem gefur \u00fe\u00e9r 10 daga samfellt fr\u00ed \u00ed a\u00f0eins 4 orlofsdaga.<\/li>\n<\/ul>\n<\/li>\n<\/ul>\n<p><strong>Samantekt:<br \/>\n<\/strong>Til a\u00f0 skapa langt fr\u00ed \u00ed kringum j\u00f3lafr\u00edi\u00f0 2025 er m\u00e6lt me\u00f0 \u00fev\u00ed a\u00f0 \u00fe\u00fa takir \u00fe\u00e9r fr\u00ed fr\u00e1 29.-31. desember (m\u00e1nudagur til mi\u00f0vikudags) \u00ed viku 1 (2026). Me\u00f0 \u00fev\u00ed a\u00f0 nota a\u00f0eins 4 orlofsdaga f\u00e6r\u00f0u langt fr\u00ed fr\u00e1 fimmtudeginum 25. desember til sunnudagsins 3. jan\u00faar sem gefur \u00fe\u00e9r 10 daga samfellt fr\u00ed. \u00deetta gefur \u00fe\u00e9r n\u00e6gan t\u00edma til a\u00f0 jafna \u00feig og nj\u00f3ta h\u00e1t\u00ed\u00f0anna me\u00f0 aukafr\u00edi.<strong><br \/>\n<\/strong><\/p>\n<p>&nbsp;<\/p>","protected":false},"excerpt":{"rendered":"<p>Arbetstimmar och strategi f\u00f6r december 2025 I december 2025 har man totalt 22 arbetsdagar (176 arbetstimmar) under hela m\u00e5naden, baserat p\u00e5 en arbetsdag p\u00e5 8 timmar och med h\u00e4nsyn till helger. I december finns det 2 r\u00f6da dagar som ger m\u00f6jligheten till extra l\u00e5ngledighet. F\u00f6rdelning av arbetsdagar per vecka: Vecka 48: 5 arbetsdagar (40 timmar) &hellip;<\/p>\n<p class=\"read-more\"> <a class=\"\" href=\"https:\/\/xn--arbetsdagarperr-ulb.se\/is\/desember-2025\/\"> <span class=\"screen-reader-text\">desember 2025<\/span> Lestu meira &quot;<\/a><\/p>","protected":false},"author":1,"featured_media":0,"parent":0,"menu_order":0,"comment_status":"closed","ping_status":"closed","template":"","meta":{"site-sidebar-layout":"default","site-content-layout":"default","ast-main-header-display":"","ast-hfb-above-header-display":"","ast-hfb-below-header-display":"","ast-hfb-mobile-header-display":"","site-post-title":"","ast-breadcrumbs-content":"","ast-featured-img":"","footer-sml-layout":"","theme-transparent-header-meta":"default","adv-header-id-meta":"","stick-header-meta":"","header-above-stick-meta":"","header-main-stick-meta":"","header-below-stick-meta":"","footnotes":""},"class_list":["post-6713","page","type-page","status-publish","hentry"],"_links":{"self":[{"href":"https:\/\/xn--arbetsdagarperr-ulb.se\/is\/wp-json\/wp\/v2\/pages\/6713","targetHints":{"allow":["GET"]}}],"collection":[{"href":"https:\/\/xn--arbetsdagarperr-ulb.se\/is\/wp-json\/wp\/v2\/pages"}],"about":[{"href":"https:\/\/xn--arbetsdagarperr-ulb.se\/is\/wp-json\/wp\/v2\/types\/page"}],"author":[{"embeddable":true,"href":"https:\/\/xn--arbetsdagarperr-ulb.se\/is\/wp-json\/wp\/v2\/users\/1"}],"replies":[{"embeddable":true,"href":"https:\/\/xn--arbetsdagarperr-ulb.se\/is\/wp-json\/wp\/v2\/comments?post=6713"}],"version-history":[{"count":5,"href":"https:\/\/xn--arbetsdagarperr-ulb.se\/is\/wp-json\/wp\/v2\/pages\/6713\/revisions"}],"predecessor-version":[{"id":6761,"href":"https:\/\/xn--arbetsdagarperr-ulb.se\/is\/wp-json\/wp\/v2\/pages\/6713\/revisions\/6761"}],"wp:attachment":[{"href":"https:\/\/xn--arbetsdagarperr-ulb.se\/is\/wp-json\/wp\/v2\/media?parent=6713"}],"curies":[{"name":"wp","href":"https:\/\/api.w.org\/{rel}","templated":true}]}}