{"id":6705,"date":"2025-01-25T09:50:41","date_gmt":"2025-01-25T08:50:41","guid":{"rendered":"https:\/\/xn--arbetsdagarperr-ulb.se\/?page_id=6705"},"modified":"2025-01-25T11:40:30","modified_gmt":"2025-01-25T10:40:30","slug":"november-2025","status":"publish","type":"page","link":"https:\/\/xn--arbetsdagarperr-ulb.se\/is\/november-2025\/","title":{"rendered":"n\u00f3vember 2025"},"content":{"rendered":"<h1><strong>Vinnut\u00edmi og stefna fyrir n\u00f3vember 2025<\/strong><\/h1>\n<p>\u00cd n\u00f3vember 2025 ertu me\u00f0 samtals <strong>21 virkur dagur<\/strong> (<strong>168 vinnustundir<\/strong>) allan m\u00e1nu\u00f0inn mi\u00f0a\u00f0 vi\u00f0 8 t\u00edma vinnudag a\u00f0 teknu tilliti til helgar. \u00cd n\u00f3vember er 1 rau\u00f0ur dagur..<\/p>\n<p>Dreifing vinnudaga \u00e1 viku:<\/p>\n<ul>\n<li><strong>Vika 45:<\/strong> 5 virkir dagar (40 klst.)<\/li>\n<li><strong>Vika 46:<\/strong> 5 virkir dagar (40 klst.)<\/li>\n<li><strong>Vika 47:<\/strong> 5 virkir dagar (40 klst.)<\/li>\n<li><strong>Vika 48:<\/strong> 5 virkir dagar (40 klst.)<\/li>\n<\/ul>\n<h6><strong>Rau\u00f0ir dagar og helgar \u00ed n\u00f3vember 2025:<\/strong><\/h6>\n<ol>\n<li><strong>Allra heilagra dagur:<\/strong> 1. n\u00f3vember (laugardagur)<\/li>\n<\/ol>\n<p>Stefna til a\u00f0 h\u00e1marka fr\u00ed:<\/p>\n<p>Tillaga 1: Taktu \u00fe\u00e9r fr\u00ed fyrir allra heilagra dag \u00ed langt fr\u00ed.<\/p>\n<ul>\n<li><strong>Vika 44:<\/strong> Taktu fr\u00e1 3.\u20137. n\u00f3vember (m\u00e1nudag til f\u00f6studags).\n<ul>\n<li><strong>\u00c1hrif:<\/strong> \u00de\u00fa f\u00e6r\u00f0 langt leyfi fr\u00e1 laugardegi 1. n\u00f3vember til sunnudags 9. n\u00f3vember sem gefur \u00fe\u00e9r 9 daga samfellt fr\u00ed \u00ed a\u00f0eins 5 orlofsdaga.<\/li>\n<\/ul>\n<\/li>\n<\/ul>\n<p><strong>Samantekt:<\/strong><br \/>\nMe\u00f0 \u00fev\u00ed a\u00f0 nota orlofsdaga markvisst getur\u00f0u noti\u00f0 langra helgar og lengri bata.<\/p>","protected":false},"excerpt":{"rendered":"<p>Arbetstimmar och strategi f\u00f6r november 2025 I november 2025 har man totalt 21 arbetsdagar (168 arbetstimmar) under hela m\u00e5naden, baserat p\u00e5 en arbetsdag p\u00e5 8 timmar och med h\u00e4nsyn till helger. I november finns det 1 r\u00f6d dag.. F\u00f6rdelning av arbetsdagar per vecka: Vecka 45: 5 arbetsdagar (40 timmar) Vecka 46: 5 arbetsdagar (40 timmar) &hellip;<\/p>\n<p class=\"read-more\"> <a class=\"\" href=\"https:\/\/xn--arbetsdagarperr-ulb.se\/is\/november-2025\/\"> <span class=\"screen-reader-text\">n\u00f3vember 2025<\/span> Lestu meira &quot;<\/a><\/p>","protected":false},"author":1,"featured_media":0,"parent":0,"menu_order":0,"comment_status":"closed","ping_status":"closed","template":"","meta":{"site-sidebar-layout":"default","site-content-layout":"default","ast-main-header-display":"","ast-hfb-above-header-display":"","ast-hfb-below-header-display":"","ast-hfb-mobile-header-display":"","site-post-title":"","ast-breadcrumbs-content":"","ast-featured-img":"","footer-sml-layout":"","theme-transparent-header-meta":"default","adv-header-id-meta":"","stick-header-meta":"","header-above-stick-meta":"","header-main-stick-meta":"","header-below-stick-meta":"","footnotes":""},"class_list":["post-6705","page","type-page","status-publish","hentry"],"_links":{"self":[{"href":"https:\/\/xn--arbetsdagarperr-ulb.se\/is\/wp-json\/wp\/v2\/pages\/6705","targetHints":{"allow":["GET"]}}],"collection":[{"href":"https:\/\/xn--arbetsdagarperr-ulb.se\/is\/wp-json\/wp\/v2\/pages"}],"about":[{"href":"https:\/\/xn--arbetsdagarperr-ulb.se\/is\/wp-json\/wp\/v2\/types\/page"}],"author":[{"embeddable":true,"href":"https:\/\/xn--arbetsdagarperr-ulb.se\/is\/wp-json\/wp\/v2\/users\/1"}],"replies":[{"embeddable":true,"href":"https:\/\/xn--arbetsdagarperr-ulb.se\/is\/wp-json\/wp\/v2\/comments?post=6705"}],"version-history":[{"count":10,"href":"https:\/\/xn--arbetsdagarperr-ulb.se\/is\/wp-json\/wp\/v2\/pages\/6705\/revisions"}],"predecessor-version":[{"id":6760,"href":"https:\/\/xn--arbetsdagarperr-ulb.se\/is\/wp-json\/wp\/v2\/pages\/6705\/revisions\/6760"}],"wp:attachment":[{"href":"https:\/\/xn--arbetsdagarperr-ulb.se\/is\/wp-json\/wp\/v2\/media?parent=6705"}],"curies":[{"name":"wp","href":"https:\/\/api.w.org\/{rel}","templated":true}]}}