{"id":6702,"date":"2025-01-25T09:48:56","date_gmt":"2025-01-25T08:48:56","guid":{"rendered":"https:\/\/xn--arbetsdagarperr-ulb.se\/?page_id=6702"},"modified":"2025-01-25T11:38:08","modified_gmt":"2025-01-25T10:38:08","slug":"oktober-2025","status":"publish","type":"page","link":"https:\/\/xn--arbetsdagarperr-ulb.se\/is\/oktober-2025\/","title":{"rendered":"okt\u00f3ber 2025"},"content":{"rendered":"<h1><strong>Vinnut\u00edmi og stefna fyrir okt\u00f3ber 2025<\/strong><\/h1>\n<p>\u00cd okt\u00f3ber 2025 ertu me\u00f0 samtals <strong>22 virkir dagar<\/strong> (176 vinnustundir) allan m\u00e1nu\u00f0inn mi\u00f0a\u00f0 vi\u00f0 8 t\u00edma vinnudag a\u00f0 teknu tilliti til helgar. \u00cd okt\u00f3ber eru engir rau\u00f0ir dagar, sem \u00fe\u00fd\u00f0ir a\u00f0 allir fr\u00eddagar vikunnar eru virkir dagar.<\/p>\n<p><strong>Dreifing vinnudaga \u00e1 viku:<\/strong><\/p>\n<ul>\n<li><strong>Vika 40:<\/strong> 3 virkir dagar (24 klst.)<\/li>\n<li><strong>Vika 41:<\/strong> 5 virkir dagar (40 klst.)<\/li>\n<li><strong>Vika 42:<\/strong> 5 virkir dagar (40 klst.)<\/li>\n<li><strong>Vika 43:<\/strong> 5 virkir dagar (40 klst.)<\/li>\n<li><strong>Vika 44:<\/strong> 5 virkir dagar (40 klst.)<\/li>\n<\/ul>\n<p>\u00dear sem okt\u00f3ber 2025 hefur enga rau\u00f0a daga er \u00fea\u00f0 m\u00e1nu\u00f0ur me\u00f0 fullt vinnu\u00e1lag. Ef \u00fe\u00fa vilt h\u00e1marka fr\u00edi\u00f0 \u00feitt \u00e1 \u00feessu t\u00edmabili getur\u00f0u skipulagt langar helgar me\u00f0 \u00fev\u00ed a\u00f0 nota fr\u00eddaga.<\/p>\n<h6><strong>Rau\u00f0ir dagar og helgar \u00ed okt\u00f3ber 2025:<\/strong><\/h6>\n<ul>\n<li><strong>Vika 44:<\/strong> Taktu \u00fe\u00e9r fr\u00ed <strong>30. okt\u00f3ber<\/strong> (f\u00f6studagur).\n<ul>\n<li><strong>\u00c1hrif:<\/strong> \u00de\u00fa f\u00e6r\u00f0 langa helgi fr\u00e1 f\u00f6studeginum 31. okt\u00f3ber til sunnudagsins 2. n\u00f3vember.<\/li>\n<\/ul>\n<\/li>\n<\/ul>\n<p><strong>Samantekt:<\/strong><\/p>\n<p>Heildarvinnut\u00edmi: 176 klst. R\u00e1\u00f0lag\u00f0ir orlofsdagar fyrir h\u00e1marksorlof: 4 dagar. Ni\u00f0urst\u00f6\u00f0ur: Me\u00f0 \u00fev\u00ed a\u00f0 nota orlofsdaga markvisst getur\u00f0u noti\u00f0 langra helgar og lengri bata.<\/p>","protected":false},"excerpt":{"rendered":"<p>Arbetstimmar och strategi f\u00f6r oktober 2025 I oktober 2025 har man totalt 22 arbetsdagar (176 arbetstimmar) under hela m\u00e5naden, baserat p\u00e5 en arbetsdag p\u00e5 8 timmar och med h\u00e4nsyn till helger. Oktober har inga r\u00f6da dagar, vilket inneb\u00e4r att alla helgfria veckodagar \u00e4r arbetsdagar. F\u00f6rdelning av arbetsdagar per vecka: Vecka 40: 3 arbetsdagar (24 timmar) &hellip;<\/p>\n<p class=\"read-more\"> <a class=\"\" href=\"https:\/\/xn--arbetsdagarperr-ulb.se\/is\/oktober-2025\/\"> <span class=\"screen-reader-text\">okt\u00f3ber 2025<\/span> Lestu meira &quot;<\/a><\/p>","protected":false},"author":1,"featured_media":0,"parent":0,"menu_order":0,"comment_status":"closed","ping_status":"closed","template":"","meta":{"site-sidebar-layout":"default","site-content-layout":"default","ast-main-header-display":"","ast-hfb-above-header-display":"","ast-hfb-below-header-display":"","ast-hfb-mobile-header-display":"","site-post-title":"","ast-breadcrumbs-content":"","ast-featured-img":"","footer-sml-layout":"","theme-transparent-header-meta":"default","adv-header-id-meta":"","stick-header-meta":"","header-above-stick-meta":"","header-main-stick-meta":"","header-below-stick-meta":"","footnotes":""},"class_list":["post-6702","page","type-page","status-publish","hentry"],"_links":{"self":[{"href":"https:\/\/xn--arbetsdagarperr-ulb.se\/is\/wp-json\/wp\/v2\/pages\/6702","targetHints":{"allow":["GET"]}}],"collection":[{"href":"https:\/\/xn--arbetsdagarperr-ulb.se\/is\/wp-json\/wp\/v2\/pages"}],"about":[{"href":"https:\/\/xn--arbetsdagarperr-ulb.se\/is\/wp-json\/wp\/v2\/types\/page"}],"author":[{"embeddable":true,"href":"https:\/\/xn--arbetsdagarperr-ulb.se\/is\/wp-json\/wp\/v2\/users\/1"}],"replies":[{"embeddable":true,"href":"https:\/\/xn--arbetsdagarperr-ulb.se\/is\/wp-json\/wp\/v2\/comments?post=6702"}],"version-history":[{"count":3,"href":"https:\/\/xn--arbetsdagarperr-ulb.se\/is\/wp-json\/wp\/v2\/pages\/6702\/revisions"}],"predecessor-version":[{"id":6758,"href":"https:\/\/xn--arbetsdagarperr-ulb.se\/is\/wp-json\/wp\/v2\/pages\/6702\/revisions\/6758"}],"wp:attachment":[{"href":"https:\/\/xn--arbetsdagarperr-ulb.se\/is\/wp-json\/wp\/v2\/media?parent=6702"}],"curies":[{"name":"wp","href":"https:\/\/api.w.org\/{rel}","templated":true}]}}