{"id":6698,"date":"2025-01-25T09:32:09","date_gmt":"2025-01-25T08:32:09","guid":{"rendered":"https:\/\/xn--arbetsdagarperr-ulb.se\/?page_id=6698"},"modified":"2025-01-25T11:30:57","modified_gmt":"2025-01-25T10:30:57","slug":"september-2025","status":"publish","type":"page","link":"https:\/\/xn--arbetsdagarperr-ulb.se\/is\/september-2025\/","title":{"rendered":"september 2025"},"content":{"rendered":"<h1><strong>Vinnut\u00edmi og stefna fyrir september 2025<\/strong><\/h1>\n<p>\u00cd september 2025 hefur \u00fe\u00fa samtals <strong>22 virkir dagar (176 vinnustundir)<\/strong> allan m\u00e1nu\u00f0inn mi\u00f0a\u00f0 vi\u00f0 8 t\u00edma vinnudag a\u00f0 teknu tilliti til helgar. \u00dear sem engir rau\u00f0ir dagar eru \u00ed september er h\u00e6gt a\u00f0 nota orlofsdaga til a\u00f0 b\u00faa til lengri fr\u00eddaga.<\/p>\n<h3>Dreifing vinnudaga \u00e1 viku:<\/h3>\n<ul>\n<li><strong>Vika 36:<\/strong> 5 virkir dagar (40 klst.)<\/li>\n<li><strong>Vika 37:<\/strong> 5 virkir dagar (40 klst.)<\/li>\n<li><strong>Vika 38:<\/strong> 5 virkir dagar (40 klst.)<\/li>\n<li><strong>Vika 39:<\/strong> 5 virkir dagar (40 klst.)<\/li>\n<li><strong>Vika 40:<\/strong> 2 virkir dagar (16 klst.)<\/li>\n<\/ul>\n<h6><strong>Rau\u00f0ir dagar og helgar \u00ed september 2025:<\/strong><\/h6>\n<p><strong>Tillaga 1: Taktu \u00fe\u00e9r fr\u00ed \u00ed lok m\u00e1na\u00f0arins \u00ed langt fr\u00ed<\/strong><\/p>\n<ul>\n<li><strong>Vika 40:<\/strong> Taktu fr\u00ed fr\u00e1 29.-30. september (m\u00e1nudag til \u00feri\u00f0judags).\n<ul>\n<li><strong>\u00c1hrif:<\/strong> \u00de\u00fa f\u00e6r\u00f0 langt leyfi fr\u00e1 laugardegi 27. september til sunnudags 5. okt\u00f3ber sem gefur \u00fe\u00e9r 9 daga samfellt fr\u00ed \u00ed a\u00f0eins 2 orlofsdaga.<\/li>\n<\/ul>\n<\/li>\n<\/ul>\n<p><strong>Samantekt:<br \/>\n<\/strong><br \/>\nTil a\u00f0 f\u00e1 langt samfellt leyfi \u00ed september 2025 getur\u00f0u teki\u00f0 fr\u00ed fr\u00e1 29.-30. september (m\u00e1nudagur til \u00feri\u00f0judags) \u00ed viku 40. Me\u00f0 \u00fev\u00ed a\u00f0 nota a\u00f0eins 2 orlofsdaga f\u00e6r\u00f0u langt leyfi fr\u00e1 laugardegi 27. september til sunnudags 5. okt\u00f3ber. , sem gefur \u00fe\u00e9r 9 daga samfellt fr\u00ed. \u00deetta gefur \u00fe\u00e9r t\u00e6kif\u00e6ri til a\u00f0 slaka \u00e1 og jafna \u00feig \u00ed lengri t\u00edma.<\/p>\n<p>&nbsp;<\/p>","protected":false},"excerpt":{"rendered":"<p>Arbetstimmar och strategi f\u00f6r september 2025 I september 2025 har man totalt 22 arbetsdagar (176 arbetstimmar) under hela m\u00e5naden, baserat p\u00e5 en arbetsdag p\u00e5 8 timmar och med h\u00e4nsyn till helger. Eftersom det inte finns n\u00e5gra r\u00f6da dagar i september, kan man anv\u00e4nda semesterdagar f\u00f6r att skapa l\u00e4ngre ledigheter. F\u00f6rdelning av arbetsdagar per vecka: Vecka &hellip;<\/p>\n<p class=\"read-more\"> <a class=\"\" href=\"https:\/\/xn--arbetsdagarperr-ulb.se\/is\/september-2025\/\"> <span class=\"screen-reader-text\">september 2025<\/span> Lestu meira &quot;<\/a><\/p>","protected":false},"author":1,"featured_media":0,"parent":0,"menu_order":0,"comment_status":"closed","ping_status":"closed","template":"","meta":{"site-sidebar-layout":"default","site-content-layout":"default","ast-main-header-display":"","ast-hfb-above-header-display":"","ast-hfb-below-header-display":"","ast-hfb-mobile-header-display":"","site-post-title":"","ast-breadcrumbs-content":"","ast-featured-img":"","footer-sml-layout":"","theme-transparent-header-meta":"default","adv-header-id-meta":"","stick-header-meta":"","header-above-stick-meta":"","header-main-stick-meta":"","header-below-stick-meta":"","footnotes":""},"class_list":["post-6698","page","type-page","status-publish","hentry"],"_links":{"self":[{"href":"https:\/\/xn--arbetsdagarperr-ulb.se\/is\/wp-json\/wp\/v2\/pages\/6698","targetHints":{"allow":["GET"]}}],"collection":[{"href":"https:\/\/xn--arbetsdagarperr-ulb.se\/is\/wp-json\/wp\/v2\/pages"}],"about":[{"href":"https:\/\/xn--arbetsdagarperr-ulb.se\/is\/wp-json\/wp\/v2\/types\/page"}],"author":[{"embeddable":true,"href":"https:\/\/xn--arbetsdagarperr-ulb.se\/is\/wp-json\/wp\/v2\/users\/1"}],"replies":[{"embeddable":true,"href":"https:\/\/xn--arbetsdagarperr-ulb.se\/is\/wp-json\/wp\/v2\/comments?post=6698"}],"version-history":[{"count":5,"href":"https:\/\/xn--arbetsdagarperr-ulb.se\/is\/wp-json\/wp\/v2\/pages\/6698\/revisions"}],"predecessor-version":[{"id":6752,"href":"https:\/\/xn--arbetsdagarperr-ulb.se\/is\/wp-json\/wp\/v2\/pages\/6698\/revisions\/6752"}],"wp:attachment":[{"href":"https:\/\/xn--arbetsdagarperr-ulb.se\/is\/wp-json\/wp\/v2\/media?parent=6698"}],"curies":[{"name":"wp","href":"https:\/\/api.w.org\/{rel}","templated":true}]}}