{"id":6696,"date":"2025-01-23T15:25:46","date_gmt":"2025-01-23T14:25:46","guid":{"rendered":"https:\/\/xn--arbetsdagarperr-ulb.se\/?page_id=6696"},"modified":"2025-01-25T11:29:55","modified_gmt":"2025-01-25T10:29:55","slug":"augusti-2025","status":"publish","type":"page","link":"https:\/\/xn--arbetsdagarperr-ulb.se\/is\/agust-2025\/","title":{"rendered":"\u00e1g\u00fast 2025"},"content":{"rendered":"<h1><strong>Vinnut\u00edmi og stefna fyrir \u00e1g\u00fast 2025<\/strong><\/h1>\n<p>\u00cd \u00e1g\u00fast 2025 hefur \u00fe\u00fa samtals <strong>22 virkir dagar<\/strong> (176 vinnustundir) allan m\u00e1nu\u00f0inn mi\u00f0a\u00f0 vi\u00f0 8 t\u00edma vinnudag a\u00f0 teknu tilliti til helgar. \u00dear sem engir rau\u00f0ir dagar eru \u00ed \u00e1g\u00fast er h\u00e6gt a\u00f0 skipuleggja lengri fr\u00eddaga me\u00f0 \u00fev\u00ed a\u00f0 nota orlofsdaga.<\/p>\n<h3>Dreifing vinnudaga \u00e1 viku:<\/h3>\n<ul>\n<li><strong>Vika 31:<\/strong> 1 virkur dagur (8 klst.)<\/li>\n<li><strong>Vika 32:<\/strong> 5 virkir dagar (40 klst.)<\/li>\n<li><strong>Vika 33:<\/strong> 5 virkir dagar (40 klst.)<\/li>\n<li><strong>Vika 34:<\/strong> 5 virkir dagar (40 klst.)<\/li>\n<li><strong>Vika 35:<\/strong> 5 virkir dagar (40 klst.)<\/li>\n<\/ul>\n<p><strong>Rau\u00f0ir dagar og helgar \u00ed \u00e1g\u00fast 2025:<\/strong><\/p>\n<p>Tillaga 1: Taktu \u00fe\u00e9r fr\u00ed til a\u00f0 f\u00e1 langt leyfi \u00ed lok m\u00e1na\u00f0arins<\/p>\n<ul>\n<li><strong>Vika 35:<\/strong> Taktu fr\u00ed fr\u00e1 25.\u201329. \u00e1g\u00fast (m\u00e1nudag til f\u00f6studags).\n<ul>\n<li>\u00c1hrif: \u00de\u00fa f\u00e6r\u00f0 langt leyfi fr\u00e1 laugardegi 23. \u00e1g\u00fast til sunnudags 31. \u00e1g\u00fast, sem gefur \u00fe\u00e9r 9 daga samfellt fr\u00ed \u00ed a\u00f0eins 4 fr\u00eddaga.<\/li>\n<\/ul>\n<\/li>\n<\/ul>\n<p><strong>Samantekt:<\/strong><\/p>\n<p>Fyrir h\u00e1marksorlof \u00ed \u00e1g\u00fast 2025 er m\u00e6lt me\u00f0 \u00fev\u00ed a\u00f0 nota 4 orlofsdaga. Me\u00f0 \u00fev\u00ed a\u00f0 skipuleggja fr\u00eddaga \u00fe\u00edna \u00e1 beittan h\u00e1tt getur\u00f0u b\u00fai\u00f0 til lengri batat\u00edmabil, sem gerir \u00fe\u00e9r kleift a\u00f0 nj\u00f3ta st\u00f6\u00f0ugri fr\u00edt\u00edma og jafna \u00feig almennilega fyrir hausti\u00f0.<\/p>","protected":false},"excerpt":{"rendered":"<p>Arbetstimmar och strategi f\u00f6r augusti 2025 I augusti 2025 har man totalt 22 arbetsdagar (176 arbetstimmar) under hela m\u00e5naden, baserat p\u00e5 en arbetsdag p\u00e5 8 timmar och med h\u00e4nsyn till helger. Eftersom det inte finns n\u00e5gra r\u00f6da dagar i augusti, \u00e4r det m\u00f6jligt att planera l\u00e4ngre ledigheter genom att anv\u00e4nda semesterdagar. F\u00f6rdelning av arbetsdagar per &hellip;<\/p>\n<p class=\"read-more\"> <a class=\"\" href=\"https:\/\/xn--arbetsdagarperr-ulb.se\/is\/agust-2025\/\"> <span class=\"screen-reader-text\">\u00e1g\u00fast 2025<\/span> Lestu meira &quot;<\/a><\/p>","protected":false},"author":1,"featured_media":0,"parent":0,"menu_order":0,"comment_status":"closed","ping_status":"closed","template":"","meta":{"site-sidebar-layout":"default","site-content-layout":"default","ast-main-header-display":"","ast-hfb-above-header-display":"","ast-hfb-below-header-display":"","ast-hfb-mobile-header-display":"","site-post-title":"","ast-breadcrumbs-content":"","ast-featured-img":"","footer-sml-layout":"","theme-transparent-header-meta":"default","adv-header-id-meta":"","stick-header-meta":"","header-above-stick-meta":"","header-main-stick-meta":"","header-below-stick-meta":"","footnotes":""},"class_list":["post-6696","page","type-page","status-publish","hentry"],"_links":{"self":[{"href":"https:\/\/xn--arbetsdagarperr-ulb.se\/is\/wp-json\/wp\/v2\/pages\/6696","targetHints":{"allow":["GET"]}}],"collection":[{"href":"https:\/\/xn--arbetsdagarperr-ulb.se\/is\/wp-json\/wp\/v2\/pages"}],"about":[{"href":"https:\/\/xn--arbetsdagarperr-ulb.se\/is\/wp-json\/wp\/v2\/types\/page"}],"author":[{"embeddable":true,"href":"https:\/\/xn--arbetsdagarperr-ulb.se\/is\/wp-json\/wp\/v2\/users\/1"}],"replies":[{"embeddable":true,"href":"https:\/\/xn--arbetsdagarperr-ulb.se\/is\/wp-json\/wp\/v2\/comments?post=6696"}],"version-history":[{"count":4,"href":"https:\/\/xn--arbetsdagarperr-ulb.se\/is\/wp-json\/wp\/v2\/pages\/6696\/revisions"}],"predecessor-version":[{"id":6751,"href":"https:\/\/xn--arbetsdagarperr-ulb.se\/is\/wp-json\/wp\/v2\/pages\/6696\/revisions\/6751"}],"wp:attachment":[{"href":"https:\/\/xn--arbetsdagarperr-ulb.se\/is\/wp-json\/wp\/v2\/media?parent=6696"}],"curies":[{"name":"wp","href":"https:\/\/api.w.org\/{rel}","templated":true}]}}