{"id":6691,"date":"2025-01-23T14:38:41","date_gmt":"2025-01-23T13:38:41","guid":{"rendered":"https:\/\/xn--arbetsdagarperr-ulb.se\/?page_id=6691"},"modified":"2025-01-25T11:29:01","modified_gmt":"2025-01-25T10:29:01","slug":"juli-2025","status":"publish","type":"page","link":"https:\/\/xn--arbetsdagarperr-ulb.se\/is\/juli-2025\/","title":{"rendered":"j\u00fal\u00ed 2025"},"content":{"rendered":"<h1><strong>Vinnut\u00edmi og stefna fyrir j\u00fal\u00ed 2025<\/strong><\/h1>\n<p>\u00cd j\u00fal\u00ed 2025 hefur\u00f0u samtals <strong>23 virkir dagar<\/strong> (<strong>184 vinnustundir<\/strong>) allan m\u00e1nu\u00f0inn mi\u00f0a\u00f0 vi\u00f0 8 t\u00edma vinnudag a\u00f0 teknu tilliti til helgar. \u00dear sem engir rau\u00f0ir dagar eru \u00ed j\u00fal\u00ed er h\u00e6gt a\u00f0 skipuleggja lengri fr\u00eddaga me\u00f0 \u00fev\u00ed a\u00f0 nota orlofsdaga.<\/p>\n<p><strong>Dreifing vinnudaga \u00e1 viku:<\/strong><\/p>\n<ul>\n<li><strong>Vika 27:<\/strong> 4 virkir dagar (32 klst.)<\/li>\n<li><strong>Vika 28:<\/strong> 5 virkir dagar (40 klst.)<\/li>\n<li><strong>Vika 29:<\/strong> 5 virkir dagar (40 klst.)<\/li>\n<li><strong>Vika 30:<\/strong> 5 virkir dagar (40 klst.)<\/li>\n<li><strong>Vika 31:<\/strong> 4 virkir dagar (32 klst.)<\/li>\n<\/ul>\n<p><strong>Rau\u00f0ir dagar og helgar \u00ed j\u00fal\u00ed 2025:<\/strong><\/p>\n<p>Tillaga 1: Taktu \u00fe\u00e9r fr\u00ed \u00ed lok m\u00e1na\u00f0arins<\/p>\n<ul>\n<li>Vika 31: Taktu fr\u00ed fr\u00e1 28.-31. j\u00fal\u00ed (\u00feri\u00f0judaga til f\u00f6studaga).\n<ul>\n<li>\u00c1hrif: \u00de\u00fa f\u00e6r\u00f0 langt leyfi fr\u00e1 laugardegi 26. j\u00fal\u00ed til sunnudags 3. \u00e1g\u00fast, sem gefur \u00fe\u00e9r 9 daga samfellt fr\u00ed \u00ed a\u00f0eins 4 fr\u00eddaga.<\/li>\n<\/ul>\n<\/li>\n<\/ul>\n<p><strong>Samantekt:<\/strong><br \/>\nTil a\u00f0 f\u00e1 lengri samfellt leyfi \u00ed j\u00fal\u00ed 2025 er m\u00e6lt me\u00f0 \u00fev\u00ed a\u00f0 \u00fe\u00fa takir 28.-31. j\u00fal\u00ed (\u00feri\u00f0judag til f\u00f6studags) fr\u00ed \u00ed viku 31. Me\u00f0 \u00fev\u00ed f\u00e6r\u00f0u langt leyfi fr\u00e1 laugardegi 26. j\u00fal\u00ed til sunnudags 3. \u00e1g\u00fast. , sem gefur \u00fe\u00e9r samtals 9 daga fr\u00ed \u00ed a\u00f0eins 4 orlofsdaga. \u00deetta er fr\u00e1b\u00e6r lei\u00f0 til a\u00f0 nj\u00f3ta lengri bata \u00e1n \u00feess a\u00f0 nota of marga fr\u00eddaga.<strong><br \/>\n<\/strong><\/p>\n<p>&nbsp;<\/p>","protected":false},"excerpt":{"rendered":"<p>Arbetstimmar och strategi f\u00f6r juli 2025 I juli 2025 har man totalt 23 arbetsdagar (184 arbetstimmar) under hela m\u00e5naden, baserat p\u00e5 en arbetsdag p\u00e5 8 timmar och med h\u00e4nsyn till helger. Eftersom det inte finns n\u00e5gra r\u00f6da dagar i juli, \u00e4r det m\u00f6jligt att planera l\u00e4ngre ledigheter genom att anv\u00e4nda semesterdagar. F\u00f6rdelning av arbetsdagar per &hellip;<\/p>\n<p class=\"read-more\"> <a class=\"\" href=\"https:\/\/xn--arbetsdagarperr-ulb.se\/is\/juli-2025\/\"> <span class=\"screen-reader-text\">j\u00fal\u00ed 2025<\/span> Lestu meira &quot;<\/a><\/p>","protected":false},"author":1,"featured_media":0,"parent":0,"menu_order":0,"comment_status":"closed","ping_status":"closed","template":"","meta":{"site-sidebar-layout":"default","site-content-layout":"default","ast-main-header-display":"","ast-hfb-above-header-display":"","ast-hfb-below-header-display":"","ast-hfb-mobile-header-display":"","site-post-title":"","ast-breadcrumbs-content":"","ast-featured-img":"","footer-sml-layout":"","theme-transparent-header-meta":"default","adv-header-id-meta":"","stick-header-meta":"","header-above-stick-meta":"","header-main-stick-meta":"","header-below-stick-meta":"","footnotes":""},"class_list":["post-6691","page","type-page","status-publish","hentry"],"_links":{"self":[{"href":"https:\/\/xn--arbetsdagarperr-ulb.se\/is\/wp-json\/wp\/v2\/pages\/6691","targetHints":{"allow":["GET"]}}],"collection":[{"href":"https:\/\/xn--arbetsdagarperr-ulb.se\/is\/wp-json\/wp\/v2\/pages"}],"about":[{"href":"https:\/\/xn--arbetsdagarperr-ulb.se\/is\/wp-json\/wp\/v2\/types\/page"}],"author":[{"embeddable":true,"href":"https:\/\/xn--arbetsdagarperr-ulb.se\/is\/wp-json\/wp\/v2\/users\/1"}],"replies":[{"embeddable":true,"href":"https:\/\/xn--arbetsdagarperr-ulb.se\/is\/wp-json\/wp\/v2\/comments?post=6691"}],"version-history":[{"count":6,"href":"https:\/\/xn--arbetsdagarperr-ulb.se\/is\/wp-json\/wp\/v2\/pages\/6691\/revisions"}],"predecessor-version":[{"id":6750,"href":"https:\/\/xn--arbetsdagarperr-ulb.se\/is\/wp-json\/wp\/v2\/pages\/6691\/revisions\/6750"}],"wp:attachment":[{"href":"https:\/\/xn--arbetsdagarperr-ulb.se\/is\/wp-json\/wp\/v2\/media?parent=6691"}],"curies":[{"name":"wp","href":"https:\/\/api.w.org\/{rel}","templated":true}]}}