{"id":6685,"date":"2025-01-23T14:28:42","date_gmt":"2025-01-23T13:28:42","guid":{"rendered":"https:\/\/xn--arbetsdagarperr-ulb.se\/?page_id=6685"},"modified":"2025-01-25T11:27:27","modified_gmt":"2025-01-25T10:27:27","slug":"juni-2025","status":"publish","type":"page","link":"https:\/\/xn--arbetsdagarperr-ulb.se\/is\/juni-2025\/","title":{"rendered":"j\u00fan\u00ed 2025"},"content":{"rendered":"<h1><strong>Vinnut\u00edmi og stefna fyrir j\u00fan\u00ed 2025<\/strong><\/h1>\n<p>\u00cd j\u00fan\u00ed 2025 ertu me\u00f0 samtals <strong>22 virkir dagar<\/strong> (176 vinnustundir) allan m\u00e1nu\u00f0inn mi\u00f0a\u00f0 vi\u00f0 8 stunda vinnudag a\u00f0 teknu tilliti til helgar og almennra fr\u00eddaga. \u00cd j\u00fan\u00ed eru 2 rau\u00f0ir dagar, \u00fej\u00f3\u00f0h\u00e1t\u00ed\u00f0ardagur Sv\u00ed\u00fej\u00f3\u00f0ar f\u00f6studaginn 6. j\u00fan\u00ed og J\u00f3nsmessudagur laugardaginn 21. j\u00fan\u00ed.<\/p>\n<p><span style=\"font-size: 1.5em; font-weight: bold;\">Dreifing vinnudaga \u00e1 viku:<\/span><\/p>\n<ul>\n<li><strong>Vika 22:<\/strong> 5 virkir dagar (40 klst.)<\/li>\n<li><strong>Vika 23:<\/strong> 4 virkir dagar (32 klst.) (\u00fej\u00f3\u00f0h\u00e1t\u00ed\u00f0ardagur er rau\u00f0ur dagur)<\/li>\n<li><strong>Vika 24:<\/strong> 4 virkir dagar (32 klst.)<\/li>\n<li><strong>Vika 25:<\/strong> 5 virkir dagar (40 klukkustundir) (kv\u00f6ldver\u00f0ur er rau\u00f0ur dagur)<\/li>\n<li><strong>Vika 26:<\/strong> 4 virkir dagar (32 klst.)<\/li>\n<\/ul>\n<p><strong>Rau\u00f0ir dagar og helgar j\u00fan\u00ed 2025:<\/strong><\/p>\n<p>Tillaga 1: Taktu \u00fe\u00e9r fr\u00ed \u00ed vi\u00f0b\u00f3t fyrir \u00fej\u00f3\u00f0h\u00e1t\u00ed\u00f0ardag Sv\u00ed\u00fej\u00f3\u00f0ar<\/p>\n<ul>\n<li><strong>Vika 23:<\/strong> Taktu 5. j\u00fan\u00ed (fimmtudag) fr\u00e1\n<ul>\n<li><strong>\u00c1hrif:<\/strong> \u00de\u00fa f\u00e6r\u00f0 langa helgi fr\u00e1 fimmtudeginum 5. j\u00fan\u00ed til sunnudagsins 8. j\u00fan\u00ed<\/li>\n<\/ul>\n<\/li>\n<\/ul>\n<ul>\n<li style=\"list-style-type: none;\"><\/li>\n<\/ul>\n<p><strong>Samantekt:<br \/>\n<\/strong>Til a\u00f0 b\u00faa til langa helgi fyrir \u00fej\u00f3\u00f0h\u00e1t\u00ed\u00f0ardag Sv\u00ed\u00fej\u00f3\u00f0ar er m\u00e6lt me\u00f0 \u00fev\u00ed a\u00f0 \u00fe\u00fa takir \u00fe\u00e9r fr\u00ed 5. j\u00fan\u00ed (fimmtudag) \u00ed viku 23. Me\u00f0 \u00fev\u00ed a\u00f0 gera \u00feetta f\u00e6r\u00f0u langa helgi fr\u00e1 fimmtudeginum 5. j\u00fan\u00ed til sunnudagsins 8. j\u00fan\u00ed, sem gefur \u00fe\u00e9r aukat\u00edma fyrir bata \u00e1n \u00feess a\u00f0 \u00feurfa a\u00f0 taka marga orlofsdaga<strong><br \/>\n<\/strong><\/p>\n<p>&nbsp;<\/p>","protected":false},"excerpt":{"rendered":"<p>Arbetstimmar och strategi f\u00f6r juni 2025 I juni 2025 har man totalt 22 arbetsdagar (176 arbetstimmar) under hela m\u00e5naden, baserat p\u00e5 en arbetsdag p\u00e5 8 timmar och med h\u00e4nsyn till helger och r\u00f6da dagar. I juni finns det 2 r\u00f6da dagar, Sverige nationaldag fredagen den 6 juni och midsommardagen l\u00f6rdagen den 21 juni. F\u00f6rdelning av &hellip;<\/p>\n<p class=\"read-more\"> <a class=\"\" href=\"https:\/\/xn--arbetsdagarperr-ulb.se\/is\/juni-2025\/\"> <span class=\"screen-reader-text\">j\u00fan\u00ed 2025<\/span> Lestu meira &quot;<\/a><\/p>","protected":false},"author":1,"featured_media":0,"parent":0,"menu_order":0,"comment_status":"closed","ping_status":"closed","template":"","meta":{"site-sidebar-layout":"default","site-content-layout":"default","ast-main-header-display":"","ast-hfb-above-header-display":"","ast-hfb-below-header-display":"","ast-hfb-mobile-header-display":"","site-post-title":"","ast-breadcrumbs-content":"","ast-featured-img":"","footer-sml-layout":"","theme-transparent-header-meta":"default","adv-header-id-meta":"","stick-header-meta":"","header-above-stick-meta":"","header-main-stick-meta":"","header-below-stick-meta":"","footnotes":""},"class_list":["post-6685","page","type-page","status-publish","hentry"],"_links":{"self":[{"href":"https:\/\/xn--arbetsdagarperr-ulb.se\/is\/wp-json\/wp\/v2\/pages\/6685","targetHints":{"allow":["GET"]}}],"collection":[{"href":"https:\/\/xn--arbetsdagarperr-ulb.se\/is\/wp-json\/wp\/v2\/pages"}],"about":[{"href":"https:\/\/xn--arbetsdagarperr-ulb.se\/is\/wp-json\/wp\/v2\/types\/page"}],"author":[{"embeddable":true,"href":"https:\/\/xn--arbetsdagarperr-ulb.se\/is\/wp-json\/wp\/v2\/users\/1"}],"replies":[{"embeddable":true,"href":"https:\/\/xn--arbetsdagarperr-ulb.se\/is\/wp-json\/wp\/v2\/comments?post=6685"}],"version-history":[{"count":6,"href":"https:\/\/xn--arbetsdagarperr-ulb.se\/is\/wp-json\/wp\/v2\/pages\/6685\/revisions"}],"predecessor-version":[{"id":6749,"href":"https:\/\/xn--arbetsdagarperr-ulb.se\/is\/wp-json\/wp\/v2\/pages\/6685\/revisions\/6749"}],"wp:attachment":[{"href":"https:\/\/xn--arbetsdagarperr-ulb.se\/is\/wp-json\/wp\/v2\/media?parent=6685"}],"curies":[{"name":"wp","href":"https:\/\/api.w.org\/{rel}","templated":true}]}}