{"id":6678,"date":"2025-01-23T14:08:05","date_gmt":"2025-01-23T13:08:05","guid":{"rendered":"https:\/\/xn--arbetsdagarperr-ulb.se\/?page_id=6678"},"modified":"2025-01-25T11:26:30","modified_gmt":"2025-01-25T10:26:30","slug":"maj-2025","status":"publish","type":"page","link":"https:\/\/xn--arbetsdagarperr-ulb.se\/is\/mai-2025\/","title":{"rendered":"ma\u00ed 2025"},"content":{"rendered":"<h1><strong>Vinnut\u00edmi og stefna fyrir ma\u00ed 2025<\/strong><\/h1>\n<p>\u00cd ma\u00ed 2025 hefur \u00fe\u00fa samtals <strong>21 virkur dagur<\/strong> (168 vinnustundir) allan m\u00e1nu\u00f0inn mi\u00f0a\u00f0 vi\u00f0 8 stunda vinnudag a\u00f0 teknu tilliti til helgar og almennra fr\u00eddaga. \u00cd ma\u00ed eru 2 rau\u00f0ir kreistudagar sem gefa m\u00f6guleika \u00e1 tveimur l\u00f6ngum helgum. Fimmtudaginn fyrsta ma\u00ed og fimmtudaginn 29. ma\u00ed Uppstigningardagur.<\/p>\n<h6>Dreifing vinnudaga \u00e1 viku:<\/h6>\n<ul>\n<li><strong>Vika 18:<\/strong> 4 virkir dagar (32 klst.) (1. ma\u00ed er rau\u00f0ur dagur)<\/li>\n<li><strong>Vika 19:<\/strong> 5 virkir dagar (40 klst.)<\/li>\n<li><strong>Vika 20:<\/strong> 5 virkir dagar (40 klst.)<\/li>\n<li><strong>Vika 21:<\/strong> 4 virkir dagar (32 klst.) (Uppstigningardagur er rau\u00f0ur dagur)<\/li>\n<li><strong>Vika 22:<\/strong> 3 virkir dagar (24 klst.)<\/li>\n<\/ul>\n<p><strong>Rau\u00f0ir dagar og helgar \u00ed ma\u00ed 2025:<\/strong><\/p>\n<p><strong>Tillaga 1<\/strong>: Taktu fr\u00eddaginn \u00e1 milli ma\u00ed og helgar.<\/p>\n<ul>\n<li>Vika 18: Taktu 2. ma\u00ed (f\u00f6studag) fr\u00e1.\n<ul>\n<li>\u00c1hrif: \u00de\u00fa f\u00e6r\u00f0 langa helgi til a\u00f0 nj\u00f3ta.<\/li>\n<\/ul>\n<\/li>\n<\/ul>\n<p><strong>Tillaga 2<\/strong>: Taktu \u00fe\u00e9r fr\u00eddaginn \u00e1 milli uppstigningardags og laugardags.<\/p>\n<ul>\n<li>Vika 22: Taktu 30. ma\u00ed (f\u00f6studag) fr\u00e1.\n<ul>\n<li>\u00c1hrif: \u00de\u00fa f\u00e6r\u00f0 langa helgi til a\u00f0 nj\u00f3ta.<\/li>\n<\/ul>\n<\/li>\n<\/ul>\n<p><strong>Samantekt:<\/strong><\/p>\n<p>Til a\u00f0 b\u00faa til lengri orlofst\u00edma \u00ed ma\u00ed 2025 er h\u00e6gt a\u00f0 nota orlofsdaga \u00e1 kreistard\u00f6gunum. Tillaga 1 er a\u00f0 taka 2. ma\u00ed (f\u00f6studag) fr\u00e1 \u00ed viku 18, sem gefur \u00fe\u00e9r langa helgi fr\u00e1 f\u00f6studegi til sunnudags til a\u00f0 nj\u00f3ta. Tillaga 2 er a\u00f0 taka 30. ma\u00ed (f\u00f6studag) fr\u00e1 \u00ed viku 22, sem gefur \u00fe\u00e9r langa helgi fr\u00e1 f\u00f6studegi til sunnudags, fullkomi\u00f0 til a\u00f0 slaka \u00e1 og jafna \u00feig.<\/p>","protected":false},"excerpt":{"rendered":"<p>Arbetstimmar och strategi f\u00f6r maj 2025 I maj 2025 har man totalt 21 arbetsdagar (168 arbetstimmar) under hela m\u00e5naden, baserat p\u00e5 en arbetsdag p\u00e5 8 timmar och med h\u00e4nsyn till helger och r\u00f6da dagar. I maj finns det 2 r\u00f6da kl\u00e4mdagar som ger m\u00f6jligheten till tv\u00e5 l\u00e5nghelger. Torsdagen den f\u00f6rsta maj och torsdagen 29 maj &hellip;<\/p>\n<p class=\"read-more\"> <a class=\"\" href=\"https:\/\/xn--arbetsdagarperr-ulb.se\/is\/mai-2025\/\"> <span class=\"screen-reader-text\">ma\u00ed 2025<\/span> Lestu meira &quot;<\/a><\/p>","protected":false},"author":1,"featured_media":0,"parent":0,"menu_order":0,"comment_status":"closed","ping_status":"closed","template":"","meta":{"site-sidebar-layout":"default","site-content-layout":"default","ast-main-header-display":"","ast-hfb-above-header-display":"","ast-hfb-below-header-display":"","ast-hfb-mobile-header-display":"","site-post-title":"","ast-breadcrumbs-content":"","ast-featured-img":"","footer-sml-layout":"","theme-transparent-header-meta":"default","adv-header-id-meta":"","stick-header-meta":"","header-above-stick-meta":"","header-main-stick-meta":"","header-below-stick-meta":"","footnotes":""},"class_list":["post-6678","page","type-page","status-publish","hentry"],"_links":{"self":[{"href":"https:\/\/xn--arbetsdagarperr-ulb.se\/is\/wp-json\/wp\/v2\/pages\/6678","targetHints":{"allow":["GET"]}}],"collection":[{"href":"https:\/\/xn--arbetsdagarperr-ulb.se\/is\/wp-json\/wp\/v2\/pages"}],"about":[{"href":"https:\/\/xn--arbetsdagarperr-ulb.se\/is\/wp-json\/wp\/v2\/types\/page"}],"author":[{"embeddable":true,"href":"https:\/\/xn--arbetsdagarperr-ulb.se\/is\/wp-json\/wp\/v2\/users\/1"}],"replies":[{"embeddable":true,"href":"https:\/\/xn--arbetsdagarperr-ulb.se\/is\/wp-json\/wp\/v2\/comments?post=6678"}],"version-history":[{"count":6,"href":"https:\/\/xn--arbetsdagarperr-ulb.se\/is\/wp-json\/wp\/v2\/pages\/6678\/revisions"}],"predecessor-version":[{"id":6748,"href":"https:\/\/xn--arbetsdagarperr-ulb.se\/is\/wp-json\/wp\/v2\/pages\/6678\/revisions\/6748"}],"wp:attachment":[{"href":"https:\/\/xn--arbetsdagarperr-ulb.se\/is\/wp-json\/wp\/v2\/media?parent=6678"}],"curies":[{"name":"wp","href":"https:\/\/api.w.org\/{rel}","templated":true}]}}