{"id":6675,"date":"2025-01-23T13:03:56","date_gmt":"2025-01-23T12:03:56","guid":{"rendered":"https:\/\/xn--arbetsdagarperr-ulb.se\/?page_id=6675"},"modified":"2025-01-25T11:36:10","modified_gmt":"2025-01-25T10:36:10","slug":"april-2025","status":"publish","type":"page","link":"https:\/\/xn--arbetsdagarperr-ulb.se\/is\/april-2025\/","title":{"rendered":"apr\u00edl 2025"},"content":{"rendered":"<h1><strong>Vinnut\u00edmi og stefna fyrir apr\u00edl 2025<\/strong><\/h1>\n<p>\u00cd apr\u00edl 2025 hefur \u00fe\u00fa samtals <strong>21 virkur dagur<\/strong> (168 vinnustundir) allan m\u00e1nu\u00f0inn., mi\u00f0a\u00f0 vi\u00f0 8 stunda vinnudag a\u00f0 teknu tilliti til helgar og almennra fr\u00eddaga. \u00cd apr\u00edl eru 2 rau\u00f0ir dagar sem gera r\u00e1\u00f0 fyrir ver\u00f0skulda\u00f0 langt fr\u00ed. F\u00f6studagurinn langi 18. apr\u00edl og annan \u00ed p\u00e1skum 21. apr\u00edl.<\/p>\n<p>&nbsp;<\/p>\n<p><strong>Dreifing vinnudaga \u00e1 viku:<\/strong><\/p>\n<ul>\n<li><strong>Vika 14:<\/strong> 5 virkir dagar (40 klst.)<\/li>\n<li><strong>Vika 15:<\/strong> 5 virkir dagar (40 klst.)<\/li>\n<li><strong>Vika 16:<\/strong> 4 virkir dagar (32 klst.) (F\u00f6studagurinn langi, rau\u00f0ur dagur)<\/li>\n<li><strong>Vika 17:<\/strong> 4 virkir dagar (32 klst.) (p\u00e1skadagur, rau\u00f0ur dagur)<\/li>\n<li><strong>Vika 18:<\/strong> 3 virkir dagar (24 klst.)<\/li>\n<\/ul>\n<h6><strong>Rau\u00f0ir dagar og helgar \u00ed apr\u00edl 2025:<\/strong><\/h6>\n<p><strong>Tillaga 1: Taktu fr\u00ed fr\u00e1 f\u00f6studaginn langa til p\u00e1skadags<\/strong><\/p>\n<ul>\n<li><strong>Vika 17:<\/strong> Taktu \u00fe\u00e9r fr\u00ed <strong>22.\u201325. apr\u00edl<\/strong> (\u00feri\u00f0judag til f\u00f6studags).\n<ul>\n<li>\u00c1hrif: \u00de\u00fa f\u00e6r\u00f0 langt leyfi fr\u00e1 f\u00f6studeginum 18. apr\u00edl til sunnudagsins 27. apr\u00edl sem gefur \u00fe\u00e9r 10 daga samfellt fr\u00ed \u00ed a\u00f0eins 4 fr\u00eddaga.<\/li>\n<\/ul>\n<\/li>\n<\/ul>\n<p><strong>Tillaga 2: Sameina vi\u00f0 p\u00e1skahelgina<\/strong><\/p>\n<ul>\n<li><strong>Vika 16:<\/strong> Taktu \u00fe\u00e9r fr\u00ed <strong>15.\u201317. apr\u00edl<\/strong> (\u00feri\u00f0judag til fimmtudags).\n<ul>\n<li>\u00c1hrif: \u00de\u00fa f\u00e6r\u00f0 framlengt leyfi fr\u00e1 laugardegi 13. apr\u00edl til m\u00e1nudags 21. apr\u00edl (p\u00e1skadag), sem gefur \u00fe\u00e9r 7 daga samfellt fr\u00ed \u00ed a\u00f0eins 2 fr\u00eddaga.<\/li>\n<\/ul>\n<\/li>\n<\/ul>\n<p><strong>Samantekt:<br \/>\n<\/strong>Apr\u00edl er m\u00e1nu\u00f0ur me\u00f0 m\u00f6guleika \u00e1 l\u00f6ngum helgum. Me\u00f0 \u00fev\u00ed a\u00f0 nota orlofsdaga markvisst getur\u00f0u noti\u00f0 langra helgar og lengri bata<\/p>\n<p>&nbsp;<\/p>","protected":false},"excerpt":{"rendered":"<p>Arbetstimmar och strategi f\u00f6r april 2025 I april 2025 har man totalt 21 arbetsdagar (168 arbetstimmar) under hela m\u00e5naden., baserat p\u00e5 en arbetsdag p\u00e5 8 timmar och med h\u00e4nsyn till helger och r\u00f6da dagar. I april finns det 2 r\u00f6da dagar som g\u00f6r det m\u00f6jligt f\u00f6r lite v\u00e4lf\u00f6rtj\u00e4nt l\u00e5ng ledighet. L\u00e5ngfredagen den 18 april och &hellip;<\/p>\n<p class=\"read-more\"> <a class=\"\" href=\"https:\/\/xn--arbetsdagarperr-ulb.se\/is\/april-2025\/\"> <span class=\"screen-reader-text\">apr\u00edl 2025<\/span> Lestu meira &quot;<\/a><\/p>","protected":false},"author":1,"featured_media":0,"parent":0,"menu_order":0,"comment_status":"closed","ping_status":"closed","template":"","meta":{"site-sidebar-layout":"default","site-content-layout":"default","ast-main-header-display":"","ast-hfb-above-header-display":"","ast-hfb-below-header-display":"","ast-hfb-mobile-header-display":"","site-post-title":"","ast-breadcrumbs-content":"","ast-featured-img":"","footer-sml-layout":"","theme-transparent-header-meta":"default","adv-header-id-meta":"","stick-header-meta":"","header-above-stick-meta":"","header-main-stick-meta":"","header-below-stick-meta":"","footnotes":""},"class_list":["post-6675","page","type-page","status-publish","hentry"],"_links":{"self":[{"href":"https:\/\/xn--arbetsdagarperr-ulb.se\/is\/wp-json\/wp\/v2\/pages\/6675","targetHints":{"allow":["GET"]}}],"collection":[{"href":"https:\/\/xn--arbetsdagarperr-ulb.se\/is\/wp-json\/wp\/v2\/pages"}],"about":[{"href":"https:\/\/xn--arbetsdagarperr-ulb.se\/is\/wp-json\/wp\/v2\/types\/page"}],"author":[{"embeddable":true,"href":"https:\/\/xn--arbetsdagarperr-ulb.se\/is\/wp-json\/wp\/v2\/users\/1"}],"replies":[{"embeddable":true,"href":"https:\/\/xn--arbetsdagarperr-ulb.se\/is\/wp-json\/wp\/v2\/comments?post=6675"}],"version-history":[{"count":7,"href":"https:\/\/xn--arbetsdagarperr-ulb.se\/is\/wp-json\/wp\/v2\/pages\/6675\/revisions"}],"predecessor-version":[{"id":6757,"href":"https:\/\/xn--arbetsdagarperr-ulb.se\/is\/wp-json\/wp\/v2\/pages\/6675\/revisions\/6757"}],"wp:attachment":[{"href":"https:\/\/xn--arbetsdagarperr-ulb.se\/is\/wp-json\/wp\/v2\/media?parent=6675"}],"curies":[{"name":"wp","href":"https:\/\/api.w.org\/{rel}","templated":true}]}}