{"id":6668,"date":"2025-01-23T11:42:09","date_gmt":"2025-01-23T10:42:09","guid":{"rendered":"https:\/\/xn--arbetsdagarperr-ulb.se\/?page_id=6668"},"modified":"2025-01-25T11:34:05","modified_gmt":"2025-01-25T10:34:05","slug":"mars-2025","status":"publish","type":"page","link":"https:\/\/xn--arbetsdagarperr-ulb.se\/is\/mars-2025\/","title":{"rendered":"mars 2025"},"content":{"rendered":"<h1><strong>Vinnut\u00edmi og stefna fyrir mars 2025<\/strong><\/h1>\n<p>\u00cd mars 2025 ertu me\u00f0 samtals <strong>21 virkur dagur<\/strong> (168 vinnustundir) allan m\u00e1nu\u00f0inn mi\u00f0a\u00f0 vi\u00f0 8 t\u00edma vinnudag a\u00f0 teknu tilliti til helgar. \u00cd mars eru engir rau\u00f0ir dagar sem \u00fe\u00fd\u00f0ir a\u00f0 allir fr\u00eddagar vikunnar eru virkir dagar.<\/p>\n<h3>Vinnut\u00edmi \u00e1 viku:<\/h3>\n<ul>\n<li><strong>Vika 10:<\/strong> 5 dagar (40 klst.)<\/li>\n<li><strong>Vika 11:<\/strong> 5 dagar (40 klst.)<\/li>\n<li><strong>Vika 12:<\/strong> 5 dagar (40 klst.)<\/li>\n<li><strong>Vika 13:<\/strong> 5 dagar (40 klst.)<\/li>\n<li><strong>Vika 14:<\/strong> 1 dagur (8 klst.)<\/li>\n<\/ul>\n<p>\u00dear sem mars 2025 hefur enga rau\u00f0a daga er hann fullur vinnu\u00e1lagsm\u00e1nu\u00f0ur. Ef \u00fe\u00fa vilt h\u00e1marka fr\u00edi\u00f0 \u00feitt \u00e1 \u00feessu t\u00edmabili getur\u00f0u skipulagt langar helgar me\u00f0 \u00fev\u00ed a\u00f0 nota fr\u00eddaga.<\/p>\n<h4><strong>Rau\u00f0ir dagar og helgar \u00ed mars 2025:<\/strong><\/h4>\n<ul>\n<li><strong>Vika 11:<\/strong><br \/>\nTaktu f\u00f6studaginn 7. mars fr\u00e1 til a\u00f0 b\u00faa til langa helgi fr\u00e1 f\u00f6studegi til sunnudags. \u00deetta gefur \u00fe\u00e9r 3 daga samfellt fr\u00ed \u00ed a\u00f0eins 1 fr\u00eddag.<\/li>\n<li><strong>Vika 13:<\/strong><br \/>\nTaktu m\u00e1nudaginn 24. mars \u00ed fr\u00ed (daginn eftir vorjafnd\u00e6gur, ef \u00fe\u00fa vilt t\u00e1knr\u00e6nt hl\u00e9). \u00deetta gefur \u00fe\u00e9r 3 daga samfellt fr\u00ed \u00ed 1 fr\u00eddag.<\/li>\n<\/ul>\n<h4>Samantekt:<\/h4>\n<p>Me\u00f0 \u00fev\u00ed a\u00f0 nota samtals <strong>2 orlofsdagar<\/strong> \u00ed mars 2025 (7. og 24. mars) getur\u00f0u noti\u00f0 tveggja langar helgar \u00ed m\u00e1nu\u00f0inum og \u00e1 sama t\u00edma haldi\u00f0 fr\u00ednotkun \u00feinni ni\u00f0ri, \u00feannig a\u00f0 \u00fe\u00fa f\u00e1ir fleiri daga fyrir n\u00e6stu m\u00e1nu\u00f0i.<\/p>","protected":false},"excerpt":{"rendered":"<p>Arbetstimmar och strategi f\u00f6r mars 2025 I mars 2025 har man totalt 21 arbetsdagar (168 arbetstimmar) under hela m\u00e5naden, baserat p\u00e5 en arbetsdag p\u00e5 8 timmar och med h\u00e4nsyn till helger. Mars har inga r\u00f6da dagar, vilket inneb\u00e4r att alla helgfria veckodagar \u00e4r arbetsdagar. Arbetstimmar per vecka: Vecka 10: 5 dagar (40 timmar) Vecka 11: &hellip;<\/p>\n<p class=\"read-more\"> <a class=\"\" href=\"https:\/\/xn--arbetsdagarperr-ulb.se\/is\/mars-2025\/\"> <span class=\"screen-reader-text\">mars 2025<\/span> Lestu meira &quot;<\/a><\/p>","protected":false},"author":1,"featured_media":0,"parent":0,"menu_order":0,"comment_status":"closed","ping_status":"closed","template":"","meta":{"site-sidebar-layout":"default","site-content-layout":"default","ast-main-header-display":"","ast-hfb-above-header-display":"","ast-hfb-below-header-display":"","ast-hfb-mobile-header-display":"","site-post-title":"","ast-breadcrumbs-content":"","ast-featured-img":"","footer-sml-layout":"","theme-transparent-header-meta":"default","adv-header-id-meta":"","stick-header-meta":"","header-above-stick-meta":"","header-main-stick-meta":"","header-below-stick-meta":"","footnotes":""},"class_list":["post-6668","page","type-page","status-publish","hentry"],"_links":{"self":[{"href":"https:\/\/xn--arbetsdagarperr-ulb.se\/is\/wp-json\/wp\/v2\/pages\/6668","targetHints":{"allow":["GET"]}}],"collection":[{"href":"https:\/\/xn--arbetsdagarperr-ulb.se\/is\/wp-json\/wp\/v2\/pages"}],"about":[{"href":"https:\/\/xn--arbetsdagarperr-ulb.se\/is\/wp-json\/wp\/v2\/types\/page"}],"author":[{"embeddable":true,"href":"https:\/\/xn--arbetsdagarperr-ulb.se\/is\/wp-json\/wp\/v2\/users\/1"}],"replies":[{"embeddable":true,"href":"https:\/\/xn--arbetsdagarperr-ulb.se\/is\/wp-json\/wp\/v2\/comments?post=6668"}],"version-history":[{"count":6,"href":"https:\/\/xn--arbetsdagarperr-ulb.se\/is\/wp-json\/wp\/v2\/pages\/6668\/revisions"}],"predecessor-version":[{"id":6754,"href":"https:\/\/xn--arbetsdagarperr-ulb.se\/is\/wp-json\/wp\/v2\/pages\/6668\/revisions\/6754"}],"wp:attachment":[{"href":"https:\/\/xn--arbetsdagarperr-ulb.se\/is\/wp-json\/wp\/v2\/media?parent=6668"}],"curies":[{"name":"wp","href":"https:\/\/api.w.org\/{rel}","templated":true}]}}