{"id":6661,"date":"2025-01-23T11:23:59","date_gmt":"2025-01-23T10:23:59","guid":{"rendered":"https:\/\/xn--arbetsdagarperr-ulb.se\/?page_id=6661"},"modified":"2025-01-25T11:33:24","modified_gmt":"2025-01-25T10:33:24","slug":"februari-2025","status":"publish","type":"page","link":"https:\/\/xn--arbetsdagarperr-ulb.se\/is\/februar-2025\/","title":{"rendered":"febr\u00faar 2025"},"content":{"rendered":"<h1><strong>Vinnut\u00edmi og stefna fyrir febr\u00faar 2025<\/strong><\/h1>\n<p>\u00cd febr\u00faar 2025 ertu me\u00f0 samtals <strong>20 virkir dagar<\/strong> <strong>(160 vinnustundir)<\/strong>\u00a0allan m\u00e1nu\u00f0inn mi\u00f0a\u00f0 vi\u00f0 8 t\u00edma vinnudag a\u00f0 teknu tilliti til helgar. Febr\u00faar hefur enga rau\u00f0a daga.<\/p>\n<h3>Vinnut\u00edmi \u00e1 viku:<\/h3>\n<ul>\n<li><strong>Vika 6:<\/strong> 5 dagar (40 klst.)<\/li>\n<li><strong>Vika 7:<\/strong> 5 dagar (40 klst.)<\/li>\n<li><strong>Vika 8:<\/strong> 5 dagar (40 klst.)<\/li>\n<li><strong>Vika 9:<\/strong> 5 dagar (40 klst.)<\/li>\n<\/ul>\n<p>Febr\u00faar 2025 hefur enga rau\u00f0a daga til a\u00f0 n\u00fdta til a\u00f0 h\u00e1marka leyfi\u00f0. En ekki l\u00e1ta \u00fea\u00f0 hindra \u00feig \u00ed a\u00f0 taka 3 daga fr\u00ed me\u00f0 \u00fev\u00ed a\u00f0 nota fr\u00eddaga:<\/p>\n<h4><strong>Rau\u00f0ir dagar og helgar \u00ed febr\u00faar 2025:<\/strong><\/h4>\n<ul>\n<li><strong>Vika 7:<\/strong><br \/>\nTaktu f\u00f6studaginn 14. febr\u00faar (Valent\u00ednusardaginn) fr\u00e1 til a\u00f0 b\u00faa til langa helgi fr\u00e1 f\u00f6studegi til sunnudags. \u00deetta gefur \u00fe\u00e9r 3 daga samfellt fr\u00ed \u00ed a\u00f0eins 1 fr\u00eddag.<\/li>\n<li><strong>Vika 9:<\/strong><br \/>\nSameina\u00f0u f\u00f6studaginn 28. febr\u00faar me\u00f0 fr\u00edi. Ef \u00fe\u00fa tekur \u00feennan dag fr\u00e1 f\u00e6r\u00f0u langa helgi fr\u00e1 f\u00f6studegi til sunnudags. \u00c1hrif: 3 fr\u00eddagar \u00ed vi\u00f0b\u00f3t \u00ed 1 fr\u00eddag.<\/li>\n<\/ul>\n<h4>Samantekt:<\/h4>\n<p>Me\u00f0 \u00fev\u00ed a\u00f0 nota samtals 2 orlofsdaga \u00ed febr\u00faar 2025 (14. og 28. febr\u00faar) getur\u00f0u noti\u00f0 tveggja langra helga \u00ed m\u00e1nu\u00f0inum og \u00e1 sama t\u00edma geymt st\u00f3ran hluta orlofsdaga til framt\u00ed\u00f0arleyfis.<\/p>","protected":false},"excerpt":{"rendered":"<p>Arbetstimmar och strategi f\u00f6r februari 2025 I februari 2025 har man totalt 20 arbetsdagar (160 arbetstimmar)\u00a0under hela m\u00e5naden, baserat p\u00e5 en arbetsdag p\u00e5 8 timmar och med h\u00e4nsyn till helger. Februari har inga r\u00f6da dagar. Arbetstimmar per vecka: Vecka 6: 5 dagar (40 timmar) Vecka 7: 5 dagar (40 timmar) Vecka 8: 5 dagar (40 &hellip;<\/p>\n<p class=\"read-more\"> <a class=\"\" href=\"https:\/\/xn--arbetsdagarperr-ulb.se\/is\/februar-2025\/\"> <span class=\"screen-reader-text\">febr\u00faar 2025<\/span> Lestu meira &quot;<\/a><\/p>","protected":false},"author":1,"featured_media":0,"parent":0,"menu_order":0,"comment_status":"closed","ping_status":"closed","template":"","meta":{"site-sidebar-layout":"default","site-content-layout":"default","ast-main-header-display":"","ast-hfb-above-header-display":"","ast-hfb-below-header-display":"","ast-hfb-mobile-header-display":"","site-post-title":"","ast-breadcrumbs-content":"","ast-featured-img":"","footer-sml-layout":"","theme-transparent-header-meta":"default","adv-header-id-meta":"","stick-header-meta":"","header-above-stick-meta":"","header-main-stick-meta":"","header-below-stick-meta":"","footnotes":""},"class_list":["post-6661","page","type-page","status-publish","hentry"],"_links":{"self":[{"href":"https:\/\/xn--arbetsdagarperr-ulb.se\/is\/wp-json\/wp\/v2\/pages\/6661","targetHints":{"allow":["GET"]}}],"collection":[{"href":"https:\/\/xn--arbetsdagarperr-ulb.se\/is\/wp-json\/wp\/v2\/pages"}],"about":[{"href":"https:\/\/xn--arbetsdagarperr-ulb.se\/is\/wp-json\/wp\/v2\/types\/page"}],"author":[{"embeddable":true,"href":"https:\/\/xn--arbetsdagarperr-ulb.se\/is\/wp-json\/wp\/v2\/users\/1"}],"replies":[{"embeddable":true,"href":"https:\/\/xn--arbetsdagarperr-ulb.se\/is\/wp-json\/wp\/v2\/comments?post=6661"}],"version-history":[{"count":9,"href":"https:\/\/xn--arbetsdagarperr-ulb.se\/is\/wp-json\/wp\/v2\/pages\/6661\/revisions"}],"predecessor-version":[{"id":6753,"href":"https:\/\/xn--arbetsdagarperr-ulb.se\/is\/wp-json\/wp\/v2\/pages\/6661\/revisions\/6753"}],"wp:attachment":[{"href":"https:\/\/xn--arbetsdagarperr-ulb.se\/is\/wp-json\/wp\/v2\/media?parent=6661"}],"curies":[{"name":"wp","href":"https:\/\/api.w.org\/{rel}","templated":true}]}}