{"id":6644,"date":"2025-01-23T10:35:35","date_gmt":"2025-01-23T09:35:35","guid":{"rendered":"https:\/\/xn--arbetsdagarperr-ulb.se\/?page_id=6644"},"modified":"2025-01-25T11:22:34","modified_gmt":"2025-01-25T10:22:34","slug":"januari-2025","status":"publish","type":"page","link":"https:\/\/xn--arbetsdagarperr-ulb.se\/is\/januar-2025\/","title":{"rendered":"jan\u00faar \u2013 2025"},"content":{"rendered":"<h1><strong>Vinnut\u00edmi og stefna fyrir jan\u00faar 2025<\/strong><\/h1>\n<p>\u00cd jan\u00faar 2025 hefur \u00fe\u00fa samtals <strong>168 vinnustundir<\/strong> allan m\u00e1nu\u00f0inn mi\u00f0a\u00f0 vi\u00f0 8 stunda virka dag og a\u00f0 teknu tilliti til almennra fr\u00eddaga og helgar.<\/p>\n<p><strong>Vinnut\u00edmi \u00e1 viku:<\/strong><\/p>\n<ul>\n<li>Vika 1: 2 dagar (16 klst) (\u00fear sem n\u00fd\u00e1rsdagur er rau\u00f0ur dagur)<\/li>\n<li>Vika 2: 3 dagar (32 klst) (\u00derett\u00e1ndi dagur j\u00f3la er rau\u00f0ur dagur)<\/li>\n<li>Vika 3: 5 dagar (40 klst.)<\/li>\n<li>Vika 4: 5 dagar (40 klst.)<\/li>\n<li>Vika 5: 5 dagar (40 klst.)<\/li>\n<\/ul>\n<p>Til a\u00f0 h\u00e1marka orlofi\u00f0 \u00ed jan\u00faar 2025 me\u00f0 eins f\u00e1um orlofsd\u00f6gum og m\u00f6gulegt er \u00e1 me\u00f0an \u00fe\u00fa f\u00e6r\u00f0 langar helgar, getur\u00f0u nota\u00f0 eftirfarandi stefnu:<\/p>\n<p>&nbsp;<\/p>\n<ul>\n<li><strong>Vika 1<\/strong>:0 klukkustundir (1. jan\u00faar, mi\u00f0vikudagur) \u2013 Rau\u00f0ur dagur.<br \/>\nTaktu 2. og 3. jan\u00faar fr\u00ed (fimmtudagur og f\u00f6studagur) \u00c1hrif: \u00de\u00fa f\u00e6r\u00f0 langt leyfi fr\u00e1 mi\u00f0vikudeginum 1. jan\u00faar til sunnudagsins 5. jan\u00faar, \u00fe.e. 5 samfelldir fr\u00eddagar \u00ed 2 orlofsdaga.<\/li>\n<li><strong>Vika 2<\/strong>: 0 klukkustundir (6. jan\u00faar, m\u00e1nudagur) \u2013 Rau\u00f0ur dagur.<br \/>\nTaktu \u00fe\u00e9r fr\u00ed 7.\u201310. jan\u00faar (\u00feri\u00f0judag til f\u00f6studags). \u00c1hrif: Ef \u00fe\u00fa tekur a\u00f0fangadagskv\u00f6ld me\u00f0 (6. jan\u00faar, m\u00e1nudagur) f\u00e6r\u00f0u fr\u00ed fr\u00e1 laugardegi 4. jan\u00faar til sunnudags 12. jan\u00faar, \u00fe.e. 9 daga samfellt fr\u00ed \u00ed 4 orlofsdaga.<\/li>\n<li><strong>Vika 3<\/strong>: 40 klst<\/li>\n<li><strong>Vika 4<\/strong>: 40 klst<\/li>\n<li><strong>Vika 5<\/strong>: 40 klst<\/li>\n<\/ul>\n<p>&nbsp;<\/p>\n<h6><strong>Rau\u00f0ir dagar og helgar \u00ed jan\u00faar 2025:<\/strong><\/h6>\n<ul>\n<li><strong>N\u00fd\u00e1rsdagur <\/strong>(1. jan\u00faar, mi\u00f0vikudagur) \u2013 Rau\u00f0i dagur.<\/li>\n<li><strong>Sk\u00edrdag <\/strong>(6. jan\u00faar, m\u00e1nudagur) - Rau\u00f0i dagur.<\/li>\n<\/ul>\n<ol>\n<li style=\"list-style-type: none;\"><\/li>\n<\/ol>\n<p><strong>Samantekt:<\/strong><\/p>\n<p>Til a\u00f0 f\u00e1 sem flesta samfellda fr\u00eddaga \u00ed jan\u00faar 2025 og nota um lei\u00f0 eins f\u00e1a fr\u00eddaga og m\u00f6gulegt er getur\u00f0u nota\u00f0 eftirfarandi stefnu. Snemma \u00ed viku 1, 2. og 3. jan\u00faar (fimmtudag og f\u00f6studag). Me\u00f0 \u00fev\u00ed a\u00f0 taka me\u00f0 gaml\u00e1rsdag (1. jan\u00faar, mi\u00f0vikudag) f\u00e6r\u00f0u langt fr\u00ed fr\u00e1 mi\u00f0vikudeginum 1. jan\u00faar til sunnudagsins 5. jan\u00faar, sem gefur \u00fe\u00e9r 5 daga samfellt fr\u00ed \u00ed a\u00f0eins 2 orlofsdaga. Taktu viku 2 fr\u00e1 7.\u201310. jan\u00faar (\u00feri\u00f0judaga til f\u00f6studaga). Ef \u00fe\u00fa tekur a\u00f0fangadag me\u00f0 (6. jan\u00faar, m\u00e1nudagur) f\u00e6r\u00f0u langt fr\u00ed fr\u00e1 laugardegi 4. jan\u00faar til sunnudags 12. jan\u00faar, sem gefur \u00fe\u00e9r 9 daga samfellt fr\u00ed \u00ed 4 fr\u00eddaga.<\/p>\n<p>&nbsp;<\/p>","protected":false},"excerpt":{"rendered":"<p>Arbetstimmar och strategi f\u00f6r januari 2025 I januari 2025 har man totalt 168 arbetstimmar under hela m\u00e5naden, baserat p\u00e5 en arbetsdag p\u00e5 8 timmar och med h\u00e4nsyn till r\u00f6da dagar och helger. Arbetstimmar per vecka: Vecka 1: 2 dagar (16 timmar) (eftersom ny\u00e5rsdagen \u00e4r en r\u00f6d dag) Vecka 2: 3 dagar (32 timmar) (Trettondedag jul &hellip;<\/p>\n<p class=\"read-more\"> <a class=\"\" href=\"https:\/\/xn--arbetsdagarperr-ulb.se\/is\/januar-2025\/\"> <span class=\"screen-reader-text\">jan\u00faar \u2013 2025<\/span> Lestu meira &quot;<\/a><\/p>","protected":false},"author":1,"featured_media":0,"parent":0,"menu_order":0,"comment_status":"closed","ping_status":"closed","template":"","meta":{"site-sidebar-layout":"default","site-content-layout":"default","ast-main-header-display":"","ast-hfb-above-header-display":"","ast-hfb-below-header-display":"","ast-hfb-mobile-header-display":"","site-post-title":"","ast-breadcrumbs-content":"","ast-featured-img":"","footer-sml-layout":"","theme-transparent-header-meta":"default","adv-header-id-meta":"","stick-header-meta":"","header-above-stick-meta":"","header-main-stick-meta":"","header-below-stick-meta":"","footnotes":""},"class_list":["post-6644","page","type-page","status-publish","hentry"],"_links":{"self":[{"href":"https:\/\/xn--arbetsdagarperr-ulb.se\/is\/wp-json\/wp\/v2\/pages\/6644","targetHints":{"allow":["GET"]}}],"collection":[{"href":"https:\/\/xn--arbetsdagarperr-ulb.se\/is\/wp-json\/wp\/v2\/pages"}],"about":[{"href":"https:\/\/xn--arbetsdagarperr-ulb.se\/is\/wp-json\/wp\/v2\/types\/page"}],"author":[{"embeddable":true,"href":"https:\/\/xn--arbetsdagarperr-ulb.se\/is\/wp-json\/wp\/v2\/users\/1"}],"replies":[{"embeddable":true,"href":"https:\/\/xn--arbetsdagarperr-ulb.se\/is\/wp-json\/wp\/v2\/comments?post=6644"}],"version-history":[{"count":15,"href":"https:\/\/xn--arbetsdagarperr-ulb.se\/is\/wp-json\/wp\/v2\/pages\/6644\/revisions"}],"predecessor-version":[{"id":6746,"href":"https:\/\/xn--arbetsdagarperr-ulb.se\/is\/wp-json\/wp\/v2\/pages\/6644\/revisions\/6746"}],"wp:attachment":[{"href":"https:\/\/xn--arbetsdagarperr-ulb.se\/is\/wp-json\/wp\/v2\/media?parent=6644"}],"curies":[{"name":"wp","href":"https:\/\/api.w.org\/{rel}","templated":true}]}}