{"id":6633,"date":"2023-11-06T19:11:47","date_gmt":"2023-11-06T18:11:47","guid":{"rendered":"https:\/\/xn--arbetsdagarperr-ulb.se\/?page_id=6633"},"modified":"2023-11-06T19:11:47","modified_gmt":"2023-11-06T18:11:47","slug":"hitta-oppettider-nara-mig","status":"publish","type":"page","link":"https:\/\/xn--arbetsdagarperr-ulb.se\/is\/finna-opnunartima-nalaegt-mer\/","title":{"rendered":"Finndu opnunart\u00edma n\u00e1l\u00e6gt m\u00e9r"},"content":{"rendered":"<p><img loading=\"lazy\" decoding=\"async\" class=\"aligncenter size-large wp-image-6634\" src=\"https:\/\/xn--arbetsdagarperr-ulb.se\/wp-content\/uploads\/2023\/11\/1a1d6e54-2d3e-4920-9f62-87a8ebdc285d-e1699294235412-1024x752.webp\" alt=\"Opnunart\u00edmi sta\u00f0setningar n\u00e1l\u00e6gt m\u00e9r\" width=\"1024\" height=\"752\" srcset=\"https:\/\/xn--arbetsdagarperr-ulb.se\/wp-content\/uploads\/2023\/11\/1a1d6e54-2d3e-4920-9f62-87a8ebdc285d-e1699294235412-1024x752.webp 1024w, https:\/\/xn--arbetsdagarperr-ulb.se\/wp-content\/uploads\/2023\/11\/1a1d6e54-2d3e-4920-9f62-87a8ebdc285d-e1699294235412-300x220.webp 300w, https:\/\/xn--arbetsdagarperr-ulb.se\/wp-content\/uploads\/2023\/11\/1a1d6e54-2d3e-4920-9f62-87a8ebdc285d-e1699294235412-768x564.webp 768w, https:\/\/xn--arbetsdagarperr-ulb.se\/wp-content\/uploads\/2023\/11\/1a1d6e54-2d3e-4920-9f62-87a8ebdc285d-e1699294235412-16x12.webp 16w, https:\/\/xn--arbetsdagarperr-ulb.se\/wp-content\/uploads\/2023\/11\/1a1d6e54-2d3e-4920-9f62-87a8ebdc285d-e1699294235412.webp 1394w\" sizes=\"auto, (max-width: 1024px) 100vw, 1024px\" \/><\/p>\n<p>\u00c1 stafr\u00e6nni \u00f6ld sem fer vaxandi, \u00fear sem snjalls\u00edmar og nettenging eru st\u00f6\u00f0ugir fylgifiskar, hefur krafan um tafarlausan a\u00f0gang a\u00f0 uppl\u00fdsingum vaxi\u00f0 me\u00f0 \u00e1\u00f0ur \u00f3\u00feekktum hra\u00f0a. Hra\u00f0i l\u00edfsins hefur or\u00f0i\u00f0 hra\u00f0ari og \u00feolinm\u00e6\u00f0i styttri. \u00deegar \u00fe\u00fa finnur fyrir hungri naga magann e\u00f0a tekur eftir \u00fev\u00ed a\u00f0 eldsneytism\u00e6lir b\u00edlsins \u00fe\u00edns n\u00e1lgast rau\u00f0u stikuna, vilt \u00fe\u00fa ekki ey\u00f0a t\u00edma \u00ed a\u00f0 giska e\u00f0a leita handvirkt. \u00deess \u00ed sta\u00f0 viltu geta fundi\u00f0 n\u00e6stu bens\u00ednst\u00f6\u00f0 e\u00f0a veitingasta\u00f0 flj\u00f3tt, \u00feekkja \u00feeirra <a href=\"https:\/\/s\u00f6k.info\/\" rel=\"noopener\">Opnunart\u00edmar<\/a>, og kannski jafnvel sj\u00e1 umsagnir notenda.<\/p>\n<p>S\u00f6k.Info hefur teki\u00f0 eftir \u00feessari vaxandi \u00fe\u00f6rf og var stofna\u00f0 til a\u00f0 breg\u00f0ast vi\u00f0 henni. \u00deessi t\u00edmam\u00f3ta vefs\u00ed\u00f0a hefur tekist \u00e1 vi\u00f0 \u00e1skorunina um a\u00f0 skr\u00e1 Sv\u00ed\u00fej\u00f3\u00f0, sta\u00f0 fyrir sta\u00f0, og bj\u00f3\u00f0a upp \u00e1 n\u00fdjustu og vi\u00f0eigandi uppl\u00fdsingar beint innan seilingar. \u00dea\u00f0 er ekki bara gagnagrunnur; \u00fea\u00f0 er stafr\u00e6n lausn fyrir n\u00fat\u00edma borgara.<\/p>\n<p>Me\u00f0 leit getur\u00f0u strax fundi\u00f0 bens\u00ednst\u00f6\u00f0ina n\u00e6st n\u00faverandi sta\u00f0setningu \u00feinni, \u00e1samt lei\u00f0beiningum og n\u00faverandi eldsneytisver\u00f0i. Ertu a\u00f0 leita a\u00f0 g\u00f3\u00f0um veitingasta\u00f0 fyrir n\u00e6turfer\u00f0? S\u00f6k.Info mun ekki a\u00f0eins gefa \u00fe\u00e9r lista yfir n\u00e6rliggjandi veitingasta\u00f0i, heldur einnig l\u00e1ta \u00feig vita matse\u00f0la \u00feeirra, opnunart\u00edma og umsagnir vi\u00f0skiptavina. Aldrei aftur \u00fearftu a\u00f0 standa svekktur \u00e1 g\u00f6tuhorni og velta \u00fev\u00ed fyrir \u00fe\u00e9r hvert \u00fe\u00fa \u00e1tt a\u00f0 fara n\u00e6st. Me\u00f0 S\u00f6k.Info ertu alltaf me\u00f0 sv\u00f6rin beint \u00ed h\u00f6ndunum..<\/p>\n<p>H\u00f6nnun S\u00f6k.Info er \u00fer\u00f3u\u00f0 me\u00f0 \u00e1herslu \u00e1 a\u00f0 bj\u00f3\u00f0a upp \u00e1 sl\u00e9tta og vandr\u00e6\u00f0alausa notendaupplifun. Me\u00f0 \u00fev\u00ed a\u00f0 sameina n\u00fat\u00edma h\u00f6nnunarreglur og h\u00e1\u00fer\u00f3a\u00f0ar t\u00e6knilegar lausnir hefur pallurinn b\u00fai\u00f0 til vi\u00f0m\u00f3t sem finnst b\u00e6\u00f0i kunnuglegt og n\u00fdst\u00e1rlegt. Hin lei\u00f0andi leitara\u00f0ger\u00f0, hjarta vefs\u00ed\u00f0unnar, gefur augnabliksni\u00f0urst\u00f6\u00f0ur sem eru s\u00e9rsni\u00f0nar a\u00f0 \u00fe\u00f6rfum notandans. \u00dea\u00f0 er n\u00f3g a\u00f0 sl\u00e1 inn nokkra stafi e\u00f0a heila setningu, eins og &quot;<a href=\"https:\/\/s\u00f6k.info\/\" rel=\"noopener\">bens\u00ednst\u00f6\u00f0 n\u00e1l\u00e6gt m\u00e9r<\/a>\u201d, til a\u00f0 f\u00e1 \u00edtarlegt yfirlit yfir alla vi\u00f0eigandi sta\u00f0i \u00ed n\u00e1grenninu.<\/p>\n<p>Auk hra\u00f0virkra leitarni\u00f0ursta\u00f0na eru uppl\u00fdsingarnar settar fram \u00e1 sk\u00fdran og skiljanlegan h\u00e1tt. Hverri bens\u00ednst\u00f6\u00f0 fylgir til d\u00e6mis stutt l\u00fdsing, tengili\u00f0auppl\u00fdsingar, opnunart\u00edmar og oft tengill \u00e1 eigin heimas\u00ed\u00f0u e\u00f0a samf\u00e9lagsmi\u00f0la. S\u00f6k.Info gengur skrefinu lengra me\u00f0 \u00fev\u00ed a\u00f0 sam\u00fe\u00e6tta einnig umsagnir og einkunnir notenda, sem gefur heildst\u00e6\u00f0ari mynd af vi\u00f0komandi sta\u00f0setningu.<\/p>\n<p>Og fyrir \u00fe\u00e1 notendur sem eru kannski ekki alveg vissir um hva\u00f0 \u00feeir eru a\u00f0 leita a\u00f0, e\u00f0a bara hafa \u00e1huga \u00e1 a\u00f0 sko\u00f0a, b\u00fd\u00f0ur S\u00f6k.Info upp \u00e1 vafraa\u00f0ger\u00f0 sem er skipt \u00ed sk\u00fdra flokka. Allt fr\u00e1 veitingast\u00f6\u00f0um, kaffih\u00fasum, verslunum til menningarlegra sta\u00f0a og af\u00fereyingar er h\u00e6gt a\u00f0 sko\u00f0a me\u00f0 nokkrum einf\u00f6ldum smellum. \u00deessi eiginleiki hvetur til uppg\u00f6tvunar og getur oft leitt til \u00feess a\u00f0 notendur finna n\u00fdja upp\u00e1haldssta\u00f0i \u00ed s\u00ednu eigin hverfi.<\/p>\n<p>S\u00f6k.Info leitast vi\u00f0 a\u00f0 vera meira en bara hef\u00f0bundin uppspretta uppl\u00fdsinga. \u00de\u00f3 a\u00f0 margir vettvangar s\u00e9u \u00e1n\u00e6g\u00f0ir me\u00f0 a\u00f0 skila grunnverkefnum mi\u00f0ar S\u00f6k.Info a\u00f0 \u00fev\u00ed a\u00f0 mi\u00f0la r\u00edkari og gr\u00edpandi notendaupplifun. Me\u00f0 \u00fev\u00ed a\u00f0 sameina mismunandi \u00fe\u00e6tti eins og gagnvirk kort f\u00e1 notendur ekki a\u00f0eins lei\u00f0beiningar heldur geta \u00feeir einnig \u00feysja\u00f0 inn, sko\u00f0a\u00f0 umhverfi\u00f0 og jafnvel s\u00e9\u00f0 raunt\u00edma uppl\u00fdsingar eins og umfer\u00f0arskilyr\u00f0i.<\/p>\n<p>En kannski mikilv\u00e6gust eru \u00f3sviknar notendaumsagnir. \u00deeir gefa samf\u00e9laginu r\u00f6dd og leyfa f\u00f3lki a\u00f0 deila reynslu sinni, r\u00e1\u00f0leggingum og stundum jafnvel vi\u00f0v\u00f6runum. Me\u00f0 \u00fev\u00ed a\u00f0 lesa \u00feessar umsagnir geta notendur fengi\u00f0 yfirvega\u00f0a yfirs\u00fdn yfir sta\u00f0, sem getur skipt sk\u00f6pum \u00feegar \u00feeir taka \u00e1kv\u00f6r\u00f0un um heims\u00f3kn. Hvort sem \u00fea\u00f0 sn\u00fdst um matarg\u00e6\u00f0i veitingasta\u00f0a, \u00fej\u00f3nustu vi\u00f0 vi\u00f0skiptavini verslunar e\u00f0a andr\u00famslofti\u00f0 \u00e1 bens\u00ednst\u00f6\u00f0 \u00e1 sta\u00f0num, \u00fe\u00e1 b\u00fd\u00f0ur S\u00f6k.Info upp \u00e1 heildarmynd sem n\u00e6r \u00fat fyrir einfalda t\u00f6lfr\u00e6\u00f0i og g\u00f6gn. Mannleg v\u00eddd, au\u00f0ur sm\u00e1atri\u00f0a og dj\u00fapst\u00e6\u00f0 inns\u00fdn gera S\u00f6k.Info a\u00f0 \u00f3vi\u00f0jafnanlegu \u00farr\u00e6\u00f0i fyrir n\u00fat\u00edma notendur.<\/p>\n<p>S\u00f6k.Info felur \u00ed s\u00e9r samvinnuhugtak \u00fear sem hver gestur er ekki a\u00f0eins neytandi uppl\u00fdsinga heldur einnig hugsanlegur \u00fe\u00e1tttakandi. \u00deetta l\u00edkan breytir vefs\u00ed\u00f0unni \u00far kyrrst\u00e6\u00f0um gagnagrunni \u00ed lifandi og kraftmikinn vettvang sem endurspeglar raddir og inns\u00fdn samf\u00e9lagsins.<\/p>\n<p>Geta notenda til a\u00f0 b\u00e6ta vi\u00f0 og uppf\u00e6ra uppl\u00fdsingar gerir \u00fea\u00f0 a\u00f0 verkum a\u00f0 efni vefsins er st\u00f6\u00f0ugt endurn\u00fdja\u00f0 og endurb\u00e6tt. Til d\u00e6mis ef notandi tekur eftir \u00fev\u00ed a\u00f0 opnunart\u00edmi veitingasta\u00f0ar hefur breyst getur hann uppf\u00e6rt \u00fea\u00f0 flj\u00f3tt \u00e1 vefs\u00ed\u00f0unni. E\u00f0a ef einhver rekst \u00e1 n\u00fdtt kaffih\u00fas e\u00f0a gar\u00f0 sem er ekki enn me\u00f0 fulltr\u00faa getur hann au\u00f0veldlega b\u00e6tt \u00fev\u00ed vi\u00f0, \u00e1samt l\u00fdsingu, myndum og \u00f6\u00f0rum vi\u00f0eigandi uppl\u00fdsingum.<\/p>\n<p>\u00deessi l\u00fd\u00f0r\u00e6\u00f0islega n\u00e1lgun hefur nokkra kosti. \u00cd fyrsta lagi tryggir \u00fea\u00f0 a\u00f0 S\u00f6k.Info b\u00fd\u00f0ur alltaf upp \u00e1 n\u00fdjustu og n\u00e1kv\u00e6mustu uppl\u00fdsingarnar. \u00cd \u00f6\u00f0ru lagi skapar \u00fea\u00f0 tilfinningu fyrir samf\u00e9lagi og eignarhaldi me\u00f0al notenda. \u00cd sta\u00f0 \u00feess a\u00f0 vera bara \u00f3virkir neytendur ver\u00f0a \u00feeir virkir me\u00f0framlei\u00f0endur efnis vettvangsins.<\/p>\n<p>A\u00f0 auki getur \u00feetta sameiginlega \u00e1tak leitt til \u00feess a\u00f0 minna \u00feekktir sta\u00f0ir, sem f\u00e1 kannski ekki mikla athygli \u00e1 \u00f6\u00f0rum vettvangi, ver\u00f0i au\u00f0kenndir. Notendur geta deilt eigin uppg\u00f6tvunum og pers\u00f3nulegu upp\u00e1haldi, sem getur leitt til \u00feess a\u00f0 a\u00f0rir finni n\u00fdja sta\u00f0i til a\u00f0 sko\u00f0a. \u00deannig ver\u00f0ur S\u00f6k.Info ekki a\u00f0eins au\u00f0lind til a\u00f0 finna uppl\u00fdsingar, heldur einnig sta\u00f0ur \u00fear sem notendur geta deilt eigin reynslu og uppg\u00f6tvunum, sem au\u00f0gar samf\u00e9lagi\u00f0 allt.<\/p>","protected":false},"excerpt":{"rendered":"<p>\u00c1 stafr\u00e6nni \u00f6ld sem fer vaxandi, \u00fear sem snjalls\u00edmar og nettenging eru st\u00f6\u00f0ugir fylgifiskar, hefur krafan um tafarlausan a\u00f0gang a\u00f0 uppl\u00fdsingum vaxi\u00f0 me\u00f0 \u00e1\u00f0ur \u00f3\u00feekktum hra\u00f0a. Hra\u00f0i l\u00edfsins hefur or\u00f0i\u00f0 hra\u00f0ari og \u00feolinm\u00e6\u00f0i styttri. \u00deegar \u00fe\u00fa finnur fyrir hungri naga magann e\u00f0a tekur eftir \u00fev\u00ed a\u00f0 bens\u00ednm\u00e6lir b\u00edlsins n\u00e1lgast rau\u00f0u stikuna, vilt \u00fe\u00fa ekki ey\u00f0a...<\/p>\n<p class=\"read-more\"> <a class=\"\" href=\"https:\/\/xn--arbetsdagarperr-ulb.se\/is\/finna-opnunartima-nalaegt-mer\/\"> <span class=\"screen-reader-text\">Finndu opnunart\u00edma n\u00e1l\u00e6gt m\u00e9r<\/span> Lestu meira &quot;<\/a><\/p>","protected":false},"author":1,"featured_media":6634,"parent":0,"menu_order":0,"comment_status":"closed","ping_status":"closed","template":"","meta":{"site-sidebar-layout":"default","site-content-layout":"default","ast-main-header-display":"","ast-hfb-above-header-display":"","ast-hfb-below-header-display":"","ast-hfb-mobile-header-display":"","site-post-title":"","ast-breadcrumbs-content":"","ast-featured-img":"","footer-sml-layout":"","theme-transparent-header-meta":"default","adv-header-id-meta":"","stick-header-meta":"","header-above-stick-meta":"","header-main-stick-meta":"","header-below-stick-meta":"","footnotes":""},"class_list":["post-6633","page","type-page","status-publish","has-post-thumbnail","hentry"],"_links":{"self":[{"href":"https:\/\/xn--arbetsdagarperr-ulb.se\/is\/wp-json\/wp\/v2\/pages\/6633","targetHints":{"allow":["GET"]}}],"collection":[{"href":"https:\/\/xn--arbetsdagarperr-ulb.se\/is\/wp-json\/wp\/v2\/pages"}],"about":[{"href":"https:\/\/xn--arbetsdagarperr-ulb.se\/is\/wp-json\/wp\/v2\/types\/page"}],"author":[{"embeddable":true,"href":"https:\/\/xn--arbetsdagarperr-ulb.se\/is\/wp-json\/wp\/v2\/users\/1"}],"replies":[{"embeddable":true,"href":"https:\/\/xn--arbetsdagarperr-ulb.se\/is\/wp-json\/wp\/v2\/comments?post=6633"}],"version-history":[{"count":2,"href":"https:\/\/xn--arbetsdagarperr-ulb.se\/is\/wp-json\/wp\/v2\/pages\/6633\/revisions"}],"predecessor-version":[{"id":6636,"href":"https:\/\/xn--arbetsdagarperr-ulb.se\/is\/wp-json\/wp\/v2\/pages\/6633\/revisions\/6636"}],"wp:featuredmedia":[{"embeddable":true,"href":"https:\/\/xn--arbetsdagarperr-ulb.se\/is\/wp-json\/wp\/v2\/media\/6634"}],"wp:attachment":[{"href":"https:\/\/xn--arbetsdagarperr-ulb.se\/is\/wp-json\/wp\/v2\/media?parent=6633"}],"curies":[{"name":"wp","href":"https:\/\/api.w.org\/{rel}","templated":true}]}}