{"id":6631,"date":"2023-11-06T12:38:46","date_gmt":"2023-11-06T11:38:46","guid":{"rendered":"https:\/\/xn--arbetsdagarperr-ulb.se\/?page_id=6631"},"modified":"2025-01-25T11:06:59","modified_gmt":"2025-01-25T10:06:59","slug":"arbetsdagar-per-ar-2025","status":"publish","type":"page","link":"https:\/\/xn--arbetsdagarperr-ulb.se\/is\/","title":{"rendered":"Virkir dagar \u00e1 \u00e1ri 2025"},"content":{"rendered":"<table id=\"tablepress-10\" class=\"tablepress tablepress-id-10 tablepress-responsive\">\n<thead>\n<tr class=\"row-1\">\n\t<th class=\"column-1\">M\u00e1nu\u00f0ur<\/th><th class=\"column-2\">Vinnudagar<\/th><th class=\"column-3\">Vinnut\u00edmi<\/th><th class=\"column-4\">Lau &amp; Sun.<\/th><th class=\"column-5\">A\u00f0rir<\/th>\n<\/tr>\n<\/thead>\n<tbody class=\"row-striping row-hover\">\n<tr class=\"row-2\">\n\t<td class=\"column-1\"><a href=\"https:\/\/xn--arbetsdagarperr-ulb.se\/is\/januar-2025\/\">jan\u00faar<\/a><\/td><td class=\"column-2\">22<\/td><td class=\"column-3\">176<\/td><td class=\"column-4\">8<\/td><td class=\"column-5\">1<\/td>\n<\/tr>\n<tr class=\"row-3\">\n\t<td class=\"column-1\"><a href=\"https:\/\/xn--arbetsdagarperr-ulb.se\/is\/februar-2025\/\">febr\u00faar<\/a><\/td><td class=\"column-2\">20<\/td><td class=\"column-3\">160<\/td><td class=\"column-4\">8<\/td><td class=\"column-5\">0<\/td>\n<\/tr>\n<tr class=\"row-4\">\n\t<td class=\"column-1\"><a href=\"https:\/\/xn--arbetsdagarperr-ulb.se\/is\/mars-2025\/\">mars<\/a><\/td><td class=\"column-2\">21<\/td><td class=\"column-3\">168<\/td><td class=\"column-4\">10<\/td><td class=\"column-5\">0<\/td>\n<\/tr>\n<tr class=\"row-5\">\n\t<td class=\"column-1\"><a href=\"https:\/\/xn--arbetsdagarperr-ulb.se\/is\/april-2025\/\">apr\u00edl<\/a><\/td><td class=\"column-2\">20<\/td><td class=\"column-3\">160<\/td><td class=\"column-4\">8<\/td><td class=\"column-5\">3<\/td>\n<\/tr>\n<tr class=\"row-6\">\n\t<td class=\"column-1\"><a href=\"https:\/\/xn--arbetsdagarperr-ulb.se\/is\/mai-2025\/\">ma\u00ed<\/a><\/td><td class=\"column-2\">20<\/td><td class=\"column-3\">160<\/td><td class=\"column-4\">9<\/td><td class=\"column-5\">2<\/td>\n<\/tr>\n<tr class=\"row-7\">\n\t<td class=\"column-1\"><a href=\"https:\/\/xn--arbetsdagarperr-ulb.se\/is\/juni-2025\/\">j\u00fan\u00ed<\/a><\/td><td class=\"column-2\">18<\/td><td class=\"column-3\">144<\/td><td class=\"column-4\">9<\/td><td class=\"column-5\">4<\/td>\n<\/tr>\n<tr class=\"row-8\">\n\t<td class=\"column-1\"><a href=\"https:\/\/xn--arbetsdagarperr-ulb.se\/is\/juli-2025\/\">j\u00fal\u00ed<\/a><\/td><td class=\"column-2\">23<\/td><td class=\"column-3\">184<\/td><td class=\"column-4\">8<\/td><td class=\"column-5\">0<\/td>\n<\/tr>\n<tr class=\"row-9\">\n\t<td class=\"column-1\"><a href=\"https:\/\/xn--arbetsdagarperr-ulb.se\/is\/agust-2025\/\">\u00e1g\u00fast<\/a><\/td><td class=\"column-2\">21<\/td><td class=\"column-3\">168<\/td><td class=\"column-4\">10<\/td><td class=\"column-5\">0<\/td>\n<\/tr>\n<tr class=\"row-10\">\n\t<td class=\"column-1\"><a href=\"https:\/\/xn--arbetsdagarperr-ulb.se\/is\/september-2025\/\">september<\/a><\/td><td class=\"column-2\">22<\/td><td class=\"column-3\">176<\/td><td class=\"column-4\">8<\/td><td class=\"column-5\">0<\/td>\n<\/tr>\n<tr class=\"row-11\">\n\t<td class=\"column-1\"><a href=\"https:\/\/xn--arbetsdagarperr-ulb.se\/is\/oktober-2025\/\">okt\u00f3ber<\/a><\/td><td class=\"column-2\">23<\/td><td class=\"column-3\">184<\/td><td class=\"column-4\">8<\/td><td class=\"column-5\">0<\/td>\n<\/tr>\n<tr class=\"row-12\">\n\t<td class=\"column-1\"><a href=\"https:\/\/xn--arbetsdagarperr-ulb.se\/is\/november-2025\/\">n\u00f3vember<\/a><\/td><td class=\"column-2\">20<\/td><td class=\"column-3\">160<\/td><td class=\"column-4\">10<\/td><td class=\"column-5\">0<\/td>\n<\/tr>\n<tr class=\"row-13\">\n\t<td class=\"column-1\"><a href=\"https:\/\/xn--arbetsdagarperr-ulb.se\/is\/desember-2025\/\">desember<\/a><\/td><td class=\"column-2\">21<\/td><td class=\"column-3\">168<\/td><td class=\"column-4\">8<\/td><td class=\"column-5\">2<\/td>\n<\/tr>\n<tr class=\"row-14\">\n\t<td class=\"column-1\"><strong>Heildarvinnut\u00edmi \u00e1 \u00e1ri<\/strong><\/td><td class=\"column-2\"><strong>251<\/strong><\/td><td class=\"column-3\"><strong>2008<\/strong><\/td><td class=\"column-4\"><strong>104<\/strong><\/td><td class=\"column-5\"><strong>12<\/strong><\/td>\n<\/tr>\n<\/tbody>\n<tfoot>\n<tr class=\"row-15\">\n\t<th class=\"column-1\">Me\u00f0altal \/ m\u00e1nu\u00f0ur<\/th><th class=\"column-2\">20.92<\/th><th class=\"column-3\">167.33<\/th><th class=\"column-4\">8.67<\/th><th class=\"column-5\">1.00<\/th>\n<\/tr>\n<\/tfoot>\n<\/table>\n<!-- #tablepress-10 from cache -->\n\r\n\r\n\r\n<p style=\"text-align: center;\"><img loading=\"lazy\" decoding=\"async\" class=\"alignnone size-full wp-image-30\" src=\"https:\/\/xn--arbetsdagarperr-ulb.se\/wp-content\/uploads\/2021\/03\/arbetstimmar-per-manad.jpg\" alt=\"Vinnut\u00edmi \u00e1 m\u00e1nu\u00f0i\" width=\"244\" height=\"206\" srcset=\"https:\/\/xn--arbetsdagarperr-ulb.se\/wp-content\/uploads\/2021\/03\/arbetstimmar-per-manad.jpg 244w, https:\/\/xn--arbetsdagarperr-ulb.se\/wp-content\/uploads\/2021\/03\/arbetstimmar-per-manad-14x12.jpg 14w, https:\/\/xn--arbetsdagarperr-ulb.se\/wp-content\/uploads\/2021\/03\/arbetstimmar-per-manad-127x107.jpg 127w\" sizes=\"auto, (max-width: 244px) 100vw, 244px\" \/><\/p>\r\n<p>&nbsp;<\/p>\r\n<h3 id=\"2022\" class=\"has-text-align-center wp-block-heading\" style=\"text-align: center;\">Virkir dagar \u00e1 \u00e1ri 2025<\/h3>\r\n<p>Venjulega er tala\u00f0 um 160 vinnustundir \u00e1 m\u00e1nu\u00f0i e\u00f0a 250 vinnudaga \u00e1 \u00e1ri \u00feegar r\u00e6tt er um vinnu\u00e1lag. En \u00feessar t\u00f6lur eru ekki alltaf n\u00e1kv\u00e6mar. Sem d\u00e6mi m\u00e1 nefna a\u00f0 \u00e1ri\u00f0 2025 er fj\u00f6ldi vinnustunda breytilegur fr\u00e1 144 til 184, a\u00f0 me\u00f0altali 167 stundir \u00e1 m\u00e1nu\u00f0i. Alls ver\u00f0a vinnudagar 251 sem eftir eru 116 fr\u00eddagar. \u00cd t\u00f6flunni h\u00e9r a\u00f0 ne\u00f0an gefum vi\u00f0 \u00edtarlegt yfirlit yfir fj\u00f6lda vinnudaga, vinnut\u00edma, laugardaga, sunnudaga og a\u00f0ra fr\u00eddaga - svo sem \u00fej\u00f3\u00f0h\u00e1t\u00ed\u00f0a, J\u00f3nsmessukv\u00f6ld, a\u00f0fangadagskv\u00f6ld og gaml\u00e1rskv\u00f6ld. Ef fr\u00eddagur ber upp \u00e1 laugardag e\u00f0a sunnudag er hann talinn undir &quot;lau &amp; sun&quot;. Vi\u00f0 byggjum \u00feessa \u00fatreikninga \u00e1 hef\u00f0bundnum \u00e1tta stunda vinnudegi. Hva\u00f0a dagar teljast til fr\u00eddaga \u00ed Sv\u00ed\u00fej\u00f3\u00f0 eru skilgreindir af <a href=\"https:\/\/www.riksdagen.se\/sv\/dokument-lagar\/dokument\/svensk-forfattningssamling\/lag-1989253-om-allmanna-helgdagar_sfs-1989-253\" rel=\"noopener\">Lag (1989: 253)<\/a> \u00e1 almennum fr\u00edd\u00f6gum. Flestir hafa eftirfarandi fr\u00ed, jafnvel \u00fe\u00f3tt \u00feeir falli \u00e1 venjulegum virkum degi:<\/p>\r\n<ul>\r\n<li><a href=\"https:\/\/xn--arbetsdagarperr-ulb.se\/is\/raudir-dagar\/gamlarskvold\/\">Gaml\u00e1rskv\u00f6ld<\/a><\/li>\r\n<li><a href=\"https:\/\/xn--arbetsdagarperr-ulb.se\/is\/raudir-dagar\/adfangadagskvold\/\">a\u00f0fangadagskv\u00f6ld<\/a><\/li>\r\n<li><a href=\"https:\/\/xn--arbetsdagarperr-ulb.se\/is\/raudir-dagar\/paska-og-hvitasunnudag\/\">P\u00e1skadagur og hv\u00edtasunnudagur<\/a><\/li>\r\n<li><a href=\"https:\/\/xn--arbetsdagarperr-ulb.se\/is\/raudir-dagar\/nyarsdag-og-threttanda-dagur-jol\/\">gaml\u00e1rsdagur og \u00ferett\u00e1ndadagur j\u00f3la<\/a><\/li>\r\n<li><a href=\"https:\/\/xn--arbetsdagarperr-ulb.se\/is\/raudir-dagar\/forsta-maj\/\">1. ma\u00ed<\/a><\/li>\r\n<li><a href=\"https:\/\/xn--arbetsdagarperr-ulb.se\/is\/raudir-dagar\/joladagur-og-annar-dagur-jol\/\">J\u00f3ladagur og a\u00f0fangadagur<\/a><\/li>\r\n<li><a href=\"https:\/\/xn--arbetsdagarperr-ulb.se\/is\/raudir-dagar\/fostudagurinn-langi-og-manudagur-paskadagur\/\">F\u00f6studagurinn langi og m\u00e1nudagur um p\u00e1ska<\/a><\/li>\r\n<li><a href=\"https:\/\/xn--arbetsdagarperr-ulb.se\/is\/raudir-dagar\/uppstigningardagur\/\">Uppstigningardagur<\/a><\/li>\r\n<li><a href=\"https:\/\/xn--arbetsdagarperr-ulb.se\/is\/raudir-dagar\/thjodhatidardagur-svithjodar\/\">\u00dej\u00f3\u00f0h\u00e1t\u00ed\u00f0ardagur Sv\u00ed\u00fej\u00f3\u00f0ar<\/a><\/li>\r\n<li><a href=\"https:\/\/xn--arbetsdagarperr-ulb.se\/is\/raudir-dagar\/midsumardag\/\">J\u00f3nsmessudagur<\/a><\/li>\r\n<li><a href=\"https:\/\/xn--arbetsdagarperr-ulb.se\/is\/raudir-dagar\/dagur-allra-heilagra\/\">Dagur allra heilagra<\/a><\/li>\r\n<li><a href=\"https:\/\/xn--arbetsdagarperr-ulb.se\/is\/raudir-dagar\/jonsmessukvold\/\">J\u00f3nsmessukv\u00f6ld<\/a><\/li>\r\n<\/ul>\r\n<p>K\u00edki\u00f0 endilega \u00e1 dagatali\u00f0 okkar h\u00e9r til h\u00e6gri sem inniheldur uppl\u00fdsingar eins og t.d. nafnadagar og sm\u00e1 saga um hva\u00f0 ger\u00f0ist \u00feennan tiltekna dag.<\/p>\r\n\r\n\r\n<style>.wp-show-posts-columns#wpsp-213 {margin-left: -2em; }.wp-show-posts-columns#wpsp-213 .wp-show-posts-inner {margin: 0 0 2em 2em; }<\/style><section id=\"wpsp-213\" class=\"wp-show-posts\" style=\"\"><article class=\"wp-show-posts-single wpsp-clearfix post-6602 post type-post status-publish format-standard hentry category-roda-dagar\" itemtype=\"http:\/\/schema.org\/CreativeWork\" itemscope><div class=\"wp-show-posts-inner\" style=\"\">\t\t\t\t\t\t<header class=\"wp-show-posts-entry-header\">\n\t\t\t\t\t\t\t<h2 class=\"wp-show-posts-entry-title\" itemprop=\"headline\"><a href=\"https:\/\/xn--arbetsdagarperr-ulb.se\/is\/raudir-dagar\/jonsmessukvold\/\" rel=\"bookmark\">J\u00f3nsmessukv\u00f6ld<\/a><\/h2>\t\t\t\t\t\t<\/header><!-- .entry-header -->\n\t\t\t\t\t\t\t\t\t\t\t<div class=\"wp-show-posts-entry-content\" itemprop=\"text\">\n\t\t\t\t\t\t\t<img loading=\"lazy\" decoding=\"async\" class=\"size-full wp-image-6603\" src=\"https:\/\/xn--arbetsdagarperr-ulb.se\/wp-content\/uploads\/2022\/12\/midsommarafton.jpg\" alt=\"J\u00f3nsmessukv\u00f6ld\" width=\"400\" height=\"600\" srcset=\"https:\/\/xn--arbetsdagarperr-ulb.se\/wp-content\/uploads\/2022\/12\/midsommarafton.jpg 400w, https:\/\/xn--arbetsdagarperr-ulb.se\/wp-content\/uploads\/2022\/12\/midsommarafton-200x300.jpg 200w, https:\/\/xn--arbetsdagarperr-ulb.se\/wp-content\/uploads\/2022\/12\/midsommarafton-8x12.jpg 8w\" sizes=\"auto, (max-width: 400px) 100vw, 400px\" \/>\r\n<h2>J\u00f3nsmessukv\u00f6ld: Mikilv\u00e6g hef\u00f0 \u00ed s\u00e6nskri menningu<\/h2>\r\nJ\u00f3nsmessun\u00f3tt er mikilv\u00e6g helgi \u00ed Sv\u00ed\u00fej\u00f3\u00f0 og \u00f6\u00f0rum Nor\u00f0url\u00f6ndum, sem er haldin \u00e1 lengsta degi \u00e1rsins. \u00dea\u00f0 er t\u00edmi gle\u00f0i, h\u00e1t\u00ed\u00f0ar og sumarkomu. Helgin \u00e1 r\u00e6tur s\u00ednar a\u00f0 rekja til hei\u00f0ni, \u00feegar h\u00fan var haldin h\u00e1t\u00ed\u00f0 til hei\u00f0urs s\u00f3linni. \u00cd dag er Midsommarafton ein vins\u00e6lasta helgin \u00ed Sv\u00ed\u00fej\u00f3\u00f0 og h\u00e1t\u00ed\u00f0in er mismunandi eftir landshlutum.\r\n<h2>H\u00e1t\u00ed\u00f0 J\u00f3nsmessudags \u00ed gegnum t\u00ed\u00f0ina: Fr\u00e1 hei\u00f0ni til n\u00fat\u00edmah\u00e1t\u00ed\u00f0ar<\/h2>\r\nJ\u00f3nsmessun\u00f3tt \u00e1 uppruna sinn \u00ed hei\u00f0ni, \u00feegar h\u00fan var haldin sem h\u00e1t\u00ed\u00f0 til hei\u00f0urs s\u00f3linni. Helgin var t\u00e1kn um a\u00f0 sumari\u00f0 v\u00e6ri komi\u00f0 og a\u00f0 hitinn og birtan k\u00e6mi aftur. Me\u00f0 t\u00edmanum hefur J\u00f3nsmessukv\u00f6ld \u00fer\u00f3ast og a\u00f0lagast kristinni tr\u00fa, en margt af hef\u00f0bundnum ath\u00f6fnum hefur var\u00f0veist. \u00cd Sv\u00ed\u00fej\u00f3\u00f0 n\u00fat\u00edmans er J\u00f3nsmessukv\u00f6ld haldin h\u00e1t\u00ed\u00f0leg dagana 20.-22. j\u00fan\u00ed \u00e1r hvert og helgin er ein vins\u00e6lasta helgin \u00ed landinu. Margir taka s\u00e9r fr\u00ed fr\u00e1 vinnu og fara heim til fj\u00f6lskyldunnar til a\u00f0 fagna saman. \u00dea\u00f0 eru l\u00edka margir almennir h\u00e1t\u00ed\u00f0ir og vi\u00f0bur\u00f0ir sem eru skipulag\u00f0ir, s.s dans \u00ed kringum ma\u00edst\u00f6ngina og lautarfer\u00f0ir \u00fati \u00ed n\u00e1tt\u00farunni. J\u00f3nsmessun\u00f3tt hefur einnig or\u00f0i\u00f0 mikilv\u00e6gur a\u00f0dr\u00e1ttarafl fyrir fer\u00f0amenn, \u00fear sem margir gestir fer\u00f0ast til Sv\u00ed\u00fej\u00f3\u00f0ar til a\u00f0 taka \u00fe\u00e1tt \u00ed h\u00e1t\u00ed\u00f0arh\u00f6ldunum. Helgin er l\u00edka or\u00f0in t\u00e1kn s\u00e6nskrar menningar og hef\u00f0ar um allan heim.\r\n<h2>Hvernig J\u00f3nsmessukv\u00f6ld er fagna\u00f0 \u00ed Sv\u00ed\u00fej\u00f3\u00f0: Lei\u00f0beiningar um hef\u00f0bundnar athafnir<\/h2>\r\nJ\u00f3nsmessun\u00f3tt er \u00feekkt fyrir hef\u00f0bundnar h\u00e1t\u00ed\u00f0ir, sem hafa var\u00f0veist \u00ed gegnum kynsl\u00f3\u00f0ir. Eitt af merkustu ath\u00f6fnunum er ma\u00edstangadansinn, \u00fear sem f\u00f3lk syngur og dansar \u00ed kringum st\u00f6ng skreyttan bl\u00f3mum og t\u00e6tlur. Dansinn t\u00e1knar lei\u00f0 s\u00f3larinnar um himininn og er mikilv\u00e6gur hluti af h\u00e1t\u00ed\u00f0inni. \u00d6nnur hef\u00f0 er a\u00f0 t\u00edna bl\u00f3m og b\u00faa til kransa til a\u00f0 bera \u00e1 h\u00f6fu\u00f0i\u00f0. Margir kj\u00f3sa a\u00f0 fara \u00fat \u00ed n\u00e1tt\u00faruna og t\u00edna s\u00edn eigin bl\u00f3m \u00e1 me\u00f0an a\u00f0rir kaupa tilb\u00fana kransa. Einnig er bo\u00f0i\u00f0 upp \u00e1 margs konar hef\u00f0bundna r\u00e9tti sem bor\u00f0a\u00f0ir eru \u00e1 J\u00f3nsmessun\u00f3tt, eins og s\u00edld og smurbrau\u00f0. S\u00edld er s\u00farsu\u00f0 fisktegund sem n\u00fdtur mikilla vins\u00e6lda \u00ed Sv\u00ed\u00fej\u00f3\u00f0 en sm\u00f6rg\u00e5sbord er m\u00e1lt\u00ed\u00f0 sem samanstendur af \u00fdmsum forr\u00e9ttum, a\u00f0alr\u00e9ttum og eftirr\u00e9ttum.\r\n<h2>Minningar fr\u00e1 J\u00f3nsmessukv\u00f6ldi: Pers\u00f3nuleg saga um tilefni sumarfr\u00edsins<\/h2>\r\nJ\u00f3nsmessun\u00f3tt er helgi sem hefur alltaf veri\u00f0 m\u00e9r s\u00e9rst\u00f6k. \u00c9g man hvernig \u00e9g sem barn vakna\u00f0i alltaf snemma \u00e1 morgnana til a\u00f0 fara \u00fat og t\u00edna bl\u00f3m me\u00f0 fj\u00f6lskyldunni. Svo f\u00f3rum vi\u00f0 heim og eldu\u00f0um st\u00f3ran kv\u00f6ldver\u00f0 saman, me\u00f0 alls kyns s\u00edld og smorgabor\u00f0um sem okkur \u00fe\u00f3tti v\u00e6nt um. Eftir matinn var kominn t\u00edmi til a\u00f0 dansa \u00ed kringum ma\u00edst\u00f6ngina og \u00e9g man hva\u00f0 \u00e9g hl\u00f3 gla\u00f0ur \u00feegar \u00e9g sn\u00e9rist um me\u00f0 vinum m\u00ednum. Jafnvel \u00fe\u00f3 \u00e9g s\u00e9 ekki lengur barn \u00fe\u00e1 er J\u00f3nsmessun\u00f3tt enn einn af m\u00ednum upp\u00e1haldsh\u00e1t\u00ed\u00f0um \u00e1rsins. \u00c9g hlakka alltaf til a\u00f0 hitta fj\u00f6lskyldu m\u00edna og vini og fagna saman og nj\u00f3ta allra d\u00e1samlegu hef\u00f0irnar sem fylgja helginni.\t\t\t\t\t\t<\/div><!-- .entry-content -->\n\t\t\t\t\t<div class=\"wpsp-read-more\"><a title=\"J\u00f3nsmessukv\u00f6ld\" class=\"wp-show-posts-read-more\" href=\"https:\/\/xn--arbetsdagarperr-ulb.se\/is\/raudir-dagar\/jonsmessukvold\/\">Lestu meira h\u00e9r...<\/a><\/div><\/div><!-- wp-show-posts-inner --><div class=\"wpsp-clear\"><\/div><\/article><article class=\"wp-show-posts-single wpsp-clearfix post-102 post type-post status-publish format-standard hentry category-roda-dagar\" itemtype=\"http:\/\/schema.org\/CreativeWork\" itemscope><div class=\"wp-show-posts-inner\" style=\"\">\t\t\t\t\t\t<header class=\"wp-show-posts-entry-header\">\n\t\t\t\t\t\t\t<h2 class=\"wp-show-posts-entry-title\" itemprop=\"headline\"><a href=\"https:\/\/xn--arbetsdagarperr-ulb.se\/is\/raudir-dagar\/paska-og-hvitasunnudag\/\" rel=\"bookmark\">P\u00e1skadagur og hv\u00edtasunnudagur<\/a><\/h2>\t\t\t\t\t\t<\/header><!-- .entry-header -->\n\t\t\t\t\t\t\t\t\t\t\t<div class=\"wp-show-posts-entry-content\" itemprop=\"text\">\n\t\t\t\t\t\t\t<h2><img loading=\"lazy\" decoding=\"async\" class=\"size-full wp-image-103 aligncenter\" src=\"https:\/\/xn--arbetsdagarperr-ulb.se\/wp-content\/uploads\/2022\/04\/paskdagen-pingstdagen.webp\" alt=\"P\u00e1skadagur - Hv\u00edtasunnudagur\" width=\"945\" height=\"630\" srcset=\"https:\/\/xn--arbetsdagarperr-ulb.se\/wp-content\/uploads\/2022\/04\/paskdagen-pingstdagen.webp 945w, https:\/\/xn--arbetsdagarperr-ulb.se\/wp-content\/uploads\/2022\/04\/paskdagen-pingstdagen-300x200.webp 300w, https:\/\/xn--arbetsdagarperr-ulb.se\/wp-content\/uploads\/2022\/04\/paskdagen-pingstdagen-768x512.webp 768w\" sizes=\"auto, (max-width: 945px) 100vw, 945px\" \/><\/h2>\n<h2><\/h2>\n<h2 style=\"text-align: center;\"><b>P\u00e1skadagur<\/b><\/h2>\n<p><span style=\"font-weight: 400;\">P\u00e1skadagur, e\u00f0a sunnudagur upprisunnar, er haldinn h\u00e1t\u00ed\u00f0legur til minningar um upprisu Jes\u00fa. \u00deessi dagur ber upp \u00e1 sunnudag um p\u00e1skahelgina. P\u00e1skahelgin er me\u00f0 breytilegri dagsetningu og fer fram \u00e1 mismunandi t\u00edmum \u00e1r hvert, \u00e1 t\u00edmabilinu 22. mars til 25. apr\u00edl. P\u00e1skar falla \u00e1 fyrsta sunnudag eftir fyrsta fullt tungl eftir vorjafnd\u00e6gur.\u00a0<\/span><\/p>\n<p><span style=\"font-weight: 400;\">\u00deessi dagur er afar mikilv\u00e6gur \u00ed kristinni kirkju vegna \u00feess a\u00f0 hann fagnar upprisu Jes\u00fa eftir a\u00f0 hafa veri\u00f0 jar\u00f0settur \u00e1 f\u00f6studaginn langa. P\u00e1skadagur tengist gu\u00f0s\u00fej\u00f3nustum og p\u00e1skas\u00e1lmum. \u00dej\u00f3nustan ber margar gle\u00f0itj\u00e1ningar. Hv\u00edtur vefna\u00f0ur, liljur og kerti sem pr\u00fd\u00f0a altari\u00f0 eru allt tengd gle\u00f0i.\u00a0<\/span><\/p>\n<p><span style=\"font-weight: 400;\">P\u00e1skadagur er haldinn h\u00e1t\u00ed\u00f0legur \u00ed kirkjunni og \u00ed s\u00e6nska al\u00fe\u00fd\u00f0uheimilinu. \u00c1 heimilunum er p\u00e1skamaturinn heitur alla p\u00e1skahelgina. \u00dea\u00f0 er bor\u00f0a\u00f0 egg, lambakj\u00f6t, s\u00farsa\u00f0ur lax, Janssons freisting og margt anna\u00f0 g\u00f3\u00f0g\u00e6ti. Egg haldast \u00ed hendur vi\u00f0 p\u00e1skana og eggin eru t\u00e1kn l\u00edfsins, sem tengist upprisu Jes\u00fa. Eggi\u00f0 t\u00e1knar l\u00edfi\u00f0 og \u00far h\u00f6r\u00f0u skelinni, sem er t\u00e1kn grafarinnar, kemur Jes\u00fas fram. Ennfremur er lita\u00feema\u00f0 gult. Gular skreytingar eru alls sta\u00f0ar alla p\u00e1skahelgina. Guli liturinn tengist l\u00edka egginu, e\u00f0a \u00f6llu heldur h\u00e6nunni sem kemur \u00far egginu.\u00a0<\/span><\/p>\n<p>&nbsp;<\/p>\n<h2 style=\"text-align: center;\"><b>Hv\u00edtasunnudagur<\/b><\/h2>\n<p><span style=\"font-weight: 400;\">Hv\u00edtasunnan er 10 d\u00f6gum eftir uppstigningardag og 7 vikum eftir p\u00e1ska. Kristni hef\u00f0 er haldin \u00ed kirkjunni. Tilgangurinn er a\u00f0 minnast \u00feess a\u00f0 heilagur andi birtist l\u00e6risveinunum og mynda\u00f0i \u00fear me\u00f0 einnig fyrstu kristnu kirkjuna. \u00dev\u00ed er yfirleitt liti\u00f0 \u00e1 hv\u00edtasunnuna sem afm\u00e6li kirkjunnar. Hv\u00edtasunnan er einnig venjulega k\u00f6llu\u00f0 t\u00edmi upprifjunarinnar. S\u00f6gulega hefur hv\u00edtasunnan sn\u00faist um h\u00e1t\u00ed\u00f0 kirkjubyggingarinnar. Kirkjan hefur me\u00f0al annars veri\u00f0 skreytt me\u00f0 laufskr\u00fa\u00f0i og kertum. \u00cd enn eldri hef\u00f0 hefur hv\u00edtasunnan veri\u00f0 f\u00f3rnardagur. H\u00e9r var hv\u00edtasunnubr\u00fa\u00f0ur f\u00e6r\u00f0 \u00ed safna\u00f0arheimili og gar\u00f0 \u00far gar\u00f0i til a\u00f0 \u00f3ska eftir gj\u00f6fum. H\u00fan var kl\u00e6dd \u00ed br\u00fa\u00f0kaupsf\u00f6t, \u00fe\u00f3 yfirleitt ekki eins v\u00f6ndu\u00f0 og \u00ed alv\u00f6ru br\u00fa\u00f0kaupi. Hef\u00f0 hv\u00edtasunnubr\u00fa\u00f0a var\u00f0 nokku\u00f0 umdeild sem \u00ed dag hefur allt a\u00f0ra merkingu \u00fear sem algengt er a\u00f0 gifta sig \u00e1 hv\u00edtasunnu. <\/span><\/p>\n\t\t\t\t\t\t<\/div><!-- .entry-content -->\n\t\t\t\t\t<div class=\"wpsp-read-more\"><a title=\"P\u00e1skadagur og hv\u00edtasunnudagur\" class=\"wp-show-posts-read-more\" href=\"https:\/\/xn--arbetsdagarperr-ulb.se\/is\/raudir-dagar\/paska-og-hvitasunnudag\/\">Lestu meira h\u00e9r...<\/a><\/div><\/div><!-- wp-show-posts-inner --><div class=\"wpsp-clear\"><\/div><\/article><\/section><!-- .wp-show-posts --><\/p>","protected":false},"excerpt":{"rendered":"<p>&nbsp; Vinnudagar \u00e1 \u00e1ri \u00e1ri\u00f0 2025 Venjulega er tala\u00f0 um 160 vinnustundir \u00e1 m\u00e1nu\u00f0i e\u00f0a 250 vinnudaga \u00e1 \u00e1ri \u00feegar r\u00e6tt er um vinnu\u00e1lag. En \u00feessar t\u00f6lur eru ekki alltaf n\u00e1kv\u00e6mar. Sem d\u00e6mi m\u00e1 nefna a\u00f0 \u00e1ri\u00f0 2025 er fj\u00f6ldi vinnustunda breytilegur fr\u00e1 144 til 184, a\u00f0 me\u00f0altali 167 stundir \u00e1 m\u00e1nu\u00f0i. Alls ver\u00f0a 251...<\/p>\n<p class=\"read-more\"> <a class=\"\" href=\"https:\/\/xn--arbetsdagarperr-ulb.se\/is\/raudir-dagar\/paska-og-hvitasunnudag\/\"> <span class=\"screen-reader-text\">P\u00e1skadagur og hv\u00edtasunnudagur<\/span> Lestu meira &quot;<\/a><\/p>","protected":false},"author":1,"featured_media":0,"parent":0,"menu_order":0,"comment_status":"closed","ping_status":"closed","template":"","meta":{"site-sidebar-layout":"default","site-content-layout":"default","ast-main-header-display":"","ast-hfb-above-header-display":"","ast-hfb-below-header-display":"","ast-hfb-mobile-header-display":"","site-post-title":"","ast-breadcrumbs-content":"","ast-featured-img":"","footer-sml-layout":"","theme-transparent-header-meta":"default","adv-header-id-meta":"","stick-header-meta":"","header-above-stick-meta":"","header-main-stick-meta":"","header-below-stick-meta":"","footnotes":""},"class_list":["post-6631","page","type-page","status-publish","hentry"],"_links":{"self":[{"href":"https:\/\/xn--arbetsdagarperr-ulb.se\/is\/wp-json\/wp\/v2\/pages\/6631","targetHints":{"allow":["GET"]}}],"collection":[{"href":"https:\/\/xn--arbetsdagarperr-ulb.se\/is\/wp-json\/wp\/v2\/pages"}],"about":[{"href":"https:\/\/xn--arbetsdagarperr-ulb.se\/is\/wp-json\/wp\/v2\/types\/page"}],"author":[{"embeddable":true,"href":"https:\/\/xn--arbetsdagarperr-ulb.se\/is\/wp-json\/wp\/v2\/users\/1"}],"replies":[{"embeddable":true,"href":"https:\/\/xn--arbetsdagarperr-ulb.se\/is\/wp-json\/wp\/v2\/comments?post=6631"}],"version-history":[{"count":5,"href":"https:\/\/xn--arbetsdagarperr-ulb.se\/is\/wp-json\/wp\/v2\/pages\/6631\/revisions"}],"predecessor-version":[{"id":6739,"href":"https:\/\/xn--arbetsdagarperr-ulb.se\/is\/wp-json\/wp\/v2\/pages\/6631\/revisions\/6739"}],"wp:attachment":[{"href":"https:\/\/xn--arbetsdagarperr-ulb.se\/is\/wp-json\/wp\/v2\/media?parent=6631"}],"curies":[{"name":"wp","href":"https:\/\/api.w.org\/{rel}","templated":true}]}}