{"id":6713,"date":"2025-01-25T11:01:52","date_gmt":"2025-01-25T10:01:52","guid":{"rendered":"https:\/\/xn--arbetsdagarperr-ulb.se\/?page_id=6713"},"modified":"2025-01-25T11:41:28","modified_gmt":"2025-01-25T10:41:28","slug":"december-2025","status":"publish","type":"page","link":"https:\/\/xn--arbetsdagarperr-ulb.se\/fi\/joulukuuta-2025\/","title":{"rendered":"Joulukuu 2025"},"content":{"rendered":"<h1><strong>Joulukuun 2025 ty\u00f6ajat ja strategia<\/strong><\/h1>\n<p>Joulukuussa 2025 yhteens\u00e4 <strong>22 ty\u00f6p\u00e4iv\u00e4\u00e4<\/strong> (176 ty\u00f6tuntia) koko kuukauden 8 tunnin ty\u00f6p\u00e4iv\u00e4n perusteella ja viikonloput huomioiden. Joulukuussa on 2 punaista p\u00e4iv\u00e4\u00e4, jotka mahdollistavat erikoispitk\u00e4n loman.<\/p>\n<p><strong>Ty\u00f6p\u00e4ivien jakautuminen viikossa:<\/strong><\/p>\n<ul>\n<li><strong>Viikko 48:<\/strong> 5 ty\u00f6p\u00e4iv\u00e4\u00e4 (40 tuntia)<\/li>\n<li><strong>Viikko 49:<\/strong> 5 ty\u00f6p\u00e4iv\u00e4\u00e4 (40 tuntia)<\/li>\n<li><strong>Viikko 50:<\/strong> 5 ty\u00f6p\u00e4iv\u00e4\u00e4 (40 tuntia)<\/li>\n<li><strong>Viikko 51:<\/strong> 5 ty\u00f6p\u00e4iv\u00e4\u00e4 (40 tuntia)<\/li>\n<li><strong>Viikko 52:<\/strong> 3 ty\u00f6p\u00e4iv\u00e4\u00e4 (24 tuntia) (joulup\u00e4iv\u00e4, tapaninp\u00e4iv\u00e4 ovat punaisia p\u00e4ivi\u00e4)<\/li>\n<li><strong>Viikko 1:<\/strong>\u00a0 \u00a03 ty\u00f6p\u00e4iv\u00e4\u00e4 (24 tuntia)<\/li>\n<\/ul>\n<h6><strong>Punaiset p\u00e4iv\u00e4t ja viikonloput joulukuussa 2025:<\/strong><\/h6>\n<ol>\n<li><strong>Joulup\u00e4iv\u00e4:<\/strong> 25. joulukuuta (torstai)<\/li>\n<li><strong>Tapaninp\u00e4iv\u00e4:<\/strong> 26. joulukuuta (perjantai)<\/li>\n<\/ol>\n<p><strong>Strategia vapaa-ajan maksimoimiseksi:<\/strong><\/p>\n<p><strong>Ehdotus 1: Ota lomaa joulun aikoihin pitk\u00e4\u00e4 lomaa varten<\/strong><\/p>\n<ul>\n<li><strong>Viikko 1:<\/strong> Pid\u00e4 vapaata 29.\u201331.12., 2.1.2026 (maanantai-keskiviikko ja perjantai)\n<ul>\n<li><strong>Vaikutus:<\/strong> Saat pitk\u00e4n loman torstaista 25. joulukuuta sunnuntaihin 3. tammikuuta, mik\u00e4 antaa sinulle 10 per\u00e4kk\u00e4ist\u00e4 vapaap\u00e4iv\u00e4\u00e4 vain 4 lomap\u00e4iv\u00e4ll\u00e4.<\/li>\n<\/ul>\n<\/li>\n<\/ul>\n<p><strong>Yhteenveto:<br \/>\n<\/strong>Pitk\u00e4n loman luomiseksi vuoden 2025 joulupyhien ymp\u00e4rille on suositeltavaa pit\u00e4\u00e4 lomaa viikolla 1 (2026) 29.\u201331.12 (maanantai\u2013keskiviikko). K\u00e4ytt\u00e4m\u00e4ll\u00e4 vain 4 lomap\u00e4iv\u00e4\u00e4 saat pitk\u00e4n loman torstaista 25. joulukuuta sunnuntaihin 3. tammikuuta, jolloin saat 10 per\u00e4kk\u00e4ist\u00e4 vapaap\u00e4iv\u00e4\u00e4. T\u00e4m\u00e4 antaa sinulle runsaasti aikaa palautua ja nauttia lomasta ylim\u00e4\u00e4r\u00e4isen vapaa-ajan kanssa.<strong><br \/>\n<\/strong><\/p>\n<p>&nbsp;<\/p>","protected":false},"excerpt":{"rendered":"<p>Arbetstimmar och strategi f\u00f6r december 2025 I december 2025 har man totalt 22 arbetsdagar (176 arbetstimmar) under hela m\u00e5naden, baserat p\u00e5 en arbetsdag p\u00e5 8 timmar och med h\u00e4nsyn till helger. I december finns det 2 r\u00f6da dagar som ger m\u00f6jligheten till extra l\u00e5ngledighet. F\u00f6rdelning av arbetsdagar per vecka: Vecka 48: 5 arbetsdagar (40 timmar) &hellip;<\/p>\n<p class=\"read-more\"> <a class=\"\" href=\"https:\/\/xn--arbetsdagarperr-ulb.se\/fi\/joulukuuta-2025\/\"> <span class=\"screen-reader-text\">Joulukuu 2025<\/span> Lue lis\u00e4\u00e4 &quot;<\/a><\/p>","protected":false},"author":1,"featured_media":0,"parent":0,"menu_order":0,"comment_status":"closed","ping_status":"closed","template":"","meta":{"site-sidebar-layout":"default","site-content-layout":"default","ast-main-header-display":"","ast-hfb-above-header-display":"","ast-hfb-below-header-display":"","ast-hfb-mobile-header-display":"","site-post-title":"","ast-breadcrumbs-content":"","ast-featured-img":"","footer-sml-layout":"","theme-transparent-header-meta":"default","adv-header-id-meta":"","stick-header-meta":"","header-above-stick-meta":"","header-main-stick-meta":"","header-below-stick-meta":"","footnotes":""},"class_list":["post-6713","page","type-page","status-publish","hentry"],"_links":{"self":[{"href":"https:\/\/xn--arbetsdagarperr-ulb.se\/fi\/wp-json\/wp\/v2\/pages\/6713","targetHints":{"allow":["GET"]}}],"collection":[{"href":"https:\/\/xn--arbetsdagarperr-ulb.se\/fi\/wp-json\/wp\/v2\/pages"}],"about":[{"href":"https:\/\/xn--arbetsdagarperr-ulb.se\/fi\/wp-json\/wp\/v2\/types\/page"}],"author":[{"embeddable":true,"href":"https:\/\/xn--arbetsdagarperr-ulb.se\/fi\/wp-json\/wp\/v2\/users\/1"}],"replies":[{"embeddable":true,"href":"https:\/\/xn--arbetsdagarperr-ulb.se\/fi\/wp-json\/wp\/v2\/comments?post=6713"}],"version-history":[{"count":5,"href":"https:\/\/xn--arbetsdagarperr-ulb.se\/fi\/wp-json\/wp\/v2\/pages\/6713\/revisions"}],"predecessor-version":[{"id":6761,"href":"https:\/\/xn--arbetsdagarperr-ulb.se\/fi\/wp-json\/wp\/v2\/pages\/6713\/revisions\/6761"}],"wp:attachment":[{"href":"https:\/\/xn--arbetsdagarperr-ulb.se\/fi\/wp-json\/wp\/v2\/media?parent=6713"}],"curies":[{"name":"wp","href":"https:\/\/api.w.org\/{rel}","templated":true}]}}