{"id":6705,"date":"2025-01-25T09:50:41","date_gmt":"2025-01-25T08:50:41","guid":{"rendered":"https:\/\/xn--arbetsdagarperr-ulb.se\/?page_id=6705"},"modified":"2025-01-25T11:40:30","modified_gmt":"2025-01-25T10:40:30","slug":"november-2025","status":"publish","type":"page","link":"https:\/\/xn--arbetsdagarperr-ulb.se\/fi\/marraskuu-2025\/","title":{"rendered":"marraskuuta 2025"},"content":{"rendered":"<h1><strong>Ty\u00f6ajat ja strategia marraskuulle 2025<\/strong><\/h1>\n<p>Marraskuussa 2025 sinulla on yhteens\u00e4 <strong>21 ty\u00f6p\u00e4iv\u00e4\u00e4<\/strong> (<strong>168 ty\u00f6tuntia<\/strong>) koko kuukauden 8 tunnin ty\u00f6p\u00e4iv\u00e4n perusteella ja viikonloput huomioon ottaen. Marraskuussa on yksi punainen p\u00e4iv\u00e4..<\/p>\n<p>Ty\u00f6p\u00e4ivien jakautuminen viikossa:<\/p>\n<ul>\n<li><strong>Viikko 45:<\/strong> 5 ty\u00f6p\u00e4iv\u00e4\u00e4 (40 tuntia)<\/li>\n<li><strong>Viikko 46:<\/strong> 5 ty\u00f6p\u00e4iv\u00e4\u00e4 (40 tuntia)<\/li>\n<li><strong>Viikko 47:<\/strong> 5 ty\u00f6p\u00e4iv\u00e4\u00e4 (40 tuntia)<\/li>\n<li><strong>Viikko 48:<\/strong> 5 ty\u00f6p\u00e4iv\u00e4\u00e4 (40 tuntia)<\/li>\n<\/ul>\n<h6><strong>Punaiset p\u00e4iv\u00e4t ja viikonloput marraskuussa 2025:<\/strong><\/h6>\n<ol>\n<li><strong>Kaikkien pyhien p\u00e4iv\u00e4:<\/strong> 1. marraskuuta (lauantai)<\/li>\n<\/ol>\n<p>Strategia vapaa-ajan maksimoimiseksi:<\/p>\n<p>Ehdotus 1: Pid\u00e4 lomaa ennen pyh\u00e4inp\u00e4iv\u00e4\u00e4 pitk\u00e4\u00e4 lomaa varten.<\/p>\n<ul>\n<li><strong>Viikko 44:<\/strong> Pid\u00e4 3.\u20137. marraskuuta (maanantaista perjantaihin) vapaata.\n<ul>\n<li><strong>Vaikutus:<\/strong> Saat pitk\u00e4n loman lauantaista 1. marraskuuta sunnuntaihin 9. marraskuuta, mik\u00e4 antaa sinulle 9 per\u00e4kk\u00e4ist\u00e4 vapaap\u00e4iv\u00e4\u00e4 vain 5 lomap\u00e4iv\u00e4n\u00e4.<\/li>\n<\/ul>\n<\/li>\n<\/ul>\n<p><strong>Yhteenveto:<\/strong><br \/>\nK\u00e4ytt\u00e4m\u00e4ll\u00e4 lomap\u00e4ivi\u00e4 strategisesti voit nauttia pitkist\u00e4 viikonlopuista ja pidemm\u00e4st\u00e4 toipumisjaksosta.<\/p>","protected":false},"excerpt":{"rendered":"<p>Arbetstimmar och strategi f\u00f6r november 2025 I november 2025 har man totalt 21 arbetsdagar (168 arbetstimmar) under hela m\u00e5naden, baserat p\u00e5 en arbetsdag p\u00e5 8 timmar och med h\u00e4nsyn till helger. I november finns det 1 r\u00f6d dag.. F\u00f6rdelning av arbetsdagar per vecka: Vecka 45: 5 arbetsdagar (40 timmar) Vecka 46: 5 arbetsdagar (40 timmar) &hellip;<\/p>\n<p class=\"read-more\"> <a class=\"\" href=\"https:\/\/xn--arbetsdagarperr-ulb.se\/fi\/marraskuu-2025\/\"> <span class=\"screen-reader-text\">marraskuuta 2025<\/span> Lue lis\u00e4\u00e4 &quot;<\/a><\/p>","protected":false},"author":1,"featured_media":0,"parent":0,"menu_order":0,"comment_status":"closed","ping_status":"closed","template":"","meta":{"site-sidebar-layout":"default","site-content-layout":"default","ast-main-header-display":"","ast-hfb-above-header-display":"","ast-hfb-below-header-display":"","ast-hfb-mobile-header-display":"","site-post-title":"","ast-breadcrumbs-content":"","ast-featured-img":"","footer-sml-layout":"","theme-transparent-header-meta":"default","adv-header-id-meta":"","stick-header-meta":"","header-above-stick-meta":"","header-main-stick-meta":"","header-below-stick-meta":"","footnotes":""},"class_list":["post-6705","page","type-page","status-publish","hentry"],"_links":{"self":[{"href":"https:\/\/xn--arbetsdagarperr-ulb.se\/fi\/wp-json\/wp\/v2\/pages\/6705","targetHints":{"allow":["GET"]}}],"collection":[{"href":"https:\/\/xn--arbetsdagarperr-ulb.se\/fi\/wp-json\/wp\/v2\/pages"}],"about":[{"href":"https:\/\/xn--arbetsdagarperr-ulb.se\/fi\/wp-json\/wp\/v2\/types\/page"}],"author":[{"embeddable":true,"href":"https:\/\/xn--arbetsdagarperr-ulb.se\/fi\/wp-json\/wp\/v2\/users\/1"}],"replies":[{"embeddable":true,"href":"https:\/\/xn--arbetsdagarperr-ulb.se\/fi\/wp-json\/wp\/v2\/comments?post=6705"}],"version-history":[{"count":10,"href":"https:\/\/xn--arbetsdagarperr-ulb.se\/fi\/wp-json\/wp\/v2\/pages\/6705\/revisions"}],"predecessor-version":[{"id":6760,"href":"https:\/\/xn--arbetsdagarperr-ulb.se\/fi\/wp-json\/wp\/v2\/pages\/6705\/revisions\/6760"}],"wp:attachment":[{"href":"https:\/\/xn--arbetsdagarperr-ulb.se\/fi\/wp-json\/wp\/v2\/media?parent=6705"}],"curies":[{"name":"wp","href":"https:\/\/api.w.org\/{rel}","templated":true}]}}