{"id":6698,"date":"2025-01-25T09:32:09","date_gmt":"2025-01-25T08:32:09","guid":{"rendered":"https:\/\/xn--arbetsdagarperr-ulb.se\/?page_id=6698"},"modified":"2025-01-25T11:30:57","modified_gmt":"2025-01-25T10:30:57","slug":"september-2025","status":"publish","type":"page","link":"https:\/\/xn--arbetsdagarperr-ulb.se\/fi\/syyskuu-2025\/","title":{"rendered":"Syyskuu 2025"},"content":{"rendered":"<h1><strong>Ty\u00f6ajat ja strategia syyskuulle 2025<\/strong><\/h1>\n<p>Syyskuussa 2025 sinulla on yhteens\u00e4 <strong>22 ty\u00f6p\u00e4iv\u00e4\u00e4 (176 ty\u00f6tuntia)<\/strong> koko kuukauden 8 tunnin ty\u00f6p\u00e4iv\u00e4n perusteella ja viikonloput huomioon ottaen. Koska syyskuussa ei ole punaisia p\u00e4ivi\u00e4, lomap\u00e4ivill\u00e4 voidaan luoda pidempi\u00e4 lomia.<\/p>\n<h3>Ty\u00f6p\u00e4ivien jakautuminen viikossa:<\/h3>\n<ul>\n<li><strong>Viikko 36:<\/strong> 5 ty\u00f6p\u00e4iv\u00e4\u00e4 (40 tuntia)<\/li>\n<li><strong>Viikko 37:<\/strong> 5 ty\u00f6p\u00e4iv\u00e4\u00e4 (40 tuntia)<\/li>\n<li><strong>Viikko 38:<\/strong> 5 ty\u00f6p\u00e4iv\u00e4\u00e4 (40 tuntia)<\/li>\n<li><strong>Viikko 39:<\/strong> 5 ty\u00f6p\u00e4iv\u00e4\u00e4 (40 tuntia)<\/li>\n<li><strong>Viikko 40:<\/strong> 2 ty\u00f6p\u00e4iv\u00e4\u00e4 (16 tuntia)<\/li>\n<\/ul>\n<h6><strong>Punaiset p\u00e4iv\u00e4t ja viikonloput syyskuussa 2025:<\/strong><\/h6>\n<p><strong>Ehdotus 1: Pid\u00e4 lomaa kuun lopussa pitk\u00e4\u00e4 lomaa varten<\/strong><\/p>\n<ul>\n<li><strong>Viikko 40:<\/strong> Pid\u00e4 29.-30.9 vapaata (maanantai-tiistai).\n<ul>\n<li><strong>Vaikutus:<\/strong> Saat pitk\u00e4n loman lauantaista 27. syyskuuta sunnuntaihin 5. lokakuuta, jolloin saat 9 per\u00e4kk\u00e4ist\u00e4 vapaap\u00e4iv\u00e4\u00e4 vain kahdella lomap\u00e4iv\u00e4ll\u00e4.<\/li>\n<\/ul>\n<\/li>\n<\/ul>\n<p><strong>Yhteenveto:<br \/>\n<\/strong><br \/>\nPitk\u00e4n jatkuvan loman saamiseksi syyskuussa 2025 voit pit\u00e4\u00e4 29.-30.9. (maanantai-tiistai) vapaata viikolla 40. K\u00e4ytt\u00e4m\u00e4ll\u00e4 vain 2 lomap\u00e4iv\u00e4\u00e4 saat pitk\u00e4n loman lauantaista 27.9. - sunnuntaihin 5.10. , joka antaa sinulle 9 per\u00e4kk\u00e4ist\u00e4 vapaap\u00e4iv\u00e4\u00e4. T\u00e4m\u00e4 antaa sinulle mahdollisuuden rentoutua ja palautua pidemm\u00e4ksi aikaa.<\/p>\n<p>&nbsp;<\/p>","protected":false},"excerpt":{"rendered":"<p>Arbetstimmar och strategi f\u00f6r september 2025 I september 2025 har man totalt 22 arbetsdagar (176 arbetstimmar) under hela m\u00e5naden, baserat p\u00e5 en arbetsdag p\u00e5 8 timmar och med h\u00e4nsyn till helger. Eftersom det inte finns n\u00e5gra r\u00f6da dagar i september, kan man anv\u00e4nda semesterdagar f\u00f6r att skapa l\u00e4ngre ledigheter. F\u00f6rdelning av arbetsdagar per vecka: Vecka &hellip;<\/p>\n<p class=\"read-more\"> <a class=\"\" href=\"https:\/\/xn--arbetsdagarperr-ulb.se\/fi\/syyskuu-2025\/\"> <span class=\"screen-reader-text\">Syyskuu 2025<\/span> Lue lis\u00e4\u00e4 &quot;<\/a><\/p>","protected":false},"author":1,"featured_media":0,"parent":0,"menu_order":0,"comment_status":"closed","ping_status":"closed","template":"","meta":{"site-sidebar-layout":"default","site-content-layout":"default","ast-main-header-display":"","ast-hfb-above-header-display":"","ast-hfb-below-header-display":"","ast-hfb-mobile-header-display":"","site-post-title":"","ast-breadcrumbs-content":"","ast-featured-img":"","footer-sml-layout":"","theme-transparent-header-meta":"default","adv-header-id-meta":"","stick-header-meta":"","header-above-stick-meta":"","header-main-stick-meta":"","header-below-stick-meta":"","footnotes":""},"class_list":["post-6698","page","type-page","status-publish","hentry"],"_links":{"self":[{"href":"https:\/\/xn--arbetsdagarperr-ulb.se\/fi\/wp-json\/wp\/v2\/pages\/6698","targetHints":{"allow":["GET"]}}],"collection":[{"href":"https:\/\/xn--arbetsdagarperr-ulb.se\/fi\/wp-json\/wp\/v2\/pages"}],"about":[{"href":"https:\/\/xn--arbetsdagarperr-ulb.se\/fi\/wp-json\/wp\/v2\/types\/page"}],"author":[{"embeddable":true,"href":"https:\/\/xn--arbetsdagarperr-ulb.se\/fi\/wp-json\/wp\/v2\/users\/1"}],"replies":[{"embeddable":true,"href":"https:\/\/xn--arbetsdagarperr-ulb.se\/fi\/wp-json\/wp\/v2\/comments?post=6698"}],"version-history":[{"count":5,"href":"https:\/\/xn--arbetsdagarperr-ulb.se\/fi\/wp-json\/wp\/v2\/pages\/6698\/revisions"}],"predecessor-version":[{"id":6752,"href":"https:\/\/xn--arbetsdagarperr-ulb.se\/fi\/wp-json\/wp\/v2\/pages\/6698\/revisions\/6752"}],"wp:attachment":[{"href":"https:\/\/xn--arbetsdagarperr-ulb.se\/fi\/wp-json\/wp\/v2\/media?parent=6698"}],"curies":[{"name":"wp","href":"https:\/\/api.w.org\/{rel}","templated":true}]}}