{"id":6696,"date":"2025-01-23T15:25:46","date_gmt":"2025-01-23T14:25:46","guid":{"rendered":"https:\/\/xn--arbetsdagarperr-ulb.se\/?page_id=6696"},"modified":"2025-01-25T11:29:55","modified_gmt":"2025-01-25T10:29:55","slug":"augusti-2025","status":"publish","type":"page","link":"https:\/\/xn--arbetsdagarperr-ulb.se\/fi\/elokuu-2025\/","title":{"rendered":"Elokuu 2025"},"content":{"rendered":"<h1><strong>Elokuun 2025 ty\u00f6ajat ja strategia<\/strong><\/h1>\n<p>Elokuussa 2025 sinulla on yhteens\u00e4 <strong>22 ty\u00f6p\u00e4iv\u00e4\u00e4<\/strong> (176 ty\u00f6tuntia) koko kuukauden 8 tunnin ty\u00f6p\u00e4iv\u00e4n perusteella ja viikonloput huomioiden. Koska elokuussa ei ole punaisia p\u00e4ivi\u00e4, on mahdollista suunnitella pidempi\u00e4 lomia k\u00e4ytt\u00e4m\u00e4ll\u00e4 lomap\u00e4ivi\u00e4.<\/p>\n<h3>Ty\u00f6p\u00e4ivien jakautuminen viikossa:<\/h3>\n<ul>\n<li><strong>Viikko 31:<\/strong> 1 ty\u00f6p\u00e4iv\u00e4 (8 tuntia)<\/li>\n<li><strong>Viikko 32:<\/strong> 5 ty\u00f6p\u00e4iv\u00e4\u00e4 (40 tuntia)<\/li>\n<li><strong>Viikko 33:<\/strong> 5 ty\u00f6p\u00e4iv\u00e4\u00e4 (40 tuntia)<\/li>\n<li><strong>Viikko 34:<\/strong> 5 ty\u00f6p\u00e4iv\u00e4\u00e4 (40 tuntia)<\/li>\n<li><strong>Viikko 35:<\/strong> 5 ty\u00f6p\u00e4iv\u00e4\u00e4 (40 tuntia)<\/li>\n<\/ul>\n<p><strong>Punaiset p\u00e4iv\u00e4t ja viikonloput elokuussa 2025:<\/strong><\/p>\n<p>Ehdotus 1: Pid\u00e4 vapaata saadaksesi pitk\u00e4n loman kuun lopussa<\/p>\n<ul>\n<li><strong>Viikko 35:<\/strong> Pid\u00e4 25.\u201329. elokuuta vapaata (maanantaista perjantaihin).\n<ul>\n<li>Vaikutus: Saat pitk\u00e4n loman lauantaista 23. elokuuta sunnuntaihin 31. elokuuta, jolloin saat 9 per\u00e4kk\u00e4ist\u00e4 vapaap\u00e4iv\u00e4\u00e4 vain 4 lomap\u00e4iv\u00e4ll\u00e4.<\/li>\n<\/ul>\n<\/li>\n<\/ul>\n<p><strong>Yhteenveto:<\/strong><\/p>\n<p>Elokuun 2025 enimm\u00e4isvapaaseen on suositeltavaa k\u00e4ytt\u00e4\u00e4 4 lomap\u00e4iv\u00e4\u00e4. Suunnittelemalla lomap\u00e4iv\u00e4si strategisesti voit luoda pidemm\u00e4n toipumisjakson, jolloin voit nauttia tasaisemm\u00e4st\u00e4 vapaa-ajasta ja palautua kunnolla syksyyn.<\/p>","protected":false},"excerpt":{"rendered":"<p>Arbetstimmar och strategi f\u00f6r augusti 2025 I augusti 2025 har man totalt 22 arbetsdagar (176 arbetstimmar) under hela m\u00e5naden, baserat p\u00e5 en arbetsdag p\u00e5 8 timmar och med h\u00e4nsyn till helger. Eftersom det inte finns n\u00e5gra r\u00f6da dagar i augusti, \u00e4r det m\u00f6jligt att planera l\u00e4ngre ledigheter genom att anv\u00e4nda semesterdagar. F\u00f6rdelning av arbetsdagar per &hellip;<\/p>\n<p class=\"read-more\"> <a class=\"\" href=\"https:\/\/xn--arbetsdagarperr-ulb.se\/fi\/elokuu-2025\/\"> <span class=\"screen-reader-text\">Elokuu 2025<\/span> Lue lis\u00e4\u00e4 &quot;<\/a><\/p>","protected":false},"author":1,"featured_media":0,"parent":0,"menu_order":0,"comment_status":"closed","ping_status":"closed","template":"","meta":{"site-sidebar-layout":"default","site-content-layout":"default","ast-main-header-display":"","ast-hfb-above-header-display":"","ast-hfb-below-header-display":"","ast-hfb-mobile-header-display":"","site-post-title":"","ast-breadcrumbs-content":"","ast-featured-img":"","footer-sml-layout":"","theme-transparent-header-meta":"default","adv-header-id-meta":"","stick-header-meta":"","header-above-stick-meta":"","header-main-stick-meta":"","header-below-stick-meta":"","footnotes":""},"class_list":["post-6696","page","type-page","status-publish","hentry"],"_links":{"self":[{"href":"https:\/\/xn--arbetsdagarperr-ulb.se\/fi\/wp-json\/wp\/v2\/pages\/6696","targetHints":{"allow":["GET"]}}],"collection":[{"href":"https:\/\/xn--arbetsdagarperr-ulb.se\/fi\/wp-json\/wp\/v2\/pages"}],"about":[{"href":"https:\/\/xn--arbetsdagarperr-ulb.se\/fi\/wp-json\/wp\/v2\/types\/page"}],"author":[{"embeddable":true,"href":"https:\/\/xn--arbetsdagarperr-ulb.se\/fi\/wp-json\/wp\/v2\/users\/1"}],"replies":[{"embeddable":true,"href":"https:\/\/xn--arbetsdagarperr-ulb.se\/fi\/wp-json\/wp\/v2\/comments?post=6696"}],"version-history":[{"count":4,"href":"https:\/\/xn--arbetsdagarperr-ulb.se\/fi\/wp-json\/wp\/v2\/pages\/6696\/revisions"}],"predecessor-version":[{"id":6751,"href":"https:\/\/xn--arbetsdagarperr-ulb.se\/fi\/wp-json\/wp\/v2\/pages\/6696\/revisions\/6751"}],"wp:attachment":[{"href":"https:\/\/xn--arbetsdagarperr-ulb.se\/fi\/wp-json\/wp\/v2\/media?parent=6696"}],"curies":[{"name":"wp","href":"https:\/\/api.w.org\/{rel}","templated":true}]}}