{"id":6691,"date":"2025-01-23T14:38:41","date_gmt":"2025-01-23T13:38:41","guid":{"rendered":"https:\/\/xn--arbetsdagarperr-ulb.se\/?page_id=6691"},"modified":"2025-01-25T11:29:01","modified_gmt":"2025-01-25T10:29:01","slug":"juli-2025","status":"publish","type":"page","link":"https:\/\/xn--arbetsdagarperr-ulb.se\/fi\/heinakuu-2025\/","title":{"rendered":"Hein\u00e4kuu 2025"},"content":{"rendered":"<h1><strong>Hein\u00e4kuun 2025 ty\u00f6ajat ja strategia<\/strong><\/h1>\n<p>Hein\u00e4kuussa 2025 sinulla on yhteens\u00e4 <strong>23 ty\u00f6p\u00e4iv\u00e4\u00e4<\/strong> (<strong>184 ty\u00f6tuntia<\/strong>) koko kuukauden 8 tunnin ty\u00f6p\u00e4iv\u00e4n perusteella ja viikonloput huomioon ottaen. Koska hein\u00e4kuussa ei ole punaisia p\u00e4ivi\u00e4, on mahdollista suunnitella pidempi\u00e4 lomia k\u00e4ytt\u00e4m\u00e4ll\u00e4 lomap\u00e4ivi\u00e4.<\/p>\n<p><strong>Ty\u00f6p\u00e4ivien jakautuminen viikossa:<\/strong><\/p>\n<ul>\n<li><strong>Viikko 27:<\/strong> 4 ty\u00f6p\u00e4iv\u00e4\u00e4 (32 tuntia)<\/li>\n<li><strong>Viikko 28:<\/strong> 5 ty\u00f6p\u00e4iv\u00e4\u00e4 (40 tuntia)<\/li>\n<li><strong>Viikko 29:<\/strong> 5 ty\u00f6p\u00e4iv\u00e4\u00e4 (40 tuntia)<\/li>\n<li><strong>Viikko 30:<\/strong> 5 ty\u00f6p\u00e4iv\u00e4\u00e4 (40 tuntia)<\/li>\n<li><strong>Viikko 31:<\/strong> 4 ty\u00f6p\u00e4iv\u00e4\u00e4 (32 tuntia)<\/li>\n<\/ul>\n<p><strong>Punaiset p\u00e4iv\u00e4t ja viikonloput hein\u00e4kuussa 2025:<\/strong><\/p>\n<p>Ehdotus 1: Pid\u00e4 lomaa kuun lopussa<\/p>\n<ul>\n<li>Viikko 31: Pid\u00e4 28.\u201331. hein\u00e4kuuta vapaata (tiistaista perjantaihin).\n<ul>\n<li>Vaikutus: Saat pitk\u00e4n loman lauantaista 26. hein\u00e4kuuta sunnuntaihin 3. elokuuta, jolloin saat 9 per\u00e4kk\u00e4ist\u00e4 vapaap\u00e4iv\u00e4\u00e4 vain 4 lomap\u00e4iv\u00e4n\u00e4.<\/li>\n<\/ul>\n<\/li>\n<\/ul>\n<p><strong>Yhteenveto:<\/strong><br \/>\nPidemm\u00e4n jatkuvan loman saamiseksi hein\u00e4kuussa 2025 on suositeltavaa pit\u00e4\u00e4 28.-31.7. (tiistaista perjantaihin) vapaata viikolla 31. N\u00e4in saat pitk\u00e4n loman lauantaista 26.7. - sunnuntaihin 3.8. , joka antaa sinulle yhteens\u00e4 9 vapaap\u00e4iv\u00e4\u00e4 vain 4 lomap\u00e4iv\u00e4ll\u00e4. T\u00e4m\u00e4 on loistava tapa nauttia pidemm\u00e4st\u00e4 toipumisajasta k\u00e4ytt\u00e4m\u00e4tt\u00e4 liikaa lomap\u00e4ivi\u00e4.<strong><br \/>\n<\/strong><\/p>\n<p>&nbsp;<\/p>","protected":false},"excerpt":{"rendered":"<p>Arbetstimmar och strategi f\u00f6r juli 2025 I juli 2025 har man totalt 23 arbetsdagar (184 arbetstimmar) under hela m\u00e5naden, baserat p\u00e5 en arbetsdag p\u00e5 8 timmar och med h\u00e4nsyn till helger. Eftersom det inte finns n\u00e5gra r\u00f6da dagar i juli, \u00e4r det m\u00f6jligt att planera l\u00e4ngre ledigheter genom att anv\u00e4nda semesterdagar. F\u00f6rdelning av arbetsdagar per &hellip;<\/p>\n<p class=\"read-more\"> <a class=\"\" href=\"https:\/\/xn--arbetsdagarperr-ulb.se\/fi\/heinakuu-2025\/\"> <span class=\"screen-reader-text\">Hein\u00e4kuu 2025<\/span> Lue lis\u00e4\u00e4 &quot;<\/a><\/p>","protected":false},"author":1,"featured_media":0,"parent":0,"menu_order":0,"comment_status":"closed","ping_status":"closed","template":"","meta":{"site-sidebar-layout":"default","site-content-layout":"default","ast-main-header-display":"","ast-hfb-above-header-display":"","ast-hfb-below-header-display":"","ast-hfb-mobile-header-display":"","site-post-title":"","ast-breadcrumbs-content":"","ast-featured-img":"","footer-sml-layout":"","theme-transparent-header-meta":"default","adv-header-id-meta":"","stick-header-meta":"","header-above-stick-meta":"","header-main-stick-meta":"","header-below-stick-meta":"","footnotes":""},"class_list":["post-6691","page","type-page","status-publish","hentry"],"_links":{"self":[{"href":"https:\/\/xn--arbetsdagarperr-ulb.se\/fi\/wp-json\/wp\/v2\/pages\/6691","targetHints":{"allow":["GET"]}}],"collection":[{"href":"https:\/\/xn--arbetsdagarperr-ulb.se\/fi\/wp-json\/wp\/v2\/pages"}],"about":[{"href":"https:\/\/xn--arbetsdagarperr-ulb.se\/fi\/wp-json\/wp\/v2\/types\/page"}],"author":[{"embeddable":true,"href":"https:\/\/xn--arbetsdagarperr-ulb.se\/fi\/wp-json\/wp\/v2\/users\/1"}],"replies":[{"embeddable":true,"href":"https:\/\/xn--arbetsdagarperr-ulb.se\/fi\/wp-json\/wp\/v2\/comments?post=6691"}],"version-history":[{"count":6,"href":"https:\/\/xn--arbetsdagarperr-ulb.se\/fi\/wp-json\/wp\/v2\/pages\/6691\/revisions"}],"predecessor-version":[{"id":6750,"href":"https:\/\/xn--arbetsdagarperr-ulb.se\/fi\/wp-json\/wp\/v2\/pages\/6691\/revisions\/6750"}],"wp:attachment":[{"href":"https:\/\/xn--arbetsdagarperr-ulb.se\/fi\/wp-json\/wp\/v2\/media?parent=6691"}],"curies":[{"name":"wp","href":"https:\/\/api.w.org\/{rel}","templated":true}]}}