{"id":6685,"date":"2025-01-23T14:28:42","date_gmt":"2025-01-23T13:28:42","guid":{"rendered":"https:\/\/xn--arbetsdagarperr-ulb.se\/?page_id=6685"},"modified":"2025-01-25T11:27:27","modified_gmt":"2025-01-25T10:27:27","slug":"juni-2025","status":"publish","type":"page","link":"https:\/\/xn--arbetsdagarperr-ulb.se\/fi\/kesakuu-2025\/","title":{"rendered":"Kes\u00e4kuu 2025"},"content":{"rendered":"<h1><strong>Kes\u00e4kuun 2025 ty\u00f6ajat ja strategia<\/strong><\/h1>\n<p>Kes\u00e4kuussa 2025 sinulla on yhteens\u00e4 <strong>22 ty\u00f6p\u00e4iv\u00e4\u00e4<\/strong> (176 ty\u00f6tuntia) koko kuukauden 8 tunnin ty\u00f6p\u00e4iv\u00e4n perusteella ja huomioiden viikonloput ja pyh\u00e4p\u00e4iv\u00e4t. Kes\u00e4kuussa on 2 punaista p\u00e4iv\u00e4\u00e4, Ruotsin kansallisp\u00e4iv\u00e4 perjantaina 6. kes\u00e4kuuta ja juhannusp\u00e4iv\u00e4 lauantaina 21. kes\u00e4kuuta.<\/p>\n<p><span style=\"font-size: 1.5em; font-weight: bold;\">Ty\u00f6p\u00e4ivien jakautuminen viikossa:<\/span><\/p>\n<ul>\n<li><strong>Viikko 22:<\/strong> 5 ty\u00f6p\u00e4iv\u00e4\u00e4 (40 tuntia)<\/li>\n<li><strong>Viikko 23:<\/strong> 4 ty\u00f6p\u00e4iv\u00e4\u00e4 (32 tuntia) (kansallisp\u00e4iv\u00e4 on punainen p\u00e4iv\u00e4)<\/li>\n<li><strong>Viikko 24:<\/strong> 4 ty\u00f6p\u00e4iv\u00e4\u00e4 (32 tuntia)<\/li>\n<li><strong>Viikko 25:<\/strong> 5 ty\u00f6p\u00e4iv\u00e4\u00e4 (40 tuntia) (Illallinen on punainen p\u00e4iv\u00e4)<\/li>\n<li><strong>Viikko 26:<\/strong> 4 ty\u00f6p\u00e4iv\u00e4\u00e4 (32 tuntia)<\/li>\n<\/ul>\n<p><strong>Punaiset p\u00e4iv\u00e4t ja viikonloput kes\u00e4kuussa 2025:<\/strong><\/p>\n<p>Ehdotus 1: Ota ylim\u00e4\u00e4r\u00e4inen vapaap\u00e4iv\u00e4 ennen Ruotsin kansallisp\u00e4iv\u00e4\u00e4<\/p>\n<ul>\n<li><strong>Viikko 23:<\/strong> Pid\u00e4 5. kes\u00e4kuuta (torstai) vapaata\n<ul>\n<li><strong>Vaikutus:<\/strong> Saat pitk\u00e4n viikonlopun torstaista 5. kes\u00e4kuuta sunnuntaihin 8. kes\u00e4kuuta<\/li>\n<\/ul>\n<\/li>\n<\/ul>\n<ul>\n<li style=\"list-style-type: none;\"><\/li>\n<\/ul>\n<p><strong>Yhteenveto:<br \/>\n<\/strong>Pitk\u00e4n viikonlopun luomiseksi Ruotsin kansallisp\u00e4iv\u00e4lle on suositeltavaa pit\u00e4\u00e4 5. kes\u00e4kuuta (torstai) vapaata viikolla 23. N\u00e4in tekem\u00e4ll\u00e4 sinulla on pitk\u00e4 viikonloppu torstaista 5. kes\u00e4kuuta sunnuntaihin 8. kes\u00e4kuuta, jolloin saat lis\u00e4aikaa palautuminen ilman montaa lomap\u00e4iv\u00e4\u00e4<strong><br \/>\n<\/strong><\/p>\n<p>&nbsp;<\/p>","protected":false},"excerpt":{"rendered":"<p>Arbetstimmar och strategi f\u00f6r juni 2025 I juni 2025 har man totalt 22 arbetsdagar (176 arbetstimmar) under hela m\u00e5naden, baserat p\u00e5 en arbetsdag p\u00e5 8 timmar och med h\u00e4nsyn till helger och r\u00f6da dagar. I juni finns det 2 r\u00f6da dagar, Sverige nationaldag fredagen den 6 juni och midsommardagen l\u00f6rdagen den 21 juni. F\u00f6rdelning av &hellip;<\/p>\n<p class=\"read-more\"> <a class=\"\" href=\"https:\/\/xn--arbetsdagarperr-ulb.se\/fi\/kesakuu-2025\/\"> <span class=\"screen-reader-text\">Kes\u00e4kuu 2025<\/span> Lue lis\u00e4\u00e4 &quot;<\/a><\/p>","protected":false},"author":1,"featured_media":0,"parent":0,"menu_order":0,"comment_status":"closed","ping_status":"closed","template":"","meta":{"site-sidebar-layout":"default","site-content-layout":"default","ast-main-header-display":"","ast-hfb-above-header-display":"","ast-hfb-below-header-display":"","ast-hfb-mobile-header-display":"","site-post-title":"","ast-breadcrumbs-content":"","ast-featured-img":"","footer-sml-layout":"","theme-transparent-header-meta":"default","adv-header-id-meta":"","stick-header-meta":"","header-above-stick-meta":"","header-main-stick-meta":"","header-below-stick-meta":"","footnotes":""},"class_list":["post-6685","page","type-page","status-publish","hentry"],"_links":{"self":[{"href":"https:\/\/xn--arbetsdagarperr-ulb.se\/fi\/wp-json\/wp\/v2\/pages\/6685","targetHints":{"allow":["GET"]}}],"collection":[{"href":"https:\/\/xn--arbetsdagarperr-ulb.se\/fi\/wp-json\/wp\/v2\/pages"}],"about":[{"href":"https:\/\/xn--arbetsdagarperr-ulb.se\/fi\/wp-json\/wp\/v2\/types\/page"}],"author":[{"embeddable":true,"href":"https:\/\/xn--arbetsdagarperr-ulb.se\/fi\/wp-json\/wp\/v2\/users\/1"}],"replies":[{"embeddable":true,"href":"https:\/\/xn--arbetsdagarperr-ulb.se\/fi\/wp-json\/wp\/v2\/comments?post=6685"}],"version-history":[{"count":6,"href":"https:\/\/xn--arbetsdagarperr-ulb.se\/fi\/wp-json\/wp\/v2\/pages\/6685\/revisions"}],"predecessor-version":[{"id":6749,"href":"https:\/\/xn--arbetsdagarperr-ulb.se\/fi\/wp-json\/wp\/v2\/pages\/6685\/revisions\/6749"}],"wp:attachment":[{"href":"https:\/\/xn--arbetsdagarperr-ulb.se\/fi\/wp-json\/wp\/v2\/media?parent=6685"}],"curies":[{"name":"wp","href":"https:\/\/api.w.org\/{rel}","templated":true}]}}