{"id":6678,"date":"2025-01-23T14:08:05","date_gmt":"2025-01-23T13:08:05","guid":{"rendered":"https:\/\/xn--arbetsdagarperr-ulb.se\/?page_id=6678"},"modified":"2025-01-25T11:26:30","modified_gmt":"2025-01-25T10:26:30","slug":"maj-2025","status":"publish","type":"page","link":"https:\/\/xn--arbetsdagarperr-ulb.se\/fi\/toukokuu-2025\/","title":{"rendered":"toukokuu 2025"},"content":{"rendered":"<h1><strong>Toukokuun 2025 ty\u00f6ajat ja strategia<\/strong><\/h1>\n<p>Toukokuussa 2025 sinulla on yhteens\u00e4 <strong>21 ty\u00f6p\u00e4iv\u00e4\u00e4<\/strong> (168 ty\u00f6tuntia) koko kuukauden, perustuen 8 tunnin ty\u00f6p\u00e4iv\u00e4\u00e4n ja huomioiden viikonloput ja pyh\u00e4p\u00e4iv\u00e4t. Toukokuussa on 2 punaista puristusp\u00e4iv\u00e4\u00e4, jotka mahdollistavat kaksi pitk\u00e4\u00e4 viikonloppua. Torstai 1. toukokuuta ja torstai 29. toukokuuta helatorsta.<\/p>\n<h6>Ty\u00f6p\u00e4ivien jakautuminen viikossa:<\/h6>\n<ul>\n<li><strong>Viikko 18:<\/strong> 4 ty\u00f6p\u00e4iv\u00e4\u00e4 (32 tuntia) (1. toukokuuta on punainen p\u00e4iv\u00e4)<\/li>\n<li><strong>Viikko 19:<\/strong> 5 ty\u00f6p\u00e4iv\u00e4\u00e4 (40 tuntia)<\/li>\n<li><strong>Viikko 20:<\/strong> 5 ty\u00f6p\u00e4iv\u00e4\u00e4 (40 tuntia)<\/li>\n<li><strong>Viikko 21:<\/strong> 4 ty\u00f6p\u00e4iv\u00e4\u00e4 (32 tuntia) (helatorsta on punainen p\u00e4iv\u00e4)<\/li>\n<li><strong>Viikko 22:<\/strong> 3 ty\u00f6p\u00e4iv\u00e4\u00e4 (24 tuntia)<\/li>\n<\/ul>\n<p><strong>Punaiset p\u00e4iv\u00e4t ja viikonloput toukokuussa 2025:<\/strong><\/p>\n<p><strong>Ehdotus 1<\/strong>: Ota puristusp\u00e4iv\u00e4 vapun ja viikonlopun v\u00e4lill\u00e4.<\/p>\n<ul>\n<li>Viikko 18: Pid\u00e4 2. toukokuuta (perjantai) vapaata.\n<ul>\n<li>Vaikutus: Saat pitk\u00e4n viikonlopun nautittavaksi.<\/li>\n<\/ul>\n<\/li>\n<\/ul>\n<p><strong>Ehdotus 2<\/strong>: Ota squeeze-p\u00e4iv\u00e4 helatorstaiden ja lauantain v\u00e4lill\u00e4.<\/p>\n<ul>\n<li>Viikko 22: Pid\u00e4 30. toukokuuta (perjantai) vapaata.\n<ul>\n<li>Vaikutus: Saat pitk\u00e4n viikonlopun nautittavaksi.<\/li>\n<\/ul>\n<\/li>\n<\/ul>\n<p><strong>Yhteenveto:<\/strong><\/p>\n<p>Voit luoda pidempi\u00e4 lomap\u00e4ivi\u00e4 toukokuussa 2025 k\u00e4ytt\u00e4m\u00e4ll\u00e4 puristusp\u00e4ivin\u00e4 lomap\u00e4ivi\u00e4. Ehdotus 1 on pit\u00e4\u00e4 2. toukokuuta (perjantai) vapaata viikolla 18, jolloin saat nauttia pitk\u00e4n viikonlopun perjantaista sunnuntaihin. Ehdotus 2 on pit\u00e4\u00e4 30. toukokuuta (perjantai) vapaata viikolla 22, jolloin saat pitk\u00e4n viikonlopun perjantaista sunnuntaihin, joka on t\u00e4ydellinen rentoutumiseen ja toipumiseen.<\/p>","protected":false},"excerpt":{"rendered":"<p>Arbetstimmar och strategi f\u00f6r maj 2025 I maj 2025 har man totalt 21 arbetsdagar (168 arbetstimmar) under hela m\u00e5naden, baserat p\u00e5 en arbetsdag p\u00e5 8 timmar och med h\u00e4nsyn till helger och r\u00f6da dagar. I maj finns det 2 r\u00f6da kl\u00e4mdagar som ger m\u00f6jligheten till tv\u00e5 l\u00e5nghelger. Torsdagen den f\u00f6rsta maj och torsdagen 29 maj &hellip;<\/p>\n<p class=\"read-more\"> <a class=\"\" href=\"https:\/\/xn--arbetsdagarperr-ulb.se\/fi\/toukokuu-2025\/\"> <span class=\"screen-reader-text\">toukokuu 2025<\/span> Lue lis\u00e4\u00e4 &quot;<\/a><\/p>","protected":false},"author":1,"featured_media":0,"parent":0,"menu_order":0,"comment_status":"closed","ping_status":"closed","template":"","meta":{"site-sidebar-layout":"default","site-content-layout":"default","ast-main-header-display":"","ast-hfb-above-header-display":"","ast-hfb-below-header-display":"","ast-hfb-mobile-header-display":"","site-post-title":"","ast-breadcrumbs-content":"","ast-featured-img":"","footer-sml-layout":"","theme-transparent-header-meta":"default","adv-header-id-meta":"","stick-header-meta":"","header-above-stick-meta":"","header-main-stick-meta":"","header-below-stick-meta":"","footnotes":""},"class_list":["post-6678","page","type-page","status-publish","hentry"],"_links":{"self":[{"href":"https:\/\/xn--arbetsdagarperr-ulb.se\/fi\/wp-json\/wp\/v2\/pages\/6678","targetHints":{"allow":["GET"]}}],"collection":[{"href":"https:\/\/xn--arbetsdagarperr-ulb.se\/fi\/wp-json\/wp\/v2\/pages"}],"about":[{"href":"https:\/\/xn--arbetsdagarperr-ulb.se\/fi\/wp-json\/wp\/v2\/types\/page"}],"author":[{"embeddable":true,"href":"https:\/\/xn--arbetsdagarperr-ulb.se\/fi\/wp-json\/wp\/v2\/users\/1"}],"replies":[{"embeddable":true,"href":"https:\/\/xn--arbetsdagarperr-ulb.se\/fi\/wp-json\/wp\/v2\/comments?post=6678"}],"version-history":[{"count":6,"href":"https:\/\/xn--arbetsdagarperr-ulb.se\/fi\/wp-json\/wp\/v2\/pages\/6678\/revisions"}],"predecessor-version":[{"id":6748,"href":"https:\/\/xn--arbetsdagarperr-ulb.se\/fi\/wp-json\/wp\/v2\/pages\/6678\/revisions\/6748"}],"wp:attachment":[{"href":"https:\/\/xn--arbetsdagarperr-ulb.se\/fi\/wp-json\/wp\/v2\/media?parent=6678"}],"curies":[{"name":"wp","href":"https:\/\/api.w.org\/{rel}","templated":true}]}}