{"id":6675,"date":"2025-01-23T13:03:56","date_gmt":"2025-01-23T12:03:56","guid":{"rendered":"https:\/\/xn--arbetsdagarperr-ulb.se\/?page_id=6675"},"modified":"2025-01-25T11:36:10","modified_gmt":"2025-01-25T10:36:10","slug":"april-2025","status":"publish","type":"page","link":"https:\/\/xn--arbetsdagarperr-ulb.se\/fi\/huhtikuu-2025\/","title":{"rendered":"Huhtikuu 2025"},"content":{"rendered":"<h1><strong>Ty\u00f6ajat ja strategia huhtikuulle 2025<\/strong><\/h1>\n<p>Huhtikuussa 2025 sinulla on yhteens\u00e4 <strong>21 ty\u00f6p\u00e4iv\u00e4\u00e4<\/strong> (168 ty\u00f6tuntia) koko kuukauden., perustuen 8 tunnin ty\u00f6p\u00e4iv\u00e4\u00e4n ja huomioiden viikonloput ja pyh\u00e4p\u00e4iv\u00e4t. Huhtikuussa on 2 punaista p\u00e4iv\u00e4\u00e4, jotka mahdollistavat ansaitun pitk\u00e4n loman. Pitk\u00e4perjantai 18. huhtikuuta ja tapaninp\u00e4iv\u00e4 p\u00e4\u00e4si\u00e4isen\u00e4 maanantaina 21. huhtikuuta.<\/p>\n<p>&nbsp;<\/p>\n<p><strong>Ty\u00f6p\u00e4ivien jakautuminen viikossa:<\/strong><\/p>\n<ul>\n<li><strong>Viikko 14:<\/strong> 5 ty\u00f6p\u00e4iv\u00e4\u00e4 (40 tuntia)<\/li>\n<li><strong>Viikko 15:<\/strong> 5 ty\u00f6p\u00e4iv\u00e4\u00e4 (40 tuntia)<\/li>\n<li><strong>Viikko 16:<\/strong> 4 ty\u00f6p\u00e4iv\u00e4\u00e4 (32 tuntia) (pitk\u00e4perjantai, punainen p\u00e4iv\u00e4)<\/li>\n<li><strong>Viikko 17:<\/strong> 4 ty\u00f6p\u00e4iv\u00e4\u00e4 (32 tuntia) (p\u00e4\u00e4si\u00e4ismaanantai, punainen p\u00e4iv\u00e4)<\/li>\n<li><strong>Viikko 18:<\/strong> 3 ty\u00f6p\u00e4iv\u00e4\u00e4 (24 tuntia)<\/li>\n<\/ul>\n<h6><strong>Punaiset p\u00e4iv\u00e4t ja viikonloput huhtikuussa 2025:<\/strong><\/h6>\n<p><strong>Ehdotus 1: Pid\u00e4 vapaap\u00e4iv\u00e4 pitk\u00e4perjantain ja p\u00e4\u00e4si\u00e4isen v\u00e4lill\u00e4<\/strong><\/p>\n<ul>\n<li><strong>Viikko 17:<\/strong> Ota vapaata <strong>22-25 huhtikuuta<\/strong> (tiistaista perjantaihin).\n<ul>\n<li>Vaikutus: Saat pitk\u00e4n loman perjantaista 18. huhtikuuta sunnuntaihin 27. huhtikuuta, jolloin saat 10 per\u00e4kk\u00e4ist\u00e4 vapaap\u00e4iv\u00e4\u00e4 vain 4 lomap\u00e4iv\u00e4n ajan.<\/li>\n<\/ul>\n<\/li>\n<\/ul>\n<p><strong>Ehdotus 2: Yhdist\u00e4 p\u00e4\u00e4si\u00e4isviikonloppuun<\/strong><\/p>\n<ul>\n<li><strong>Viikko 16:<\/strong> Ota vapaata <strong>huhtikuuta 15-17<\/strong> (tiistaista torstaihin).\n<ul>\n<li>Vaikutus: Saat pidennetty\u00e4 vapaata lauantaista 13. huhtikuuta maanantaihin 21. huhtikuuta (p\u00e4\u00e4si\u00e4ismaanantai), jolloin saat 7 per\u00e4kk\u00e4ist\u00e4 vapaap\u00e4iv\u00e4\u00e4 vain 2 lomap\u00e4iv\u00e4n ajan.<\/li>\n<\/ul>\n<\/li>\n<\/ul>\n<p><strong>Yhteenveto:<br \/>\n<\/strong>Huhtikuu on kuukausi, jossa on mahdollisuus pitkiin viikonloppuihin. K\u00e4ytt\u00e4m\u00e4ll\u00e4 lomap\u00e4ivi\u00e4 strategisesti voit nauttia pitkist\u00e4 viikonlopuista ja pidemm\u00e4st\u00e4 toipumisjaksosta<\/p>\n<p>&nbsp;<\/p>","protected":false},"excerpt":{"rendered":"<p>Arbetstimmar och strategi f\u00f6r april 2025 I april 2025 har man totalt 21 arbetsdagar (168 arbetstimmar) under hela m\u00e5naden., baserat p\u00e5 en arbetsdag p\u00e5 8 timmar och med h\u00e4nsyn till helger och r\u00f6da dagar. I april finns det 2 r\u00f6da dagar som g\u00f6r det m\u00f6jligt f\u00f6r lite v\u00e4lf\u00f6rtj\u00e4nt l\u00e5ng ledighet. L\u00e5ngfredagen den 18 april och &hellip;<\/p>\n<p class=\"read-more\"> <a class=\"\" href=\"https:\/\/xn--arbetsdagarperr-ulb.se\/fi\/huhtikuu-2025\/\"> <span class=\"screen-reader-text\">Huhtikuu 2025<\/span> Lue lis\u00e4\u00e4 &quot;<\/a><\/p>","protected":false},"author":1,"featured_media":0,"parent":0,"menu_order":0,"comment_status":"closed","ping_status":"closed","template":"","meta":{"site-sidebar-layout":"default","site-content-layout":"default","ast-main-header-display":"","ast-hfb-above-header-display":"","ast-hfb-below-header-display":"","ast-hfb-mobile-header-display":"","site-post-title":"","ast-breadcrumbs-content":"","ast-featured-img":"","footer-sml-layout":"","theme-transparent-header-meta":"default","adv-header-id-meta":"","stick-header-meta":"","header-above-stick-meta":"","header-main-stick-meta":"","header-below-stick-meta":"","footnotes":""},"class_list":["post-6675","page","type-page","status-publish","hentry"],"_links":{"self":[{"href":"https:\/\/xn--arbetsdagarperr-ulb.se\/fi\/wp-json\/wp\/v2\/pages\/6675","targetHints":{"allow":["GET"]}}],"collection":[{"href":"https:\/\/xn--arbetsdagarperr-ulb.se\/fi\/wp-json\/wp\/v2\/pages"}],"about":[{"href":"https:\/\/xn--arbetsdagarperr-ulb.se\/fi\/wp-json\/wp\/v2\/types\/page"}],"author":[{"embeddable":true,"href":"https:\/\/xn--arbetsdagarperr-ulb.se\/fi\/wp-json\/wp\/v2\/users\/1"}],"replies":[{"embeddable":true,"href":"https:\/\/xn--arbetsdagarperr-ulb.se\/fi\/wp-json\/wp\/v2\/comments?post=6675"}],"version-history":[{"count":7,"href":"https:\/\/xn--arbetsdagarperr-ulb.se\/fi\/wp-json\/wp\/v2\/pages\/6675\/revisions"}],"predecessor-version":[{"id":6757,"href":"https:\/\/xn--arbetsdagarperr-ulb.se\/fi\/wp-json\/wp\/v2\/pages\/6675\/revisions\/6757"}],"wp:attachment":[{"href":"https:\/\/xn--arbetsdagarperr-ulb.se\/fi\/wp-json\/wp\/v2\/media?parent=6675"}],"curies":[{"name":"wp","href":"https:\/\/api.w.org\/{rel}","templated":true}]}}