{"id":6668,"date":"2025-01-23T11:42:09","date_gmt":"2025-01-23T10:42:09","guid":{"rendered":"https:\/\/xn--arbetsdagarperr-ulb.se\/?page_id=6668"},"modified":"2025-01-25T11:34:05","modified_gmt":"2025-01-25T10:34:05","slug":"mars-2025","status":"publish","type":"page","link":"https:\/\/xn--arbetsdagarperr-ulb.se\/fi\/maaliskuu-2025\/","title":{"rendered":"Maaliskuu 2025"},"content":{"rendered":"<h1><strong>Maaliskuun 2025 ty\u00f6ajat ja strategia<\/strong><\/h1>\n<p>Maaliskuussa 2025 sinulla on yhteens\u00e4 <strong>21 ty\u00f6p\u00e4iv\u00e4\u00e4<\/strong> (168 ty\u00f6tuntia) koko kuukauden 8 tunnin ty\u00f6p\u00e4iv\u00e4n perusteella ja viikonloput huomioiden. Maaliskuussa ei ole punaisia p\u00e4ivi\u00e4, mik\u00e4 tarkoittaa, ett\u00e4 kaikki viikon vapaap\u00e4iv\u00e4t ovat ty\u00f6p\u00e4ivi\u00e4.<\/p>\n<h3>Ty\u00f6tunnit viikossa:<\/h3>\n<ul>\n<li><strong>Viikko 10:<\/strong> 5 p\u00e4iv\u00e4\u00e4 (40 tuntia)<\/li>\n<li><strong>Viikko 11:<\/strong> 5 p\u00e4iv\u00e4\u00e4 (40 tuntia)<\/li>\n<li><strong>Viikko 12:<\/strong> 5 p\u00e4iv\u00e4\u00e4 (40 tuntia)<\/li>\n<li><strong>Viikko 13:<\/strong> 5 p\u00e4iv\u00e4\u00e4 (40 tuntia)<\/li>\n<li><strong>Viikko 14:<\/strong> 1 p\u00e4iv\u00e4 (8 tuntia)<\/li>\n<\/ul>\n<p>Koska maaliskuussa 2025 ei ole punaisia p\u00e4ivi\u00e4, se on t\u00e4yden ty\u00f6m\u00e4\u00e4r\u00e4n kuukausi. Jos haluat maksimoida vapaa-ajan t\u00e4n\u00e4 aikana, voit suunnitella pitki\u00e4 viikonloppuja lomap\u00e4ivill\u00e4.<\/p>\n<h4><strong>Punaiset p\u00e4iv\u00e4t ja viikonloput maaliskuussa 2025:<\/strong><\/h4>\n<ul>\n<li><strong>Viikko 11:<\/strong><br \/>\nPid\u00e4 perjantai 7. maaliskuuta vapaata luodaksesi pitk\u00e4n viikonlopun perjantaista sunnuntaihin. T\u00e4m\u00e4 antaa sinulle 3 per\u00e4kk\u00e4ist\u00e4 vapaap\u00e4iv\u00e4\u00e4 vain 1 lomap\u00e4iv\u00e4ll\u00e4.<\/li>\n<li><strong>Viikko 13:<\/strong><br \/>\nPid\u00e4 maanantai 24. maaliskuuta vapaata (kev\u00e4tp\u00e4iv\u00e4ntasauksen j\u00e4lkeinen p\u00e4iv\u00e4, jos haluat symbolisen tauon). T\u00e4m\u00e4 antaa sinulle 3 per\u00e4kk\u00e4ist\u00e4 vapaap\u00e4iv\u00e4\u00e4 yhdelle lomap\u00e4iv\u00e4lle.<\/li>\n<\/ul>\n<h4>Yhteenveto:<\/h4>\n<p>K\u00e4ytt\u00e4m\u00e4ll\u00e4 yhteens\u00e4 <strong>2 lomap\u00e4iv\u00e4\u00e4<\/strong> maaliskuussa 2025 (7. ja 24. maaliskuuta) voit nauttia kahdesta pitk\u00e4st\u00e4 viikonlopusta kuukauden aikana ja samalla pit\u00e4\u00e4 lomak\u00e4ytt\u00f6si pienen\u00e4, jolloin sinulle j\u00e4\u00e4 lis\u00e4\u00e4 p\u00e4ivi\u00e4 tuleville kuukausille.<\/p>","protected":false},"excerpt":{"rendered":"<p>Arbetstimmar och strategi f\u00f6r mars 2025 I mars 2025 har man totalt 21 arbetsdagar (168 arbetstimmar) under hela m\u00e5naden, baserat p\u00e5 en arbetsdag p\u00e5 8 timmar och med h\u00e4nsyn till helger. Mars har inga r\u00f6da dagar, vilket inneb\u00e4r att alla helgfria veckodagar \u00e4r arbetsdagar. Arbetstimmar per vecka: Vecka 10: 5 dagar (40 timmar) Vecka 11: &hellip;<\/p>\n<p class=\"read-more\"> <a class=\"\" href=\"https:\/\/xn--arbetsdagarperr-ulb.se\/fi\/maaliskuu-2025\/\"> <span class=\"screen-reader-text\">Maaliskuu 2025<\/span> Lue lis\u00e4\u00e4 &quot;<\/a><\/p>","protected":false},"author":1,"featured_media":0,"parent":0,"menu_order":0,"comment_status":"closed","ping_status":"closed","template":"","meta":{"site-sidebar-layout":"default","site-content-layout":"default","ast-main-header-display":"","ast-hfb-above-header-display":"","ast-hfb-below-header-display":"","ast-hfb-mobile-header-display":"","site-post-title":"","ast-breadcrumbs-content":"","ast-featured-img":"","footer-sml-layout":"","theme-transparent-header-meta":"default","adv-header-id-meta":"","stick-header-meta":"","header-above-stick-meta":"","header-main-stick-meta":"","header-below-stick-meta":"","footnotes":""},"class_list":["post-6668","page","type-page","status-publish","hentry"],"_links":{"self":[{"href":"https:\/\/xn--arbetsdagarperr-ulb.se\/fi\/wp-json\/wp\/v2\/pages\/6668","targetHints":{"allow":["GET"]}}],"collection":[{"href":"https:\/\/xn--arbetsdagarperr-ulb.se\/fi\/wp-json\/wp\/v2\/pages"}],"about":[{"href":"https:\/\/xn--arbetsdagarperr-ulb.se\/fi\/wp-json\/wp\/v2\/types\/page"}],"author":[{"embeddable":true,"href":"https:\/\/xn--arbetsdagarperr-ulb.se\/fi\/wp-json\/wp\/v2\/users\/1"}],"replies":[{"embeddable":true,"href":"https:\/\/xn--arbetsdagarperr-ulb.se\/fi\/wp-json\/wp\/v2\/comments?post=6668"}],"version-history":[{"count":6,"href":"https:\/\/xn--arbetsdagarperr-ulb.se\/fi\/wp-json\/wp\/v2\/pages\/6668\/revisions"}],"predecessor-version":[{"id":6754,"href":"https:\/\/xn--arbetsdagarperr-ulb.se\/fi\/wp-json\/wp\/v2\/pages\/6668\/revisions\/6754"}],"wp:attachment":[{"href":"https:\/\/xn--arbetsdagarperr-ulb.se\/fi\/wp-json\/wp\/v2\/media?parent=6668"}],"curies":[{"name":"wp","href":"https:\/\/api.w.org\/{rel}","templated":true}]}}