{"id":6661,"date":"2025-01-23T11:23:59","date_gmt":"2025-01-23T10:23:59","guid":{"rendered":"https:\/\/xn--arbetsdagarperr-ulb.se\/?page_id=6661"},"modified":"2025-01-25T11:33:24","modified_gmt":"2025-01-25T10:33:24","slug":"februari-2025","status":"publish","type":"page","link":"https:\/\/xn--arbetsdagarperr-ulb.se\/fi\/helmikuu-2025\/","title":{"rendered":"Helmikuu 2025"},"content":{"rendered":"<h1><strong>Helmikuun 2025 ty\u00f6ajat ja strategia<\/strong><\/h1>\n<p>Helmikuussa 2025 sinulla on yhteens\u00e4 <strong>20 ty\u00f6p\u00e4iv\u00e4\u00e4<\/strong> <strong>(160 ty\u00f6tuntia)<\/strong>\u00a0koko kuukauden 8 tunnin ty\u00f6p\u00e4iv\u00e4n perusteella ja viikonloput huomioon ottaen. Helmikuussa ei ole punaisia p\u00e4ivi\u00e4.<\/p>\n<h3>Ty\u00f6tunnit viikossa:<\/h3>\n<ul>\n<li><strong>Viikko 6:<\/strong> 5 p\u00e4iv\u00e4\u00e4 (40 tuntia)<\/li>\n<li><strong>Viikko 7:<\/strong> 5 p\u00e4iv\u00e4\u00e4 (40 tuntia)<\/li>\n<li><strong>Viikko 8:<\/strong> 5 p\u00e4iv\u00e4\u00e4 (40 tuntia)<\/li>\n<li><strong>Viikko 9:<\/strong> 5 p\u00e4iv\u00e4\u00e4 (40 tuntia)<\/li>\n<\/ul>\n<p>Helmikuussa 2025 ei ole punaisia p\u00e4ivi\u00e4 loman maksimoimiseksi. Mutta \u00e4l\u00e4 anna sen est\u00e4\u00e4 sinua ottamasta 3 vapaap\u00e4iv\u00e4\u00e4 lomap\u00e4ivin\u00e4:<\/p>\n<h4><strong>Punaiset p\u00e4iv\u00e4t ja viikonloput helmikuussa 2025:<\/strong><\/h4>\n<ul>\n<li><strong>Viikko 7:<\/strong><br \/>\nOta perjantai 14. helmikuuta (Yst\u00e4v\u00e4np\u00e4iv\u00e4) vapaata luodaksesi pitk\u00e4n viikonlopun perjantaista sunnuntaihin. T\u00e4m\u00e4 antaa sinulle 3 per\u00e4kk\u00e4ist\u00e4 vapaap\u00e4iv\u00e4\u00e4 vain 1 lomap\u00e4iv\u00e4ll\u00e4.<\/li>\n<li><strong>Viikko 9:<\/strong><br \/>\nYhdist\u00e4 perjantai 28. helmikuuta lomaan. Jos otat t\u00e4m\u00e4n vapaap\u00e4iv\u00e4n, saat pitk\u00e4n viikonlopun perjantaista sunnuntaihin. Vaikutus: 3 per\u00e4kk\u00e4ist\u00e4 vapaap\u00e4iv\u00e4\u00e4 lis\u00e4\u00e4 1 lomap\u00e4iv\u00e4n\u00e4.<\/li>\n<\/ul>\n<h4>Yhteenveto:<\/h4>\n<p>K\u00e4ytt\u00e4m\u00e4ll\u00e4 yhteens\u00e4 2 lomap\u00e4iv\u00e4\u00e4 helmikuussa 2025 (14.2. ja 28.2.) voit nauttia kahdesta pitk\u00e4st\u00e4 viikonlopusta kuukauden aikana ja samalla pit\u00e4\u00e4 suuren osan lomap\u00e4ivist\u00e4si tulevaa lomaa varten.<\/p>","protected":false},"excerpt":{"rendered":"<p>Arbetstimmar och strategi f\u00f6r februari 2025 I februari 2025 har man totalt 20 arbetsdagar (160 arbetstimmar)\u00a0under hela m\u00e5naden, baserat p\u00e5 en arbetsdag p\u00e5 8 timmar och med h\u00e4nsyn till helger. Februari har inga r\u00f6da dagar. Arbetstimmar per vecka: Vecka 6: 5 dagar (40 timmar) Vecka 7: 5 dagar (40 timmar) Vecka 8: 5 dagar (40 &hellip;<\/p>\n<p class=\"read-more\"> <a class=\"\" href=\"https:\/\/xn--arbetsdagarperr-ulb.se\/fi\/helmikuu-2025\/\"> <span class=\"screen-reader-text\">Helmikuu 2025<\/span> Lue lis\u00e4\u00e4 &quot;<\/a><\/p>","protected":false},"author":1,"featured_media":0,"parent":0,"menu_order":0,"comment_status":"closed","ping_status":"closed","template":"","meta":{"site-sidebar-layout":"default","site-content-layout":"default","ast-main-header-display":"","ast-hfb-above-header-display":"","ast-hfb-below-header-display":"","ast-hfb-mobile-header-display":"","site-post-title":"","ast-breadcrumbs-content":"","ast-featured-img":"","footer-sml-layout":"","theme-transparent-header-meta":"default","adv-header-id-meta":"","stick-header-meta":"","header-above-stick-meta":"","header-main-stick-meta":"","header-below-stick-meta":"","footnotes":""},"class_list":["post-6661","page","type-page","status-publish","hentry"],"_links":{"self":[{"href":"https:\/\/xn--arbetsdagarperr-ulb.se\/fi\/wp-json\/wp\/v2\/pages\/6661","targetHints":{"allow":["GET"]}}],"collection":[{"href":"https:\/\/xn--arbetsdagarperr-ulb.se\/fi\/wp-json\/wp\/v2\/pages"}],"about":[{"href":"https:\/\/xn--arbetsdagarperr-ulb.se\/fi\/wp-json\/wp\/v2\/types\/page"}],"author":[{"embeddable":true,"href":"https:\/\/xn--arbetsdagarperr-ulb.se\/fi\/wp-json\/wp\/v2\/users\/1"}],"replies":[{"embeddable":true,"href":"https:\/\/xn--arbetsdagarperr-ulb.se\/fi\/wp-json\/wp\/v2\/comments?post=6661"}],"version-history":[{"count":9,"href":"https:\/\/xn--arbetsdagarperr-ulb.se\/fi\/wp-json\/wp\/v2\/pages\/6661\/revisions"}],"predecessor-version":[{"id":6753,"href":"https:\/\/xn--arbetsdagarperr-ulb.se\/fi\/wp-json\/wp\/v2\/pages\/6661\/revisions\/6753"}],"wp:attachment":[{"href":"https:\/\/xn--arbetsdagarperr-ulb.se\/fi\/wp-json\/wp\/v2\/media?parent=6661"}],"curies":[{"name":"wp","href":"https:\/\/api.w.org\/{rel}","templated":true}]}}