{"id":6644,"date":"2025-01-23T10:35:35","date_gmt":"2025-01-23T09:35:35","guid":{"rendered":"https:\/\/xn--arbetsdagarperr-ulb.se\/?page_id=6644"},"modified":"2025-01-25T11:22:34","modified_gmt":"2025-01-25T10:22:34","slug":"januari-2025","status":"publish","type":"page","link":"https:\/\/xn--arbetsdagarperr-ulb.se\/fi\/tammikuu-2025\/","title":{"rendered":"Tammikuu - 2025"},"content":{"rendered":"<h1><strong>Ty\u00f6ajat ja strategia tammikuulle 2025<\/strong><\/h1>\n<p>Tammikuussa 2025 sinulla on yhteens\u00e4 <strong>168 ty\u00f6tuntia<\/strong> koko kuukauden 8 tunnin ty\u00f6p\u00e4iv\u00e4n perusteella ja pyh\u00e4p\u00e4iv\u00e4t ja viikonloput huomioiden.<\/p>\n<p><strong>Ty\u00f6tunnit viikossa:<\/strong><\/p>\n<ul>\n<li>Viikko 1: 2 p\u00e4iv\u00e4\u00e4 (16 tuntia) (koska uudenvuodenp\u00e4iv\u00e4 on punainen p\u00e4iv\u00e4)<\/li>\n<li>Viikko 2: 3 p\u00e4iv\u00e4\u00e4 (32 tuntia) (Joulun kolmastoista p\u00e4iv\u00e4 on punainen p\u00e4iv\u00e4)<\/li>\n<li>Viikko 3: 5 p\u00e4iv\u00e4\u00e4 (40 tuntia)<\/li>\n<li>Viikko 4: 5 p\u00e4iv\u00e4\u00e4 (40 tuntia)<\/li>\n<li>Viikko 5: 5 p\u00e4iv\u00e4\u00e4 (40 tuntia)<\/li>\n<\/ul>\n<p>Voit maksimoida loman tammikuussa 2025 mahdollisimman harvoilla lomap\u00e4ivill\u00e4 ja silti saada pitki\u00e4 viikonloppuja k\u00e4ytt\u00e4m\u00e4ll\u00e4 seuraavaa strategiaa:<\/p>\n<p>&nbsp;<\/p>\n<ul>\n<li><strong>Viikko 1<\/strong>:0 tuntia (1. tammikuuta keskiviikkona) \u2013 Punainen p\u00e4iv\u00e4.<br \/>\nPid\u00e4 2. ja 3. tammikuuta vapaata (torstai ja perjantai) Vaikutus: Saat pitk\u00e4n loman keskiviikosta 1. tammikuuta sunnuntaihin 5. tammikuuta, ts. 5 per\u00e4kk\u00e4ist\u00e4 vapaap\u00e4iv\u00e4\u00e4 2 lomap\u00e4iv\u00e4\u00e4.<\/li>\n<li><strong>Viikko 2<\/strong>: 0 tuntia (6. tammikuuta, maanantai) \u2013 punainen p\u00e4iv\u00e4.<br \/>\nPid\u00e4 vapaata 7.\u201310. tammikuuta (tiistaista perjantaihin). Vaikutus: Jos lasket mukaan jouluaaton (6. tammikuuta, maanantai), saat vapaap\u00e4iv\u00e4n lauantaista 4. tammikuuta sunnuntaihin 12. tammikuuta, ts. 9 per\u00e4kk\u00e4ist\u00e4 vapaap\u00e4iv\u00e4\u00e4 4 lomap\u00e4iv\u00e4\u00e4.<\/li>\n<li><strong>Viikko 3<\/strong>: 40 tuntia<\/li>\n<li><strong>Viikko 4<\/strong>: 40 tuntia<\/li>\n<li><strong>Viikko 5<\/strong>: 40 tuntia<\/li>\n<\/ul>\n<p>&nbsp;<\/p>\n<h6><strong>Punaiset p\u00e4iv\u00e4t ja viikonloput tammikuussa 2025:<\/strong><\/h6>\n<ul>\n<li><strong>Uudenvuodenp\u00e4iv\u00e4 <\/strong>(1. tammikuuta keskiviikkona) \u2013 Punainen p\u00e4iv\u00e4.<\/li>\n<li><strong>loppiainen <\/strong>(6. tammikuuta, maanantai) \u2013 Punainen p\u00e4iv\u00e4.<\/li>\n<\/ul>\n<ol>\n<li style=\"list-style-type: none;\"><\/li>\n<\/ol>\n<p><strong>Yhteenveto:<\/strong><\/p>\n<p>Saadaksesi mahdollisimman monta per\u00e4kk\u00e4ist\u00e4 vapaap\u00e4iv\u00e4\u00e4 tammikuussa 2025 ja k\u00e4ytt\u00e4\u00e4ksesi samalla mahdollisimman v\u00e4h\u00e4n lomap\u00e4ivi\u00e4 voit k\u00e4ytt\u00e4\u00e4 seuraavaa strategiaa. Alkuviikolla 1, 2. ja 3. tammikuuta (torstai ja perjantai). Sis\u00e4llytt\u00e4m\u00e4ll\u00e4 uudenvuodenp\u00e4iv\u00e4n (1. tammikuuta, keskiviikkona) saat pitk\u00e4n loman keskiviikosta 1. tammikuuta sunnuntaihin 5. tammikuuta, jolloin saat 5 per\u00e4kk\u00e4ist\u00e4 vapaap\u00e4iv\u00e4\u00e4 vain 2 lomap\u00e4iv\u00e4\u00e4. Pid\u00e4 viikko 2 vapaana 7.\u201310. tammikuuta (tiistaista perjantaihin). Jos lasket mukaan joulup\u00e4iv\u00e4n (6. tammikuuta, maanantai), saat pitk\u00e4n loman lauantaista 4. tammikuuta sunnuntaihin 12. tammikuuta, jolloin saat 9 per\u00e4kk\u00e4ist\u00e4 vapaap\u00e4iv\u00e4\u00e4 4 lomap\u00e4iv\u00e4n\u00e4.<\/p>\n<p>&nbsp;<\/p>","protected":false},"excerpt":{"rendered":"<p>Arbetstimmar och strategi f\u00f6r januari 2025 I januari 2025 har man totalt 168 arbetstimmar under hela m\u00e5naden, baserat p\u00e5 en arbetsdag p\u00e5 8 timmar och med h\u00e4nsyn till r\u00f6da dagar och helger. Arbetstimmar per vecka: Vecka 1: 2 dagar (16 timmar) (eftersom ny\u00e5rsdagen \u00e4r en r\u00f6d dag) Vecka 2: 3 dagar (32 timmar) (Trettondedag jul &hellip;<\/p>\n<p class=\"read-more\"> <a class=\"\" href=\"https:\/\/xn--arbetsdagarperr-ulb.se\/fi\/tammikuu-2025\/\"> <span class=\"screen-reader-text\">Tammikuu - 2025<\/span> Lue lis\u00e4\u00e4 &quot;<\/a><\/p>","protected":false},"author":1,"featured_media":0,"parent":0,"menu_order":0,"comment_status":"closed","ping_status":"closed","template":"","meta":{"site-sidebar-layout":"default","site-content-layout":"default","ast-main-header-display":"","ast-hfb-above-header-display":"","ast-hfb-below-header-display":"","ast-hfb-mobile-header-display":"","site-post-title":"","ast-breadcrumbs-content":"","ast-featured-img":"","footer-sml-layout":"","theme-transparent-header-meta":"default","adv-header-id-meta":"","stick-header-meta":"","header-above-stick-meta":"","header-main-stick-meta":"","header-below-stick-meta":"","footnotes":""},"class_list":["post-6644","page","type-page","status-publish","hentry"],"_links":{"self":[{"href":"https:\/\/xn--arbetsdagarperr-ulb.se\/fi\/wp-json\/wp\/v2\/pages\/6644","targetHints":{"allow":["GET"]}}],"collection":[{"href":"https:\/\/xn--arbetsdagarperr-ulb.se\/fi\/wp-json\/wp\/v2\/pages"}],"about":[{"href":"https:\/\/xn--arbetsdagarperr-ulb.se\/fi\/wp-json\/wp\/v2\/types\/page"}],"author":[{"embeddable":true,"href":"https:\/\/xn--arbetsdagarperr-ulb.se\/fi\/wp-json\/wp\/v2\/users\/1"}],"replies":[{"embeddable":true,"href":"https:\/\/xn--arbetsdagarperr-ulb.se\/fi\/wp-json\/wp\/v2\/comments?post=6644"}],"version-history":[{"count":15,"href":"https:\/\/xn--arbetsdagarperr-ulb.se\/fi\/wp-json\/wp\/v2\/pages\/6644\/revisions"}],"predecessor-version":[{"id":6746,"href":"https:\/\/xn--arbetsdagarperr-ulb.se\/fi\/wp-json\/wp\/v2\/pages\/6644\/revisions\/6746"}],"wp:attachment":[{"href":"https:\/\/xn--arbetsdagarperr-ulb.se\/fi\/wp-json\/wp\/v2\/media?parent=6644"}],"curies":[{"name":"wp","href":"https:\/\/api.w.org\/{rel}","templated":true}]}}