{"id":6633,"date":"2023-11-06T19:11:47","date_gmt":"2023-11-06T18:11:47","guid":{"rendered":"https:\/\/xn--arbetsdagarperr-ulb.se\/?page_id=6633"},"modified":"2023-11-06T19:11:47","modified_gmt":"2023-11-06T18:11:47","slug":"hitta-oppettider-nara-mig","status":"publish","type":"page","link":"https:\/\/xn--arbetsdagarperr-ulb.se\/fi\/loyda-aukioloajat-laheltani\/","title":{"rendered":"Etsi aukioloajat l\u00e4hell\u00e4ni"},"content":{"rendered":"<p><img loading=\"lazy\" decoding=\"async\" class=\"aligncenter size-large wp-image-6634\" src=\"https:\/\/xn--arbetsdagarperr-ulb.se\/wp-content\/uploads\/2023\/11\/1a1d6e54-2d3e-4920-9f62-87a8ebdc285d-e1699294235412-1024x752.webp\" alt=\"Toimipaikat l\u00e4hell\u00e4 minua Aukioloajat\" width=\"1024\" height=\"752\" srcset=\"https:\/\/xn--arbetsdagarperr-ulb.se\/wp-content\/uploads\/2023\/11\/1a1d6e54-2d3e-4920-9f62-87a8ebdc285d-e1699294235412-1024x752.webp 1024w, https:\/\/xn--arbetsdagarperr-ulb.se\/wp-content\/uploads\/2023\/11\/1a1d6e54-2d3e-4920-9f62-87a8ebdc285d-e1699294235412-300x220.webp 300w, https:\/\/xn--arbetsdagarperr-ulb.se\/wp-content\/uploads\/2023\/11\/1a1d6e54-2d3e-4920-9f62-87a8ebdc285d-e1699294235412-768x564.webp 768w, https:\/\/xn--arbetsdagarperr-ulb.se\/wp-content\/uploads\/2023\/11\/1a1d6e54-2d3e-4920-9f62-87a8ebdc285d-e1699294235412-16x12.webp 16w, https:\/\/xn--arbetsdagarperr-ulb.se\/wp-content\/uploads\/2023\/11\/1a1d6e54-2d3e-4920-9f62-87a8ebdc285d-e1699294235412.webp 1394w\" sizes=\"auto, (max-width: 1024px) 100vw, 1024px\" \/><\/p>\n<p>Kiihtyv\u00e4ll\u00e4 digitaalisella aikakaudella, jossa \u00e4lypuhelimet ja Internet-yhteydet ovat jatkuvia kumppaneita, v\u00e4litt\u00f6m\u00e4n tiedonsaannin kysynt\u00e4 on kasvanut ennenn\u00e4kem\u00e4tt\u00f6m\u00e4ll\u00e4 nopeudella. El\u00e4m\u00e4ntahti on nopeutunut ja k\u00e4rsiv\u00e4llisyys lyhyempi. Kun tunnet n\u00e4lk\u00e4isen n\u00e4lk\u00e4isen vatsasi tai huomaat, ett\u00e4 autosi polttoainemittari l\u00e4hestyy punaista palkkia, et halua tuhlata aikaa arvaamiseen tai manuaaliseen etsimiseen. Sen sijaan haluat pysty\u00e4 l\u00f6yt\u00e4m\u00e4\u00e4n nopeasti l\u00e4himm\u00e4n huoltoaseman tai ravintolan, tuntemaan heid\u00e4n omansa <a href=\"https:\/\/s\u00f6k.info\/\">aukioloajat<\/a>ja ehk\u00e4 jopa n\u00e4hd\u00e4 k\u00e4ytt\u00e4jien arvosteluja.<\/p>\n<p>S\u00f6k.Info on huomannut t\u00e4m\u00e4n kasvavan tarpeen ja luotiin vastauksena siihen. T\u00e4m\u00e4 uraauurtava verkkosivusto on ottanut haasteen luetteloida Ruotsi paikka kerrallaan ja tarjota ajantasaisimmat ja oleellisimmat tiedot suoraan sormiesi ulottuville. Se ei ole vain tietokanta; se on digitaalinen ratkaisu nykyajan kansalaisille.<\/p>\n<p>Haun avulla l\u00f6yd\u00e4t hetkess\u00e4 nykyist\u00e4 sijaintiasi l\u00e4hinn\u00e4 olevan huoltoaseman sek\u00e4 reittiohjeet ja nykyiset polttoainehinnat. Etsitk\u00f6 mukavaa ravintolaa illanviettoon? S\u00f6k.Info ei vain anna sinulle luetteloa l\u00e4hell\u00e4 olevista ravintoloista, vaan my\u00f6s ilmoittaa sinulle niiden ruokalistat, aukioloajat ja asiakasarvostelut. Sinun ei en\u00e4\u00e4 koskaan tarvitse seisoa turhautuneena kadun kulmassa miettien minne menn\u00e4 seuraavaksi. S\u00f6k.Infon avulla sinulla on aina vastaukset suoraan k\u00e4dess\u00e4si.<\/p>\n<p>S\u00f6k.Infon suunnittelussa on keskitytty tarjoamaan sujuvaa ja ongelmatonta k\u00e4ytt\u00f6kokemusta. Yhdist\u00e4m\u00e4ll\u00e4 nykyaikaiset suunnitteluperiaatteet edistyneisiin teknisiin ratkaisuihin alusta on luonut k\u00e4ytt\u00f6liittym\u00e4n, joka tuntuu sek\u00e4 tutulta ett\u00e4 innovatiiviselta. Intuitiivinen hakutoiminto, verkkosivuston syd\u00e4n, tarjoaa v\u00e4litt\u00f6mi\u00e4 tuloksia, jotka on r\u00e4\u00e4t\u00e4l\u00f6ity k\u00e4ytt\u00e4j\u00e4n tarpeisiin. Riitt\u00e4\u00e4 kirjoittaa muutama kirjain tai koko lause, kuten &quot;<a href=\"https:\/\/s\u00f6k.info\/\">huoltoasema l\u00e4hell\u00e4 minua<\/a>\u201d, saadaksesi yksityiskohtaisen yleiskatsauksen kaikista t\u00e4rkeist\u00e4 l\u00e4hell\u00e4 olevista paikoista.<\/p>\n<p>Nopeiden hakutulosten lis\u00e4ksi tiedot esitet\u00e4\u00e4n selke\u00e4sti ja ymm\u00e4rrett\u00e4v\u00e4sti. Jokaisen huoltoaseman mukana tulee esimerkiksi lyhyt kuvaus, yhteystiedot, aukioloajat ja usein linkki aseman omille verkkosivuille tai sosiaaliseen mediaan. S\u00f6k.Info menee askeleen pidemm\u00e4lle integroimalla my\u00f6s k\u00e4ytt\u00e4j\u00e4arvostelut ja -arviot, mik\u00e4 antaa kattavamman kuvan kyseisest\u00e4 sijainnista.<\/p>\n<p>Ja niille k\u00e4ytt\u00e4jille, jotka eiv\u00e4t ehk\u00e4 ole t\u00e4ysin varmoja siit\u00e4, mit\u00e4 he etsiv\u00e4t, tai haluavat vain tutustua, S\u00f6k.Info tarjoaa selaustoiminnon, joka on jaettu selkeisiin luokkiin. Kaikkea ravintoloista, kahviloista, kaupoista kulttuurikohteisiin ja vapaa-ajan viettoon voi tutustua muutamalla napsautuksella. T\u00e4m\u00e4 ominaisuus kannustaa l\u00f6yt\u00e4miseen ja voi usein johtaa siihen, ett\u00e4 k\u00e4ytt\u00e4j\u00e4t l\u00f6yt\u00e4v\u00e4t uusia suosikkipaikkoja omalta naapurustoltaan.<\/p>\n<p>S\u00f6k.Info pyrkii olemaan muutakin kuin perinteinen tiedonl\u00e4hde. Vaikka monet alustat ovat tyytyv\u00e4isi\u00e4 perusteht\u00e4vien suorittamiseen, S\u00f6k.Info pyrkii tarjoamaan rikkaamman ja kiinnostavamman k\u00e4ytt\u00f6kokemuksen. Yhdist\u00e4m\u00e4ll\u00e4 erilaisia elementtej\u00e4, kuten interaktiivisia karttoja, k\u00e4ytt\u00e4j\u00e4t eiv\u00e4t vain saa reittiohjeita, vaan voivat my\u00f6s zoomata, tutkia ymp\u00e4rist\u00f6\u00e4 ja jopa n\u00e4hd\u00e4 reaaliaikaisia tietoja, kuten liikenneolosuhteita.<\/p>\n<p>Mutta ehk\u00e4 merkitt\u00e4vimm\u00e4t ovat aidot k\u00e4ytt\u00e4jien arvostelut. Ne antavat \u00e4\u00e4nen yhteis\u00f6lle ja antavat ihmisten jakaa kokemuksiaan, suosituksiaan ja joskus jopa varoituksiaan. Lukemalla n\u00e4it\u00e4 arvosteluja k\u00e4ytt\u00e4j\u00e4t voivat saada tasapainoisen kuvan paikasta, mik\u00e4 voi olla ratkaisevaa vierailup\u00e4\u00e4t\u00f6st\u00e4 teht\u00e4ess\u00e4. Olipa kyse sitten ravintolan ruoan laadusta, myym\u00e4l\u00e4n asiakaspalvelusta tai paikallisen huoltoaseman tunnelmasta, S\u00f6k.Info tarjoaa kokonaiskuvan, joka menee yksinkertaisia tilastoja ja dataa pidemm\u00e4lle. Inhimillinen ulottuvuus, runsaasti yksityiskohtia ja syv\u00e4llinen oivallus tekev\u00e4t S\u00f6k.Infosta ly\u00f6m\u00e4tt\u00f6m\u00e4n resurssin nykyaikaiselle k\u00e4ytt\u00e4j\u00e4lle.<\/p>\n<p>S\u00f6k.Info k\u00e4sitt\u00e4\u00e4 yhteisty\u00f6konseptin, jossa jokainen vierailija ei ole vain tiedon kuluttaja vaan my\u00f6s mahdollinen osallistuja. T\u00e4m\u00e4 malli muuttaa verkkosivuston staattisesta tietokannasta el\u00e4v\u00e4ksi ja dynaamiseksi alustaksi, joka heijastaa yhteis\u00f6n \u00e4\u00e4ni\u00e4 ja oivalluksia.<\/p>\n<p>K\u00e4ytt\u00e4jien mahdollisuus lis\u00e4t\u00e4 ja p\u00e4ivitt\u00e4\u00e4 tietoa tarkoittaa sit\u00e4, ett\u00e4 sivuston sis\u00e4lt\u00f6 uusiutuu ja paranee jatkuvasti. Jos k\u00e4ytt\u00e4j\u00e4 esimerkiksi huomaa, ett\u00e4 ravintolan aukioloajat ovat muuttuneet, h\u00e4n voi p\u00e4ivitt\u00e4\u00e4 sen nopeasti verkkosivustolle. Tai jos joku t\u00f6rm\u00e4\u00e4 uuteen kahvilaan tai puistoon, jota ei viel\u00e4 ole edustettuna, h\u00e4n voi helposti lis\u00e4t\u00e4 sen kuvauksen, kuvien ja muiden asiaankuuluvien tietojen kera.<\/p>\n<p>T\u00e4ll\u00e4 demokraattisella l\u00e4hestymistavalla on useita etuja. Ensinn\u00e4kin se varmistaa, ett\u00e4 S\u00f6k.Info tarjoaa aina ajantasaisimman ja tarkimman tiedon. Toiseksi se luo yhteis\u00f6llisyyden ja omistajuuden tunteen k\u00e4ytt\u00e4jien keskuudessa. Sen sijaan, ett\u00e4 he olisivat vain passiivisia kuluttajia, heist\u00e4 tulee aktiivisia alustan sis\u00e4ll\u00f6n luojia.<\/p>\n<p>Lis\u00e4ksi t\u00e4m\u00e4 yhteinen ponnistus voi johtaa siihen, ett\u00e4 v\u00e4hemm\u00e4n tunnettuja paikkoja, jotka eiv\u00e4t v\u00e4ltt\u00e4m\u00e4tt\u00e4 saa paljon huomiota muilla alustoilla, korostetaan. K\u00e4ytt\u00e4j\u00e4t voivat jakaa omia l\u00f6yt\u00f6j\u00e4\u00e4n ja omia suosikkejaan, mik\u00e4 voi johtaa siihen, ett\u00e4 muut l\u00f6yt\u00e4v\u00e4t uusia paikkoja tutkittavaksi. N\u00e4in S\u00f6k.Infosta tulee paitsi tiedonhakuresurssi, my\u00f6s paikka, jossa k\u00e4ytt\u00e4j\u00e4t voivat jakaa omia kokemuksiaan ja l\u00f6yt\u00f6j\u00e4\u00e4n, mik\u00e4 rikastuttaa koko yhteis\u00f6\u00e4.<\/p>","protected":false},"excerpt":{"rendered":"<p>Kiihtyv\u00e4ll\u00e4 digitaalisella aikakaudella, jossa \u00e4lypuhelimet ja Internet-yhteydet ovat jatkuvia kumppaneita, v\u00e4litt\u00f6m\u00e4n tiedonsaannin kysynt\u00e4 on kasvanut ennenn\u00e4kem\u00e4tt\u00f6m\u00e4ll\u00e4 nopeudella. El\u00e4m\u00e4n tahti on nopeutunut ja k\u00e4rsiv\u00e4llisyys lyhyempi. Kun tunnet n\u00e4lk\u00e4isen n\u00e4lk\u00e4isen vatsasi tai huomaat auton polttoainemittarin l\u00e4hestyv\u00e4n punaista palkkia, et halua hukata...<\/p>\n<p class=\"read-more\"> <a class=\"\" href=\"https:\/\/xn--arbetsdagarperr-ulb.se\/fi\/loyda-aukioloajat-laheltani\/\"> <span class=\"screen-reader-text\">Etsi aukioloajat l\u00e4hell\u00e4ni<\/span> Lue lis\u00e4\u00e4 &quot;<\/a><\/p>","protected":false},"author":1,"featured_media":6634,"parent":0,"menu_order":0,"comment_status":"closed","ping_status":"closed","template":"","meta":{"site-sidebar-layout":"default","site-content-layout":"default","ast-main-header-display":"","ast-hfb-above-header-display":"","ast-hfb-below-header-display":"","ast-hfb-mobile-header-display":"","site-post-title":"","ast-breadcrumbs-content":"","ast-featured-img":"","footer-sml-layout":"","theme-transparent-header-meta":"default","adv-header-id-meta":"","stick-header-meta":"","header-above-stick-meta":"","header-main-stick-meta":"","header-below-stick-meta":"","footnotes":""},"class_list":["post-6633","page","type-page","status-publish","has-post-thumbnail","hentry"],"_links":{"self":[{"href":"https:\/\/xn--arbetsdagarperr-ulb.se\/fi\/wp-json\/wp\/v2\/pages\/6633","targetHints":{"allow":["GET"]}}],"collection":[{"href":"https:\/\/xn--arbetsdagarperr-ulb.se\/fi\/wp-json\/wp\/v2\/pages"}],"about":[{"href":"https:\/\/xn--arbetsdagarperr-ulb.se\/fi\/wp-json\/wp\/v2\/types\/page"}],"author":[{"embeddable":true,"href":"https:\/\/xn--arbetsdagarperr-ulb.se\/fi\/wp-json\/wp\/v2\/users\/1"}],"replies":[{"embeddable":true,"href":"https:\/\/xn--arbetsdagarperr-ulb.se\/fi\/wp-json\/wp\/v2\/comments?post=6633"}],"version-history":[{"count":2,"href":"https:\/\/xn--arbetsdagarperr-ulb.se\/fi\/wp-json\/wp\/v2\/pages\/6633\/revisions"}],"predecessor-version":[{"id":6636,"href":"https:\/\/xn--arbetsdagarperr-ulb.se\/fi\/wp-json\/wp\/v2\/pages\/6633\/revisions\/6636"}],"wp:featuredmedia":[{"embeddable":true,"href":"https:\/\/xn--arbetsdagarperr-ulb.se\/fi\/wp-json\/wp\/v2\/media\/6634"}],"wp:attachment":[{"href":"https:\/\/xn--arbetsdagarperr-ulb.se\/fi\/wp-json\/wp\/v2\/media?parent=6633"}],"curies":[{"name":"wp","href":"https:\/\/api.w.org\/{rel}","templated":true}]}}