{"id":6631,"date":"2023-11-06T12:38:46","date_gmt":"2023-11-06T11:38:46","guid":{"rendered":"https:\/\/xn--arbetsdagarperr-ulb.se\/?page_id=6631"},"modified":"2025-01-25T11:06:59","modified_gmt":"2025-01-25T10:06:59","slug":"arbetsdagar-per-ar-2025","status":"publish","type":"page","link":"https:\/\/xn--arbetsdagarperr-ulb.se\/fi\/","title":{"rendered":"Ty\u00f6p\u00e4ivi\u00e4 vuodessa 2025"},"content":{"rendered":"<table id=\"tablepress-10\" class=\"tablepress tablepress-id-10 tablepress-responsive\">\n<thead>\n<tr class=\"row-1\">\n\t<th class=\"column-1\">Kuukausi<\/th><th class=\"column-2\">Ty\u00f6p\u00e4iv\u00e4t<\/th><th class=\"column-3\">Ty\u00f6tunnit<\/th><th class=\"column-4\">la &amp; su.<\/th><th class=\"column-5\">muut<\/th>\n<\/tr>\n<\/thead>\n<tbody class=\"row-striping row-hover\">\n<tr class=\"row-2\">\n\t<td class=\"column-1\"><a href=\"https:\/\/xn--arbetsdagarperr-ulb.se\/fi\/tammikuu-2025\/\">tammikuu<\/a><\/td><td class=\"column-2\">22<\/td><td class=\"column-3\">176<\/td><td class=\"column-4\">8<\/td><td class=\"column-5\">1<\/td>\n<\/tr>\n<tr class=\"row-3\">\n\t<td class=\"column-1\"><a href=\"https:\/\/xn--arbetsdagarperr-ulb.se\/fi\/helmikuu-2025\/\">helmikuu<\/a><\/td><td class=\"column-2\">20<\/td><td class=\"column-3\">160<\/td><td class=\"column-4\">8<\/td><td class=\"column-5\">0<\/td>\n<\/tr>\n<tr class=\"row-4\">\n\t<td class=\"column-1\"><a href=\"https:\/\/xn--arbetsdagarperr-ulb.se\/fi\/maaliskuu-2025\/\">maaliskuuta<\/a><\/td><td class=\"column-2\">21<\/td><td class=\"column-3\">168<\/td><td class=\"column-4\">10<\/td><td class=\"column-5\">0<\/td>\n<\/tr>\n<tr class=\"row-5\">\n\t<td class=\"column-1\"><a href=\"https:\/\/xn--arbetsdagarperr-ulb.se\/fi\/huhtikuu-2025\/\">huhtikuu<\/a><\/td><td class=\"column-2\">20<\/td><td class=\"column-3\">160<\/td><td class=\"column-4\">8<\/td><td class=\"column-5\">3<\/td>\n<\/tr>\n<tr class=\"row-6\">\n\t<td class=\"column-1\"><a href=\"https:\/\/xn--arbetsdagarperr-ulb.se\/fi\/toukokuu-2025\/\">saattaa<\/a><\/td><td class=\"column-2\">20<\/td><td class=\"column-3\">160<\/td><td class=\"column-4\">9<\/td><td class=\"column-5\">2<\/td>\n<\/tr>\n<tr class=\"row-7\">\n\t<td class=\"column-1\"><a href=\"https:\/\/xn--arbetsdagarperr-ulb.se\/fi\/kesakuu-2025\/\">kes\u00e4kuuta<\/a><\/td><td class=\"column-2\">18<\/td><td class=\"column-3\">144<\/td><td class=\"column-4\">9<\/td><td class=\"column-5\">4<\/td>\n<\/tr>\n<tr class=\"row-8\">\n\t<td class=\"column-1\"><a href=\"https:\/\/xn--arbetsdagarperr-ulb.se\/fi\/heinakuu-2025\/\">hein\u00e4kuu<\/a><\/td><td class=\"column-2\">23<\/td><td class=\"column-3\">184<\/td><td class=\"column-4\">8<\/td><td class=\"column-5\">0<\/td>\n<\/tr>\n<tr class=\"row-9\">\n\t<td class=\"column-1\"><a href=\"https:\/\/xn--arbetsdagarperr-ulb.se\/fi\/elokuu-2025\/\">elokuu<\/a><\/td><td class=\"column-2\">21<\/td><td class=\"column-3\">168<\/td><td class=\"column-4\">10<\/td><td class=\"column-5\">0<\/td>\n<\/tr>\n<tr class=\"row-10\">\n\t<td class=\"column-1\"><a href=\"https:\/\/xn--arbetsdagarperr-ulb.se\/fi\/syyskuu-2025\/\">syyskuu<\/a><\/td><td class=\"column-2\">22<\/td><td class=\"column-3\">176<\/td><td class=\"column-4\">8<\/td><td class=\"column-5\">0<\/td>\n<\/tr>\n<tr class=\"row-11\">\n\t<td class=\"column-1\"><a href=\"https:\/\/xn--arbetsdagarperr-ulb.se\/fi\/lokakuu-2025\/\">lokakuu<\/a><\/td><td class=\"column-2\">23<\/td><td class=\"column-3\">184<\/td><td class=\"column-4\">8<\/td><td class=\"column-5\">0<\/td>\n<\/tr>\n<tr class=\"row-12\">\n\t<td class=\"column-1\"><a href=\"https:\/\/xn--arbetsdagarperr-ulb.se\/fi\/marraskuu-2025\/\">marraskuu<\/a><\/td><td class=\"column-2\">20<\/td><td class=\"column-3\">160<\/td><td class=\"column-4\">10<\/td><td class=\"column-5\">0<\/td>\n<\/tr>\n<tr class=\"row-13\">\n\t<td class=\"column-1\"><a href=\"https:\/\/xn--arbetsdagarperr-ulb.se\/fi\/joulukuuta-2025\/\">joulukuu<\/a><\/td><td class=\"column-2\">21<\/td><td class=\"column-3\">168<\/td><td class=\"column-4\">8<\/td><td class=\"column-5\">2<\/td>\n<\/tr>\n<tr class=\"row-14\">\n\t<td class=\"column-1\"><strong>Vuotuinen ty\u00f6aika yhteens\u00e4<\/strong><\/td><td class=\"column-2\"><strong>251<\/strong><\/td><td class=\"column-3\"><strong>2008<\/strong><\/td><td class=\"column-4\"><strong>104<\/strong><\/td><td class=\"column-5\"><strong>12<\/strong><\/td>\n<\/tr>\n<\/tbody>\n<tfoot>\n<tr class=\"row-15\">\n\t<th class=\"column-1\">Keskim\u00e4\u00e4r\u00e4inen \/ kuukausi<\/th><th class=\"column-2\">20.92<\/th><th class=\"column-3\">167.33<\/th><th class=\"column-4\">8.67<\/th><th class=\"column-5\">1.00<\/th>\n<\/tr>\n<\/tfoot>\n<\/table>\n\n\r\n\r\n\r\n<p style=\"text-align: center;\"><img loading=\"lazy\" decoding=\"async\" class=\"alignnone size-full wp-image-30\" src=\"https:\/\/xn--arbetsdagarperr-ulb.se\/wp-content\/uploads\/2021\/03\/arbetstimmar-per-manad.jpg\" alt=\"Ty\u00f6tunteja kuukaudessa\" width=\"244\" height=\"206\" srcset=\"https:\/\/xn--arbetsdagarperr-ulb.se\/wp-content\/uploads\/2021\/03\/arbetstimmar-per-manad.jpg 244w, https:\/\/xn--arbetsdagarperr-ulb.se\/wp-content\/uploads\/2021\/03\/arbetstimmar-per-manad-14x12.jpg 14w, https:\/\/xn--arbetsdagarperr-ulb.se\/wp-content\/uploads\/2021\/03\/arbetstimmar-per-manad-127x107.jpg 127w\" sizes=\"auto, (max-width: 244px) 100vw, 244px\" \/><\/p>\r\n<p>&nbsp;<\/p>\r\n<h3 id=\"2022\" class=\"has-text-align-center wp-block-heading\" style=\"text-align: center;\">Ty\u00f6p\u00e4ivi\u00e4 vuodessa 2025<\/h3>\r\n<p>Ty\u00f6kuormasta puhuttaessa viitataan yleens\u00e4 keskim\u00e4\u00e4rin 160 ty\u00f6tuntiin kuukaudessa tai 250 ty\u00f6p\u00e4iv\u00e4\u00e4n vuodessa. Mutta n\u00e4m\u00e4 luvut eiv\u00e4t aina ole tarkkoja. Esimerkiksi vuodelle 2025 ty\u00f6tuntien m\u00e4\u00e4r\u00e4 vaihtelee 144:st\u00e4 184:\u00e4\u00e4n, keskim\u00e4\u00e4rin 167 tuntia kuukaudessa. Yhteens\u00e4 ty\u00f6p\u00e4ivi\u00e4 tulee olemaan 251, mik\u00e4 j\u00e4tt\u00e4\u00e4 116 vapaap\u00e4iv\u00e4\u00e4. Alla olevassa taulukossa annamme yksityiskohtaisen yleiskatsauksen ty\u00f6p\u00e4ivien lukum\u00e4\u00e4r\u00e4st\u00e4, ty\u00f6ajoista, lauantaista, sunnuntaista ja muista vapaap\u00e4ivist\u00e4 - kuten pyh\u00e4p\u00e4ivist\u00e4, juhannusaatosta, jouluaatosta ja uudenvuodenaatosta. Jos vapaap\u00e4iv\u00e4 osuu lauantaille tai sunnuntaille, se lasketaan &quot;la &amp; su&quot; -kohtaan. Perustamme n\u00e4m\u00e4 laskelmat tavalliseen kahdeksan tunnin ty\u00f6p\u00e4iv\u00e4\u00e4n. Sen m\u00e4\u00e4rittelee, mitk\u00e4 p\u00e4iv\u00e4t katsotaan lomap\u00e4iviksi Ruotsissa <a href=\"https:\/\/www.riksdagen.se\/sv\/dokument-lagar\/dokument\/svensk-forfattningssamling\/lag-1989253-om-allmanna-helgdagar_sfs-1989-253\" rel=\"noopener\">Viive (1989: 253)<\/a> yleisin\u00e4 vapaap\u00e4ivin\u00e4. Useimmilla ihmisill\u00e4 on seuraavat vapaap\u00e4iv\u00e4t, vaikka ne kuuluisivat tavalliselle ty\u00f6p\u00e4iv\u00e4lle:<\/p>\r\n<ul>\r\n<li><a href=\"https:\/\/xn--arbetsdagarperr-ulb.se\/fi\/punaiset-paivat\/uudenvuodenaatto\/\">Uudenvuodenaatto<\/a><\/li>\r\n<li><a href=\"https:\/\/xn--arbetsdagarperr-ulb.se\/fi\/punaiset-paivat\/jouluaatto\/\">jouluaatto<\/a><\/li>\r\n<li><a href=\"https:\/\/xn--arbetsdagarperr-ulb.se\/fi\/punaiset-paivat\/paasiainen-ja-helluntai\/\">P\u00e4\u00e4si\u00e4isp\u00e4iv\u00e4 ja helluntai<\/a><\/li>\r\n<li><a href=\"https:\/\/xn--arbetsdagarperr-ulb.se\/fi\/punaiset-paivat\/uudenvuodenpaiva-ja-kolmetoista-paiva-joulu\/\">uudenvuodenp\u00e4iv\u00e4 ja joulun kolmastoista p\u00e4iv\u00e4<\/a><\/li>\r\n<li><a href=\"https:\/\/xn--arbetsdagarperr-ulb.se\/fi\/punaiset-paivat\/forsta-maj\/\">Toukokuun 1. p\u00e4iv\u00e4<\/a><\/li>\r\n<li><a href=\"https:\/\/xn--arbetsdagarperr-ulb.se\/fi\/punaiset-paivat\/joulu-paiva-ja-toinen-paiva-joulu\/\">Joulup\u00e4iv\u00e4 ja jouluaatto<\/a><\/li>\r\n<li><a href=\"https:\/\/xn--arbetsdagarperr-ulb.se\/fi\/punaiset-paivat\/pitkaperjantai-maanantai-paasiainen\/\">Pitk\u00e4perjantai ja p\u00e4\u00e4si\u00e4ismaanantai<\/a><\/li>\r\n<li><a href=\"https:\/\/xn--arbetsdagarperr-ulb.se\/fi\/punaiset-paivat\/helatorstai\/\">Helatorstai<\/a><\/li>\r\n<li><a href=\"https:\/\/xn--arbetsdagarperr-ulb.se\/fi\/punaiset-paivat\/ruotsin-kansallispaiva\/\">Ruotsin kansallisp\u00e4iv\u00e4<\/a><\/li>\r\n<li><a href=\"https:\/\/xn--arbetsdagarperr-ulb.se\/fi\/punaiset-paivat\/juhannuspaiva\/\">Juhannusp\u00e4iv\u00e4<\/a><\/li>\r\n<li><a href=\"https:\/\/xn--arbetsdagarperr-ulb.se\/fi\/punaiset-paivat\/pyhainpaiva\/\">Pyh\u00e4inp\u00e4iv\u00e4<\/a><\/li>\r\n<li><a href=\"https:\/\/xn--arbetsdagarperr-ulb.se\/fi\/punaiset-paivat\/juhannusaatto\/\">Juhannusaatto<\/a><\/li>\r\n<\/ul>\r\n<p>Tutustu kalenteriimme t\u00e4\u00e4ll\u00e4 oikealla, joka sis\u00e4lt\u00e4\u00e4 tietoa mm. nimip\u00e4ivi\u00e4 ja v\u00e4h\u00e4n historiaa siit\u00e4, mit\u00e4 sin\u00e4 p\u00e4iv\u00e4n\u00e4 tapahtui.<\/p>\r\n\r\n\r\n<style>.wp-show-posts-columns#wpsp-213 {margin-left: -2em; }.wp-show-posts-columns#wpsp-213 .wp-show-posts-inner {margin: 0 0 2em 2em; }<\/style><section id=\"wpsp-213\" class=\"wp-show-posts\" style=\"\"><article class=\"wp-show-posts-single wpsp-clearfix post-159 post type-post status-publish format-standard hentry category-roda-dagar\" itemtype=\"http:\/\/schema.org\/CreativeWork\" itemscope><div class=\"wp-show-posts-inner\" style=\"\">\t\t\t\t\t\t<header class=\"wp-show-posts-entry-header\">\n\t\t\t\t\t\t\t<h2 class=\"wp-show-posts-entry-title\" itemprop=\"headline\"><a href=\"https:\/\/xn--arbetsdagarperr-ulb.se\/fi\/punaiset-paivat\/pyhainpaiva\/\" rel=\"bookmark\">Pyh\u00e4inp\u00e4iv\u00e4<\/a><\/h2>\t\t\t\t\t\t<\/header><!-- .entry-header -->\n\t\t\t\t\t\t\t\t\t\t\t<div class=\"wp-show-posts-entry-content\" itemprop=\"text\">\n\t\t\t\t\t\t\t<h2 style=\"text-align: center;\">Pyh\u00e4inp\u00e4iv\u00e4<\/h2>\r\n<img loading=\"lazy\" decoding=\"async\" class=\"aligncenter size-full wp-image-160\" src=\"https:\/\/xn--arbetsdagarperr-ulb.se\/wp-content\/uploads\/2022\/04\/alla-helgons-dag.jpg\" alt=\"Pyh\u00e4inp\u00e4iv\u00e4\" width=\"800\" height=\"531\" srcset=\"https:\/\/xn--arbetsdagarperr-ulb.se\/wp-content\/uploads\/2022\/04\/alla-helgons-dag.jpg 800w, https:\/\/xn--arbetsdagarperr-ulb.se\/wp-content\/uploads\/2022\/04\/alla-helgons-dag-300x199.jpg 300w, https:\/\/xn--arbetsdagarperr-ulb.se\/wp-content\/uploads\/2022\/04\/alla-helgons-dag-768x510.jpg 768w\" sizes=\"auto, (max-width: 800px) 100vw, 800px\" \/>\r\n\r\n<span style=\"font-weight: 400;\">T\u00e4t\u00e4 p\u00e4iv\u00e4\u00e4 vietet\u00e4\u00e4n aina lauantaina, joka on 31. lokakuuta ja 6. marraskuuta. Kirkon j\u00e4lkeinen p\u00e4iv\u00e4 on omistettu kaikkien pyhien huomioimiselle, kuolleiden muistop\u00e4iv\u00e4n\u00e4. Kristinuskossa on pitk\u00e4\u00e4n ollut tapana kiinnitt\u00e4\u00e4 huomiota pyhiin ja marttyyreihin eri p\u00e4ivin\u00e4. Pyhien p\u00e4iv\u00e4 on p\u00e4iv\u00e4, jolloin muistetaan ja muistetaan kaikkia pyhi\u00e4, joille ei ole annettu omaa p\u00e4iv\u00e4\u00e4. Syy, miksi kaikkia pyhi\u00e4 ja marttyyreja juhlitaan, on vahvistaa hengellist\u00e4 sidett\u00e4 maan p\u00e4\u00e4ll\u00e4 el\u00e4vien ja taivaaseen tulleiden kuolleiden v\u00e4lill\u00e4. T\u00e4ll\u00e4 tavoin mielikuva ja usko siit\u00e4, ett\u00e4 kuoleman j\u00e4lkeen on el\u00e4m\u00e4\u00e4, vahvistuu. T\u00e4n\u00e4 muistop\u00e4iv\u00e4n\u00e4 on tavallista sytytt\u00e4\u00e4 kynttil\u00f6it\u00e4 hautausmaalla. Pyh\u00e4inp\u00e4iv\u00e4 on alunperin saanut alkunsa kirkosta, mutta nykyaikana on my\u00f6s tavallista, ett\u00e4 ei-uskovat syttelev\u00e4t kynttil\u00f6it\u00e4 hautausmailla muistettaessa edesmenneit\u00e4 l\u00e4heisi\u00e4. T\u00e4m\u00e4 perinne alkoi vuonna 1900 ja se havaittiin ensin p\u00e4\u00e4asiassa suurissa kaupungeissa ja levisi sitten koko maahan. Anglosaksisissa maissa juhlitaan Halloweenia ja &quot;kaikkien pyhimysten p\u00e4iv\u00e4\u00e4&quot;. Halloween tulee alun perin kelttil\u00e4isest\u00e4 festivaalista, jossa ihmiset sytyttiv\u00e4t kokoja ja pukeutuivat pukuihin karkottaakseen haamuja. Halloween osuu aina lokakuun 31. p\u00e4iv\u00e4ksi, kun taas &quot;kaikkien pyhien p\u00e4iv\u00e4&quot; on 1. marraskuuta.\u00a0<\/span>\r\n\r\n<span style=\"font-weight: 400;\">P\u00e4\u00e4symboliikka, jota pyh\u00e4inp\u00e4iv\u00e4n\u00e4 k\u00e4ytet\u00e4\u00e4n, on valo. Jokainen sytytetty kynttil\u00e4 on el\u00e4m\u00e4n symboli, joka loistaa, tulee ja sammuu. Sesonkiaikana, jolloin pyh\u00e4inp\u00e4iv\u00e4\u00e4 vietet\u00e4\u00e4n, on pime\u00e4\u00e4, jolloin kynttil\u00f6iden sytytt\u00e4misen symbolinen vaikutus tulee erityisen vahvaksi, kun kynttil\u00e4t erottuvat ja n\u00e4kyv\u00e4t hyvin selv\u00e4sti. Joskus pyhimysten p\u00e4iv\u00e4 on samaan aikaan kuin anglosaksinen Halloween-perinne, mink\u00e4 vuoksi monien ihmisten on luultavasti vaikea erottaa n\u00e4it\u00e4 kahta toisistaan. Halloweenia juhlitaan my\u00f6s Ruotsissa suuressa m\u00e4\u00e4rin, kun lapset pukeutuvat ja menev\u00e4t &quot;pahaan tai makeisiin&quot;.<\/span>\t\t\t\t\t\t<\/div><!-- .entry-content -->\n\t\t\t\t\t<div class=\"wpsp-read-more\"><a title=\"Pyh\u00e4inp\u00e4iv\u00e4\" class=\"wp-show-posts-read-more\" href=\"https:\/\/xn--arbetsdagarperr-ulb.se\/fi\/punaiset-paivat\/pyhainpaiva\/\">Lue lis\u00e4\u00e4 t\u00e4\u00e4lt\u00e4...<\/a><\/div><\/div><!-- wp-show-posts-inner --><div class=\"wpsp-clear\"><\/div><\/article><article class=\"wp-show-posts-single wpsp-clearfix post-140 post type-post status-publish format-standard hentry category-roda-dagar\" itemtype=\"http:\/\/schema.org\/CreativeWork\" itemscope><div class=\"wp-show-posts-inner\" style=\"\">\t\t\t\t\t\t<header class=\"wp-show-posts-entry-header\">\n\t\t\t\t\t\t\t<h2 class=\"wp-show-posts-entry-title\" itemprop=\"headline\"><a href=\"https:\/\/xn--arbetsdagarperr-ulb.se\/fi\/punaiset-paivat\/pitkaperjantai-maanantai-paasiainen\/\" rel=\"bookmark\">Pitk\u00e4perjantai ja p\u00e4\u00e4si\u00e4ismaanantai<\/a><\/h2>\t\t\t\t\t\t<\/header><!-- .entry-header -->\n\t\t\t\t\t\t\t\t\t\t\t<div class=\"wp-show-posts-entry-content\" itemprop=\"text\">\n\t\t\t\t\t\t\t<p><img loading=\"lazy\" decoding=\"async\" class=\"aligncenter size-large wp-image-141\" src=\"https:\/\/xn--arbetsdagarperr-ulb.se\/wp-content\/uploads\/2022\/04\/langfredagen-annandag_pask-1024x576.jpg\" alt=\"Pitk\u00e4perjantai ja p\u00e4\u00e4si\u00e4ismaanantai\" width=\"1024\" height=\"576\" srcset=\"https:\/\/xn--arbetsdagarperr-ulb.se\/wp-content\/uploads\/2022\/04\/langfredagen-annandag_pask-1024x576.jpg 1024w, https:\/\/xn--arbetsdagarperr-ulb.se\/wp-content\/uploads\/2022\/04\/langfredagen-annandag_pask-300x169.jpg 300w, https:\/\/xn--arbetsdagarperr-ulb.se\/wp-content\/uploads\/2022\/04\/langfredagen-annandag_pask-768x432.jpg 768w, https:\/\/xn--arbetsdagarperr-ulb.se\/wp-content\/uploads\/2022\/04\/langfredagen-annandag_pask.jpg 1280w\" sizes=\"auto, (max-width: 1024px) 100vw, 1024px\" \/><\/p>\n<h2 style=\"text-align: center;\"><b>Pitk\u00e4perjantai<\/b><\/h2>\n<p><span style=\"font-weight: 400;\">Se, mit\u00e4 tapahtuu pitk\u00e4perjantaina, ei ole juhlaa, vaan pikemminkin juhlaa. Jeesuksen ristiinnaulitseminen on se mit\u00e4 huomataan ja t\u00e4m\u00e4 p\u00e4iv\u00e4 on perinteisesti harmaa ja surullinen. Surun symbolit ovat historiallisesti ilmaantuneet pitk\u00e4perjantaina. T\u00e4\u00e4ll\u00e4 on n\u00e4hty mustia vaatteita, suljettuja kauppoja, v\u00e4ltetty kontakteja, hyvin yksinkertaista rajoitettua ruokaa tai jopa paastoa. Pitk\u00e4perjantaina oli laitonta pit\u00e4\u00e4 hauskaa jonkin aikaa. Tanssiminen, tavernat, elokuvateatterit, bingo ja jalkapallo-ottelut kiellettiin. Viel\u00e4 kauempana historiassa n\u00e4emme my\u00f6s, ett\u00e4 ihmiset ovat vatkatneet toisiaan riisill\u00e4 muistuttaakseen itse\u00e4\u00e4n Jeesuksen k\u00e4rsimyksest\u00e4. Nykyaikana k\u00e4rsimys on vedetty pois. Nyky\u00e4\u00e4n on sallittua ja laillista tehd\u00e4 pitk\u00e4perjantaina mit\u00e4 haluaa, mutta monet vaativat rajoittavansa itse\u00e4\u00e4n.\u00a0<\/span><\/p>\n<p><span style=\"font-weight: 400;\">Kirkon huomiossa pitk\u00e4perjantaina aamulla, l\u00e4hell\u00e4 yhdeks\u00e4tt\u00e4 tuntia, jolloin Jeesus kuoli, pidet\u00e4\u00e4n jumalanpalvelus, jossa ei soiteta musiikkia, kaikki ilon merkit ovat poissa ja lauluja lauletaan. Ainoa koristeena on viisi punaista ruusua, jotka koristavat alttaria, jotka ovat symboleja haavoista, joita Jeesus sai ristiinnaulittaessa.\u00a0<\/span><\/p>\n<p>&nbsp;<\/p>\n<h2 style=\"text-align: center;\"><b>P\u00e4\u00e4si\u00e4ismaanantai<\/b><\/h2>\n<p><span style=\"font-weight: 400;\">T\u00e4t\u00e4 p\u00e4iv\u00e4\u00e4 juhlitaan, kun Jeesus ilmestyi opetuslapsilleen kuoltuaan ristill\u00e4 ja her\u00e4tty\u00e4\u00e4n henkiin. P\u00e4\u00e4si\u00e4ismaanantai on p\u00e4\u00e4si\u00e4isen j\u00e4lkeinen p\u00e4iv\u00e4. P\u00e4\u00e4si\u00e4isp\u00e4iv\u00e4n\u00e4 Jeesuksen hauta tutkittiin ja havaittiin, ett\u00e4 se oli tyhj\u00e4. Seuraavana p\u00e4iv\u00e4n\u00e4 Jeesus alkoi ilmesty\u00e4 opetuslapsilleen. P\u00e4\u00e4si\u00e4ismaanantai on kristinuskon p\u00e4iv\u00e4, joka auttaa vahvistamaan, ett\u00e4 on toivoa kuoleman j\u00e4lkeisest\u00e4 el\u00e4m\u00e4st\u00e4 yhdess\u00e4 Jumalan kanssa, koska Jeesus osoittaa, ett\u00e4 kuolema voidaan voittaa. P\u00e4\u00e4si\u00e4ismaanantai on tietysti onnellisempi kuin pitk\u00e4perjantai ja t\u00e4m\u00e4 p\u00e4iv\u00e4 on ilman erityisi\u00e4 s\u00e4\u00e4nn\u00f6ksi\u00e4 ilolle. Kansankodissa on yleens\u00e4 p\u00e4\u00e4si\u00e4isruokaa j\u00e4ljell\u00e4, perhe voi kokoontua ja sy\u00f6d\u00e4 yhdess\u00e4 p\u00e4\u00e4si\u00e4isaattona ilman muuta merkityst\u00e4 Jeesukselle ja h\u00e4nen opetuslapsilleen.\u00a0<\/span><\/p>\n\t\t\t\t\t\t<\/div><!-- .entry-content -->\n\t\t\t\t\t<div class=\"wpsp-read-more\"><a title=\"Pitk\u00e4perjantai ja p\u00e4\u00e4si\u00e4ismaanantai\" class=\"wp-show-posts-read-more\" href=\"https:\/\/xn--arbetsdagarperr-ulb.se\/fi\/punaiset-paivat\/pitkaperjantai-maanantai-paasiainen\/\">Lue lis\u00e4\u00e4 t\u00e4\u00e4lt\u00e4...<\/a><\/div><\/div><!-- wp-show-posts-inner --><div class=\"wpsp-clear\"><\/div><\/article><\/section><!-- .wp-show-posts --><\/p>","protected":false},"excerpt":{"rendered":"<p>&nbsp; Ty\u00f6p\u00e4ivi\u00e4 vuodessa vuonna 2025 Ty\u00f6m\u00e4\u00e4r\u00e4st\u00e4 puhuttaessa viitataan yleens\u00e4 keskim\u00e4\u00e4rin 160 ty\u00f6tuntiin kuukaudessa tai 250 ty\u00f6p\u00e4iv\u00e4\u00e4n vuodessa. Mutta n\u00e4m\u00e4 luvut eiv\u00e4t aina ole tarkkoja. Esimerkiksi vuonna 2025 ty\u00f6tuntien m\u00e4\u00e4r\u00e4 vaihtelee 144:st\u00e4 184:\u00e4\u00e4n, keskim\u00e4\u00e4rin 167 tuntia kuukaudessa. Yhteens\u00e4 siell\u00e4 on 251...<\/p>\n<p class=\"read-more\"> <a class=\"\" href=\"https:\/\/xn--arbetsdagarperr-ulb.se\/fi\/punaiset-paivat\/pitkaperjantai-maanantai-paasiainen\/\"> <span class=\"screen-reader-text\">Pitk\u00e4perjantai ja p\u00e4\u00e4si\u00e4ismaanantai<\/span> Lue lis\u00e4\u00e4 &quot;<\/a><\/p>","protected":false},"author":1,"featured_media":0,"parent":0,"menu_order":0,"comment_status":"closed","ping_status":"closed","template":"","meta":{"site-sidebar-layout":"default","site-content-layout":"default","ast-main-header-display":"","ast-hfb-above-header-display":"","ast-hfb-below-header-display":"","ast-hfb-mobile-header-display":"","site-post-title":"","ast-breadcrumbs-content":"","ast-featured-img":"","footer-sml-layout":"","theme-transparent-header-meta":"default","adv-header-id-meta":"","stick-header-meta":"","header-above-stick-meta":"","header-main-stick-meta":"","header-below-stick-meta":"","footnotes":""},"class_list":["post-6631","page","type-page","status-publish","hentry"],"_links":{"self":[{"href":"https:\/\/xn--arbetsdagarperr-ulb.se\/fi\/wp-json\/wp\/v2\/pages\/6631","targetHints":{"allow":["GET"]}}],"collection":[{"href":"https:\/\/xn--arbetsdagarperr-ulb.se\/fi\/wp-json\/wp\/v2\/pages"}],"about":[{"href":"https:\/\/xn--arbetsdagarperr-ulb.se\/fi\/wp-json\/wp\/v2\/types\/page"}],"author":[{"embeddable":true,"href":"https:\/\/xn--arbetsdagarperr-ulb.se\/fi\/wp-json\/wp\/v2\/users\/1"}],"replies":[{"embeddable":true,"href":"https:\/\/xn--arbetsdagarperr-ulb.se\/fi\/wp-json\/wp\/v2\/comments?post=6631"}],"version-history":[{"count":5,"href":"https:\/\/xn--arbetsdagarperr-ulb.se\/fi\/wp-json\/wp\/v2\/pages\/6631\/revisions"}],"predecessor-version":[{"id":6739,"href":"https:\/\/xn--arbetsdagarperr-ulb.se\/fi\/wp-json\/wp\/v2\/pages\/6631\/revisions\/6739"}],"wp:attachment":[{"href":"https:\/\/xn--arbetsdagarperr-ulb.se\/fi\/wp-json\/wp\/v2\/media?parent=6631"}],"curies":[{"name":"wp","href":"https:\/\/api.w.org\/{rel}","templated":true}]}}