{"id":3,"date":"2021-03-24T12:34:54","date_gmt":"2021-03-24T11:34:54","guid":{"rendered":"https:\/\/xn--arbetsdagarperr-ulb.se\/?page_id=3"},"modified":"2023-07-13T13:30:59","modified_gmt":"2023-07-13T11:30:59","slug":"privacy-policy","status":"publish","type":"page","link":"https:\/\/xn--arbetsdagarperr-ulb.se\/fi\/tietosuojakaytanto\/","title":{"rendered":"Tietosuojak\u00e4yt\u00e4nt\u00f6"},"content":{"rendered":"<pre class=\"wp-block-heading\">(sis\u00e4\u00e4n <strong>Englanti<\/strong> alempana t\u00e4ll\u00e4 sivulla)<\/pre>\r\n<h2 class=\"wp-block-heading\">Keit\u00e4 olemme<\/h2>\r\n<p>Verkkosivustomme osoite on: <a href=\"https:\/\/xn--arbetsdagarperr-ulb.se\/fi\/\" target=\"_new\" rel=\"noopener\">https:\/\/xn--arbetsdagarperr-ulb.se<\/a> (arbetsdagarper\u00e5r.se)<\/p>\r\n<h2>Kommentit<\/h2>\r\n<p>Kun vierailijat j\u00e4tt\u00e4v\u00e4t kommentteja verkkosivustolle, ker\u00e4\u00e4mme kommenttilomakkeessa n\u00e4kyv\u00e4t tiedot sek\u00e4 vierailijan IP-osoitteen ja selaintiedot roskapostin havaitsemiseksi.<\/p>\r\n<p>S\u00e4hk\u00f6postiosoitteestasi luotu anonymisoitu merkkijono (kutsutaan my\u00f6s hashiksi) voidaan l\u00e4hett\u00e4\u00e4 Gravatar-palveluun tarkistaaksesi, k\u00e4yt\u00e4tk\u00f6 sit\u00e4. Gravatar-palvelun tietosuojaseloste l\u00f6ytyy t\u00e4\u00e4lt\u00e4: <a href=\"https:\/\/automattic.com\/privacy\/\" target=\"_new\" rel=\"noopener\">https:\/\/automattic.com\/privacy\/<\/a>. Kommenttisi hyv\u00e4ksymisen j\u00e4lkeen profiilikuvasi n\u00e4kyy julkisesti kommenttisi yhteydess\u00e4.<\/p>\r\n<h2>Media<\/h2>\r\n<p>Jos lataat kuvia sivustolle, \u00e4l\u00e4 lataa kuvia, joissa on upotettu sijaintitieto (EXIF GPS). Sivuston vierailijat voivat ladata ja poimia kaikki sijaintitiedot sivuston kuvista.<\/p>\r\n<h2>Keksit<\/h2>\r\n<p>Jos j\u00e4t\u00e4t kommentin verkkosivuillemme, voit tallentaa nimesi, s\u00e4hk\u00f6postiosoitteesi ja verkkosivustosi ev\u00e4steisiin. N\u00e4m\u00e4 ovat avuksesi, joten sinun ei tarvitse sy\u00f6tt\u00e4\u00e4 tietojasi uudelleen j\u00e4tt\u00e4ess\u00e4si toisen kommentin. N\u00e4m\u00e4 ev\u00e4steet kest\u00e4v\u00e4t yhden vuoden.<\/p>\r\n<p>Jos vierailet kirjautumissivullamme, asetamme v\u00e4liaikaisen ev\u00e4steen m\u00e4\u00e4ritt\u00e4\u00e4ksemme, hyv\u00e4ksyyk\u00f6 selaimesi ev\u00e4steet. T\u00e4m\u00e4 ev\u00e4ste ei sis\u00e4ll\u00e4 henkil\u00f6kohtaisia tietoja, ja se hyl\u00e4t\u00e4\u00e4n, kun suljet selaimesi.<\/p>\r\n<p>Kun kirjaudut sis\u00e4\u00e4n, asetamme my\u00f6s useita ev\u00e4steit\u00e4 tallentaaksemme kirjautumistietosi ja n\u00e4ytt\u00f6valintasi. Kirjautumisev\u00e4steet kest\u00e4v\u00e4t kaksi p\u00e4iv\u00e4\u00e4 ja n\u00e4ytt\u00f6vaihtoehtoev\u00e4steet vuoden. Jos valitset &quot;Muista minut&quot;, kirjautumistunnuksesi s\u00e4ilyy kaksi viikkoa. Jos kirjaudut ulos tililt\u00e4si, kirjautumisev\u00e4steet poistetaan.<\/p>\r\n<p>Jos muokkaat tai julkaiset artikkelin, selaimeesi tallennetaan lis\u00e4ev\u00e4ste. T\u00e4m\u00e4 ev\u00e4ste ei sis\u00e4ll\u00e4 henkil\u00f6tietoja, ja se osoittaa vain juuri muokkaamasi artikkelin tunnuksen. Se vanhenee 1 p\u00e4iv\u00e4n kuluttua.<\/p>\r\n<h2>Upotettu sis\u00e4lt\u00f6 muilta verkkosivustoilta<\/h2>\r\n<p>T\u00e4m\u00e4n sivuston artikkelit voivat sis\u00e4lt\u00e4\u00e4 upotettua sis\u00e4lt\u00f6\u00e4 (esim. videoita, kuvia, artikkeleita jne.). Muiden verkkosivustojen upotettu sis\u00e4lt\u00f6 k\u00e4ytt\u00e4ytyy t\u00e4sm\u00e4lleen samalla tavalla kuin jos vierailija olisi vieraillut toisella verkkosivustolla.<\/p>\r\n<p>N\u00e4m\u00e4 verkkosivustot voivat ker\u00e4t\u00e4 tietoja sinusta, k\u00e4ytt\u00e4\u00e4 ev\u00e4steit\u00e4, upottaa ylim\u00e4\u00e4r\u00e4ist\u00e4 kolmannen osapuolen seurantaa ja seurata vuorovaikutustasi upotetun sis\u00e4ll\u00f6n kanssa, mukaan lukien vuorovaikutustasi upotetun sis\u00e4ll\u00f6n kanssa, jos sinulla on tili ja olet kirjautunut kyseiselle verkkosivustolle.<\/p>\r\n<h2>Kenen kanssa jaamme tietosi<\/h2>\r\n<p>Jos pyyd\u00e4t salasanan vaihtoa, IP-osoitteesi sis\u00e4llytet\u00e4\u00e4n palautusviestiin.<\/p>\r\n<h2>Kuinka kauan s\u00e4ilyt\u00e4mme tietojasi<\/h2>\r\n<p>Jos j\u00e4t\u00e4t kommentin, kommentti ja sen metatiedot s\u00e4ilytet\u00e4\u00e4n toistaiseksi. N\u00e4in voimme tunnistaa ja hyv\u00e4ksy\u00e4 kaikki jatkokommentit automaattisesti sen sijaan, ett\u00e4 olisimme pit\u00e4neet niit\u00e4 valvontajonossa.<\/p>\r\n<p>K\u00e4ytt\u00e4jille, jotka rekister\u00f6ityv\u00e4t verkkosivustollemme (jos sellaisia on), tallennamme my\u00f6s heid\u00e4n k\u00e4ytt\u00e4j\u00e4profiileihinsa antamansa henkil\u00f6tiedot. Kaikki k\u00e4ytt\u00e4j\u00e4t voivat tarkastella, muokata tai poistaa henkil\u00f6kohtaisia tietojaan milloin tahansa (he eiv\u00e4t kuitenkaan voi muuttaa k\u00e4ytt\u00e4j\u00e4tunnustaan). Sivuston yll\u00e4pit\u00e4j\u00e4t voivat my\u00f6s tarkastella ja muokata n\u00e4it\u00e4 tietoja.<\/p>\r\n<h2>Mit\u00e4 oikeuksia sinulla on tietoihisi<\/h2>\r\n<p>Jos sinulla on tili t\u00e4ll\u00e4 verkkosivustolla tai olet j\u00e4tt\u00e4nyt kommentteja, voit pyyt\u00e4\u00e4 viedyn tiedoston hallussamme olevista henkil\u00f6tiedoistasi, mukaan lukien kaikki meille antamasi tiedot. Voit my\u00f6s pyyt\u00e4\u00e4, ett\u00e4 poistamme kaikki henkil\u00f6tiedot, jotka meill\u00e4 on sinusta. T\u00e4m\u00e4 ei sis\u00e4ll\u00e4 tietoja, jotka meid\u00e4n on s\u00e4ilytett\u00e4v\u00e4 hallinnollisia, oikeudellisia tai turvallisuustarkoituksiin.<\/p>\r\n<h2>Minne l\u00e4het\u00e4mme tietosi<\/h2>\r\n<p>Vierailijoiden kommentit voidaan tarkistaa automaattisen roskapostintunnistuspalvelun kautta.<\/p>\r\n<p><a href=\"https:\/\/policies.google.com\/technologies\/partner-sites\" target=\"_blank\" rel=\"nofollow noopener\" data-schema-attribute=\"\">Googlen k\u00e4yt\u00e4nn\u00f6t<\/a><\/p>\r\n<h2>\u00a0<\/h2>\r\n<h1 class=\"wp-block-heading\">Tietosuojak\u00e4yt\u00e4nt\u00f6<\/h1>\r\n<h1 class=\"wp-block-heading\"><br \/>Keit\u00e4 olemme<\/h1>\r\n\r\n\r\n\r\n<p>Verkkosivustomme osoite on: https:\/\/xn--arbetsdagarperr-ulb.se (s\u00f6kinfo.se)<\/p>\r\n\r\n\r\n\r\n<h2 class=\"wp-block-heading\">Kommentit<\/h2>\r\n\r\n\r\n\r\n<p>Kun vierailijat j\u00e4tt\u00e4v\u00e4t kommentteja sivustolle, ker\u00e4\u00e4mme kommenttilomakkeessa n\u00e4kyv\u00e4t tiedot sek\u00e4 vierailijan IP-osoitteen ja selaimen k\u00e4ytt\u00e4j\u00e4agenttijonon roskapostin tunnistamisen helpottamiseksi.<\/p>\r\n\r\n\r\n\r\n<p>S\u00e4hk\u00f6postiosoitteestasi luotu anonymisoitu merkkijono (kutsutaan my\u00f6s hashiksi) voidaan toimittaa Gravatar-palveluun, jotta n\u00e4et, k\u00e4yt\u00e4tk\u00f6 sit\u00e4. Gravatar-palvelun tietosuojak\u00e4yt\u00e4nt\u00f6 on saatavilla t\u00e4\u00e4lt\u00e4: https:\/\/automattic.com\/privacy\/. Kun kommenttisi on hyv\u00e4ksytty, profiilikuvasi n\u00e4kyy julkisesti kommenttisi yhteydess\u00e4.<\/p>\r\n\r\n\r\n\r\n<h2 class=\"wp-block-heading\">Media<\/h2>\r\n\r\n\r\n\r\n<p>Jos lataat kuvia verkkosivustolle, sinun tulee v\u00e4ltt\u00e4\u00e4 sellaisten kuvien lataamista, joissa on upotettu sijaintitieto (EXIF GPS). Sivuston vierailijat voivat ladata ja poimia mit\u00e4 tahansa sijaintitietoja verkkosivustolla olevista kuvista.<\/p>\r\n\r\n\r\n\r\n<h2 class=\"wp-block-heading\">Keksit<\/h2>\r\n\r\n\r\n\r\n<p>Jos j\u00e4t\u00e4t kommentin sivustollemme, voit halutessasi tallentaa nimesi, s\u00e4hk\u00f6postiosoitteesi ja verkkosivustosi ev\u00e4steisiin. N\u00e4m\u00e4 ovat avuksesi, jotta sinun ei tarvitse t\u00e4ytt\u00e4\u00e4 tietojasi uudelleen, kun j\u00e4t\u00e4t toisen kommentin. N\u00e4m\u00e4 ev\u00e4steet s\u00e4ilyv\u00e4t yhden vuoden.<\/p>\r\n\r\n\r\n\r\n<p>Jos vierailet kirjautumissivullamme, asetamme v\u00e4liaikaisen ev\u00e4steen m\u00e4\u00e4ritt\u00e4\u00e4ksemme, hyv\u00e4ksyyk\u00f6 selaimesi ev\u00e4steet. T\u00e4m\u00e4 ev\u00e4ste ei sis\u00e4ll\u00e4 henkil\u00f6tietoja, ja se hyl\u00e4t\u00e4\u00e4n, kun suljet selaimesi.<\/p>\r\n\r\n\r\n\r\n<p>Kun kirjaudut sis\u00e4\u00e4n, asetamme my\u00f6s useita ev\u00e4steit\u00e4 tallentaaksemme kirjautumistietosi ja n\u00e4yt\u00f6n valintasi. Kirjautumisev\u00e4steet kest\u00e4v\u00e4t kaksi p\u00e4iv\u00e4\u00e4 ja n\u00e4ytt\u00f6asetusev\u00e4steet vuoden. Jos valitset &quot;Muista minut&quot;, kirjautumisesi s\u00e4ilyy kaksi viikkoa. Jos kirjaudut ulos tililt\u00e4si, kirjautumisev\u00e4steet poistetaan.<\/p>\r\n\r\n\r\n\r\n<p>Jos muokkaat tai julkaiset artikkelin, selaimeesi tallennetaan lis\u00e4ev\u00e4ste. T\u00e4m\u00e4 ev\u00e4ste ei sis\u00e4ll\u00e4 henkil\u00f6tietoja, ja se osoittaa yksinkertaisesti juuri muokkaamasi artikkelin viestitunnuksen. Se vanhenee 1 p\u00e4iv\u00e4n kuluttua.<\/p>\r\n\r\n\r\n\r\n<h2 class=\"wp-block-heading\">Upotettu sis\u00e4lt\u00f6 muilta verkkosivustoilta<\/h2>\r\n\r\n\r\n\r\n<p>T\u00e4m\u00e4n sivuston artikkelit voivat sis\u00e4lt\u00e4\u00e4 upotettua sis\u00e4lt\u00f6\u00e4 (esim. videoita, kuvia, artikkeleita jne.). Muiden verkkosivustojen upotettu sis\u00e4lt\u00f6 k\u00e4ytt\u00e4ytyy t\u00e4sm\u00e4lleen samalla tavalla kuin jos vierailija olisi vieraillut toisella verkkosivustolla.<\/p>\r\n\r\n\r\n\r\n<p>N\u00e4m\u00e4 verkkosivustot voivat ker\u00e4t\u00e4 tietoja sinusta, k\u00e4ytt\u00e4\u00e4 ev\u00e4steit\u00e4, upottaa ylim\u00e4\u00e4r\u00e4ist\u00e4 kolmannen osapuolen seurantaa ja seurata vuorovaikutustasi upotetun sis\u00e4ll\u00f6n kanssa, mukaan lukien vuorovaikutustasi upotetun sis\u00e4ll\u00f6n kanssa, jos sinulla on tili ja olet kirjautunut kyseiselle verkkosivustolle.<\/p>\r\n\r\n\r\n\r\n<h2 class=\"wp-block-heading\">Kenen kanssa jaamme tietosi<\/h2>\r\n\r\n\r\n\r\n<p>Jos pyyd\u00e4t salasanan vaihtoa, IP-osoitteesi sis\u00e4llytet\u00e4\u00e4n palautusviestiin.<\/p>\r\n\r\n\r\n\r\n<h2 class=\"wp-block-heading\">Kuinka kauan s\u00e4ilyt\u00e4mme tietojasi<\/h2>\r\n\r\n\r\n\r\n<p>Jos j\u00e4t\u00e4t kommentin, kommentti ja sen metatiedot s\u00e4ilytet\u00e4\u00e4n toistaiseksi. N\u00e4in voimme tunnistaa ja hyv\u00e4ksy\u00e4 kaikki jatkokommentit automaattisesti sen sijaan, ett\u00e4 olisimme pit\u00e4neet niit\u00e4 valvontajonossa.<\/p>\r\n\r\n\r\n\r\n<p>K\u00e4ytt\u00e4jille, jotka rekister\u00f6ityv\u00e4t verkkosivustollemme (jos sellaisia on), tallennamme my\u00f6s heid\u00e4n k\u00e4ytt\u00e4j\u00e4profiileihinsa antamansa henkil\u00f6tiedot. Kaikki k\u00e4ytt\u00e4j\u00e4t voivat n\u00e4hd\u00e4, muokata tai poistaa henkil\u00f6kohtaisia tietojaan milloin tahansa (paitsi he eiv\u00e4t voi muuttaa k\u00e4ytt\u00e4j\u00e4tunnustaan). Verkkosivustojen yll\u00e4pit\u00e4j\u00e4t voivat my\u00f6s n\u00e4hd\u00e4 ja muokata n\u00e4it\u00e4 tietoja.<\/p>\r\n\r\n\r\n\r\n<h2 class=\"wp-block-heading\">Mit\u00e4 oikeuksia sinulla on tietoihisi<\/h2>\r\n\r\n\r\n\r\n<p>Jos sinulla on tili t\u00e4ll\u00e4 sivustolla tai olet j\u00e4tt\u00e4nyt kommentteja, voit pyyt\u00e4\u00e4 viedyn tiedoston hallussamme olevista henkil\u00f6tiedoistasi, mukaan lukien kaikki tiedot, jotka olet antanut meille. Voit my\u00f6s pyyt\u00e4\u00e4, ett\u00e4 poistamme kaikki hallussamme olevat henkil\u00f6tiedot. T\u00e4m\u00e4 ei sis\u00e4ll\u00e4 tietoja, joita meid\u00e4n on s\u00e4ilytett\u00e4v\u00e4 hallinnollisia, oikeudellisia tai turvallisuustarkoituksia varten.<\/p>\r\n\r\n\r\n\r\n<h2 class=\"wp-block-heading\">Minne l\u00e4het\u00e4mme tietosi<\/h2>\r\n\r\n\r\n\r\n<p>Vierailijoiden kommentit voidaan tarkistaa automaattisen roskapostintunnistuspalvelun kautta.<\/p>\r\n<p><a href=\"https:\/\/policies.google.com\/technologies\/partner-sites\" target=\"_blank\" rel=\"nofollow noopener\" data-schema-attribute=\"\">Googlen k\u00e4yt\u00e4nn\u00f6t<\/a><\/p>","protected":false},"excerpt":{"rendered":"<p>(englanniksi alempana t\u00e4ll\u00e4 sivulla) Keit\u00e4 olemme Verkkosivustomme osoite on: https:\/\/xn--arbetsdagarperr-ulb.se (arbetsdagarper\u00e5r.se) Kommentit Kun vierailijat j\u00e4tt\u00e4v\u00e4t kommentteja verkkosivustolle, ker\u00e4\u00e4mme kommenteissa n\u00e4kyv\u00e4t tiedot lomake, sek\u00e4 vierailijan IP-osoite ja selaintiedot roskapostin havaitsemiseksi. S\u00e4hk\u00f6postiosoitteestasi luotu anonymisoitu merkkijono (eli...<\/p>\n<p class=\"read-more\"> <a class=\"\" href=\"https:\/\/xn--arbetsdagarperr-ulb.se\/fi\/tietosuojakaytanto\/\"> <span class=\"screen-reader-text\">Tietosuojak\u00e4yt\u00e4nt\u00f6<\/span> Lue lis\u00e4\u00e4 &quot;<\/a><\/p>","protected":false},"author":1,"featured_media":0,"parent":0,"menu_order":0,"comment_status":"closed","ping_status":"closed","template":"","meta":{"site-sidebar-layout":"default","site-content-layout":"default","ast-main-header-display":"","ast-hfb-above-header-display":"","ast-hfb-below-header-display":"","ast-hfb-mobile-header-display":"","site-post-title":"","ast-breadcrumbs-content":"","ast-featured-img":"","footer-sml-layout":"","theme-transparent-header-meta":"default","adv-header-id-meta":"","stick-header-meta":"","header-above-stick-meta":"","header-main-stick-meta":"","header-below-stick-meta":"","footnotes":""},"class_list":["post-3","page","type-page","status-publish","hentry"],"_links":{"self":[{"href":"https:\/\/xn--arbetsdagarperr-ulb.se\/fi\/wp-json\/wp\/v2\/pages\/3","targetHints":{"allow":["GET"]}}],"collection":[{"href":"https:\/\/xn--arbetsdagarperr-ulb.se\/fi\/wp-json\/wp\/v2\/pages"}],"about":[{"href":"https:\/\/xn--arbetsdagarperr-ulb.se\/fi\/wp-json\/wp\/v2\/types\/page"}],"author":[{"embeddable":true,"href":"https:\/\/xn--arbetsdagarperr-ulb.se\/fi\/wp-json\/wp\/v2\/users\/1"}],"replies":[{"embeddable":true,"href":"https:\/\/xn--arbetsdagarperr-ulb.se\/fi\/wp-json\/wp\/v2\/comments?post=3"}],"version-history":[{"count":4,"href":"https:\/\/xn--arbetsdagarperr-ulb.se\/fi\/wp-json\/wp\/v2\/pages\/3\/revisions"}],"predecessor-version":[{"id":6620,"href":"https:\/\/xn--arbetsdagarperr-ulb.se\/fi\/wp-json\/wp\/v2\/pages\/3\/revisions\/6620"}],"wp:attachment":[{"href":"https:\/\/xn--arbetsdagarperr-ulb.se\/fi\/wp-json\/wp\/v2\/media?parent=3"}],"curies":[{"name":"wp","href":"https:\/\/api.w.org\/{rel}","templated":true}]}}