{"id":168,"date":"2020-01-01T00:01:22","date_gmt":"2019-12-31T23:01:22","guid":{"rendered":"https:\/\/xn--arbetsdagarperr-ulb.se\/?page_id=168"},"modified":"2022-04-11T21:40:02","modified_gmt":"2022-04-11T19:40:02","slug":"arbetsdagar-per-ar-2020","status":"publish","type":"page","link":"https:\/\/xn--arbetsdagarperr-ulb.se\/fi\/tyopaivia-vuodessa-2020\/","title":{"rendered":"Ty\u00f6p\u00e4iv\u00e4t vuodessa 2020"},"content":{"rendered":"<h3 id=\"2020\" class=\"has-text-align-center wp-block-heading\">Ty\u00f6p\u00e4iv\u00e4t vuodessa 2020<\/h3>\r\n\r\n\n<table id=\"tablepress-4\" class=\"tablepress tablepress-id-4 tablepress-responsive\" aria-describedby=\"tablepress-4-description\">\n<thead>\n<tr class=\"row-1\">\n\t<th class=\"column-1\">Kuukausi<\/th><th class=\"column-2\">Ty\u00f6p\u00e4iv\u00e4t<\/th><th class=\"column-3\">Ty\u00f6tunnit<\/th><th class=\"column-4\">la &amp; su.<\/th><th class=\"column-5\">muut<\/th>\n<\/tr>\n<\/thead>\n<tbody class=\"row-striping row-hover\">\n<tr class=\"row-2\">\n\t<td class=\"column-1\">tammikuu<\/td><td class=\"column-2\">21<\/td><td class=\"column-3\">168<\/td><td class=\"column-4\">8<\/td><td class=\"column-5\">2<\/td>\n<\/tr>\n<tr class=\"row-3\">\n\t<td class=\"column-1\">helmikuu<\/td><td class=\"column-2\">20<\/td><td class=\"column-3\">160<\/td><td class=\"column-4\">9<\/td><td class=\"column-5\">0<\/td>\n<\/tr>\n<tr class=\"row-4\">\n\t<td class=\"column-1\">maaliskuuta<\/td><td class=\"column-2\">22<\/td><td class=\"column-3\">176<\/td><td class=\"column-4\">9<\/td><td class=\"column-5\">0<\/td>\n<\/tr>\n<tr class=\"row-5\">\n\t<td class=\"column-1\">huhtikuu<\/td><td class=\"column-2\">20<\/td><td class=\"column-3\">160<\/td><td class=\"column-4\">8<\/td><td class=\"column-5\">2<\/td>\n<\/tr>\n<tr class=\"row-6\">\n\t<td class=\"column-1\">saattaa<\/td><td class=\"column-2\">19<\/td><td class=\"column-3\">152<\/td><td class=\"column-4\">10<\/td><td class=\"column-5\">2<\/td>\n<\/tr>\n<tr class=\"row-7\">\n\t<td class=\"column-1\">kes\u00e4kuuta<\/td><td class=\"column-2\">21<\/td><td class=\"column-3\">168<\/td><td class=\"column-4\">8<\/td><td class=\"column-5\">1<\/td>\n<\/tr>\n<tr class=\"row-8\">\n\t<td class=\"column-1\">hein\u00e4kuu<\/td><td class=\"column-2\">23<\/td><td class=\"column-3\">184<\/td><td class=\"column-4\">8<\/td><td class=\"column-5\">0<\/td>\n<\/tr>\n<tr class=\"row-9\">\n\t<td class=\"column-1\">elokuu<\/td><td class=\"column-2\">21<\/td><td class=\"column-3\">168<\/td><td class=\"column-4\">10<\/td><td class=\"column-5\">0<\/td>\n<\/tr>\n<tr class=\"row-10\">\n\t<td class=\"column-1\">syyskuu<\/td><td class=\"column-2\">22<\/td><td class=\"column-3\">176<\/td><td class=\"column-4\">8<\/td><td class=\"column-5\">0<\/td>\n<\/tr>\n<tr class=\"row-11\">\n\t<td class=\"column-1\">lokakuu<\/td><td class=\"column-2\">22<\/td><td class=\"column-3\">176<\/td><td class=\"column-4\">9<\/td><td class=\"column-5\">0<\/td>\n<\/tr>\n<tr class=\"row-12\">\n\t<td class=\"column-1\">marraskuu<\/td><td class=\"column-2\">21<\/td><td class=\"column-3\">168<\/td><td class=\"column-4\">9<\/td><td class=\"column-5\">0<\/td>\n<\/tr>\n<tr class=\"row-13\">\n\t<td class=\"column-1\">joulukuu<\/td><td class=\"column-2\">20<\/td><td class=\"column-3\">160<\/td><td class=\"column-4\">8<\/td><td class=\"column-5\">3<\/td>\n<\/tr>\n<tr class=\"row-14\">\n\t<td class=\"column-1\"><strong>Vuotuinen ty\u00f6aika yhteens\u00e4<\/strong><\/td><td class=\"column-2\"><strong>252<\/strong><\/td><td class=\"column-3\"><strong>2016<\/strong><\/td><td class=\"column-4\"><strong>104<\/strong><\/td><td class=\"column-5\"><strong>10<\/strong><\/td>\n<\/tr>\n<\/tbody>\n<tfoot>\n<tr class=\"row-15\">\n\t<th class=\"column-1\">Keskim\u00e4\u00e4r\u00e4inen \/ kuukausi<\/th><th class=\"column-2\">21<\/th><th class=\"column-3\">168<\/th><th class=\"column-4\">8.67<\/th><th class=\"column-5\">0.83<\/th>\n<\/tr>\n<\/tfoot>\n<\/table>\n<span id=\"tablepress-4-description\" class=\"tablepress-table-description tablepress-table-description-id-4\">Vuosi 2020 oli karkausvuosi, ts. Helmikuussa oli ylim\u00e4\u00e4r\u00e4inen p\u00e4iv\u00e4 29. Karkausvuodet osuvat 4 vuoden v\u00e4lein ja viimeksi vuonna 2016 ja seuraava on taas vuosia <a href=\"https:\/\/xn--arbetsdagarperr-ulb.se\/fi\/tyopaivia-vuodessa-2024\/\">2024<\/a>.<\/span>\n<!-- #tablepress-4 from cache -->","protected":false},"excerpt":{"rendered":"<p>Ty\u00f6p\u00e4iv\u00e4t vuodessa 2020<\/p>","protected":false},"author":1,"featured_media":0,"parent":0,"menu_order":0,"comment_status":"closed","ping_status":"closed","template":"","meta":{"site-sidebar-layout":"default","site-content-layout":"default","ast-main-header-display":"","ast-hfb-above-header-display":"","ast-hfb-below-header-display":"","ast-hfb-mobile-header-display":"","site-post-title":"disabled","ast-breadcrumbs-content":"","ast-featured-img":"","footer-sml-layout":"","theme-transparent-header-meta":"default","adv-header-id-meta":"","stick-header-meta":"","header-above-stick-meta":"","header-main-stick-meta":"","header-below-stick-meta":"","footnotes":""},"class_list":["post-168","page","type-page","status-publish","hentry"],"_links":{"self":[{"href":"https:\/\/xn--arbetsdagarperr-ulb.se\/fi\/wp-json\/wp\/v2\/pages\/168","targetHints":{"allow":["GET"]}}],"collection":[{"href":"https:\/\/xn--arbetsdagarperr-ulb.se\/fi\/wp-json\/wp\/v2\/pages"}],"about":[{"href":"https:\/\/xn--arbetsdagarperr-ulb.se\/fi\/wp-json\/wp\/v2\/types\/page"}],"author":[{"embeddable":true,"href":"https:\/\/xn--arbetsdagarperr-ulb.se\/fi\/wp-json\/wp\/v2\/users\/1"}],"replies":[{"embeddable":true,"href":"https:\/\/xn--arbetsdagarperr-ulb.se\/fi\/wp-json\/wp\/v2\/comments?post=168"}],"version-history":[{"count":1,"href":"https:\/\/xn--arbetsdagarperr-ulb.se\/fi\/wp-json\/wp\/v2\/pages\/168\/revisions"}],"predecessor-version":[{"id":169,"href":"https:\/\/xn--arbetsdagarperr-ulb.se\/fi\/wp-json\/wp\/v2\/pages\/168\/revisions\/169"}],"wp:attachment":[{"href":"https:\/\/xn--arbetsdagarperr-ulb.se\/fi\/wp-json\/wp\/v2\/media?parent=168"}],"curies":[{"name":"wp","href":"https:\/\/api.w.org\/{rel}","templated":true}]}}