{"id":6713,"date":"2025-01-25T11:01:52","date_gmt":"2025-01-25T10:01:52","guid":{"rendered":"https:\/\/xn--arbetsdagarperr-ulb.se\/?page_id=6713"},"modified":"2025-01-25T11:41:28","modified_gmt":"2025-01-25T10:41:28","slug":"december-2025","status":"publish","type":"page","link":"https:\/\/xn--arbetsdagarperr-ulb.se\/en\/december-2025\/","title":{"rendered":"December 2025"},"content":{"rendered":"<h1><strong>Working hours and strategy for December 2025<\/strong><\/h1>\n<p>In December 2025, you have a total of <strong>22 working days<\/strong> (176 working hours) throughout the month, based on an 8-hour working day and taking into account weekends. In December there are 2 red days that provide the opportunity for extra long leave.<\/p>\n<p><strong>Distribution of working days per week:<\/strong><\/p>\n<ul>\n<li><strong>Week 48:<\/strong> 5 working days (40 hours)<\/li>\n<li><strong>Week 49:<\/strong> 5 working days (40 hours)<\/li>\n<li><strong>Week 50:<\/strong> 5 working days (40 hours)<\/li>\n<li><strong>Week 51:<\/strong> 5 working days (40 hours)<\/li>\n<li><strong>Week 52:<\/strong> 3 working days (24 hours) (Christmas Day, Boxing Day are red days)<\/li>\n<li><strong>Week 1:<\/strong>\u00a0 \u00a03 business days (24 hours)<\/li>\n<\/ul>\n<h6><strong>Red days and weekends in December 2025:<\/strong><\/h6>\n<ol>\n<li><strong>Christmas Day:<\/strong> December 25 (Thursday)<\/li>\n<li><strong>Boxing Day:<\/strong> December 26 (Friday)<\/li>\n<\/ol>\n<p><strong>Strategy to maximize free time:<\/strong><\/p>\n<p><strong>Suggestion 1: Take time off around Christmas for a long vacation<\/strong><\/p>\n<ul>\n<li><strong>Week 1:<\/strong> Take time off December 29\u201331, January 2(2026) (Monday to Wednesday &amp; Friday)\n<ul>\n<li><strong>Effect:<\/strong> You will receive a long leave from Thursday, December 25 to Sunday, January 3, which gives you 10 consecutive days off for only 4 vacation days.<\/li>\n<\/ul>\n<\/li>\n<\/ul>\n<p><strong>Summary:<br \/>\n<\/strong>To create a long holiday around the Christmas holidays in 2025, it is recommended that you take 29\u201331 December (Monday to Wednesday) off during week 1 (2026). By using only 4 holiday days, you will get a long holiday from Thursday 25 December to Sunday 3 January, giving you 10 consecutive days off. This gives you plenty of time to recover and enjoy the holiday with extra time off.<strong><br \/>\n<\/strong><\/p>\n<p>&nbsp;<\/p>","protected":false},"excerpt":{"rendered":"<p>Arbetstimmar och strategi f\u00f6r december 2025 I december 2025 har man totalt 22 arbetsdagar (176 arbetstimmar) under hela m\u00e5naden, baserat p\u00e5 en arbetsdag p\u00e5 8 timmar och med h\u00e4nsyn till helger. I december finns det 2 r\u00f6da dagar som ger m\u00f6jligheten till extra l\u00e5ngledighet. F\u00f6rdelning av arbetsdagar per vecka: Vecka 48: 5 arbetsdagar (40 timmar) &hellip;<\/p>\n<p class=\"read-more\"> <a class=\"\" href=\"https:\/\/xn--arbetsdagarperr-ulb.se\/en\/december-2025\/\"> <span class=\"screen-reader-text\">December 2025<\/span> Read More \u00bb<\/a><\/p>","protected":false},"author":1,"featured_media":0,"parent":0,"menu_order":0,"comment_status":"closed","ping_status":"closed","template":"","meta":{"site-sidebar-layout":"default","site-content-layout":"default","ast-main-header-display":"","ast-hfb-above-header-display":"","ast-hfb-below-header-display":"","ast-hfb-mobile-header-display":"","site-post-title":"","ast-breadcrumbs-content":"","ast-featured-img":"","footer-sml-layout":"","theme-transparent-header-meta":"default","adv-header-id-meta":"","stick-header-meta":"","header-above-stick-meta":"","header-main-stick-meta":"","header-below-stick-meta":"","footnotes":""},"class_list":["post-6713","page","type-page","status-publish","hentry"],"_links":{"self":[{"href":"https:\/\/xn--arbetsdagarperr-ulb.se\/en\/wp-json\/wp\/v2\/pages\/6713","targetHints":{"allow":["GET"]}}],"collection":[{"href":"https:\/\/xn--arbetsdagarperr-ulb.se\/en\/wp-json\/wp\/v2\/pages"}],"about":[{"href":"https:\/\/xn--arbetsdagarperr-ulb.se\/en\/wp-json\/wp\/v2\/types\/page"}],"author":[{"embeddable":true,"href":"https:\/\/xn--arbetsdagarperr-ulb.se\/en\/wp-json\/wp\/v2\/users\/1"}],"replies":[{"embeddable":true,"href":"https:\/\/xn--arbetsdagarperr-ulb.se\/en\/wp-json\/wp\/v2\/comments?post=6713"}],"version-history":[{"count":5,"href":"https:\/\/xn--arbetsdagarperr-ulb.se\/en\/wp-json\/wp\/v2\/pages\/6713\/revisions"}],"predecessor-version":[{"id":6761,"href":"https:\/\/xn--arbetsdagarperr-ulb.se\/en\/wp-json\/wp\/v2\/pages\/6713\/revisions\/6761"}],"wp:attachment":[{"href":"https:\/\/xn--arbetsdagarperr-ulb.se\/en\/wp-json\/wp\/v2\/media?parent=6713"}],"curies":[{"name":"wp","href":"https:\/\/api.w.org\/{rel}","templated":true}]}}