{"id":6705,"date":"2025-01-25T09:50:41","date_gmt":"2025-01-25T08:50:41","guid":{"rendered":"https:\/\/xn--arbetsdagarperr-ulb.se\/?page_id=6705"},"modified":"2025-01-25T11:40:30","modified_gmt":"2025-01-25T10:40:30","slug":"november-2025","status":"publish","type":"page","link":"https:\/\/xn--arbetsdagarperr-ulb.se\/en\/november-2025\/","title":{"rendered":"November 2025"},"content":{"rendered":"<h1><strong>Working hours and strategy for November 2025<\/strong><\/h1>\n<p>In November 2025, a total of <strong>21 working days<\/strong> (<strong>168 working hours<\/strong>) throughout the month, based on an 8-hour working day and taking into account weekends. In November there is 1 red day.<\/p>\n<p>Distribution of working days per week:<\/p>\n<ul>\n<li><strong>Week 45:<\/strong> 5 working days (40 hours)<\/li>\n<li><strong>Week 46:<\/strong> 5 working days (40 hours)<\/li>\n<li><strong>Week 47:<\/strong> 5 working days (40 hours)<\/li>\n<li><strong>Week 48:<\/strong> 5 working days (40 hours)<\/li>\n<\/ul>\n<h6><strong>Red days and weekends in November 2025:<\/strong><\/h6>\n<ol>\n<li><strong>All Saints&#039; Day:<\/strong> November 1 (Saturday)<\/li>\n<\/ol>\n<p>Strategy to maximize free time:<\/p>\n<p>Suggestion 1: Take time off before All Saints&#039; Day for a long vacation.<\/p>\n<ul>\n<li><strong>Week 44:<\/strong> Take time off November 3\u20137 (Monday to Friday).\n<ul>\n<li><strong>Effect:<\/strong> You will receive a long leave from Saturday, November 1 to Sunday, November 9, which gives you 9 consecutive days off for only 5 vacation days.<\/li>\n<\/ul>\n<\/li>\n<\/ul>\n<p><strong>Summary:<\/strong><br \/>\nBy using vacation days strategically, you can enjoy long weekends and a longer period of recovery.<\/p>","protected":false},"excerpt":{"rendered":"<p>Arbetstimmar och strategi f\u00f6r november 2025 I november 2025 har man totalt 21 arbetsdagar (168 arbetstimmar) under hela m\u00e5naden, baserat p\u00e5 en arbetsdag p\u00e5 8 timmar och med h\u00e4nsyn till helger. I november finns det 1 r\u00f6d dag.. F\u00f6rdelning av arbetsdagar per vecka: Vecka 45: 5 arbetsdagar (40 timmar) Vecka 46: 5 arbetsdagar (40 timmar) &hellip;<\/p>\n<p class=\"read-more\"> <a class=\"\" href=\"https:\/\/xn--arbetsdagarperr-ulb.se\/en\/november-2025\/\"> <span class=\"screen-reader-text\">November 2025<\/span> Read More \u00bb<\/a><\/p>","protected":false},"author":1,"featured_media":0,"parent":0,"menu_order":0,"comment_status":"closed","ping_status":"closed","template":"","meta":{"site-sidebar-layout":"default","site-content-layout":"default","ast-main-header-display":"","ast-hfb-above-header-display":"","ast-hfb-below-header-display":"","ast-hfb-mobile-header-display":"","site-post-title":"","ast-breadcrumbs-content":"","ast-featured-img":"","footer-sml-layout":"","theme-transparent-header-meta":"default","adv-header-id-meta":"","stick-header-meta":"","header-above-stick-meta":"","header-main-stick-meta":"","header-below-stick-meta":"","footnotes":""},"class_list":["post-6705","page","type-page","status-publish","hentry"],"_links":{"self":[{"href":"https:\/\/xn--arbetsdagarperr-ulb.se\/en\/wp-json\/wp\/v2\/pages\/6705","targetHints":{"allow":["GET"]}}],"collection":[{"href":"https:\/\/xn--arbetsdagarperr-ulb.se\/en\/wp-json\/wp\/v2\/pages"}],"about":[{"href":"https:\/\/xn--arbetsdagarperr-ulb.se\/en\/wp-json\/wp\/v2\/types\/page"}],"author":[{"embeddable":true,"href":"https:\/\/xn--arbetsdagarperr-ulb.se\/en\/wp-json\/wp\/v2\/users\/1"}],"replies":[{"embeddable":true,"href":"https:\/\/xn--arbetsdagarperr-ulb.se\/en\/wp-json\/wp\/v2\/comments?post=6705"}],"version-history":[{"count":10,"href":"https:\/\/xn--arbetsdagarperr-ulb.se\/en\/wp-json\/wp\/v2\/pages\/6705\/revisions"}],"predecessor-version":[{"id":6760,"href":"https:\/\/xn--arbetsdagarperr-ulb.se\/en\/wp-json\/wp\/v2\/pages\/6705\/revisions\/6760"}],"wp:attachment":[{"href":"https:\/\/xn--arbetsdagarperr-ulb.se\/en\/wp-json\/wp\/v2\/media?parent=6705"}],"curies":[{"name":"wp","href":"https:\/\/api.w.org\/{rel}","templated":true}]}}