{"id":6702,"date":"2025-01-25T09:48:56","date_gmt":"2025-01-25T08:48:56","guid":{"rendered":"https:\/\/xn--arbetsdagarperr-ulb.se\/?page_id=6702"},"modified":"2025-01-25T11:38:08","modified_gmt":"2025-01-25T10:38:08","slug":"oktober-2025","status":"publish","type":"page","link":"https:\/\/xn--arbetsdagarperr-ulb.se\/en\/october-2025\/","title":{"rendered":"October 2025"},"content":{"rendered":"<h1><strong>Working hours and strategy for October 2025<\/strong><\/h1>\n<p>In October 2025, a total of <strong>22 working days<\/strong> (176 working hours) throughout the month, based on an 8-hour workday and taking into account weekends. October has no red days, which means that all non-holiday weekdays are working days.<\/p>\n<p><strong>Distribution of working days per week:<\/strong><\/p>\n<ul>\n<li><strong>Week 40:<\/strong> 3 business days (24 hours)<\/li>\n<li><strong>Week 41:<\/strong> 5 working days (40 hours)<\/li>\n<li><strong>Week 42:<\/strong> 5 working days (40 hours)<\/li>\n<li><strong>Week 43:<\/strong> 5 working days (40 hours)<\/li>\n<li><strong>Week 44:<\/strong> 5 working days (40 hours)<\/li>\n<\/ul>\n<p>Since October 2025 has no public holidays, it is a month with a full workload. If you want to maximize your time off during this period, you can plan long weekends using vacation days.<\/p>\n<h6><strong>Red days and weekends in October 2025:<\/strong><\/h6>\n<ul>\n<li><strong>Week 44:<\/strong> Take time off <strong>October 30<\/strong> (Friday).\n<ul>\n<li><strong>Effect:<\/strong> You get a long weekend from Friday, October 31st to Sunday, November 2nd.<\/li>\n<\/ul>\n<\/li>\n<\/ul>\n<p><strong>Summary:<\/strong><\/p>\n<p>Total working hours: 176 hours. Recommended vacation days for maximum time off: 4 days. Result: By using vacation days strategically, you can enjoy long weekends and a longer period of recovery.<\/p>","protected":false},"excerpt":{"rendered":"<p>Arbetstimmar och strategi f\u00f6r oktober 2025 I oktober 2025 har man totalt 22 arbetsdagar (176 arbetstimmar) under hela m\u00e5naden, baserat p\u00e5 en arbetsdag p\u00e5 8 timmar och med h\u00e4nsyn till helger. Oktober har inga r\u00f6da dagar, vilket inneb\u00e4r att alla helgfria veckodagar \u00e4r arbetsdagar. F\u00f6rdelning av arbetsdagar per vecka: Vecka 40: 3 arbetsdagar (24 timmar) &hellip;<\/p>\n<p class=\"read-more\"> <a class=\"\" href=\"https:\/\/xn--arbetsdagarperr-ulb.se\/en\/october-2025\/\"> <span class=\"screen-reader-text\">October 2025<\/span> Read More \u00bb<\/a><\/p>","protected":false},"author":1,"featured_media":0,"parent":0,"menu_order":0,"comment_status":"closed","ping_status":"closed","template":"","meta":{"site-sidebar-layout":"default","site-content-layout":"default","ast-main-header-display":"","ast-hfb-above-header-display":"","ast-hfb-below-header-display":"","ast-hfb-mobile-header-display":"","site-post-title":"","ast-breadcrumbs-content":"","ast-featured-img":"","footer-sml-layout":"","theme-transparent-header-meta":"default","adv-header-id-meta":"","stick-header-meta":"","header-above-stick-meta":"","header-main-stick-meta":"","header-below-stick-meta":"","footnotes":""},"class_list":["post-6702","page","type-page","status-publish","hentry"],"_links":{"self":[{"href":"https:\/\/xn--arbetsdagarperr-ulb.se\/en\/wp-json\/wp\/v2\/pages\/6702","targetHints":{"allow":["GET"]}}],"collection":[{"href":"https:\/\/xn--arbetsdagarperr-ulb.se\/en\/wp-json\/wp\/v2\/pages"}],"about":[{"href":"https:\/\/xn--arbetsdagarperr-ulb.se\/en\/wp-json\/wp\/v2\/types\/page"}],"author":[{"embeddable":true,"href":"https:\/\/xn--arbetsdagarperr-ulb.se\/en\/wp-json\/wp\/v2\/users\/1"}],"replies":[{"embeddable":true,"href":"https:\/\/xn--arbetsdagarperr-ulb.se\/en\/wp-json\/wp\/v2\/comments?post=6702"}],"version-history":[{"count":3,"href":"https:\/\/xn--arbetsdagarperr-ulb.se\/en\/wp-json\/wp\/v2\/pages\/6702\/revisions"}],"predecessor-version":[{"id":6758,"href":"https:\/\/xn--arbetsdagarperr-ulb.se\/en\/wp-json\/wp\/v2\/pages\/6702\/revisions\/6758"}],"wp:attachment":[{"href":"https:\/\/xn--arbetsdagarperr-ulb.se\/en\/wp-json\/wp\/v2\/media?parent=6702"}],"curies":[{"name":"wp","href":"https:\/\/api.w.org\/{rel}","templated":true}]}}