{"id":6698,"date":"2025-01-25T09:32:09","date_gmt":"2025-01-25T08:32:09","guid":{"rendered":"https:\/\/xn--arbetsdagarperr-ulb.se\/?page_id=6698"},"modified":"2025-01-25T11:30:57","modified_gmt":"2025-01-25T10:30:57","slug":"september-2025","status":"publish","type":"page","link":"https:\/\/xn--arbetsdagarperr-ulb.se\/en\/september-2025\/","title":{"rendered":"September 2025"},"content":{"rendered":"<h1><strong>Working hours and strategy for September 2025<\/strong><\/h1>\n<p>In September 2025, you have a total of <strong>22 working days (176 working hours)<\/strong> throughout the month, based on an 8-hour workday and taking weekends into account. Since there are no public holidays in September, vacation days can be used to create longer days off.<\/p>\n<h3>Distribution of working days per week:<\/h3>\n<ul>\n<li><strong>Week 36:<\/strong> 5 working days (40 hours)<\/li>\n<li><strong>Week 37:<\/strong> 5 working days (40 hours)<\/li>\n<li><strong>Week 38:<\/strong> 5 working days (40 hours)<\/li>\n<li><strong>Week 39:<\/strong> 5 working days (40 hours)<\/li>\n<li><strong>Week 40:<\/strong> 2 working days (16 hours)<\/li>\n<\/ul>\n<h6><strong>Red days and weekends in September 2025:<\/strong><\/h6>\n<p><strong>Suggestion 1: Take time off at the end of the month for a long vacation<\/strong><\/p>\n<ul>\n<li><strong>Week 40:<\/strong> Take September 29\u201330 (Monday to Tuesday) off.\n<ul>\n<li><strong>Effect:<\/strong> You will receive a long leave from Saturday, September 27 to Sunday, October 5, which gives you 9 consecutive days off for only 2 vacation days.<\/li>\n<\/ul>\n<\/li>\n<\/ul>\n<p><strong>Summary:<br \/>\n<\/strong><br \/>\nTo get a long period of continuous leave in September 2025, you can take leave from 29\u201330 September (Monday to Tuesday) during week 40. By using only 2 vacation days, you will get a long leave from Saturday 27 September to Sunday 5 October, giving you 9 continuous days off. This gives you the opportunity to relax and recover over a longer period.<\/p>\n<p>&nbsp;<\/p>","protected":false},"excerpt":{"rendered":"<p>Arbetstimmar och strategi f\u00f6r september 2025 I september 2025 har man totalt 22 arbetsdagar (176 arbetstimmar) under hela m\u00e5naden, baserat p\u00e5 en arbetsdag p\u00e5 8 timmar och med h\u00e4nsyn till helger. Eftersom det inte finns n\u00e5gra r\u00f6da dagar i september, kan man anv\u00e4nda semesterdagar f\u00f6r att skapa l\u00e4ngre ledigheter. F\u00f6rdelning av arbetsdagar per vecka: Vecka &hellip;<\/p>\n<p class=\"read-more\"> <a class=\"\" href=\"https:\/\/xn--arbetsdagarperr-ulb.se\/en\/september-2025\/\"> <span class=\"screen-reader-text\">September 2025<\/span> Read More \u00bb<\/a><\/p>","protected":false},"author":1,"featured_media":0,"parent":0,"menu_order":0,"comment_status":"closed","ping_status":"closed","template":"","meta":{"site-sidebar-layout":"default","site-content-layout":"default","ast-main-header-display":"","ast-hfb-above-header-display":"","ast-hfb-below-header-display":"","ast-hfb-mobile-header-display":"","site-post-title":"","ast-breadcrumbs-content":"","ast-featured-img":"","footer-sml-layout":"","theme-transparent-header-meta":"default","adv-header-id-meta":"","stick-header-meta":"","header-above-stick-meta":"","header-main-stick-meta":"","header-below-stick-meta":"","footnotes":""},"class_list":["post-6698","page","type-page","status-publish","hentry"],"_links":{"self":[{"href":"https:\/\/xn--arbetsdagarperr-ulb.se\/en\/wp-json\/wp\/v2\/pages\/6698","targetHints":{"allow":["GET"]}}],"collection":[{"href":"https:\/\/xn--arbetsdagarperr-ulb.se\/en\/wp-json\/wp\/v2\/pages"}],"about":[{"href":"https:\/\/xn--arbetsdagarperr-ulb.se\/en\/wp-json\/wp\/v2\/types\/page"}],"author":[{"embeddable":true,"href":"https:\/\/xn--arbetsdagarperr-ulb.se\/en\/wp-json\/wp\/v2\/users\/1"}],"replies":[{"embeddable":true,"href":"https:\/\/xn--arbetsdagarperr-ulb.se\/en\/wp-json\/wp\/v2\/comments?post=6698"}],"version-history":[{"count":5,"href":"https:\/\/xn--arbetsdagarperr-ulb.se\/en\/wp-json\/wp\/v2\/pages\/6698\/revisions"}],"predecessor-version":[{"id":6752,"href":"https:\/\/xn--arbetsdagarperr-ulb.se\/en\/wp-json\/wp\/v2\/pages\/6698\/revisions\/6752"}],"wp:attachment":[{"href":"https:\/\/xn--arbetsdagarperr-ulb.se\/en\/wp-json\/wp\/v2\/media?parent=6698"}],"curies":[{"name":"wp","href":"https:\/\/api.w.org\/{rel}","templated":true}]}}