{"id":6696,"date":"2025-01-23T15:25:46","date_gmt":"2025-01-23T14:25:46","guid":{"rendered":"https:\/\/xn--arbetsdagarperr-ulb.se\/?page_id=6696"},"modified":"2025-01-25T11:29:55","modified_gmt":"2025-01-25T10:29:55","slug":"augusti-2025","status":"publish","type":"page","link":"https:\/\/xn--arbetsdagarperr-ulb.se\/en\/august-2025\/","title":{"rendered":"August 2025"},"content":{"rendered":"<h1><strong>Working hours and strategy for August 2025<\/strong><\/h1>\n<p>In August 2025, a total of <strong>22 working days<\/strong> (176 working hours) throughout the month, based on an 8-hour working day and taking into account weekends. Since there are no public holidays in August, it is possible to plan longer holidays by using vacation days.<\/p>\n<h3>Distribution of working days per week:<\/h3>\n<ul>\n<li><strong>Week 31:<\/strong> 1 working day (8 hours)<\/li>\n<li><strong>Week 32:<\/strong> 5 working days (40 hours)<\/li>\n<li><strong>Week 33:<\/strong> 5 working days (40 hours)<\/li>\n<li><strong>Week 34:<\/strong> 5 working days (40 hours)<\/li>\n<li><strong>Week 35:<\/strong> 5 working days (40 hours)<\/li>\n<\/ul>\n<p><strong>Red days and weekends in August 2025:<\/strong><\/p>\n<p>Suggestion 1: Take time off to get a long vacation at the end of the month<\/p>\n<ul>\n<li><strong>Week 35:<\/strong> Take time off August 25\u201329 (Monday to Friday).\n<ul>\n<li>Effect: You will receive a long leave from Saturday, August 23 to Sunday, August 31, giving you 9 consecutive days off for only 4 vacation days.<\/li>\n<\/ul>\n<\/li>\n<\/ul>\n<p><strong>Summary:<\/strong><\/p>\n<p>For maximum vacation time in August 2025, it is recommended that you use 4 vacation days. By planning your vacation days strategically, you can create a longer period of recovery, giving you the opportunity to enjoy more continuous vacation time and recover properly for the fall.<\/p>","protected":false},"excerpt":{"rendered":"<p>Arbetstimmar och strategi f\u00f6r augusti 2025 I augusti 2025 har man totalt 22 arbetsdagar (176 arbetstimmar) under hela m\u00e5naden, baserat p\u00e5 en arbetsdag p\u00e5 8 timmar och med h\u00e4nsyn till helger. Eftersom det inte finns n\u00e5gra r\u00f6da dagar i augusti, \u00e4r det m\u00f6jligt att planera l\u00e4ngre ledigheter genom att anv\u00e4nda semesterdagar. F\u00f6rdelning av arbetsdagar per &hellip;<\/p>\n<p class=\"read-more\"> <a class=\"\" href=\"https:\/\/xn--arbetsdagarperr-ulb.se\/en\/august-2025\/\"> <span class=\"screen-reader-text\">August 2025<\/span> Read More \u00bb<\/a><\/p>","protected":false},"author":1,"featured_media":0,"parent":0,"menu_order":0,"comment_status":"closed","ping_status":"closed","template":"","meta":{"site-sidebar-layout":"default","site-content-layout":"default","ast-main-header-display":"","ast-hfb-above-header-display":"","ast-hfb-below-header-display":"","ast-hfb-mobile-header-display":"","site-post-title":"","ast-breadcrumbs-content":"","ast-featured-img":"","footer-sml-layout":"","theme-transparent-header-meta":"default","adv-header-id-meta":"","stick-header-meta":"","header-above-stick-meta":"","header-main-stick-meta":"","header-below-stick-meta":"","footnotes":""},"class_list":["post-6696","page","type-page","status-publish","hentry"],"_links":{"self":[{"href":"https:\/\/xn--arbetsdagarperr-ulb.se\/en\/wp-json\/wp\/v2\/pages\/6696","targetHints":{"allow":["GET"]}}],"collection":[{"href":"https:\/\/xn--arbetsdagarperr-ulb.se\/en\/wp-json\/wp\/v2\/pages"}],"about":[{"href":"https:\/\/xn--arbetsdagarperr-ulb.se\/en\/wp-json\/wp\/v2\/types\/page"}],"author":[{"embeddable":true,"href":"https:\/\/xn--arbetsdagarperr-ulb.se\/en\/wp-json\/wp\/v2\/users\/1"}],"replies":[{"embeddable":true,"href":"https:\/\/xn--arbetsdagarperr-ulb.se\/en\/wp-json\/wp\/v2\/comments?post=6696"}],"version-history":[{"count":4,"href":"https:\/\/xn--arbetsdagarperr-ulb.se\/en\/wp-json\/wp\/v2\/pages\/6696\/revisions"}],"predecessor-version":[{"id":6751,"href":"https:\/\/xn--arbetsdagarperr-ulb.se\/en\/wp-json\/wp\/v2\/pages\/6696\/revisions\/6751"}],"wp:attachment":[{"href":"https:\/\/xn--arbetsdagarperr-ulb.se\/en\/wp-json\/wp\/v2\/media?parent=6696"}],"curies":[{"name":"wp","href":"https:\/\/api.w.org\/{rel}","templated":true}]}}