{"id":6691,"date":"2025-01-23T14:38:41","date_gmt":"2025-01-23T13:38:41","guid":{"rendered":"https:\/\/xn--arbetsdagarperr-ulb.se\/?page_id=6691"},"modified":"2025-01-25T11:29:01","modified_gmt":"2025-01-25T10:29:01","slug":"juli-2025","status":"publish","type":"page","link":"https:\/\/xn--arbetsdagarperr-ulb.se\/en\/july-2025\/","title":{"rendered":"July 2025"},"content":{"rendered":"<h1><strong>Working hours and strategy for July 2025<\/strong><\/h1>\n<p>In July 2025, a total of <strong>23 working days<\/strong> (<strong>184 working hours<\/strong>) throughout the month, based on an 8-hour working day and taking into account weekends. Since there are no public holidays in July, it is possible to plan longer holidays by using vacation days.<\/p>\n<p><strong>Distribution of working days per week:<\/strong><\/p>\n<ul>\n<li><strong>Week 27:<\/strong> 4 working days (32 hours)<\/li>\n<li><strong>Week 28:<\/strong> 5 working days (40 hours)<\/li>\n<li><strong>Week 29:<\/strong> 5 working days (40 hours)<\/li>\n<li><strong>Week 30:<\/strong> 5 working days (40 hours)<\/li>\n<li><strong>Week 31:<\/strong> 4 working days (32 hours)<\/li>\n<\/ul>\n<p><strong>Red days and weekends in July 2025:<\/strong><\/p>\n<p>Suggestion 1: Take time off at the end of the month<\/p>\n<ul>\n<li>Week 31: Take July 28\u201331 (Tuesday to Friday) off.\n<ul>\n<li>Effect: You will receive a long leave from Saturday, July 26 to Sunday, August 3, giving you 9 consecutive days off for only 4 vacation days.<\/li>\n<\/ul>\n<\/li>\n<\/ul>\n<p><strong>Summary:<\/strong><br \/>\nTo get a longer period of continuous leave in July 2025, it is recommended that you take time off from 28-31 July (Tuesday to Friday) during week 31. By doing this, you will get a long leave from Saturday 26 July to Sunday 3 August, giving you a total of 9 days off for only 4 holiday days. This is a great way to enjoy a longer recovery period without using too many holiday days.<strong><br \/>\n<\/strong><\/p>\n<p>&nbsp;<\/p>","protected":false},"excerpt":{"rendered":"<p>Arbetstimmar och strategi f\u00f6r juli 2025 I juli 2025 har man totalt 23 arbetsdagar (184 arbetstimmar) under hela m\u00e5naden, baserat p\u00e5 en arbetsdag p\u00e5 8 timmar och med h\u00e4nsyn till helger. Eftersom det inte finns n\u00e5gra r\u00f6da dagar i juli, \u00e4r det m\u00f6jligt att planera l\u00e4ngre ledigheter genom att anv\u00e4nda semesterdagar. F\u00f6rdelning av arbetsdagar per &hellip;<\/p>\n<p class=\"read-more\"> <a class=\"\" href=\"https:\/\/xn--arbetsdagarperr-ulb.se\/en\/july-2025\/\"> <span class=\"screen-reader-text\">July 2025<\/span> Read More \u00bb<\/a><\/p>","protected":false},"author":1,"featured_media":0,"parent":0,"menu_order":0,"comment_status":"closed","ping_status":"closed","template":"","meta":{"site-sidebar-layout":"default","site-content-layout":"default","ast-main-header-display":"","ast-hfb-above-header-display":"","ast-hfb-below-header-display":"","ast-hfb-mobile-header-display":"","site-post-title":"","ast-breadcrumbs-content":"","ast-featured-img":"","footer-sml-layout":"","theme-transparent-header-meta":"default","adv-header-id-meta":"","stick-header-meta":"","header-above-stick-meta":"","header-main-stick-meta":"","header-below-stick-meta":"","footnotes":""},"class_list":["post-6691","page","type-page","status-publish","hentry"],"_links":{"self":[{"href":"https:\/\/xn--arbetsdagarperr-ulb.se\/en\/wp-json\/wp\/v2\/pages\/6691","targetHints":{"allow":["GET"]}}],"collection":[{"href":"https:\/\/xn--arbetsdagarperr-ulb.se\/en\/wp-json\/wp\/v2\/pages"}],"about":[{"href":"https:\/\/xn--arbetsdagarperr-ulb.se\/en\/wp-json\/wp\/v2\/types\/page"}],"author":[{"embeddable":true,"href":"https:\/\/xn--arbetsdagarperr-ulb.se\/en\/wp-json\/wp\/v2\/users\/1"}],"replies":[{"embeddable":true,"href":"https:\/\/xn--arbetsdagarperr-ulb.se\/en\/wp-json\/wp\/v2\/comments?post=6691"}],"version-history":[{"count":6,"href":"https:\/\/xn--arbetsdagarperr-ulb.se\/en\/wp-json\/wp\/v2\/pages\/6691\/revisions"}],"predecessor-version":[{"id":6750,"href":"https:\/\/xn--arbetsdagarperr-ulb.se\/en\/wp-json\/wp\/v2\/pages\/6691\/revisions\/6750"}],"wp:attachment":[{"href":"https:\/\/xn--arbetsdagarperr-ulb.se\/en\/wp-json\/wp\/v2\/media?parent=6691"}],"curies":[{"name":"wp","href":"https:\/\/api.w.org\/{rel}","templated":true}]}}