{"id":6685,"date":"2025-01-23T14:28:42","date_gmt":"2025-01-23T13:28:42","guid":{"rendered":"https:\/\/xn--arbetsdagarperr-ulb.se\/?page_id=6685"},"modified":"2025-01-25T11:27:27","modified_gmt":"2025-01-25T10:27:27","slug":"juni-2025","status":"publish","type":"page","link":"https:\/\/xn--arbetsdagarperr-ulb.se\/en\/june-2025\/","title":{"rendered":"June 2025"},"content":{"rendered":"<h1><strong>Working hours and strategy for June 2025<\/strong><\/h1>\n<p>In June 2025, a total of <strong>22 working days<\/strong> (176 working hours) throughout the month, based on an 8-hour working day and taking into account weekends and public holidays. In June there are 2 public holidays, Sweden&#039;s National Day on Friday, June 6th and Midsummer Day on Saturday, June 21st.<\/p>\n<p><span style=\"font-size: 1.5em; font-weight: bold;\">Distribution of working days per week:<\/span><\/p>\n<ul>\n<li><strong>Week 22:<\/strong> 5 working days (40 hours)<\/li>\n<li><strong>Week 23:<\/strong> 4 working days (32 hours) (National Day is a red day)<\/li>\n<li><strong>Week 24:<\/strong> 4 working days (32 hours)<\/li>\n<li><strong>Week 25:<\/strong> 5 working days (40 hours)(Noon is a red day)<\/li>\n<li><strong>Week 26:<\/strong> 4 working days (32 hours)<\/li>\n<\/ul>\n<p><strong>Red days and weekends June 2025:<\/strong><\/p>\n<p>Suggestion 1: Take an extra day off before Sweden&#039;s National Day<\/p>\n<ul>\n<li><strong>Week 23:<\/strong> Take June 5th off (Thursday)\n<ul>\n<li><strong>Effect:<\/strong> You get a long weekend from Thursday, June 5th to Sunday, June 8th<\/li>\n<\/ul>\n<\/li>\n<\/ul>\n<ul>\n<li style=\"list-style-type: none;\"><\/li>\n<\/ul>\n<p><strong>Summary:<br \/>\n<\/strong>To create a long weekend for Sweden&#039;s National Day, it is recommended that you take June 5 (Thursday) off during week 23. By doing this, you will have a long weekend from Thursday, June 5 to Sunday, June 8, which gives you extra time for recovery without having to take many vacation days.<strong><br \/>\n<\/strong><\/p>\n<p>&nbsp;<\/p>","protected":false},"excerpt":{"rendered":"<p>Arbetstimmar och strategi f\u00f6r juni 2025 I juni 2025 har man totalt 22 arbetsdagar (176 arbetstimmar) under hela m\u00e5naden, baserat p\u00e5 en arbetsdag p\u00e5 8 timmar och med h\u00e4nsyn till helger och r\u00f6da dagar. I juni finns det 2 r\u00f6da dagar, Sverige nationaldag fredagen den 6 juni och midsommardagen l\u00f6rdagen den 21 juni. F\u00f6rdelning av &hellip;<\/p>\n<p class=\"read-more\"> <a class=\"\" href=\"https:\/\/xn--arbetsdagarperr-ulb.se\/en\/june-2025\/\"> <span class=\"screen-reader-text\">June 2025<\/span> Read More \u00bb<\/a><\/p>","protected":false},"author":1,"featured_media":0,"parent":0,"menu_order":0,"comment_status":"closed","ping_status":"closed","template":"","meta":{"site-sidebar-layout":"default","site-content-layout":"default","ast-main-header-display":"","ast-hfb-above-header-display":"","ast-hfb-below-header-display":"","ast-hfb-mobile-header-display":"","site-post-title":"","ast-breadcrumbs-content":"","ast-featured-img":"","footer-sml-layout":"","theme-transparent-header-meta":"default","adv-header-id-meta":"","stick-header-meta":"","header-above-stick-meta":"","header-main-stick-meta":"","header-below-stick-meta":"","footnotes":""},"class_list":["post-6685","page","type-page","status-publish","hentry"],"_links":{"self":[{"href":"https:\/\/xn--arbetsdagarperr-ulb.se\/en\/wp-json\/wp\/v2\/pages\/6685","targetHints":{"allow":["GET"]}}],"collection":[{"href":"https:\/\/xn--arbetsdagarperr-ulb.se\/en\/wp-json\/wp\/v2\/pages"}],"about":[{"href":"https:\/\/xn--arbetsdagarperr-ulb.se\/en\/wp-json\/wp\/v2\/types\/page"}],"author":[{"embeddable":true,"href":"https:\/\/xn--arbetsdagarperr-ulb.se\/en\/wp-json\/wp\/v2\/users\/1"}],"replies":[{"embeddable":true,"href":"https:\/\/xn--arbetsdagarperr-ulb.se\/en\/wp-json\/wp\/v2\/comments?post=6685"}],"version-history":[{"count":6,"href":"https:\/\/xn--arbetsdagarperr-ulb.se\/en\/wp-json\/wp\/v2\/pages\/6685\/revisions"}],"predecessor-version":[{"id":6749,"href":"https:\/\/xn--arbetsdagarperr-ulb.se\/en\/wp-json\/wp\/v2\/pages\/6685\/revisions\/6749"}],"wp:attachment":[{"href":"https:\/\/xn--arbetsdagarperr-ulb.se\/en\/wp-json\/wp\/v2\/media?parent=6685"}],"curies":[{"name":"wp","href":"https:\/\/api.w.org\/{rel}","templated":true}]}}