{"id":6678,"date":"2025-01-23T14:08:05","date_gmt":"2025-01-23T13:08:05","guid":{"rendered":"https:\/\/xn--arbetsdagarperr-ulb.se\/?page_id=6678"},"modified":"2025-01-25T11:26:30","modified_gmt":"2025-01-25T10:26:30","slug":"maj-2025","status":"publish","type":"page","link":"https:\/\/xn--arbetsdagarperr-ulb.se\/en\/may-2025\/","title":{"rendered":"May 2025"},"content":{"rendered":"<h1><strong>Working hours and strategy for May 2025<\/strong><\/h1>\n<p>In May 2025, a total of <strong>21 working days<\/strong> (168 working hours) throughout the month, based on an 8-hour working day and taking into account weekends and public holidays. In May there are 2 public holidays which give the opportunity for two long weekends. Thursday, May 1st and Thursday, May 29th, Ascension Day.<\/p>\n<h6>Distribution of working days per week:<\/h6>\n<ul>\n<li><strong>Week 18:<\/strong> 4 working days (32 hours) (May 1 is a red day)<\/li>\n<li><strong>Week 19:<\/strong> 5 working days (40 hours)<\/li>\n<li><strong>Week 20:<\/strong> 5 working days (40 hours)<\/li>\n<li><strong>Week 21:<\/strong> 4 working days (32 hours) (Ascension Day is a red day)<\/li>\n<li><strong>Week 22:<\/strong> 3 business days (24 hours)<\/li>\n<\/ul>\n<p><strong>Red days and weekends in May 2025:<\/strong><\/p>\n<p><strong>Proposal 1<\/strong>: Take the day off between May Day and the weekend.<\/p>\n<ul>\n<li>Week 18: Take May 2 (Friday) off.\n<ul>\n<li>Effect: You get a long weekend to enjoy.<\/li>\n<\/ul>\n<\/li>\n<\/ul>\n<p><strong>Proposal 2<\/strong>: Take the day off between Ascension Day and Saturday.<\/p>\n<ul>\n<li>Week 22: Take May 30 (Friday) off.\n<ul>\n<li>Effect: You get a long weekend to enjoy.<\/li>\n<\/ul>\n<\/li>\n<\/ul>\n<p><strong>Summary:<\/strong><\/p>\n<p>To create longer periods of time off in May 2025, you can use vacation days on the squeeze days. Suggestion 1 is to take May 2 (Friday) off during week 18, which gives you a long weekend from Friday to Sunday to enjoy. Suggestion 2 is to take May 30 (Friday) off during week 22, which gives you a long weekend from Friday to Sunday, perfect for relaxing and recuperating.<\/p>","protected":false},"excerpt":{"rendered":"<p>Arbetstimmar och strategi f\u00f6r maj 2025 I maj 2025 har man totalt 21 arbetsdagar (168 arbetstimmar) under hela m\u00e5naden, baserat p\u00e5 en arbetsdag p\u00e5 8 timmar och med h\u00e4nsyn till helger och r\u00f6da dagar. I maj finns det 2 r\u00f6da kl\u00e4mdagar som ger m\u00f6jligheten till tv\u00e5 l\u00e5nghelger. Torsdagen den f\u00f6rsta maj och torsdagen 29 maj &hellip;<\/p>\n<p class=\"read-more\"> <a class=\"\" href=\"https:\/\/xn--arbetsdagarperr-ulb.se\/en\/may-2025\/\"> <span class=\"screen-reader-text\">May 2025<\/span> Read More \u00bb<\/a><\/p>","protected":false},"author":1,"featured_media":0,"parent":0,"menu_order":0,"comment_status":"closed","ping_status":"closed","template":"","meta":{"site-sidebar-layout":"default","site-content-layout":"default","ast-main-header-display":"","ast-hfb-above-header-display":"","ast-hfb-below-header-display":"","ast-hfb-mobile-header-display":"","site-post-title":"","ast-breadcrumbs-content":"","ast-featured-img":"","footer-sml-layout":"","theme-transparent-header-meta":"default","adv-header-id-meta":"","stick-header-meta":"","header-above-stick-meta":"","header-main-stick-meta":"","header-below-stick-meta":"","footnotes":""},"class_list":["post-6678","page","type-page","status-publish","hentry"],"_links":{"self":[{"href":"https:\/\/xn--arbetsdagarperr-ulb.se\/en\/wp-json\/wp\/v2\/pages\/6678","targetHints":{"allow":["GET"]}}],"collection":[{"href":"https:\/\/xn--arbetsdagarperr-ulb.se\/en\/wp-json\/wp\/v2\/pages"}],"about":[{"href":"https:\/\/xn--arbetsdagarperr-ulb.se\/en\/wp-json\/wp\/v2\/types\/page"}],"author":[{"embeddable":true,"href":"https:\/\/xn--arbetsdagarperr-ulb.se\/en\/wp-json\/wp\/v2\/users\/1"}],"replies":[{"embeddable":true,"href":"https:\/\/xn--arbetsdagarperr-ulb.se\/en\/wp-json\/wp\/v2\/comments?post=6678"}],"version-history":[{"count":6,"href":"https:\/\/xn--arbetsdagarperr-ulb.se\/en\/wp-json\/wp\/v2\/pages\/6678\/revisions"}],"predecessor-version":[{"id":6748,"href":"https:\/\/xn--arbetsdagarperr-ulb.se\/en\/wp-json\/wp\/v2\/pages\/6678\/revisions\/6748"}],"wp:attachment":[{"href":"https:\/\/xn--arbetsdagarperr-ulb.se\/en\/wp-json\/wp\/v2\/media?parent=6678"}],"curies":[{"name":"wp","href":"https:\/\/api.w.org\/{rel}","templated":true}]}}