{"id":6675,"date":"2025-01-23T13:03:56","date_gmt":"2025-01-23T12:03:56","guid":{"rendered":"https:\/\/xn--arbetsdagarperr-ulb.se\/?page_id=6675"},"modified":"2025-01-25T11:36:10","modified_gmt":"2025-01-25T10:36:10","slug":"april-2025","status":"publish","type":"page","link":"https:\/\/xn--arbetsdagarperr-ulb.se\/en\/april-2025\/","title":{"rendered":"April 2025"},"content":{"rendered":"<h1><strong>Working hours and strategy for April 2025<\/strong><\/h1>\n<p>In April 2025, there will be a total of <strong>21 working days<\/strong> (168 working hours) throughout the month, based on an 8-hour working day and taking into account weekends and public holidays. In April there are 2 public holidays that allow for some well-deserved long time off. Good Friday on April 18th and Easter Monday on April 21st.<\/p>\n<p>&nbsp;<\/p>\n<p><strong>Distribution of working days per week:<\/strong><\/p>\n<ul>\n<li><strong>Week 14:<\/strong> 5 working days (40 hours)<\/li>\n<li><strong>Week 15:<\/strong> 5 working days (40 hours)<\/li>\n<li><strong>Week 16:<\/strong> 4 working days (32 hours) (Good Friday, red day)<\/li>\n<li><strong>Week 17:<\/strong> 4 working days (32 hours) (Easter Monday, red day)<\/li>\n<li><strong>Week 18:<\/strong> 3 business days (24 hours)<\/li>\n<\/ul>\n<h6><strong>Red days and weekends in April 2025:<\/strong><\/h6>\n<p><strong>Suggestion 1: Take time off between Good Friday and Easter Monday<\/strong><\/p>\n<ul>\n<li><strong>Week 17:<\/strong> Take time off <strong>April 22\u201325<\/strong> (Tuesday to Friday).\n<ul>\n<li>Effect: You will receive a long leave from Friday, April 18 to Sunday, April 27, giving you 10 consecutive days off for only 4 vacation days.<\/li>\n<\/ul>\n<\/li>\n<\/ul>\n<p><strong>Suggestion 2: Combine with Easter weekend<\/strong><\/p>\n<ul>\n<li><strong>Week 16:<\/strong> Take time off <strong>April 15\u201317<\/strong> (Tuesday to Thursday).\n<ul>\n<li>Effect: You will receive a long leave from Saturday, April 13 to Monday, April 21 (Easter Monday), giving you 7 consecutive days off for only 2 vacation days.<\/li>\n<\/ul>\n<\/li>\n<\/ul>\n<p><strong>Summary:<br \/>\n<\/strong>April is a month with the chance for long weekends. By using vacation days strategically, you can enjoy long weekends and a longer period of recovery.<\/p>\n<p>&nbsp;<\/p>","protected":false},"excerpt":{"rendered":"<p>Arbetstimmar och strategi f\u00f6r april 2025 I april 2025 har man totalt 21 arbetsdagar (168 arbetstimmar) under hela m\u00e5naden., baserat p\u00e5 en arbetsdag p\u00e5 8 timmar och med h\u00e4nsyn till helger och r\u00f6da dagar. I april finns det 2 r\u00f6da dagar som g\u00f6r det m\u00f6jligt f\u00f6r lite v\u00e4lf\u00f6rtj\u00e4nt l\u00e5ng ledighet. L\u00e5ngfredagen den 18 april och &hellip;<\/p>\n<p class=\"read-more\"> <a class=\"\" href=\"https:\/\/xn--arbetsdagarperr-ulb.se\/en\/april-2025\/\"> <span class=\"screen-reader-text\">April 2025<\/span> Read More \u00bb<\/a><\/p>","protected":false},"author":1,"featured_media":0,"parent":0,"menu_order":0,"comment_status":"closed","ping_status":"closed","template":"","meta":{"site-sidebar-layout":"default","site-content-layout":"default","ast-main-header-display":"","ast-hfb-above-header-display":"","ast-hfb-below-header-display":"","ast-hfb-mobile-header-display":"","site-post-title":"","ast-breadcrumbs-content":"","ast-featured-img":"","footer-sml-layout":"","theme-transparent-header-meta":"default","adv-header-id-meta":"","stick-header-meta":"","header-above-stick-meta":"","header-main-stick-meta":"","header-below-stick-meta":"","footnotes":""},"class_list":["post-6675","page","type-page","status-publish","hentry"],"_links":{"self":[{"href":"https:\/\/xn--arbetsdagarperr-ulb.se\/en\/wp-json\/wp\/v2\/pages\/6675","targetHints":{"allow":["GET"]}}],"collection":[{"href":"https:\/\/xn--arbetsdagarperr-ulb.se\/en\/wp-json\/wp\/v2\/pages"}],"about":[{"href":"https:\/\/xn--arbetsdagarperr-ulb.se\/en\/wp-json\/wp\/v2\/types\/page"}],"author":[{"embeddable":true,"href":"https:\/\/xn--arbetsdagarperr-ulb.se\/en\/wp-json\/wp\/v2\/users\/1"}],"replies":[{"embeddable":true,"href":"https:\/\/xn--arbetsdagarperr-ulb.se\/en\/wp-json\/wp\/v2\/comments?post=6675"}],"version-history":[{"count":7,"href":"https:\/\/xn--arbetsdagarperr-ulb.se\/en\/wp-json\/wp\/v2\/pages\/6675\/revisions"}],"predecessor-version":[{"id":6757,"href":"https:\/\/xn--arbetsdagarperr-ulb.se\/en\/wp-json\/wp\/v2\/pages\/6675\/revisions\/6757"}],"wp:attachment":[{"href":"https:\/\/xn--arbetsdagarperr-ulb.se\/en\/wp-json\/wp\/v2\/media?parent=6675"}],"curies":[{"name":"wp","href":"https:\/\/api.w.org\/{rel}","templated":true}]}}