{"id":6661,"date":"2025-01-23T11:23:59","date_gmt":"2025-01-23T10:23:59","guid":{"rendered":"https:\/\/xn--arbetsdagarperr-ulb.se\/?page_id=6661"},"modified":"2025-01-25T11:33:24","modified_gmt":"2025-01-25T10:33:24","slug":"februari-2025","status":"publish","type":"page","link":"https:\/\/xn--arbetsdagarperr-ulb.se\/en\/february-2025\/","title":{"rendered":"February 2025"},"content":{"rendered":"<h1><strong>Working hours and strategy for February 2025<\/strong><\/h1>\n<p>In February 2025, a total of <strong>20 working days<\/strong> <strong>(160 working hours)<\/strong>\u00a0throughout the month, based on an 8-hour workday and taking into account weekends. February has no public holidays.<\/p>\n<h3>Working hours per week:<\/h3>\n<ul>\n<li><strong>Week 6:<\/strong> 5 days (40 hours)<\/li>\n<li><strong>Week 7:<\/strong> 5 days (40 hours)<\/li>\n<li><strong>Week 8:<\/strong> 5 days (40 hours)<\/li>\n<li><strong>Week 9:<\/strong> 5 days (40 hours)<\/li>\n<\/ul>\n<p>February 2025 has no red days to use to maximize your time off. But don&#039;t let that stop you from taking 3 days off using vacation days:<\/p>\n<h4><strong>Red days and weekends in February 2025:<\/strong><\/h4>\n<ul>\n<li><strong>Week 7:<\/strong><br \/>\nTake Friday, February 14th (Valentine&#039;s Day) off to create a long weekend from Friday to Sunday. This gives you 3 consecutive days off for only 1 vacation day.<\/li>\n<li><strong>Week 9:<\/strong><br \/>\nCombine Friday, February 28th with a holiday. If you take this day off, you get a long weekend from Friday to Sunday. Effect: 3 more consecutive days off for 1 holiday day.<\/li>\n<\/ul>\n<h4>Summary:<\/h4>\n<p>By using a total of 2 vacation days in February 2025 (February 14 and 28), you can enjoy two long weekends during the month while retaining a large portion of your vacation days for future leave.<\/p>","protected":false},"excerpt":{"rendered":"<p>Arbetstimmar och strategi f\u00f6r februari 2025 I februari 2025 har man totalt 20 arbetsdagar (160 arbetstimmar)\u00a0under hela m\u00e5naden, baserat p\u00e5 en arbetsdag p\u00e5 8 timmar och med h\u00e4nsyn till helger. Februari har inga r\u00f6da dagar. Arbetstimmar per vecka: Vecka 6: 5 dagar (40 timmar) Vecka 7: 5 dagar (40 timmar) Vecka 8: 5 dagar (40 &hellip;<\/p>\n<p class=\"read-more\"> <a class=\"\" href=\"https:\/\/xn--arbetsdagarperr-ulb.se\/en\/february-2025\/\"> <span class=\"screen-reader-text\">February 2025<\/span> Read More \u00bb<\/a><\/p>","protected":false},"author":1,"featured_media":0,"parent":0,"menu_order":0,"comment_status":"closed","ping_status":"closed","template":"","meta":{"site-sidebar-layout":"default","site-content-layout":"default","ast-main-header-display":"","ast-hfb-above-header-display":"","ast-hfb-below-header-display":"","ast-hfb-mobile-header-display":"","site-post-title":"","ast-breadcrumbs-content":"","ast-featured-img":"","footer-sml-layout":"","theme-transparent-header-meta":"default","adv-header-id-meta":"","stick-header-meta":"","header-above-stick-meta":"","header-main-stick-meta":"","header-below-stick-meta":"","footnotes":""},"class_list":["post-6661","page","type-page","status-publish","hentry"],"_links":{"self":[{"href":"https:\/\/xn--arbetsdagarperr-ulb.se\/en\/wp-json\/wp\/v2\/pages\/6661","targetHints":{"allow":["GET"]}}],"collection":[{"href":"https:\/\/xn--arbetsdagarperr-ulb.se\/en\/wp-json\/wp\/v2\/pages"}],"about":[{"href":"https:\/\/xn--arbetsdagarperr-ulb.se\/en\/wp-json\/wp\/v2\/types\/page"}],"author":[{"embeddable":true,"href":"https:\/\/xn--arbetsdagarperr-ulb.se\/en\/wp-json\/wp\/v2\/users\/1"}],"replies":[{"embeddable":true,"href":"https:\/\/xn--arbetsdagarperr-ulb.se\/en\/wp-json\/wp\/v2\/comments?post=6661"}],"version-history":[{"count":9,"href":"https:\/\/xn--arbetsdagarperr-ulb.se\/en\/wp-json\/wp\/v2\/pages\/6661\/revisions"}],"predecessor-version":[{"id":6753,"href":"https:\/\/xn--arbetsdagarperr-ulb.se\/en\/wp-json\/wp\/v2\/pages\/6661\/revisions\/6753"}],"wp:attachment":[{"href":"https:\/\/xn--arbetsdagarperr-ulb.se\/en\/wp-json\/wp\/v2\/media?parent=6661"}],"curies":[{"name":"wp","href":"https:\/\/api.w.org\/{rel}","templated":true}]}}