{"id":6644,"date":"2025-01-23T10:35:35","date_gmt":"2025-01-23T09:35:35","guid":{"rendered":"https:\/\/xn--arbetsdagarperr-ulb.se\/?page_id=6644"},"modified":"2025-01-25T11:22:34","modified_gmt":"2025-01-25T10:22:34","slug":"januari-2025","status":"publish","type":"page","link":"https:\/\/xn--arbetsdagarperr-ulb.se\/en\/january-2025\/","title":{"rendered":"January \u2013 2025"},"content":{"rendered":"<h1><strong>Working hours and strategy for January 2025<\/strong><\/h1>\n<p>In January 2025, there will be a total of <strong>168 working hours<\/strong> throughout the month, based on an 8-hour working day and taking into account public holidays and weekends.<\/p>\n<p><strong>Working hours per week:<\/strong><\/p>\n<ul>\n<li>Week 1: 2 days (16 hours) (because New Year&#039;s Day is a red day)<\/li>\n<li>Week 2: 3 days (32 hours) (Thirteenth Day of Christmas is a red day)<\/li>\n<li>Week 3: 5 days (40 hours)<\/li>\n<li>Week 4: 5 days (40 hours)<\/li>\n<li>Week 5: 5 days (40 hours)<\/li>\n<\/ul>\n<p>To maximize your vacation time in January 2025 with as few vacation days as possible while still getting long weekends, you can use the following strategy:<\/p>\n<p>&nbsp;<\/p>\n<ul>\n<li><strong>Week 1<\/strong>:0 hours (January 1, Wednesday) \u2013 Red Day.<br \/>\nTake time off on January 2 and 3 (Thursday and Friday) Effect: You will receive a long leave from Wednesday, January 1 to Sunday, January 5, i.e. 5 consecutive days off for 2 vacation days.<\/li>\n<li><strong>Week 2<\/strong>: 0 hours (January 6, Monday) \u2013 Red day.<br \/>\nTake time off January 7\u201310 (Tuesday to Friday). Effect: If you include Christmas Eve (January 6, Monday), you will get time off from Saturday, January 4 to Sunday, January 12, i.e. 9 consecutive days off for 4 vacation days.<\/li>\n<li><strong>Week 3<\/strong>: 40 hours<\/li>\n<li><strong>Week 4<\/strong>: 40 hours<\/li>\n<li><strong>Week 5<\/strong>: 40 hours<\/li>\n<\/ul>\n<p>&nbsp;<\/p>\n<h6><strong>Red days and weekends in January 2025:<\/strong><\/h6>\n<ul>\n<li><strong>New Year&#039;s Day <\/strong>(January 1, Wednesday) \u2013 Red Day.<\/li>\n<li><strong>Epiphany <\/strong>(January 6, Monday) \u2013 Red Day.<\/li>\n<\/ul>\n<ol>\n<li style=\"list-style-type: none;\"><\/li>\n<\/ol>\n<p><strong>Summary:<\/strong><\/p>\n<p>To get as many consecutive days off as possible in January 2025 while using as few vacation days as possible, you can use the following strategy. Take a break in week 1 on January 2 and 3 (Thursday and Friday). Including New Year&#039;s Day (January 1, Wednesday) gives you a long vacation from Wednesday, January 1 to Sunday, January 5, giving you 5 consecutive days off for only 2 vacation days. Take a break in week 2 on January 7\u201310 (Tuesday to Friday). If you include Christmas Eve (January 6, Monday), you get a long vacation from Saturday, January 4 to Sunday, January 12, giving you 9 consecutive days off for 4 vacation days.<\/p>\n<p>&nbsp;<\/p>","protected":false},"excerpt":{"rendered":"<p>Arbetstimmar och strategi f\u00f6r januari 2025 I januari 2025 har man totalt 168 arbetstimmar under hela m\u00e5naden, baserat p\u00e5 en arbetsdag p\u00e5 8 timmar och med h\u00e4nsyn till r\u00f6da dagar och helger. Arbetstimmar per vecka: Vecka 1: 2 dagar (16 timmar) (eftersom ny\u00e5rsdagen \u00e4r en r\u00f6d dag) Vecka 2: 3 dagar (32 timmar) (Trettondedag jul &hellip;<\/p>\n<p class=\"read-more\"> <a class=\"\" href=\"https:\/\/xn--arbetsdagarperr-ulb.se\/en\/january-2025\/\"> <span class=\"screen-reader-text\">January \u2013 2025<\/span> Read More \u00bb<\/a><\/p>","protected":false},"author":1,"featured_media":0,"parent":0,"menu_order":0,"comment_status":"closed","ping_status":"closed","template":"","meta":{"site-sidebar-layout":"default","site-content-layout":"default","ast-main-header-display":"","ast-hfb-above-header-display":"","ast-hfb-below-header-display":"","ast-hfb-mobile-header-display":"","site-post-title":"","ast-breadcrumbs-content":"","ast-featured-img":"","footer-sml-layout":"","theme-transparent-header-meta":"default","adv-header-id-meta":"","stick-header-meta":"","header-above-stick-meta":"","header-main-stick-meta":"","header-below-stick-meta":"","footnotes":""},"class_list":["post-6644","page","type-page","status-publish","hentry"],"_links":{"self":[{"href":"https:\/\/xn--arbetsdagarperr-ulb.se\/en\/wp-json\/wp\/v2\/pages\/6644","targetHints":{"allow":["GET"]}}],"collection":[{"href":"https:\/\/xn--arbetsdagarperr-ulb.se\/en\/wp-json\/wp\/v2\/pages"}],"about":[{"href":"https:\/\/xn--arbetsdagarperr-ulb.se\/en\/wp-json\/wp\/v2\/types\/page"}],"author":[{"embeddable":true,"href":"https:\/\/xn--arbetsdagarperr-ulb.se\/en\/wp-json\/wp\/v2\/users\/1"}],"replies":[{"embeddable":true,"href":"https:\/\/xn--arbetsdagarperr-ulb.se\/en\/wp-json\/wp\/v2\/comments?post=6644"}],"version-history":[{"count":15,"href":"https:\/\/xn--arbetsdagarperr-ulb.se\/en\/wp-json\/wp\/v2\/pages\/6644\/revisions"}],"predecessor-version":[{"id":6746,"href":"https:\/\/xn--arbetsdagarperr-ulb.se\/en\/wp-json\/wp\/v2\/pages\/6644\/revisions\/6746"}],"wp:attachment":[{"href":"https:\/\/xn--arbetsdagarperr-ulb.se\/en\/wp-json\/wp\/v2\/media?parent=6644"}],"curies":[{"name":"wp","href":"https:\/\/api.w.org\/{rel}","templated":true}]}}