{"id":6713,"date":"2025-01-25T11:01:52","date_gmt":"2025-01-25T10:01:52","guid":{"rendered":"https:\/\/xn--arbetsdagarperr-ulb.se\/?page_id=6713"},"modified":"2025-01-25T11:41:28","modified_gmt":"2025-01-25T10:41:28","slug":"december-2025","status":"publish","type":"page","link":"https:\/\/xn--arbetsdagarperr-ulb.se\/da\/december-2025\/","title":{"rendered":"december 2025"},"content":{"rendered":"<h1><strong>Arbejdstid og strategi for december 2025<\/strong><\/h1>\n<p>I december 2025 blev i alt <strong>22 arbejdsdage<\/strong> (176 arbejdstimer) hele m\u00e5neden, baseret p\u00e5 en 8-timers arbejdsdag og under hensyntagen til weekender. I december er der 2 r\u00f8de dage, der giver mulighed for ekstra lang orlov.<\/p>\n<p><strong>Fordeling af arbejdsdage om ugen:<\/strong><\/p>\n<ul>\n<li><strong>Uge 48:<\/strong> 5 arbejdsdage (40 timer)<\/li>\n<li><strong>Uge 49:<\/strong> 5 arbejdsdage (40 timer)<\/li>\n<li><strong>Uge 50:<\/strong> 5 arbejdsdage (40 timer)<\/li>\n<li><strong>Uge 51:<\/strong> 5 arbejdsdage (40 timer)<\/li>\n<li><strong>Uge 52:<\/strong> 3 arbejdsdage (24 timer) (juledag, 2. juledag er r\u00f8de dage)<\/li>\n<li><strong>Uge 1:<\/strong>\u00a0 \u00a03 arbejdsdage (24 timer)<\/li>\n<\/ul>\n<h6><strong>R\u00f8de dage og weekender i december 2025:<\/strong><\/h6>\n<ol>\n<li><strong>juledag:<\/strong> 25. december (torsdag)<\/li>\n<li><strong>2. juledag:<\/strong> 26. december (fredag)<\/li>\n<\/ol>\n<p><strong>Strategi for at maksimere afspadsering:<\/strong><\/p>\n<p><strong>Forslag 1: Tag fri omkring jul til en lang ferie<\/strong><\/p>\n<ul>\n<li><strong>Uge 1:<\/strong> Tag fri 29.-31. december, 2. januar (2026) (mandag til onsdag og fredag)\n<ul>\n<li><strong>Effekt:<\/strong> Du f\u00e5r en lang orlov fra torsdag den 25. december til s\u00f8ndag den 3. januar, som giver dig 10 sammenh\u00e6ngende fridage i kun 4 feriedage.<\/li>\n<\/ul>\n<\/li>\n<\/ul>\n<p><strong>Oversigt:<br \/>\n<\/strong>For at skabe en lang orlov omkring juleferien i 2025, anbefales det, at du holder orlov fra den 29. \u2013 31. december (mandag til onsdag) i uge 1 (2026). Ved kun at bruge 4 feriedage f\u00e5r du en lang ferie fra torsdag den 25. december til s\u00f8ndag den 3. januar, hvilket giver dig 10 sammenh\u00e6ngende fridage. Dette giver dig masser af tid til at restituere og nyde ferien med ekstra fri.<strong><br \/>\n<\/strong><\/p>\n<p>&nbsp;<\/p>","protected":false},"excerpt":{"rendered":"<p>Arbetstimmar och strategi f\u00f6r december 2025 I december 2025 har man totalt 22 arbetsdagar (176 arbetstimmar) under hela m\u00e5naden, baserat p\u00e5 en arbetsdag p\u00e5 8 timmar och med h\u00e4nsyn till helger. I december finns det 2 r\u00f6da dagar som ger m\u00f6jligheten till extra l\u00e5ngledighet. F\u00f6rdelning av arbetsdagar per vecka: Vecka 48: 5 arbetsdagar (40 timmar) &hellip;<\/p>\n<p class=\"read-more\"> <a class=\"\" href=\"https:\/\/xn--arbetsdagarperr-ulb.se\/da\/december-2025\/\"> <span class=\"screen-reader-text\">december 2025<\/span> L\u00e6s mere &quot;<\/a><\/p>","protected":false},"author":1,"featured_media":0,"parent":0,"menu_order":0,"comment_status":"closed","ping_status":"closed","template":"","meta":{"site-sidebar-layout":"default","site-content-layout":"default","ast-main-header-display":"","ast-hfb-above-header-display":"","ast-hfb-below-header-display":"","ast-hfb-mobile-header-display":"","site-post-title":"","ast-breadcrumbs-content":"","ast-featured-img":"","footer-sml-layout":"","theme-transparent-header-meta":"default","adv-header-id-meta":"","stick-header-meta":"","header-above-stick-meta":"","header-main-stick-meta":"","header-below-stick-meta":"","footnotes":""},"class_list":["post-6713","page","type-page","status-publish","hentry"],"_links":{"self":[{"href":"https:\/\/xn--arbetsdagarperr-ulb.se\/da\/wp-json\/wp\/v2\/pages\/6713","targetHints":{"allow":["GET"]}}],"collection":[{"href":"https:\/\/xn--arbetsdagarperr-ulb.se\/da\/wp-json\/wp\/v2\/pages"}],"about":[{"href":"https:\/\/xn--arbetsdagarperr-ulb.se\/da\/wp-json\/wp\/v2\/types\/page"}],"author":[{"embeddable":true,"href":"https:\/\/xn--arbetsdagarperr-ulb.se\/da\/wp-json\/wp\/v2\/users\/1"}],"replies":[{"embeddable":true,"href":"https:\/\/xn--arbetsdagarperr-ulb.se\/da\/wp-json\/wp\/v2\/comments?post=6713"}],"version-history":[{"count":5,"href":"https:\/\/xn--arbetsdagarperr-ulb.se\/da\/wp-json\/wp\/v2\/pages\/6713\/revisions"}],"predecessor-version":[{"id":6761,"href":"https:\/\/xn--arbetsdagarperr-ulb.se\/da\/wp-json\/wp\/v2\/pages\/6713\/revisions\/6761"}],"wp:attachment":[{"href":"https:\/\/xn--arbetsdagarperr-ulb.se\/da\/wp-json\/wp\/v2\/media?parent=6713"}],"curies":[{"name":"wp","href":"https:\/\/api.w.org\/{rel}","templated":true}]}}